{"id":5225,"date":"2025-08-21T14:13:25","date_gmt":"2025-08-21T14:13:25","guid":{"rendered":"https:\/\/policies.taboola.com\/podminky-ochrany-osobnich-udaju-inzerentu\/"},"modified":"2026-03-13T14:25:30","modified_gmt":"2026-03-13T14:25:30","slug":"advertiser-privacy-terms","status":"publish","type":"page","link":"https:\/\/policies.taboola.com\/cs\/advertiser-privacy-terms\/","title":{"rendered":"Podm\u00ednky ochrany osobn\u00edch \u00fadaj\u016f inzerent\u016f"},"content":{"rendered":"","protected":false},"excerpt":{"rendered":"","protected":false},"author":3,"featured_media":0,"parent":0,"menu_order":0,"comment_status":"closed","ping_status":"closed","template":"single-legal-page.php","meta":{"_acf_changed":false,"footnotes":""},"class_list":["post-5225","page","type-page","status-publish","hentry"],"acf":[],"yoast_head":"<!-- This site is optimized with the Yoast SEO Premium plugin v26.9 (Yoast SEO v27.1.1) - https:\/\/yoast.com\/product\/yoast-seo-premium-wordpress\/ -->\n<title>Podm\u00ednky ochrany osobn\u00edch \u00fadaj\u016f inzerent\u016f - Taboola Policies<\/title>\n<meta name=\"robots\" content=\"index, follow, max-snippet:-1, max-image-preview:large, max-video-preview:-1\" \/>\n<link rel=\"canonical\" href=\"https:\/\/policies.taboola.com\/cs\/advertiser-privacy-terms\/\" \/>\n<meta property=\"og:locale\" content=\"cs_CZ\" \/>\n<meta property=\"og:type\" content=\"article\" \/>\n<meta property=\"og:title\" content=\"Podm\u00ednky ochrany osobn\u00edch \u00fadaj\u016f inzerent\u016f\" \/>\n<meta property=\"og:url\" content=\"https:\/\/policies.taboola.com\/cs\/advertiser-privacy-terms\/\" \/>\n<meta property=\"og:site_name\" content=\"Taboola Policies\" \/>\n<meta property=\"article:modified_time\" content=\"2026-03-13T14:25:30+00:00\" \/>\n<meta name=\"twitter:card\" content=\"summary_large_image\" \/>\n<script type=\"application\/ld+json\" class=\"yoast-schema-graph\">{\"@context\":\"https:\/\/schema.org\",\"@graph\":[{\"@type\":\"WebPage\",\"@id\":\"https:\/\/policies.taboola.com\/cs\/advertiser-privacy-terms\/\",\"url\":\"https:\/\/policies.taboola.com\/cs\/advertiser-privacy-terms\/\",\"name\":\"Podm\u00ednky ochrany osobn\u00edch \u00fadaj\u016f inzerent\u016f - Taboola Policies\",\"isPartOf\":{\"@id\":\"https:\/\/policies.taboola.com\/cs\/#website\"},\"datePublished\":\"2025-08-21T14:13:25+00:00\",\"dateModified\":\"2026-03-13T14:25:30+00:00\",\"breadcrumb\":{\"@id\":\"https:\/\/policies.taboola.com\/cs\/advertiser-privacy-terms\/#breadcrumb\"},\"inLanguage\":\"cs-CZ\",\"potentialAction\":[{\"@type\":\"ReadAction\",\"target\":[\"https:\/\/policies.taboola.com\/cs\/advertiser-privacy-terms\/\"]}]},{\"@type\":\"BreadcrumbList\",\"@id\":\"https:\/\/policies.taboola.com\/cs\/advertiser-privacy-terms\/#breadcrumb\",\"itemListElement\":[{\"@type\":\"ListItem\",\"position\":1,\"name\":\"Home\",\"item\":\"https:\/\/policies.taboola.com\/cs\/\"},{\"@type\":\"ListItem\",\"position\":2,\"name\":\"Podm\u00ednky ochrany osobn\u00edch \u00fadaj\u016f inzerent\u016f\"}]},{\"@type\":\"WebSite\",\"@id\":\"https:\/\/policies.taboola.com\/cs\/#website\",\"url\":\"https:\/\/policies.taboola.com\/cs\/\",\"name\":\"Taboola Policies\",\"description\":\"\",\"potentialAction\":[{\"@type\":\"SearchAction\",\"target\":{\"@type\":\"EntryPoint\",\"urlTemplate\":\"https:\/\/policies.taboola.com\/cs\/?s={search_term_string}\"},\"query-input\":{\"@type\":\"PropertyValueSpecification\",\"valueRequired\":true,\"valueName\":\"search_term_string\"}}],\"inLanguage\":\"cs-CZ\"}]}<\/script>\n<!-- \/ Yoast SEO Premium plugin. -->","yoast_head_json":{"title":"Podm\u00ednky ochrany osobn\u00edch \u00fadaj\u016f inzerent\u016f - Taboola Policies","robots":{"index":"index","follow":"follow","max-snippet":"max-snippet:-1","max-image-preview":"max-image-preview:large","max-video-preview":"max-video-preview:-1"},"canonical":"https:\/\/policies.taboola.com\/cs\/advertiser-privacy-terms\/","og_locale":"cs_CZ","og_type":"article","og_title":"Podm\u00ednky ochrany osobn\u00edch \u00fadaj\u016f inzerent\u016f","og_url":"https:\/\/policies.taboola.com\/cs\/advertiser-privacy-terms\/","og_site_name":"Taboola Policies","article_modified_time":"2026-03-13T14:25:30+00:00","twitter_card":"summary_large_image","schema":{"@context":"https:\/\/schema.org","@graph":[{"@type":"WebPage","@id":"https:\/\/policies.taboola.com\/cs\/advertiser-privacy-terms\/","url":"https:\/\/policies.taboola.com\/cs\/advertiser-privacy-terms\/","name":"Podm\u00ednky ochrany osobn\u00edch \u00fadaj\u016f inzerent\u016f - Taboola Policies","isPartOf":{"@id":"https:\/\/policies.taboola.com\/cs\/#website"},"datePublished":"2025-08-21T14:13:25+00:00","dateModified":"2026-03-13T14:25:30+00:00","breadcrumb":{"@id":"https:\/\/policies.taboola.com\/cs\/advertiser-privacy-terms\/#breadcrumb"},"inLanguage":"cs-CZ","potentialAction":[{"@type":"ReadAction","target":["https:\/\/policies.taboola.com\/cs\/advertiser-privacy-terms\/"]}]},{"@type":"BreadcrumbList","@id":"https:\/\/policies.taboola.com\/cs\/advertiser-privacy-terms\/#breadcrumb","itemListElement":[{"@type":"ListItem","position":1,"name":"Home","item":"https:\/\/policies.taboola.com\/cs\/"},{"@type":"ListItem","position":2,"name":"Podm\u00ednky ochrany osobn\u00edch \u00fadaj\u016f inzerent\u016f"}]},{"@type":"WebSite","@id":"https:\/\/policies.taboola.com\/cs\/#website","url":"https:\/\/policies.taboola.com\/cs\/","name":"Taboola Policies","description":"","potentialAction":[{"@type":"SearchAction","target":{"@type":"EntryPoint","urlTemplate":"https:\/\/policies.taboola.com\/cs\/?s={search_term_string}"},"query-input":{"@type":"PropertyValueSpecification","valueRequired":true,"valueName":"search_term_string"}}],"inLanguage":"cs-CZ"}]}},"_links":{"self":[{"href":"https:\/\/policies.taboola.com\/cs\/wp-json\/wp\/v2\/pages\/5225","targetHints":{"allow":["GET"]}}],"collection":[{"href":"https:\/\/policies.taboola.com\/cs\/wp-json\/wp\/v2\/pages"}],"about":[{"href":"https:\/\/policies.taboola.com\/cs\/wp-json\/wp\/v2\/types\/page"}],"author":[{"embeddable":true,"href":"https:\/\/policies.taboola.com\/cs\/wp-json\/wp\/v2\/users\/3"}],"replies":[{"embeddable":true,"href":"https:\/\/policies.taboola.com\/cs\/wp-json\/wp\/v2\/comments?post=5225"}],"version-history":[{"count":1,"href":"https:\/\/policies.taboola.com\/cs\/wp-json\/wp\/v2\/pages\/5225\/revisions"}],"predecessor-version":[{"id":5226,"href":"https:\/\/policies.taboola.com\/cs\/wp-json\/wp\/v2\/pages\/5225\/revisions\/5226"}],"wp:attachment":[{"href":"https:\/\/policies.taboola.com\/cs\/wp-json\/wp\/v2\/media?parent=5225"}],"curies":[{"name":"wp","href":"https:\/\/api.w.org\/{rel}","templated":true}]}}