{"id":5120,"date":"2025-08-21T18:15:42","date_gmt":"2025-08-21T18:15:42","guid":{"rendered":"https:\/\/policies.taboola.com\/header-bidding-2\/"},"modified":"2026-03-13T14:24:05","modified_gmt":"2026-03-13T14:24:05","slug":"header-bidding","status":"publish","type":"page","link":"https:\/\/policies.taboola.com\/da\/header-bidding\/","title":{"rendered":"Header Bidding"},"content":{"rendered":"<h1 style=\"text-align: center;\">Header Bidding<\/h1>\n<ol>\n<li><strong>Tildeling af rettigheder:<\/strong> Parterne accepterer og anerkender, at Virksomheden bruger en header bidding-l\u00f8sning (&#8220;Header Bidding Integration&#8221;) til at administrere og tjene penge p\u00e5 sin displayannonceringsbeholdning p\u00e5 Ejendommene. I l\u00f8bet af perioden skal Virksomheden inkludere Taboola som byder i Virksomhedens Header Bidding Integration for displayannonceringsenheder, der er tilg\u00e6ngelige til budgivning via Virksomhedens Header Bidding Integration (&#8220;HB Units&#8221;), hvilke HB Units specifikt skal ekskludere enhver native advertising-beholdning, s\u00e5som de placeringer, hvor Taboolas platform er implementeret. Virksomheden anerkender og accepterer at: (i) give Taboola ret til at byde via Taboolas Header Bidding (&#8220;Header Bidding &#8220;) p\u00e5 alle HB Units; (ii) tilf\u00f8je Header Bidding budgivningsadapteren til enhver del af Virksomhedens Header Bidding , som Taboola har de tekniske muligheder for at deltage i; (iii) sikre, at Local Storage er aktiveret for dens Header Bidding ; og (iv) sikre, at enhver displayannonce, der vises af Taboola i HB Unit, er synlig (i overensstemmelse med MRC Viewable Impression Guidelines) og ikke opdateres med intervaller p\u00e5 kortere end 30 sekunder.<\/li>\n<li><strong>Gebyr for Header Bidding :<\/strong> Ud over den kompensation, der er angivet i afsnit IV ovenfor, modtager Virksomheden for hver m\u00e5ned af perioden Header Bidding (som defineret nedenfor) for alle HB Units, der monetariseres via Header Bidding . I denne aftale betyder &#8220;Header Bidding Fee&#8221; den indt\u00e6gt, som Virksomheden har optjent for summen af \u200b\u200bde samlede vindende bud (som defineret nedenfor) for alle HB Units k\u00f8bt af Taboola, fratrukket eventuelle fradrag for svigagtige visninger (som defineret nedenfor). Taboolas m\u00e5linger vedr\u00f8rende visninger er de endelige m\u00e5linger i henhold til denne aftale, der bruges til at beregne Header Bidding .<\/li>\n<li><strong>Definitioner:<\/strong> Annoncer: betyder grafiske, interaktive, mobile, video-, rich media-, artwork-, tekst-, aktive URL&#8217;er til annoncer eller tekstbaserede annoncer og de tilh\u00f8rende tags, herunder bannerannoncer, knapper, t\u00e5rne \u200b\u200bog\/eller skyskrabere, samt ikke-grafiske elementer s\u00e5som Tracking Pixels og tredjepartspixels. Bud: et tilbud afgivet af Taboola p\u00e5 en bestemt HB Unit. Vindende bud: et bud, der er valgt af Header Bidding Integration som det h\u00f8jeste kvalificerende bud (m\u00e5lt i pris pr. tusinde visninger) for en bestemt HB Unit. Svigagtige visninger: visninger, der er blevet leveret for en ejendom ved hj\u00e6lp af metoder eller midler, der kunstigt eller svigagtigt oppuster m\u00e6ngden af \u200b\u200bvisninger, herunder automatisk omdirigering af brugere, brug af bots og crawlere, manipulation af annoncer eller enhver anden teknik til at generere automatiske eller svigagtige visninger (som bestemt af Taboola, handler rimeligt eller baseret p\u00e5 branchepraksis).<\/li>\n<\/ol>\n","protected":false},"excerpt":{"rendered":"<p>Header Bidding Tildeling af rettigheder: Parterne accepterer og anerkender, at Virksomheden bruger en header bidding-l\u00f8sning (&#8220;Header Bidding Integration&#8221;) til at administrere og tjene penge p\u00e5 sin displayannonceringsbeholdning p\u00e5 Ejendommene. I l\u00f8bet af perioden skal Virksomheden inkludere Taboola som byder i Virksomhedens Header Bidding Integration for displayannonceringsenheder, der er tilg\u00e6ngelige til budgivning via Virksomhedens Header Bidding [&hellip;]<\/p>\n","protected":false},"author":3,"featured_media":0,"parent":0,"menu_order":0,"comment_status":"closed","ping_status":"closed","template":"single-legal-page.php","meta":{"_acf_changed":false,"footnotes":""},"class_list":["post-5120","page","type-page","status-publish","hentry"],"acf":[],"yoast_head":"<!-- This site is optimized with the Yoast SEO Premium plugin v26.9 (Yoast SEO v27.1.1) - https:\/\/yoast.com\/product\/yoast-seo-premium-wordpress\/ -->\n<title>Header Bidding - Taboola Policies<\/title>\n<meta name=\"robots\" content=\"index, follow, max-snippet:-1, max-image-preview:large, max-video-preview:-1\" \/>\n<link rel=\"canonical\" href=\"https:\/\/policies.taboola.com\/da\/header-bidding\/\" \/>\n<meta property=\"og:locale\" content=\"da_DK\" \/>\n<meta property=\"og:type\" content=\"article\" \/>\n<meta property=\"og:title\" content=\"Header Bidding\" \/>\n<meta property=\"og:description\" content=\"Header Bidding Tildeling af rettigheder: Parterne accepterer og anerkender, at Virksomheden bruger en header bidding-l\u00f8sning (&#8220;Header Bidding Integration&#8221;) til at administrere og tjene penge p\u00e5 sin displayannonceringsbeholdning p\u00e5 Ejendommene. I l\u00f8bet af perioden skal Virksomheden inkludere Taboola som byder i Virksomhedens Header Bidding Integration for displayannonceringsenheder, der er tilg\u00e6ngelige til budgivning via Virksomhedens Header Bidding [&hellip;]\" \/>\n<meta property=\"og:url\" content=\"https:\/\/policies.taboola.com\/da\/header-bidding\/\" \/>\n<meta property=\"og:site_name\" content=\"Taboola Policies\" \/>\n<meta property=\"article:modified_time\" content=\"2026-03-13T14:24:05+00:00\" \/>\n<meta name=\"twitter:card\" content=\"summary_large_image\" \/>\n<meta name=\"twitter:label1\" content=\"Est. reading time\" \/>\n\t<meta name=\"twitter:data1\" content=\"2 minutes\" \/>\n<script type=\"application\/ld+json\" class=\"yoast-schema-graph\">{\"@context\":\"https:\/\/schema.org\",\"@graph\":[{\"@type\":\"WebPage\",\"@id\":\"https:\/\/policies.taboola.com\/da\/header-bidding\/\",\"url\":\"https:\/\/policies.taboola.com\/da\/header-bidding\/\",\"name\":\"Header Bidding - Taboola Policies\",\"isPartOf\":{\"@id\":\"https:\/\/policies.taboola.com\/da\/#website\"},\"datePublished\":\"2025-08-21T18:15:42+00:00\",\"dateModified\":\"2026-03-13T14:24:05+00:00\",\"breadcrumb\":{\"@id\":\"https:\/\/policies.taboola.com\/da\/header-bidding\/#breadcrumb\"},\"inLanguage\":\"da-DK\",\"potentialAction\":[{\"@type\":\"ReadAction\",\"target\":[\"https:\/\/policies.taboola.com\/da\/header-bidding\/\"]}]},{\"@type\":\"BreadcrumbList\",\"@id\":\"https:\/\/policies.taboola.com\/da\/header-bidding\/#breadcrumb\",\"itemListElement\":[{\"@type\":\"ListItem\",\"position\":1,\"name\":\"Home\",\"item\":\"https:\/\/policies.taboola.com\/da\/\"},{\"@type\":\"ListItem\",\"position\":2,\"name\":\"Header Bidding\"}]},{\"@type\":\"WebSite\",\"@id\":\"https:\/\/policies.taboola.com\/da\/#website\",\"url\":\"https:\/\/policies.taboola.com\/da\/\",\"name\":\"Taboola Policies\",\"description\":\"\",\"potentialAction\":[{\"@type\":\"SearchAction\",\"target\":{\"@type\":\"EntryPoint\",\"urlTemplate\":\"https:\/\/policies.taboola.com\/da\/?s={search_term_string}\"},\"query-input\":{\"@type\":\"PropertyValueSpecification\",\"valueRequired\":true,\"valueName\":\"search_term_string\"}}],\"inLanguage\":\"da-DK\"}]}<\/script>\n<!-- \/ Yoast SEO Premium plugin. -->","yoast_head_json":{"title":"Header Bidding - Taboola Policies","robots":{"index":"index","follow":"follow","max-snippet":"max-snippet:-1","max-image-preview":"max-image-preview:large","max-video-preview":"max-video-preview:-1"},"canonical":"https:\/\/policies.taboola.com\/da\/header-bidding\/","og_locale":"da_DK","og_type":"article","og_title":"Header Bidding","og_description":"Header Bidding Tildeling af rettigheder: Parterne accepterer og anerkender, at Virksomheden bruger en header bidding-l\u00f8sning (&#8220;Header Bidding Integration&#8221;) til at administrere og tjene penge p\u00e5 sin displayannonceringsbeholdning p\u00e5 Ejendommene. I l\u00f8bet af perioden skal Virksomheden inkludere Taboola som byder i Virksomhedens Header Bidding Integration for displayannonceringsenheder, der er tilg\u00e6ngelige til budgivning via Virksomhedens Header Bidding [&hellip;]","og_url":"https:\/\/policies.taboola.com\/da\/header-bidding\/","og_site_name":"Taboola Policies","article_modified_time":"2026-03-13T14:24:05+00:00","twitter_card":"summary_large_image","twitter_misc":{"Est. reading time":"2 minutes"},"schema":{"@context":"https:\/\/schema.org","@graph":[{"@type":"WebPage","@id":"https:\/\/policies.taboola.com\/da\/header-bidding\/","url":"https:\/\/policies.taboola.com\/da\/header-bidding\/","name":"Header Bidding - Taboola Policies","isPartOf":{"@id":"https:\/\/policies.taboola.com\/da\/#website"},"datePublished":"2025-08-21T18:15:42+00:00","dateModified":"2026-03-13T14:24:05+00:00","breadcrumb":{"@id":"https:\/\/policies.taboola.com\/da\/header-bidding\/#breadcrumb"},"inLanguage":"da-DK","potentialAction":[{"@type":"ReadAction","target":["https:\/\/policies.taboola.com\/da\/header-bidding\/"]}]},{"@type":"BreadcrumbList","@id":"https:\/\/policies.taboola.com\/da\/header-bidding\/#breadcrumb","itemListElement":[{"@type":"ListItem","position":1,"name":"Home","item":"https:\/\/policies.taboola.com\/da\/"},{"@type":"ListItem","position":2,"name":"Header Bidding"}]},{"@type":"WebSite","@id":"https:\/\/policies.taboola.com\/da\/#website","url":"https:\/\/policies.taboola.com\/da\/","name":"Taboola Policies","description":"","potentialAction":[{"@type":"SearchAction","target":{"@type":"EntryPoint","urlTemplate":"https:\/\/policies.taboola.com\/da\/?s={search_term_string}"},"query-input":{"@type":"PropertyValueSpecification","valueRequired":true,"valueName":"search_term_string"}}],"inLanguage":"da-DK"}]}},"_links":{"self":[{"href":"https:\/\/policies.taboola.com\/da\/wp-json\/wp\/v2\/pages\/5120","targetHints":{"allow":["GET"]}}],"collection":[{"href":"https:\/\/policies.taboola.com\/da\/wp-json\/wp\/v2\/pages"}],"about":[{"href":"https:\/\/policies.taboola.com\/da\/wp-json\/wp\/v2\/types\/page"}],"author":[{"embeddable":true,"href":"https:\/\/policies.taboola.com\/da\/wp-json\/wp\/v2\/users\/3"}],"replies":[{"embeddable":true,"href":"https:\/\/policies.taboola.com\/da\/wp-json\/wp\/v2\/comments?post=5120"}],"version-history":[{"count":1,"href":"https:\/\/policies.taboola.com\/da\/wp-json\/wp\/v2\/pages\/5120\/revisions"}],"predecessor-version":[{"id":5121,"href":"https:\/\/policies.taboola.com\/da\/wp-json\/wp\/v2\/pages\/5120\/revisions\/5121"}],"wp:attachment":[{"href":"https:\/\/policies.taboola.com\/da\/wp-json\/wp\/v2\/media?parent=5120"}],"curies":[{"name":"wp","href":"https:\/\/api.w.org\/{rel}","templated":true}]}}