{"id":5217,"date":"2025-08-21T18:16:21","date_gmt":"2025-08-21T18:16:21","guid":{"rendered":"https:\/\/policies.taboola.com\/taboola-news-vilkar-for-ejere-af-digitale-ejendomme\/"},"modified":"2026-03-13T14:25:15","modified_gmt":"2026-03-13T14:25:15","slug":"taboola-news-terms-for-digital-property-owners","status":"publish","type":"page","link":"https:\/\/policies.taboola.com\/da\/taboola-news-terms-for-digital-property-owners\/","title":{"rendered":"Taboola News-vilk\u00e5r for ejere af digitale ejendomme"},"content":{"rendered":"<h1 style=\"text-align: center;\"><strong>TABOOLA NEWS-VILK\u00c5R FOR EJERE AF DIGITALE EJENDOMME<\/strong><\/h1>\n<p>Seneste opdatering: 18. august 2025<\/p>\n<p>Disse Taboola News-vilk\u00e5r for udgivere og ejere af digitale ejendomme (&#8220;Taboola News-vilk\u00e5r&#8221;) g\u00e6lder for ejere af digitale ejendomme, herunder udgivere og andre virksomheder (&#8220;Virksomhed&#8221;), der har underskrevet aftaler med Taboola om at deltage i Taboola News-programmet (&#8220;Aftale&#8221;), og disse Taboola News-vilk\u00e5r anses for at v\u00e6re indarbejdet i og udg\u00f8r en integreret del af en s\u00e5dan aftale. Vilk\u00e5r, der ikke er defineret nedenfor, har deres definition angivet i den relevante aftale. For at skabe klarhed g\u00e6lder alle henvisninger til &#8220;Tredjeparts ejendomsindehaver&#8221; kun, hvor det udtrykkeligt er angivet i den underskrevne aftale mellem Virksomheden og Taboola.<\/p>\n<ol>\n<li><strong>T<u>Taboola News<\/u><\/strong>. Taboola samarbejder med digitale ejendomme og producenter af mobilenheder p\u00e5 verdensplan om at implementere et nyhedsfeed drevet af Taboola (\u201dTaboola News Product\u201d) p\u00e5 deres digitale ejendomme og mobilenheder. Taboola News Product indeholder artiklenavne, korte tekster i kombination med billeder og videoer, der g\u00f8r det muligt for Taboola-udgivere at g\u00f8re deres indhold tilg\u00e6ngeligt for og n\u00e5 ud til et st\u00f8rre publikum (dvs. \u00f8ge trafikken og eksponeringen for ejendommene). Indholdet hentes (manuelt eller via automatisering) fra udgivere, der er en del af Taboola-netv\u00e6rket og andre tredjeparter, og kan suppleres med Taboola-sponsorindhold. Taboola News Product kan struktureres som et scrollovende feed af Content Cards eller som et tapet eller et andet format udviklet af Taboola og viser (a) en artikels overskrift og et billede, der hentes af Taboola fra en tredjepart (manuelt eller via automatisering), eller som Selskabet selv har valgt til den respektive artikels overskrift, (b) en video hentet af Taboola (manuelt eller via automatisering) fra Ejendommene, Selskabets eller Tredjeparts ejendomsejers sociale mediekanaler eller gjort tilg\u00e6ngelig af Selskabet p\u00e5 nettet (f.eks. YouTube, Instagram, TikTok) eller af en tredjepart og\/eller (c) Taboola-sponsorindhold. Hvis Bes\u00f8gende klikker p\u00e5 et enkelt stykke indhold fra Selskabet eller Tredjeparts ejendomsejer, bliver Bes\u00f8gende enten (x) omdirigeret direkte til Ejendommen, eller (y) omdirigeret til en webside, der styres af Taboola, og som viser (i) en\u00a0 forh\u00e5ndsvisning af artiklen, hvor artiklens f\u00f8rste s\u00e6tninger vises (igen i kombination med et billede), eller en oversigt over artiklen genereret af automatiserede l\u00f8sninger vises, eller (ii) en videoenhed; og hvorfra Bes\u00f8gende i begge tilf\u00e6lde kan klikke igennem eller ud til Ejendommen. Taboola forbeholder sig ret til at foretage rimelige \u00e6ndringer af Taboola News Bes\u00f8gendes oplevelse med henblik p\u00e5 optimering.<\/li>\n<li><strong><u>Licens<\/u><\/strong>. Til det i disse vilk\u00e5r beskrevne form\u00e5l og i aftalens l\u00f8betid giver virksomheden, og har f\u00e5et fra tredjeparts ejendomsindehaveren, ret til at give Taboola den ikke-eksklusive, verdensomsp\u00e6ndende (a) ret til at bruge indhold fra ejendommene og (b) bemyndigelse til at f\u00e5 adgang til og udtr\u00e6kke indhold fra virksomhedens eller tredjeparts ejendomsindehaverens sociale mediekanaler (herunder tekster, billeder, videoer &#8211; herunder lydkomponenter), b\u00e5de (a) og (b) til det i det f\u00f8lgende beskrevne form\u00e5l, is\u00e6r retten til at gennemg\u00e5, downloade, gemme, reproducere, offentligg\u00f8re, digitalisere, g\u00f8re offentligt tilg\u00e6ngelige samt retten til at redigere (f.eks. udskifte det billede, virksomheden har valgt til en bestemt artikel, med et billede i h\u00f8j opl\u00f8sning, som Taboola har indhentet, forkorte artiklenavne og brandingtekster, n\u00e5r de ikke passer ordentligt p\u00e5 mobilsk\u00e6rmen), hvorved sidstn\u00e6vnte kun gives, for s\u00e5 vidt som dette er n\u00f8dvendigt for at optimere Taboola News-oplevelsen (som angivet i eksemplerne nedenfor). Virksomheden giver desuden, har f\u00e5et fra tredjeparts ejendomsindehaveren, ret til at give, Taboola den ikke-eksklusive, verdensomsp\u00e6ndende ret til at bruge, og til at give tredjeparter, der har implementeret Taboola News p\u00e5 deres ejendomme eller enheder, ret til at bruge virksomhedens, tredjeparts ejendomsindehaverens og ejendommens navne og logoer til markedsf\u00f8ring af Taboola News. Virksomheden erkl\u00e6rer, at den har, eller har sikret fra tredjeparts ejendomsindehaver, alle rettigheder til virksomhedens indhold og er i stand til at give Taboola (og de tredjeparter, der har implementeret Taboola News p\u00e5 deres ejendomme eller enheder) rettighederne til at bruge virksomhedens indhold i Taboola News, og at ingen tredjeparters rettigheder kr\u00e6nkes som f\u00f8lge heraf.<\/li>\n<li><strong><u>Ingen godtg\u00f8relse<\/u><\/strong>. Taboolas distribution af virksomhedsindhold via Taboola News er gratis for virksomheden, og Taboola skal ikke betale noget licensgebyr eller specifik monet\u00e6r godtg\u00f8relse til virksomheden. Virksomheden anerkender, at muligheden for at generere trafik til ejendommene og for at fremme virksomhedens brandbevidsthed (ud over at beholde 100 % af de indt\u00e6gter, der genereres af enheder p\u00e5 ejendommene bortset fra platformen) er en rimelig kompensation for inkludering og brug af virksomhedsindhold i Taboola News. Virksomheden f\u00e5r derfor ikke kompensation for eventuelle annonseindt\u00e6gter, der genereres af eller sidevisninger af platformen, der vises til bes\u00f8gende, der tilg\u00e5r ejendommen via Taboola News, og Taboola beholder hele den bruttoindt\u00e6gt, der stammer fra platformen, under en Taboola News Session (dvs. varigheden af et bes\u00f8g p\u00e5 ejendommen af en bes\u00f8gende, der kommer til en s\u00e5dan ejendom via Taboola News). Ingen sidevisninger af platformen under en Taboola News Session t\u00e6lles som en anbefalingssidevisning.<\/li>\n<\/ol>\n<p>\u00a0<\/p>\n","protected":false},"excerpt":{"rendered":"<p>TABOOLA NEWS-VILK\u00c5R FOR EJERE AF DIGITALE EJENDOMME Seneste opdatering: 18. august 2025 Disse Taboola News-vilk\u00e5r for udgivere og ejere af digitale ejendomme (&#8220;Taboola News-vilk\u00e5r&#8221;) g\u00e6lder for ejere af digitale ejendomme, herunder udgivere og andre virksomheder (&#8220;Virksomhed&#8221;), der har underskrevet aftaler med Taboola om at deltage i Taboola News-programmet (&#8220;Aftale&#8221;), og disse Taboola News-vilk\u00e5r anses for [&hellip;]<\/p>\n","protected":false},"author":3,"featured_media":0,"parent":0,"menu_order":0,"comment_status":"closed","ping_status":"closed","template":"single-legal-page.php","meta":{"_acf_changed":false,"footnotes":""},"class_list":["post-5217","page","type-page","status-publish","hentry"],"acf":[],"yoast_head":"<!-- This site is optimized with the Yoast SEO Premium plugin v26.9 (Yoast SEO v27.1.1) - https:\/\/yoast.com\/product\/yoast-seo-premium-wordpress\/ -->\n<title>Taboola News-vilk\u00e5r for ejere af digitale ejendomme - Taboola Policies<\/title>\n<meta name=\"robots\" content=\"index, follow, max-snippet:-1, max-image-preview:large, max-video-preview:-1\" \/>\n<link rel=\"canonical\" href=\"https:\/\/policies.taboola.com\/da\/taboola-news-terms-for-digital-property-owners\/\" \/>\n<meta property=\"og:locale\" content=\"da_DK\" \/>\n<meta property=\"og:type\" content=\"article\" \/>\n<meta property=\"og:title\" content=\"Taboola News-vilk\u00e5r for ejere af digitale ejendomme\" \/>\n<meta property=\"og:description\" content=\"TABOOLA NEWS-VILK\u00c5R FOR EJERE AF DIGITALE EJENDOMME Seneste opdatering: 18. august 2025 Disse Taboola News-vilk\u00e5r for udgivere og ejere af digitale ejendomme (&#8220;Taboola News-vilk\u00e5r&#8221;) g\u00e6lder for ejere af digitale ejendomme, herunder udgivere og andre virksomheder (&#8220;Virksomhed&#8221;), der har underskrevet aftaler med Taboola om at deltage i Taboola News-programmet (&#8220;Aftale&#8221;), og disse Taboola News-vilk\u00e5r anses for [&hellip;]\" \/>\n<meta property=\"og:url\" content=\"https:\/\/policies.taboola.com\/da\/taboola-news-terms-for-digital-property-owners\/\" \/>\n<meta property=\"og:site_name\" content=\"Taboola Policies\" \/>\n<meta property=\"article:modified_time\" content=\"2026-03-13T14:25:15+00:00\" \/>\n<meta name=\"twitter:card\" content=\"summary_large_image\" \/>\n<meta name=\"twitter:label1\" content=\"Est. reading time\" \/>\n\t<meta name=\"twitter:data1\" content=\"4 minutes\" \/>\n<script type=\"application\/ld+json\" class=\"yoast-schema-graph\">{\"@context\":\"https:\/\/schema.org\",\"@graph\":[{\"@type\":\"WebPage\",\"@id\":\"https:\/\/policies.taboola.com\/da\/taboola-news-terms-for-digital-property-owners\/\",\"url\":\"https:\/\/policies.taboola.com\/da\/taboola-news-terms-for-digital-property-owners\/\",\"name\":\"Taboola News-vilk\u00e5r for ejere af digitale ejendomme - Taboola Policies\",\"isPartOf\":{\"@id\":\"https:\/\/policies.taboola.com\/da\/#website\"},\"datePublished\":\"2025-08-21T18:16:21+00:00\",\"dateModified\":\"2026-03-13T14:25:15+00:00\",\"breadcrumb\":{\"@id\":\"https:\/\/policies.taboola.com\/da\/taboola-news-terms-for-digital-property-owners\/#breadcrumb\"},\"inLanguage\":\"da-DK\",\"potentialAction\":[{\"@type\":\"ReadAction\",\"target\":[\"https:\/\/policies.taboola.com\/da\/taboola-news-terms-for-digital-property-owners\/\"]}]},{\"@type\":\"BreadcrumbList\",\"@id\":\"https:\/\/policies.taboola.com\/da\/taboola-news-terms-for-digital-property-owners\/#breadcrumb\",\"itemListElement\":[{\"@type\":\"ListItem\",\"position\":1,\"name\":\"Home\",\"item\":\"https:\/\/policies.taboola.com\/da\/\"},{\"@type\":\"ListItem\",\"position\":2,\"name\":\"Taboola News-vilk\u00e5r for ejere af digitale ejendomme\"}]},{\"@type\":\"WebSite\",\"@id\":\"https:\/\/policies.taboola.com\/da\/#website\",\"url\":\"https:\/\/policies.taboola.com\/da\/\",\"name\":\"Taboola Policies\",\"description\":\"\",\"potentialAction\":[{\"@type\":\"SearchAction\",\"target\":{\"@type\":\"EntryPoint\",\"urlTemplate\":\"https:\/\/policies.taboola.com\/da\/?s={search_term_string}\"},\"query-input\":{\"@type\":\"PropertyValueSpecification\",\"valueRequired\":true,\"valueName\":\"search_term_string\"}}],\"inLanguage\":\"da-DK\"}]}<\/script>\n<!-- \/ Yoast SEO Premium plugin. -->","yoast_head_json":{"title":"Taboola News-vilk\u00e5r for ejere af digitale ejendomme - Taboola Policies","robots":{"index":"index","follow":"follow","max-snippet":"max-snippet:-1","max-image-preview":"max-image-preview:large","max-video-preview":"max-video-preview:-1"},"canonical":"https:\/\/policies.taboola.com\/da\/taboola-news-terms-for-digital-property-owners\/","og_locale":"da_DK","og_type":"article","og_title":"Taboola News-vilk\u00e5r for ejere af digitale ejendomme","og_description":"TABOOLA NEWS-VILK\u00c5R FOR EJERE AF DIGITALE EJENDOMME Seneste opdatering: 18. august 2025 Disse Taboola News-vilk\u00e5r for udgivere og ejere af digitale ejendomme (&#8220;Taboola News-vilk\u00e5r&#8221;) g\u00e6lder for ejere af digitale ejendomme, herunder udgivere og andre virksomheder (&#8220;Virksomhed&#8221;), der har underskrevet aftaler med Taboola om at deltage i Taboola News-programmet (&#8220;Aftale&#8221;), og disse Taboola News-vilk\u00e5r anses for [&hellip;]","og_url":"https:\/\/policies.taboola.com\/da\/taboola-news-terms-for-digital-property-owners\/","og_site_name":"Taboola Policies","article_modified_time":"2026-03-13T14:25:15+00:00","twitter_card":"summary_large_image","twitter_misc":{"Est. reading time":"4 minutes"},"schema":{"@context":"https:\/\/schema.org","@graph":[{"@type":"WebPage","@id":"https:\/\/policies.taboola.com\/da\/taboola-news-terms-for-digital-property-owners\/","url":"https:\/\/policies.taboola.com\/da\/taboola-news-terms-for-digital-property-owners\/","name":"Taboola News-vilk\u00e5r for ejere af digitale ejendomme - Taboola Policies","isPartOf":{"@id":"https:\/\/policies.taboola.com\/da\/#website"},"datePublished":"2025-08-21T18:16:21+00:00","dateModified":"2026-03-13T14:25:15+00:00","breadcrumb":{"@id":"https:\/\/policies.taboola.com\/da\/taboola-news-terms-for-digital-property-owners\/#breadcrumb"},"inLanguage":"da-DK","potentialAction":[{"@type":"ReadAction","target":["https:\/\/policies.taboola.com\/da\/taboola-news-terms-for-digital-property-owners\/"]}]},{"@type":"BreadcrumbList","@id":"https:\/\/policies.taboola.com\/da\/taboola-news-terms-for-digital-property-owners\/#breadcrumb","itemListElement":[{"@type":"ListItem","position":1,"name":"Home","item":"https:\/\/policies.taboola.com\/da\/"},{"@type":"ListItem","position":2,"name":"Taboola News-vilk\u00e5r for ejere af digitale ejendomme"}]},{"@type":"WebSite","@id":"https:\/\/policies.taboola.com\/da\/#website","url":"https:\/\/policies.taboola.com\/da\/","name":"Taboola Policies","description":"","potentialAction":[{"@type":"SearchAction","target":{"@type":"EntryPoint","urlTemplate":"https:\/\/policies.taboola.com\/da\/?s={search_term_string}"},"query-input":{"@type":"PropertyValueSpecification","valueRequired":true,"valueName":"search_term_string"}}],"inLanguage":"da-DK"}]}},"_links":{"self":[{"href":"https:\/\/policies.taboola.com\/da\/wp-json\/wp\/v2\/pages\/5217","targetHints":{"allow":["GET"]}}],"collection":[{"href":"https:\/\/policies.taboola.com\/da\/wp-json\/wp\/v2\/pages"}],"about":[{"href":"https:\/\/policies.taboola.com\/da\/wp-json\/wp\/v2\/types\/page"}],"author":[{"embeddable":true,"href":"https:\/\/policies.taboola.com\/da\/wp-json\/wp\/v2\/users\/3"}],"replies":[{"embeddable":true,"href":"https:\/\/policies.taboola.com\/da\/wp-json\/wp\/v2\/comments?post=5217"}],"version-history":[{"count":1,"href":"https:\/\/policies.taboola.com\/da\/wp-json\/wp\/v2\/pages\/5217\/revisions"}],"predecessor-version":[{"id":5218,"href":"https:\/\/policies.taboola.com\/da\/wp-json\/wp\/v2\/pages\/5217\/revisions\/5218"}],"wp:attachment":[{"href":"https:\/\/policies.taboola.com\/da\/wp-json\/wp\/v2\/media?parent=5217"}],"curies":[{"name":"wp","href":"https:\/\/api.w.org\/{rel}","templated":true}]}}