{"id":609,"date":"2025-08-21T18:16:21","date_gmt":"2025-08-21T18:16:21","guid":{"rendered":"https:\/\/policies.taboola.com\/taboola-nachrichtenbedingungen-fur-eigentumer-digitaler-immobilien\/"},"modified":"2026-03-10T10:37:55","modified_gmt":"2026-03-10T10:37:55","slug":"taboola-news-terms-for-digital-property-owners","status":"publish","type":"page","link":"https:\/\/policies.taboola.com\/de\/taboola-news-terms-for-digital-property-owners\/","title":{"rendered":"Taboola News Bedingungen f\u00fcr digitale Immobilienbesitzer"},"content":{"rendered":"<h1 style=\"text-align: center;\"><strong>TABOOLA NEWS BEDINGUNGEN F\u00dcR DIGITALE EIGENTUMSBESITZER<\/strong><\/h1>\n<p>Letzte Aktualisierung: 18. August 2025<\/p>\n<p>Diese Taboola News Bedingungen f\u00fcr Publisher und Eigent\u00fcmer digitaler Immobilien (\u201eTaboola News Bedingungen\u201c) gelten f\u00fcr Eigent\u00fcmer digitaler Immobilien, einschlie\u00dflich Publisher und anderer Unternehmen (\u201eUnternehmen\u201c), die Vereinbarungen mit Taboola zur Teilnahme am Taboola News Programm (\u201eVereinbarung\u201c) unterzeichnet haben, und diese Taboola News Bedingungen gelten als Bestandteil einer solchen Vereinbarung und sind Bestandteil dieser Vereinbarung. Begriffe, die nachstehend nicht definiert sind, werden in dem betreffenden Abkommen definiert. Der Klarheit halber gelten alle Verweise auf \u201eDritteigentumseigent\u00fcmer\u201c nur, wenn dies ausdr\u00fccklich in der ausgef\u00fchrten Vereinbarung zwischen dem Unternehmen und Taboola vorgesehen ist.<\/p>\n<ol>\n<li><strong><u>Taboola News<\/u><\/strong>. Taboola arbeitet mit digitalen Immobilien- und Mobilger\u00e4teherstellern weltweit zusammen, um auf ihren digitalen Immobilien und Mobilger\u00e4ten einen Newsfeed powered by Taboola (das \u201eTaboola News Product\u201c) zu implementieren. Das Taboola News Product enth\u00e4lt Artikel\u00fcberschriften, Kurztexte in Kombination mit Bildern und Videos, die es Taboola Verlagen erm\u00f6glichen, ihre Inhalte einem gr\u00f6\u00dferen Publikum zug\u00e4nglich zu machen und zu erreichen (d.h. den Traffic und die Exposition gegen\u00fcber den Eigenschaften zu erh\u00f6hen). Die Inhalte werden (manuell oder durch Automatisierung) von Publishern bezogen, die Teil des Taboola Netzwerks sind, sowie von anderen Dritten und k\u00f6nnen durch Taboola gesponserte Inhalte erg\u00e4nzt werden. Das Taboola News Product kann als Scrolling-Feed von Content Cards oder als Wallpaper oder ein anderes von Taboola entwickeltes Format strukturiert sein und zeigt (a) eine Artikel\u00fcberschrift und ein Bild an, das Taboola von einem Dritten (manuell oder durch Automatisierung) bezieht oder das das Unternehmen selbst f\u00fcr die jeweilige Artikel\u00fcberschrift ausgew\u00e4hlt hat, (b) ein Video, das Taboola (manuell oder durch Automatisierung) von den Social-Media-Kan\u00e4len des Immobilieneigent\u00fcmers, des Unternehmens oder eines Dritten bezieht oder das vom Unternehmen im Web (z. B. YouTube, Instagram, TikTok) oder von einem Dritten zur Verf\u00fcgung gestellt wird, und\/oder (c) von Taboola gesponserte Inhalte. Wenn der Besucher auf einen einzelnen Inhalt eines Unternehmens oder eines Dritteigent\u00fcmers klickt, wird der Besucher entweder (x) direkt auf die Immobilie weitergeleitet oder (y) auf eine Webseite, die von Taboola kontrolliert wird und (i) eine Vorschau des Artikels anzeigt, wo die ersten S\u00e4tze des Artikels angezeigt werden (wiederum in Kombination mit einem Bild) oder eine Zusammenfassung des Artikels angezeigt wird, der durch automatisierte L\u00f6sungen generiert wurde, oder (ii) eine Videoeinheit; und wo vom Besucher in beiden F\u00e4llen durch oder aus zur Immobilie geklickt werden kann. Taboola beh\u00e4lt sich das Recht vor, angemessene \u00c4nderungen an der Taboola News Visitor-Erfahrung zu Optimierungszwecken vorzunehmen.<\/li>\n<li><strong><u>Lizenz<\/u><\/strong>. F\u00fcr den in diesen Bedingungen beschriebenen Zweck und f\u00fcr die Laufzeit des Vertrages gew\u00e4hrt das Unternehmen Taboola das nicht exklusive, weltweite (a) Recht, Inhalte aus den Immobilien zu nutzen, und (b) die Berechtigung, auf Inhalte aus den Social-Media-Kan\u00e4len des Unternehmens oder des Eigent\u00fcmers von Immobilien Dritter (einschlie\u00dflich Texte, Bilder, Videos \u2013 einschlie\u00dflich Audiokomponente) zuzugreifen und diese zu extrahieren, und zwar sowohl (a) als auch (b) f\u00fcr den unten beschriebenen Zweck, insbesondere das Recht, zu crawlen, herunterzuladen, zu speichern, zu reproduzieren, zu ver\u00f6ffentlichen, zu digitalisieren, \u00f6ffentlich zug\u00e4nglich zu machen sowie das Recht zur Bearbeitung (z.B. das vom Unternehmen f\u00fcr einen bestimmten Artikel ausgew\u00e4hlte Bild durch ein hochaufl\u00f6sendes Bild aus Taboola zu ersetzen, Artikeltitel und Markentexte zu k\u00fcrzen, wenn sie nicht ordnungsgem\u00e4\u00df auf den mobilen Bildschirm passen), wobei letzteres nur insoweit gew\u00e4hrt wird, als dies zur Optimierung des Taboola News Erlebnisses erforderlich ist (wie in den unten aufgef\u00fchrten Beispielen angegeben). Das Unternehmen gew\u00e4hrt dar\u00fcber hinaus von Dritteigent\u00fcmern das Recht, Taboola das nicht exklusive, weltweite Nutzungsrecht zu gew\u00e4hren und den Dritten, die Taboola News auf ihren Immobilien oder Ger\u00e4ten implementiert haben, das Recht einzur\u00e4umen, die Namen und Logos des Unternehmens, des Dritteigent\u00fcmers und der Immobilien zu Marketingzwecken von Taboola News zu verwenden. Das Unternehmen versichert, dass es alle Rechte an Unternehmensinhalten h\u00e4lt oder sich von Dritteigent\u00fcmern gesichert hat und Taboola (und den Dritten, die Taboola News auf ihren Eigenschaften oder Ger\u00e4ten implementiert haben) die Rechte zur Nutzung der Unternehmensinhalte in Taboola News einr\u00e4umen kann, und dass dadurch keine Rechte Dritter verletzt werden.<\/li>\n<li><strong><u>Keine Verg\u00fctung<\/u><\/strong>. Taboola Verbreitung von Unternehmensinhalten \u00fcber Taboola News ist f\u00fcr das Unternehmen kostenlos, und Taboola zahlt keine Lizenzgeb\u00fchr oder spezifische monet\u00e4re Verg\u00fctung an das Unternehmen. Das Unternehmen erkennt an, dass die M\u00f6glichkeit, Traffic auf die Konzessionsgebiete zu generieren und die Bekanntheit des Unternehmens zu f\u00f6rdern (zus\u00e4tzlich dazu, dass 100 % der Einnahmen, die durch Einheiten auf den Konzessionsgebieten mit Ausnahme der Plattform generiert werden), eine faire Entsch\u00e4digung f\u00fcr die Aufnahme und Nutzung von Unternehmensinhalten in Taboola News darstellt. Daher wird das Unternehmen nicht f\u00fcr Werbeeinnahmen entsch\u00e4digt, die durch oder Seitenaufrufe der Plattform generiert werden, die Besuchern, die \u00fcber Taboola News auf die Immobilie zugreifen, serviert werden, und Taboola beh\u00e4lt die Gesamtheit der Bruttoeinnahmen, die w\u00e4hrend einer Taboola News Session von der Plattform erzielt werden (d. h. die Dauer eines Besuchs der Immobilie durch einen Besucher, der \u00fcber Taboola News auf diese Immobilie gelangt). W\u00e4hrend einer Taboola News Session werden keine Seitenaufrufe der Plattform als Empfehlungsseitenaufruf gez\u00e4hlt.<\/li>\n<\/ol>\n<p>\u00a0<\/p>\n","protected":false},"excerpt":{"rendered":"<p>TABOOLA NEWS BEDINGUNGEN F\u00dcR DIGITALE EIGENTUMSBESITZER Letzte Aktualisierung: 18. August 2025 Diese Taboola News Bedingungen f\u00fcr Publisher und Eigent\u00fcmer digitaler Immobilien (\u201eTaboola News Bedingungen\u201c) gelten f\u00fcr Eigent\u00fcmer digitaler Immobilien, einschlie\u00dflich Publisher und anderer Unternehmen (\u201eUnternehmen\u201c), die Vereinbarungen mit Taboola zur Teilnahme am Taboola News Programm (\u201eVereinbarung\u201c) unterzeichnet haben, und diese Taboola News Bedingungen gelten als [&hellip;]<\/p>\n","protected":false},"author":3,"featured_media":0,"parent":0,"menu_order":0,"comment_status":"closed","ping_status":"closed","template":"single-legal-page.php","meta":{"_acf_changed":false,"footnotes":""},"class_list":["post-609","page","type-page","status-publish","hentry"],"acf":[],"yoast_head":"<!-- This site is optimized with the Yoast SEO Premium plugin v26.9 (Yoast SEO v27.1.1) - https:\/\/yoast.com\/product\/yoast-seo-premium-wordpress\/ -->\n<title>Taboola News Bedingungen f\u00fcr digitale Immobilienbesitzer - Taboola Policies<\/title>\n<meta name=\"robots\" content=\"index, follow, max-snippet:-1, max-image-preview:large, max-video-preview:-1\" \/>\n<link rel=\"canonical\" href=\"https:\/\/policies.taboola.com\/de\/taboola-news-terms-for-digital-property-owners\/\" \/>\n<meta property=\"og:locale\" content=\"de_DE\" \/>\n<meta property=\"og:type\" content=\"article\" \/>\n<meta property=\"og:title\" content=\"Taboola News Bedingungen f\u00fcr digitale Immobilienbesitzer\" \/>\n<meta property=\"og:description\" content=\"TABOOLA NEWS BEDINGUNGEN F\u00dcR DIGITALE EIGENTUMSBESITZER Letzte Aktualisierung: 18. August 2025 Diese Taboola News Bedingungen f\u00fcr Publisher und Eigent\u00fcmer digitaler Immobilien (\u201eTaboola News Bedingungen\u201c) gelten f\u00fcr Eigent\u00fcmer digitaler Immobilien, einschlie\u00dflich Publisher und anderer Unternehmen (\u201eUnternehmen\u201c), die Vereinbarungen mit Taboola zur Teilnahme am Taboola News Programm (\u201eVereinbarung\u201c) unterzeichnet haben, und diese Taboola News Bedingungen gelten als [&hellip;]\" \/>\n<meta property=\"og:url\" content=\"https:\/\/policies.taboola.com\/de\/taboola-news-terms-for-digital-property-owners\/\" \/>\n<meta property=\"og:site_name\" content=\"Taboola Policies\" \/>\n<meta property=\"article:modified_time\" content=\"2026-03-10T10:37:55+00:00\" \/>\n<meta name=\"twitter:card\" content=\"summary_large_image\" \/>\n<meta name=\"twitter:label1\" content=\"Est. reading time\" \/>\n\t<meta name=\"twitter:data1\" content=\"4 minutes\" \/>\n<script type=\"application\/ld+json\" class=\"yoast-schema-graph\">{\"@context\":\"https:\/\/schema.org\",\"@graph\":[{\"@type\":\"WebPage\",\"@id\":\"https:\/\/policies.taboola.com\/de\/taboola-news-terms-for-digital-property-owners\/\",\"url\":\"https:\/\/policies.taboola.com\/de\/taboola-news-terms-for-digital-property-owners\/\",\"name\":\"Taboola News Bedingungen f\u00fcr digitale Immobilienbesitzer - Taboola Policies\",\"isPartOf\":{\"@id\":\"https:\/\/policies.taboola.com\/de\/#website\"},\"datePublished\":\"2025-08-21T18:16:21+00:00\",\"dateModified\":\"2026-03-10T10:37:55+00:00\",\"breadcrumb\":{\"@id\":\"https:\/\/policies.taboola.com\/de\/taboola-news-terms-for-digital-property-owners\/#breadcrumb\"},\"inLanguage\":\"de-DE\",\"potentialAction\":[{\"@type\":\"ReadAction\",\"target\":[\"https:\/\/policies.taboola.com\/de\/taboola-news-terms-for-digital-property-owners\/\"]}]},{\"@type\":\"BreadcrumbList\",\"@id\":\"https:\/\/policies.taboola.com\/de\/taboola-news-terms-for-digital-property-owners\/#breadcrumb\",\"itemListElement\":[{\"@type\":\"ListItem\",\"position\":1,\"name\":\"Home\",\"item\":\"https:\/\/policies.taboola.com\/de\/\"},{\"@type\":\"ListItem\",\"position\":2,\"name\":\"Taboola News Bedingungen f\u00fcr digitale Immobilienbesitzer\"}]},{\"@type\":\"WebSite\",\"@id\":\"https:\/\/policies.taboola.com\/de\/#website\",\"url\":\"https:\/\/policies.taboola.com\/de\/\",\"name\":\"Taboola Policies\",\"description\":\"\",\"potentialAction\":[{\"@type\":\"SearchAction\",\"target\":{\"@type\":\"EntryPoint\",\"urlTemplate\":\"https:\/\/policies.taboola.com\/de\/?s={search_term_string}\"},\"query-input\":{\"@type\":\"PropertyValueSpecification\",\"valueRequired\":true,\"valueName\":\"search_term_string\"}}],\"inLanguage\":\"de-DE\"}]}<\/script>\n<!-- \/ Yoast SEO Premium plugin. -->","yoast_head_json":{"title":"Taboola News Bedingungen f\u00fcr digitale Immobilienbesitzer - Taboola Policies","robots":{"index":"index","follow":"follow","max-snippet":"max-snippet:-1","max-image-preview":"max-image-preview:large","max-video-preview":"max-video-preview:-1"},"canonical":"https:\/\/policies.taboola.com\/de\/taboola-news-terms-for-digital-property-owners\/","og_locale":"de_DE","og_type":"article","og_title":"Taboola News Bedingungen f\u00fcr digitale Immobilienbesitzer","og_description":"TABOOLA NEWS BEDINGUNGEN F\u00dcR DIGITALE EIGENTUMSBESITZER Letzte Aktualisierung: 18. August 2025 Diese Taboola News Bedingungen f\u00fcr Publisher und Eigent\u00fcmer digitaler Immobilien (\u201eTaboola News Bedingungen\u201c) gelten f\u00fcr Eigent\u00fcmer digitaler Immobilien, einschlie\u00dflich Publisher und anderer Unternehmen (\u201eUnternehmen\u201c), die Vereinbarungen mit Taboola zur Teilnahme am Taboola News Programm (\u201eVereinbarung\u201c) unterzeichnet haben, und diese Taboola News Bedingungen gelten als [&hellip;]","og_url":"https:\/\/policies.taboola.com\/de\/taboola-news-terms-for-digital-property-owners\/","og_site_name":"Taboola Policies","article_modified_time":"2026-03-10T10:37:55+00:00","twitter_card":"summary_large_image","twitter_misc":{"Est. reading time":"4 minutes"},"schema":{"@context":"https:\/\/schema.org","@graph":[{"@type":"WebPage","@id":"https:\/\/policies.taboola.com\/de\/taboola-news-terms-for-digital-property-owners\/","url":"https:\/\/policies.taboola.com\/de\/taboola-news-terms-for-digital-property-owners\/","name":"Taboola News Bedingungen f\u00fcr digitale Immobilienbesitzer - Taboola Policies","isPartOf":{"@id":"https:\/\/policies.taboola.com\/de\/#website"},"datePublished":"2025-08-21T18:16:21+00:00","dateModified":"2026-03-10T10:37:55+00:00","breadcrumb":{"@id":"https:\/\/policies.taboola.com\/de\/taboola-news-terms-for-digital-property-owners\/#breadcrumb"},"inLanguage":"de-DE","potentialAction":[{"@type":"ReadAction","target":["https:\/\/policies.taboola.com\/de\/taboola-news-terms-for-digital-property-owners\/"]}]},{"@type":"BreadcrumbList","@id":"https:\/\/policies.taboola.com\/de\/taboola-news-terms-for-digital-property-owners\/#breadcrumb","itemListElement":[{"@type":"ListItem","position":1,"name":"Home","item":"https:\/\/policies.taboola.com\/de\/"},{"@type":"ListItem","position":2,"name":"Taboola News Bedingungen f\u00fcr digitale Immobilienbesitzer"}]},{"@type":"WebSite","@id":"https:\/\/policies.taboola.com\/de\/#website","url":"https:\/\/policies.taboola.com\/de\/","name":"Taboola Policies","description":"","potentialAction":[{"@type":"SearchAction","target":{"@type":"EntryPoint","urlTemplate":"https:\/\/policies.taboola.com\/de\/?s={search_term_string}"},"query-input":{"@type":"PropertyValueSpecification","valueRequired":true,"valueName":"search_term_string"}}],"inLanguage":"de-DE"}]}},"_links":{"self":[{"href":"https:\/\/policies.taboola.com\/de\/wp-json\/wp\/v2\/pages\/609","targetHints":{"allow":["GET"]}}],"collection":[{"href":"https:\/\/policies.taboola.com\/de\/wp-json\/wp\/v2\/pages"}],"about":[{"href":"https:\/\/policies.taboola.com\/de\/wp-json\/wp\/v2\/types\/page"}],"author":[{"embeddable":true,"href":"https:\/\/policies.taboola.com\/de\/wp-json\/wp\/v2\/users\/3"}],"replies":[{"embeddable":true,"href":"https:\/\/policies.taboola.com\/de\/wp-json\/wp\/v2\/comments?post=609"}],"version-history":[{"count":2,"href":"https:\/\/policies.taboola.com\/de\/wp-json\/wp\/v2\/pages\/609\/revisions"}],"predecessor-version":[{"id":5047,"href":"https:\/\/policies.taboola.com\/de\/wp-json\/wp\/v2\/pages\/609\/revisions\/5047"}],"wp:attachment":[{"href":"https:\/\/policies.taboola.com\/de\/wp-json\/wp\/v2\/media?parent=609"}],"curies":[{"name":"wp","href":"https:\/\/api.w.org\/{rel}","templated":true}]}}