{"id":644,"date":"2025-08-21T18:15:42","date_gmt":"2025-08-21T18:15:42","guid":{"rendered":"https:\/\/policies.taboola.com\/header-bidding-2\/"},"modified":"2026-03-05T10:10:01","modified_gmt":"2026-03-05T10:10:01","slug":"header-bidding","status":"publish","type":"page","link":"https:\/\/policies.taboola.com\/de\/header-bidding\/","title":{"rendered":"Header Bidding"},"content":{"rendered":"<h1 style=\"text-align: center;\">Header Bidding<\/h1>\n<ol>\n<li><strong>Gew\u00e4hrung von Rechten:<\/strong> Die Parteien vereinbaren und erkennen an, dass das Unternehmen eine Header-Bidding-L\u00f6sung (die \u201eHeader-Bidding-Integration\u201c) verwendet, um sein Display-Werbeinventar auf den Eigenschaften zu verwalten und zu monetarisieren. W\u00e4hrend der Laufzeit nimmt das Unternehmen Taboola als Bieter in die Header Bidding-Integration des Unternehmens f\u00fcr Display-Werbeeinheiten auf, die \u00fcber die Header Bidding-Integration des Unternehmens zur Versteigerung stehen (die \u201eHB Units\u201c), wobei diese HB Units ausdr\u00fccklich jegliches Native-Advertising-Inventar ausschlie\u00dfen, wie beispielsweise Platzierungen, bei denen die Plattform von Taboola implementiert ist. Das Unternehmen erkennt an und erkl\u00e4rt sich damit einverstanden: (i) Taboola das Recht zu gew\u00e4hren, \u00fcber den Header-Bidding-Adapter von Taboola (der \u201eHeader-Bidding-Adapter\u201c) auf alle HB Units zu bieten; (ii) den Header-Bidding-Adapter zu jedem Teil der Header-Bidding-Integration des Unternehmens hinzuzuf\u00fcgen, f\u00fcr den Taboola \u00fcber die technischen M\u00f6glichkeiten zur Teilnahme verf\u00fcgt; (iii) sicherzustellen, dass Local Storage f\u00fcr seine Header Bidding-Integration aktiviert ist; und (iv) sicherzustellen, dass alle von Taboola innerhalb der HB Units geschalteten Display-Anzeigen sichtbar sind (gem\u00e4\u00df den MRC Viewable Impression Guidelines) und nicht in Intervallen von weniger als 30 Sekunden aktualisiert werden.<\/li>\n<li><strong>Header Bidding-Geb\u00fchr:<\/strong> Zus\u00e4tzlich zu der in Abschnitt IV oben genannten Verg\u00fctung erh\u00e4lt das Unternehmen f\u00fcr jeden Monat der Laufzeit die Header Bidding-Geb\u00fchr (wie unten definiert) f\u00fcr alle HB Units, die \u00fcber den Header Bidding-Adapter monetarisiert werden. F\u00fcr die Zwecke dieser Vereinbarung bezeichnet der Begriff \u201eHeader Bidding-Geb\u00fchr\u201c die Einnahmen, die das Unternehmen aus der Summe der erfolgreichen Gebote (wie unten definiert) f\u00fcr alle von Taboola gekauften HB Units erzielt, abz\u00fcglich etwaiger Abz\u00fcge f\u00fcr betr\u00fcgerische Impressionen (wie unten definiert). Die Messungen von Taboola in Bezug auf Impressionen sind die ma\u00dfgeblichen Messungen im Rahmen dieser Vereinbarung, die zur Berechnung der Header Bidding-Geb\u00fchr herangezogen werden.<\/li>\n<li><strong>Definitionen:<\/strong> Anzeigen: Bezeichnet grafische, interaktive, mobile, Video-, Rich-Media-, Grafik-, Text- und aktive URL-Anzeigen sowie textbasierte Anzeigen und die dazugeh\u00f6rigen Tags, einschlie\u00dflich Bannerwerbung, Schaltfl\u00e4chen, Tower und\/oder Skyscraper sowie nicht-grafische Elemente wie Tracking Pixels und Pixels von Drittanbietern. Gebot: Ein Angebot von Taboola f\u00fcr eine bestimmte HB Unit. Gewinnendes Gebot: Ein Gebot, das von der Header Bidding-Integration als das h\u00f6chste qualifizierte Gebot (gemessen in Kosten pro tausend Impressionen) f\u00fcr eine bestimmte HB Unit ausgew\u00e4hlt wird. Betr\u00fcgerische Impressionen: Impressionen, die f\u00fcr eine Website durch Methoden oder Mittel erzielt wurden, die das Impressionenvolumen k\u00fcnstlich oder betr\u00fcgerisch erh\u00f6hen, darunter die automatische Weiterleitung von Nutzern, die Verwendung von Bots und Crawlern, die Manipulation von Anzeigen oder andere Techniken zur Generierung automatischer oder betr\u00fcgerischer Impressionen (wie von Taboola nach vern\u00fcnftigem Ermessen oder auf der Grundlage von Branchenpraktiken festgelegt).<\/li>\n<\/ol>\n","protected":false},"excerpt":{"rendered":"<p>Header Bidding Gew\u00e4hrung von Rechten: Die Parteien vereinbaren und erkennen an, dass das Unternehmen eine Header-Bidding-L\u00f6sung (die \u201eHeader-Bidding-Integration\u201c) verwendet, um sein Display-Werbeinventar auf den Eigenschaften zu verwalten und zu monetarisieren. W\u00e4hrend der Laufzeit nimmt das Unternehmen Taboola als Bieter in die Header Bidding-Integration des Unternehmens f\u00fcr Display-Werbeeinheiten auf, die \u00fcber die Header Bidding-Integration des Unternehmens [&hellip;]<\/p>\n","protected":false},"author":3,"featured_media":0,"parent":0,"menu_order":0,"comment_status":"closed","ping_status":"closed","template":"single-legal-page.php","meta":{"_acf_changed":false,"footnotes":""},"class_list":["post-644","page","type-page","status-publish","hentry"],"acf":[],"yoast_head":"<!-- This site is optimized with the Yoast SEO Premium plugin v26.9 (Yoast SEO v27.1.1) - https:\/\/yoast.com\/product\/yoast-seo-premium-wordpress\/ -->\n<title>Header Bidding - Taboola Policies<\/title>\n<meta name=\"robots\" content=\"index, follow, max-snippet:-1, max-image-preview:large, max-video-preview:-1\" \/>\n<link rel=\"canonical\" href=\"https:\/\/policies.taboola.com\/de\/header-bidding\/\" \/>\n<meta property=\"og:locale\" content=\"de_DE\" \/>\n<meta property=\"og:type\" content=\"article\" \/>\n<meta property=\"og:title\" content=\"Header Bidding\" \/>\n<meta property=\"og:description\" content=\"Header Bidding Gew\u00e4hrung von Rechten: Die Parteien vereinbaren und erkennen an, dass das Unternehmen eine Header-Bidding-L\u00f6sung (die \u201eHeader-Bidding-Integration\u201c) verwendet, um sein Display-Werbeinventar auf den Eigenschaften zu verwalten und zu monetarisieren. W\u00e4hrend der Laufzeit nimmt das Unternehmen Taboola als Bieter in die Header Bidding-Integration des Unternehmens f\u00fcr Display-Werbeeinheiten auf, die \u00fcber die Header Bidding-Integration des Unternehmens [&hellip;]\" \/>\n<meta property=\"og:url\" content=\"https:\/\/policies.taboola.com\/de\/header-bidding\/\" \/>\n<meta property=\"og:site_name\" content=\"Taboola Policies\" \/>\n<meta property=\"article:modified_time\" content=\"2026-03-05T10:10:01+00:00\" \/>\n<meta name=\"twitter:card\" content=\"summary_large_image\" \/>\n<meta name=\"twitter:label1\" content=\"Est. reading time\" \/>\n\t<meta name=\"twitter:data1\" content=\"2 minutes\" \/>\n<script type=\"application\/ld+json\" class=\"yoast-schema-graph\">{\"@context\":\"https:\/\/schema.org\",\"@graph\":[{\"@type\":\"WebPage\",\"@id\":\"https:\/\/policies.taboola.com\/de\/header-bidding\/\",\"url\":\"https:\/\/policies.taboola.com\/de\/header-bidding\/\",\"name\":\"Header Bidding - Taboola Policies\",\"isPartOf\":{\"@id\":\"https:\/\/policies.taboola.com\/de\/#website\"},\"datePublished\":\"2025-08-21T18:15:42+00:00\",\"dateModified\":\"2026-03-05T10:10:01+00:00\",\"breadcrumb\":{\"@id\":\"https:\/\/policies.taboola.com\/de\/header-bidding\/#breadcrumb\"},\"inLanguage\":\"de-DE\",\"potentialAction\":[{\"@type\":\"ReadAction\",\"target\":[\"https:\/\/policies.taboola.com\/de\/header-bidding\/\"]}]},{\"@type\":\"BreadcrumbList\",\"@id\":\"https:\/\/policies.taboola.com\/de\/header-bidding\/#breadcrumb\",\"itemListElement\":[{\"@type\":\"ListItem\",\"position\":1,\"name\":\"Home\",\"item\":\"https:\/\/policies.taboola.com\/de\/\"},{\"@type\":\"ListItem\",\"position\":2,\"name\":\"Header Bidding\"}]},{\"@type\":\"WebSite\",\"@id\":\"https:\/\/policies.taboola.com\/de\/#website\",\"url\":\"https:\/\/policies.taboola.com\/de\/\",\"name\":\"Taboola Policies\",\"description\":\"\",\"potentialAction\":[{\"@type\":\"SearchAction\",\"target\":{\"@type\":\"EntryPoint\",\"urlTemplate\":\"https:\/\/policies.taboola.com\/de\/?s={search_term_string}\"},\"query-input\":{\"@type\":\"PropertyValueSpecification\",\"valueRequired\":true,\"valueName\":\"search_term_string\"}}],\"inLanguage\":\"de-DE\"}]}<\/script>\n<!-- \/ Yoast SEO Premium plugin. -->","yoast_head_json":{"title":"Header Bidding - Taboola Policies","robots":{"index":"index","follow":"follow","max-snippet":"max-snippet:-1","max-image-preview":"max-image-preview:large","max-video-preview":"max-video-preview:-1"},"canonical":"https:\/\/policies.taboola.com\/de\/header-bidding\/","og_locale":"de_DE","og_type":"article","og_title":"Header Bidding","og_description":"Header Bidding Gew\u00e4hrung von Rechten: Die Parteien vereinbaren und erkennen an, dass das Unternehmen eine Header-Bidding-L\u00f6sung (die \u201eHeader-Bidding-Integration\u201c) verwendet, um sein Display-Werbeinventar auf den Eigenschaften zu verwalten und zu monetarisieren. W\u00e4hrend der Laufzeit nimmt das Unternehmen Taboola als Bieter in die Header Bidding-Integration des Unternehmens f\u00fcr Display-Werbeeinheiten auf, die \u00fcber die Header Bidding-Integration des Unternehmens [&hellip;]","og_url":"https:\/\/policies.taboola.com\/de\/header-bidding\/","og_site_name":"Taboola Policies","article_modified_time":"2026-03-05T10:10:01+00:00","twitter_card":"summary_large_image","twitter_misc":{"Est. reading time":"2 minutes"},"schema":{"@context":"https:\/\/schema.org","@graph":[{"@type":"WebPage","@id":"https:\/\/policies.taboola.com\/de\/header-bidding\/","url":"https:\/\/policies.taboola.com\/de\/header-bidding\/","name":"Header Bidding - Taboola Policies","isPartOf":{"@id":"https:\/\/policies.taboola.com\/de\/#website"},"datePublished":"2025-08-21T18:15:42+00:00","dateModified":"2026-03-05T10:10:01+00:00","breadcrumb":{"@id":"https:\/\/policies.taboola.com\/de\/header-bidding\/#breadcrumb"},"inLanguage":"de-DE","potentialAction":[{"@type":"ReadAction","target":["https:\/\/policies.taboola.com\/de\/header-bidding\/"]}]},{"@type":"BreadcrumbList","@id":"https:\/\/policies.taboola.com\/de\/header-bidding\/#breadcrumb","itemListElement":[{"@type":"ListItem","position":1,"name":"Home","item":"https:\/\/policies.taboola.com\/de\/"},{"@type":"ListItem","position":2,"name":"Header Bidding"}]},{"@type":"WebSite","@id":"https:\/\/policies.taboola.com\/de\/#website","url":"https:\/\/policies.taboola.com\/de\/","name":"Taboola Policies","description":"","potentialAction":[{"@type":"SearchAction","target":{"@type":"EntryPoint","urlTemplate":"https:\/\/policies.taboola.com\/de\/?s={search_term_string}"},"query-input":{"@type":"PropertyValueSpecification","valueRequired":true,"valueName":"search_term_string"}}],"inLanguage":"de-DE"}]}},"_links":{"self":[{"href":"https:\/\/policies.taboola.com\/de\/wp-json\/wp\/v2\/pages\/644","targetHints":{"allow":["GET"]}}],"collection":[{"href":"https:\/\/policies.taboola.com\/de\/wp-json\/wp\/v2\/pages"}],"about":[{"href":"https:\/\/policies.taboola.com\/de\/wp-json\/wp\/v2\/types\/page"}],"author":[{"embeddable":true,"href":"https:\/\/policies.taboola.com\/de\/wp-json\/wp\/v2\/users\/3"}],"replies":[{"embeddable":true,"href":"https:\/\/policies.taboola.com\/de\/wp-json\/wp\/v2\/comments?post=644"}],"version-history":[{"count":2,"href":"https:\/\/policies.taboola.com\/de\/wp-json\/wp\/v2\/pages\/644\/revisions"}],"predecessor-version":[{"id":4975,"href":"https:\/\/policies.taboola.com\/de\/wp-json\/wp\/v2\/pages\/644\/revisions\/4975"}],"wp:attachment":[{"href":"https:\/\/policies.taboola.com\/de\/wp-json\/wp\/v2\/media?parent=644"}],"curies":[{"name":"wp","href":"https:\/\/api.w.org\/{rel}","templated":true}]}}