{"id":581,"date":"2025-08-21T18:15:42","date_gmt":"2025-08-21T18:15:42","guid":{"rendered":"https:\/\/policies.taboola.com\/subasta-de-encabezado\/"},"modified":"2026-03-05T10:16:37","modified_gmt":"2026-03-05T10:16:37","slug":"header-bidding","status":"publish","type":"page","link":"https:\/\/policies.taboola.com\/es\/header-bidding\/","title":{"rendered":"Header Bidding"},"content":{"rendered":"<h1 style=\"text-align: center;\">Header Bidding<\/h1>\n<ol>\n<li><strong>Concesi\u00f3n de Derechos:<\/strong> Las Partes acuerdan y reconocen que la Compa\u00f1\u00eda utiliza una soluci\u00f3n de header bidding (la \u201cIntegraci\u00f3n de Header Bidding\u201d) para gestionar y monetizar su inventario de publicidad display en las Propiedades. Durante el Plazo, la Compa\u00f1\u00eda incluir\u00e1 a Taboola como un postor dentro de la Integraci\u00f3n de Header Bidding de la Compa\u00f1\u00eda para las unidades de publicidad display disponibles para pujar a trav\u00e9s de la Integraci\u00f3n de Header Bidding de la Compa\u00f1\u00eda (las \u201cHB Units\u201d), las cuales HB Units excluir\u00e1n espec\u00edficamente cualquier inventario de publicidad nativa, como aquellos espacios donde se implementa la Plataforma de Taboola. La Compa\u00f1\u00eda reconoce y acepta: (i) otorgar a Taboola el derecho a pujar a trav\u00e9s del adaptador de header bidding de Taboola (el \u201cAdaptador de Header Bidding\u201d) en cualquier HB Unit; (ii) a\u00f1adir el Adaptador de Header Bidding a cualquier parte de la Integraci\u00f3n de Header Bidding de la Compa\u00f1\u00eda para la cual Taboola tenga las capacidades t\u00e9cnicas para participar; (iii) asegurar que el Local Storage est\u00e9 habilitado para su Integraci\u00f3n de Header Bidding; y (iv) asegurar que cualquier anuncio display servido por Taboola dentro de la HB Unit sea visible (de acuerdo con las MRC Viewable Impression Guidelines) y no se actualice en intervalos menores a 30 segundos.<\/li>\n<li><strong>Tarifa de Header Bidding:<\/strong> Adem\u00e1s de la Compensaci\u00f3n establecida en la Secci\u00f3n IV anterior, por cada mes del Plazo, la Compa\u00f1\u00eda recibir\u00e1 la Tarifa de Header Bidding (como se define a continuaci\u00f3n) por cualquier HB Unit monetizada a trav\u00e9s del Adaptador de Header Bidding. A los efectos de este Acuerdo, la \u201cTarifa de Header Bidding\u201d significar\u00e1 los ingresos ganados por la Compa\u00f1\u00eda por la suma de las Ofertas Ganadoras agregadas (como se define a continuaci\u00f3n) por todas las HB Units compradas por Taboola, menos cualquier deducci\u00f3n por Impresiones Fraudulentas (como se define a continuaci\u00f3n). Las mediciones de Taboola respecto a las impresiones son las mediciones definitivas bajo este Acuerdo utilizadas para calcular la Tarifa de Header Bidding.<\/li>\n<li><strong>Definiciones:<\/strong> Anuncios: significa gr\u00e1ficos, interactivos, m\u00f3viles, video, medios enriquecidos, obras de arte, copias, URLs activas para anuncios, o anuncios basados en texto, y las etiquetas correspondientes, incluyendo anuncios en banner, botones, torres y\/o rascacielos, as\u00ed como elementos no gr\u00e1ficos como Tracking Pixels y Pixels de terceros. Oferta: una oferta hecha por Taboola para una HB Unit particular. Oferta Ganadora: una Oferta que es seleccionada por la Integraci\u00f3n de Header Bidding como la Oferta calificada m\u00e1s alta (medida en costo por mil impresiones) para una HB Unit particular. Impresiones Fraudulentas: impresiones que han sido servidas para una Propiedad por m\u00e9todos o medios que inflan artificial o fraudulentamente el volumen de impresiones, incluyendo redirecci\u00f3n autom\u00e1tica de usuarios, uso de bots y rastreadores, manipulaci\u00f3n de anuncios, o cualquier otra t\u00e9cnica de generaci\u00f3n de impresiones autom\u00e1ticas o fraudulentas (seg\u00fan lo determine Taboola, actuando razonablemente, o basado en pr\u00e1cticas de la industria).<\/li>\n<\/ol>\n","protected":false},"excerpt":{"rendered":"<p>Header Bidding Concesi\u00f3n de Derechos: Las Partes acuerdan y reconocen que la Compa\u00f1\u00eda utiliza una soluci\u00f3n de header bidding (la \u201cIntegraci\u00f3n de Header Bidding\u201d) para gestionar y monetizar su inventario de publicidad display en las Propiedades. Durante el Plazo, la Compa\u00f1\u00eda incluir\u00e1 a Taboola como un postor dentro de la Integraci\u00f3n de Header Bidding de [&hellip;]<\/p>\n","protected":false},"author":3,"featured_media":0,"parent":0,"menu_order":0,"comment_status":"closed","ping_status":"closed","template":"single-legal-page.php","meta":{"_acf_changed":false,"footnotes":""},"class_list":["post-581","page","type-page","status-publish","hentry"],"acf":[],"yoast_head":"<!-- This site is optimized with the Yoast SEO Premium plugin v26.9 (Yoast SEO v27.1.1) - https:\/\/yoast.com\/product\/yoast-seo-premium-wordpress\/ -->\n<title>Header Bidding - Taboola Policies<\/title>\n<meta name=\"robots\" content=\"index, follow, max-snippet:-1, max-image-preview:large, max-video-preview:-1\" \/>\n<link rel=\"canonical\" href=\"https:\/\/policies.taboola.com\/es\/header-bidding\/\" \/>\n<meta property=\"og:locale\" content=\"es_ES\" \/>\n<meta property=\"og:type\" content=\"article\" \/>\n<meta property=\"og:title\" content=\"Header Bidding\" \/>\n<meta property=\"og:description\" content=\"Header Bidding Concesi\u00f3n de Derechos: Las Partes acuerdan y reconocen que la Compa\u00f1\u00eda utiliza una soluci\u00f3n de header bidding (la \u201cIntegraci\u00f3n de Header Bidding\u201d) para gestionar y monetizar su inventario de publicidad display en las Propiedades. Durante el Plazo, la Compa\u00f1\u00eda incluir\u00e1 a Taboola como un postor dentro de la Integraci\u00f3n de Header Bidding de [&hellip;]\" \/>\n<meta property=\"og:url\" content=\"https:\/\/policies.taboola.com\/es\/header-bidding\/\" \/>\n<meta property=\"og:site_name\" content=\"Taboola Policies\" \/>\n<meta property=\"article:modified_time\" content=\"2026-03-05T10:16:37+00:00\" \/>\n<meta name=\"twitter:card\" content=\"summary_large_image\" \/>\n<meta name=\"twitter:label1\" content=\"Est. reading time\" \/>\n\t<meta name=\"twitter:data1\" content=\"3 minutes\" \/>\n<script type=\"application\/ld+json\" class=\"yoast-schema-graph\">{\"@context\":\"https:\/\/schema.org\",\"@graph\":[{\"@type\":\"WebPage\",\"@id\":\"https:\/\/policies.taboola.com\/es\/header-bidding\/\",\"url\":\"https:\/\/policies.taboola.com\/es\/header-bidding\/\",\"name\":\"Header Bidding - Taboola Policies\",\"isPartOf\":{\"@id\":\"https:\/\/policies.taboola.com\/es\/#website\"},\"datePublished\":\"2025-08-21T18:15:42+00:00\",\"dateModified\":\"2026-03-05T10:16:37+00:00\",\"breadcrumb\":{\"@id\":\"https:\/\/policies.taboola.com\/es\/header-bidding\/#breadcrumb\"},\"inLanguage\":\"es-ES\",\"potentialAction\":[{\"@type\":\"ReadAction\",\"target\":[\"https:\/\/policies.taboola.com\/es\/header-bidding\/\"]}]},{\"@type\":\"BreadcrumbList\",\"@id\":\"https:\/\/policies.taboola.com\/es\/header-bidding\/#breadcrumb\",\"itemListElement\":[{\"@type\":\"ListItem\",\"position\":1,\"name\":\"Home\",\"item\":\"https:\/\/policies.taboola.com\/es\/\"},{\"@type\":\"ListItem\",\"position\":2,\"name\":\"Header Bidding\"}]},{\"@type\":\"WebSite\",\"@id\":\"https:\/\/policies.taboola.com\/es\/#website\",\"url\":\"https:\/\/policies.taboola.com\/es\/\",\"name\":\"Taboola Policies\",\"description\":\"\",\"potentialAction\":[{\"@type\":\"SearchAction\",\"target\":{\"@type\":\"EntryPoint\",\"urlTemplate\":\"https:\/\/policies.taboola.com\/es\/?s={search_term_string}\"},\"query-input\":{\"@type\":\"PropertyValueSpecification\",\"valueRequired\":true,\"valueName\":\"search_term_string\"}}],\"inLanguage\":\"es-ES\"}]}<\/script>\n<!-- \/ Yoast SEO Premium plugin. -->","yoast_head_json":{"title":"Header Bidding - Taboola Policies","robots":{"index":"index","follow":"follow","max-snippet":"max-snippet:-1","max-image-preview":"max-image-preview:large","max-video-preview":"max-video-preview:-1"},"canonical":"https:\/\/policies.taboola.com\/es\/header-bidding\/","og_locale":"es_ES","og_type":"article","og_title":"Header Bidding","og_description":"Header Bidding Concesi\u00f3n de Derechos: Las Partes acuerdan y reconocen que la Compa\u00f1\u00eda utiliza una soluci\u00f3n de header bidding (la \u201cIntegraci\u00f3n de Header Bidding\u201d) para gestionar y monetizar su inventario de publicidad display en las Propiedades. Durante el Plazo, la Compa\u00f1\u00eda incluir\u00e1 a Taboola como un postor dentro de la Integraci\u00f3n de Header Bidding de [&hellip;]","og_url":"https:\/\/policies.taboola.com\/es\/header-bidding\/","og_site_name":"Taboola Policies","article_modified_time":"2026-03-05T10:16:37+00:00","twitter_card":"summary_large_image","twitter_misc":{"Est. reading time":"3 minutes"},"schema":{"@context":"https:\/\/schema.org","@graph":[{"@type":"WebPage","@id":"https:\/\/policies.taboola.com\/es\/header-bidding\/","url":"https:\/\/policies.taboola.com\/es\/header-bidding\/","name":"Header Bidding - Taboola Policies","isPartOf":{"@id":"https:\/\/policies.taboola.com\/es\/#website"},"datePublished":"2025-08-21T18:15:42+00:00","dateModified":"2026-03-05T10:16:37+00:00","breadcrumb":{"@id":"https:\/\/policies.taboola.com\/es\/header-bidding\/#breadcrumb"},"inLanguage":"es-ES","potentialAction":[{"@type":"ReadAction","target":["https:\/\/policies.taboola.com\/es\/header-bidding\/"]}]},{"@type":"BreadcrumbList","@id":"https:\/\/policies.taboola.com\/es\/header-bidding\/#breadcrumb","itemListElement":[{"@type":"ListItem","position":1,"name":"Home","item":"https:\/\/policies.taboola.com\/es\/"},{"@type":"ListItem","position":2,"name":"Header Bidding"}]},{"@type":"WebSite","@id":"https:\/\/policies.taboola.com\/es\/#website","url":"https:\/\/policies.taboola.com\/es\/","name":"Taboola Policies","description":"","potentialAction":[{"@type":"SearchAction","target":{"@type":"EntryPoint","urlTemplate":"https:\/\/policies.taboola.com\/es\/?s={search_term_string}"},"query-input":{"@type":"PropertyValueSpecification","valueRequired":true,"valueName":"search_term_string"}}],"inLanguage":"es-ES"}]}},"_links":{"self":[{"href":"https:\/\/policies.taboola.com\/es\/wp-json\/wp\/v2\/pages\/581","targetHints":{"allow":["GET"]}}],"collection":[{"href":"https:\/\/policies.taboola.com\/es\/wp-json\/wp\/v2\/pages"}],"about":[{"href":"https:\/\/policies.taboola.com\/es\/wp-json\/wp\/v2\/types\/page"}],"author":[{"embeddable":true,"href":"https:\/\/policies.taboola.com\/es\/wp-json\/wp\/v2\/users\/3"}],"replies":[{"embeddable":true,"href":"https:\/\/policies.taboola.com\/es\/wp-json\/wp\/v2\/comments?post=581"}],"version-history":[{"count":2,"href":"https:\/\/policies.taboola.com\/es\/wp-json\/wp\/v2\/pages\/581\/revisions"}],"predecessor-version":[{"id":4988,"href":"https:\/\/policies.taboola.com\/es\/wp-json\/wp\/v2\/pages\/581\/revisions\/4988"}],"wp:attachment":[{"href":"https:\/\/policies.taboola.com\/es\/wp-json\/wp\/v2\/media?parent=581"}],"curies":[{"name":"wp","href":"https:\/\/api.w.org\/{rel}","templated":true}]}}