{"id":625,"date":"2025-08-21T18:16:21","date_gmt":"2025-08-21T18:16:21","guid":{"rendered":"https:\/\/policies.taboola.com\/terminos-y-condiciones-de-los-propietarios-de-propiedades-digitales\/"},"modified":"2026-03-10T16:17:35","modified_gmt":"2026-03-10T16:17:35","slug":"taboola-news-terms-for-digital-property-owners","status":"publish","type":"page","link":"https:\/\/policies.taboola.com\/es\/taboola-news-terms-for-digital-property-owners\/","title":{"rendered":"T\u00e9rminos de Taboola News para Propietarios de Propiedades Digitales"},"content":{"rendered":"<h1 style=\"text-align: center;\"><strong>T\u00c9RMINOS DE TABOOLA NEWS PARA PROPIETARIOS DE PROPIEDADES DIGITALES<\/strong><\/h1>\n<p>\u00daltima actualizaci\u00f3n: 18 de agosto de 2025<\/p>\n<p>Estos T\u00e9rminos de Taboola News para editores y propietarios de propiedades digitales (\u201cT\u00e9rminos de Taboola News\u201d) se aplican a los propietarios de propiedades digitales, incluidos editores y otras empresas (&#8220;Empresa&#8221;) que han firmado acuerdos con Taboola para participar en el programa Taboola News (\u201cAcuerdo\u201d), y estos T\u00e9rminos de Taboola News se considerar\u00e1n incorporados y formar\u00e1n parte integral de cualquier Acuerdo. Los t\u00e9rminos no definidos en este documento tendr\u00e1n la definici\u00f3n establecida en el Acuerdo correspondiente. Para mayor claridad, todas las referencias a \u201cPropietario de Propiedad de Terceros\u201d son aplicables solo donde se disponga expresamente en el acuerdo ejecutado entre la Empresa y Taboola.<\/p>\n<ol>\n<li><strong>T<u>aboola News<\/u><\/strong>. Taboola se asocia con propiedades digitales y fabricantes de dispositivos m\u00f3viles a nivel mundial para implementar en sus propiedades digitales y dispositivos m\u00f3viles un feed de noticias impulsado por Taboola (el \u201cTaboola News Product\u201d). El Taboola News Product contiene titulares de art\u00edculos, textos breves en combinaci\u00f3n con im\u00e1genes y videos que permiten a los editores de Taboola hacer que su contenido sea accesible y alcanzar una audiencia m\u00e1s amplia (es decir, aumentar el tr\u00e1fico y la exposici\u00f3n a las Propiedades). El contenido se obtiene (manualmente o a trav\u00e9s de automatizaci\u00f3n) de editores que son parte de la red de Taboola y de otros terceros, y puede complementarse con Contenido Patrocinado de Taboola. El Taboola News Product puede estructurarse como un feed desplazable de Content Cards, o como un fondo de pantalla, o cualquier otro formato desarrollado por Taboola, y muestra (a) un titular de art\u00edculo y una imagen que es obtenida por Taboola de un tercero (manualmente o a trav\u00e9s de automatizaci\u00f3n) o que la propia Empresa ha seleccionado para el respectivo titular de art\u00edculo, (b) un video obtenido por Taboola (manualmente o a trav\u00e9s de automatizaci\u00f3n) de los canales de redes sociales de las Propiedades, de la Empresa o del Propietario de Propiedad de Terceros o disponible por la Empresa en la web (por ejemplo, YouTube, Instagram, TikTok), o por un tercero, y\/o (c) Contenido Patrocinado de Taboola. Si el Visitante hace clic en un solo contenido de la Empresa o del Propietario de Propiedad de Terceros, el Visitante es redirigido ya sea (x) directamente a la Propiedad, o (y) a una p\u00e1gina web controlada por Taboola que muestra (i) una vista previa del art\u00edculo, donde se muestran las primeras oraciones del art\u00edculo (nuevamente en combinaci\u00f3n con una imagen) o un resumen del art\u00edculo generado por soluciones automatizadas, o (ii) una unidad de video; y desde donde el Visitante puede en ambos casos hacer clic para acceder a la Propiedad. Taboola se reserva el derecho de realizar cambios razonables en la experiencia del Visitante de Taboola News con fines de optimizaci\u00f3n.<\/li>\n<li><strong><u>Licencia<\/u><\/strong>. Para el prop\u00f3sito descrito en estos T\u00e9rminos y durante la Vigencia del Acuerdo, la Empresa otorga, y ha obtenido del Propietario de Propiedad de Terceros el derecho a otorgar, a Taboola el derecho no exclusivo, mundial (a) a usar cualquier contenido de las Propiedades y (b) la autorizaci\u00f3n para acceder y extraer cualquier contenido de los canales de redes sociales de la Empresa o del Propietario de Propiedad de Terceros (incluidos textos, im\u00e1genes, videos \u2013incluido el componente de audio\u2013), en ambos (a) y (b) para el prop\u00f3sito descrito en este documento, en particular el derecho a rastrear, descargar, almacenar, reproducir, publicar, digitalizar, hacer disponible p\u00fablicamente as\u00ed como el derecho a editar (por ejemplo, reemplazar la imagen seleccionada por la Empresa para un art\u00edculo espec\u00edfico con una imagen de alta resoluci\u00f3n obtenida por Taboola, acortar t\u00edtulos de art\u00edculos y textos de marca cuando no se ajusten adecuadamente en la pantalla m\u00f3vil), siendo este \u00faltimo otorgado solo en la medida en que sea necesario para optimizar la experiencia de Taboola News (como se indica en los ejemplos proporcionados en este documento). La Empresa adem\u00e1s otorga, ha obtenido del Propietario de Propiedad de Terceros el derecho a otorgar, a Taboola el derecho no exclusivo, mundial a usar, y a otorgar a los terceros que han implementado Taboola News en sus propiedades o dispositivos el derecho a usar, los nombres y logotipos de la Empresa, del Propietario de Propiedad de Terceros y de las Propiedades con fines de marketing de Taboola News. La Empresa declara que posee, o ha asegurado del Propietario de Propiedad de Terceros, todos los derechos sobre el Contenido de la Empresa y es capaz de otorgar a Taboola (y a los terceros que han implementado Taboola News en sus propiedades o dispositivos) los derechos para usar el Contenido de la Empresa en Taboola News, y que no se violan derechos de terceros como resultado.<\/li>\n<li><strong><u>No Remuneraci\u00f3n<\/u><\/strong>. La distribuci\u00f3n del Contenido de la Empresa a trav\u00e9s de Taboola News no tiene costo para la Empresa, y no se pagar\u00e1 ninguna tarifa de licencia o remuneraci\u00f3n monetaria espec\u00edfica por parte de Taboola a la Empresa. La empresa reconoce que la oportunidad de generar tr\u00e1fico hacia las Propiedades y promover la conciencia de marca de la empresa (adem\u00e1s de mantener el 100% de los ingresos generados por unidades en las Propiedades que no sean la Plataforma) es una compensaci\u00f3n justa por la inclusi\u00f3n y uso del Contenido de la Empresa en Taboola News. Por lo tanto, la empresa no ser\u00e1 compensada por ning\u00fan ingreso publicitario generado por o vistas de p\u00e1gina de la Plataforma servidas a los Visitantes que accedan a la Propiedad a trav\u00e9s de Taboola News y Taboola mantendr\u00e1 la totalidad de los ingresos brutos derivados de la Plataforma durante cualquier Taboola News Session (es decir, la duraci\u00f3n de una visita a la Propiedad por un Visitante que llega a dicha Propiedad a trav\u00e9s de Taboola News). Ninguna vista de p\u00e1gina de la Plataforma durante una Taboola News Session ser\u00e1 contabilizada como una Vista de P\u00e1gina de Recomendaci\u00f3n.<\/li>\n<\/ol>\n<p>\u00a0<\/p>\n","protected":false},"excerpt":{"rendered":"<p>T\u00c9RMINOS DE TABOOLA NEWS PARA PROPIETARIOS DE PROPIEDADES DIGITALES \u00daltima actualizaci\u00f3n: 18 de agosto de 2025 Estos T\u00e9rminos de Taboola News para editores y propietarios de propiedades digitales (\u201cT\u00e9rminos de Taboola News\u201d) se aplican a los propietarios de propiedades digitales, incluidos editores y otras empresas (&#8220;Empresa&#8221;) que han firmado acuerdos con Taboola para participar en [&hellip;]<\/p>\n","protected":false},"author":3,"featured_media":0,"parent":0,"menu_order":0,"comment_status":"closed","ping_status":"closed","template":"single-legal-page.php","meta":{"_acf_changed":false,"footnotes":""},"class_list":["post-625","page","type-page","status-publish","hentry"],"acf":[],"yoast_head":"<!-- This site is optimized with the Yoast SEO Premium plugin v26.9 (Yoast SEO v27.1.1) - https:\/\/yoast.com\/product\/yoast-seo-premium-wordpress\/ -->\n<title>T\u00e9rminos de Taboola News para Propietarios de Propiedades Digitales - Taboola Policies<\/title>\n<meta name=\"robots\" content=\"index, follow, max-snippet:-1, max-image-preview:large, max-video-preview:-1\" \/>\n<link rel=\"canonical\" href=\"https:\/\/policies.taboola.com\/es\/taboola-news-terms-for-digital-property-owners\/\" \/>\n<meta property=\"og:locale\" content=\"es_ES\" \/>\n<meta property=\"og:type\" content=\"article\" \/>\n<meta property=\"og:title\" content=\"T\u00e9rminos de Taboola News para Propietarios de Propiedades Digitales\" \/>\n<meta property=\"og:description\" content=\"T\u00c9RMINOS DE TABOOLA NEWS PARA PROPIETARIOS DE PROPIEDADES DIGITALES \u00daltima actualizaci\u00f3n: 18 de agosto de 2025 Estos T\u00e9rminos de Taboola News para editores y propietarios de propiedades digitales (\u201cT\u00e9rminos de Taboola News\u201d) se aplican a los propietarios de propiedades digitales, incluidos editores y otras empresas (&#8220;Empresa&#8221;) que han firmado acuerdos con Taboola para participar en [&hellip;]\" \/>\n<meta property=\"og:url\" content=\"https:\/\/policies.taboola.com\/es\/taboola-news-terms-for-digital-property-owners\/\" \/>\n<meta property=\"og:site_name\" content=\"Taboola Policies\" \/>\n<meta property=\"article:modified_time\" content=\"2026-03-10T16:17:35+00:00\" \/>\n<meta name=\"twitter:card\" content=\"summary_large_image\" \/>\n<meta name=\"twitter:label1\" content=\"Est. reading time\" \/>\n\t<meta name=\"twitter:data1\" content=\"5 minutes\" \/>\n<script type=\"application\/ld+json\" class=\"yoast-schema-graph\">{\"@context\":\"https:\/\/schema.org\",\"@graph\":[{\"@type\":\"WebPage\",\"@id\":\"https:\/\/policies.taboola.com\/es\/taboola-news-terms-for-digital-property-owners\/\",\"url\":\"https:\/\/policies.taboola.com\/es\/taboola-news-terms-for-digital-property-owners\/\",\"name\":\"T\u00e9rminos de Taboola News para Propietarios de Propiedades Digitales - Taboola Policies\",\"isPartOf\":{\"@id\":\"https:\/\/policies.taboola.com\/es\/#website\"},\"datePublished\":\"2025-08-21T18:16:21+00:00\",\"dateModified\":\"2026-03-10T16:17:35+00:00\",\"breadcrumb\":{\"@id\":\"https:\/\/policies.taboola.com\/es\/taboola-news-terms-for-digital-property-owners\/#breadcrumb\"},\"inLanguage\":\"es-ES\",\"potentialAction\":[{\"@type\":\"ReadAction\",\"target\":[\"https:\/\/policies.taboola.com\/es\/taboola-news-terms-for-digital-property-owners\/\"]}]},{\"@type\":\"BreadcrumbList\",\"@id\":\"https:\/\/policies.taboola.com\/es\/taboola-news-terms-for-digital-property-owners\/#breadcrumb\",\"itemListElement\":[{\"@type\":\"ListItem\",\"position\":1,\"name\":\"Home\",\"item\":\"https:\/\/policies.taboola.com\/es\/\"},{\"@type\":\"ListItem\",\"position\":2,\"name\":\"T\u00e9rminos de Taboola News para Propietarios de Propiedades Digitales\"}]},{\"@type\":\"WebSite\",\"@id\":\"https:\/\/policies.taboola.com\/es\/#website\",\"url\":\"https:\/\/policies.taboola.com\/es\/\",\"name\":\"Taboola Policies\",\"description\":\"\",\"potentialAction\":[{\"@type\":\"SearchAction\",\"target\":{\"@type\":\"EntryPoint\",\"urlTemplate\":\"https:\/\/policies.taboola.com\/es\/?s={search_term_string}\"},\"query-input\":{\"@type\":\"PropertyValueSpecification\",\"valueRequired\":true,\"valueName\":\"search_term_string\"}}],\"inLanguage\":\"es-ES\"}]}<\/script>\n<!-- \/ Yoast SEO Premium plugin. -->","yoast_head_json":{"title":"T\u00e9rminos de Taboola News para Propietarios de Propiedades Digitales - Taboola Policies","robots":{"index":"index","follow":"follow","max-snippet":"max-snippet:-1","max-image-preview":"max-image-preview:large","max-video-preview":"max-video-preview:-1"},"canonical":"https:\/\/policies.taboola.com\/es\/taboola-news-terms-for-digital-property-owners\/","og_locale":"es_ES","og_type":"article","og_title":"T\u00e9rminos de Taboola News para Propietarios de Propiedades Digitales","og_description":"T\u00c9RMINOS DE TABOOLA NEWS PARA PROPIETARIOS DE PROPIEDADES DIGITALES \u00daltima actualizaci\u00f3n: 18 de agosto de 2025 Estos T\u00e9rminos de Taboola News para editores y propietarios de propiedades digitales (\u201cT\u00e9rminos de Taboola News\u201d) se aplican a los propietarios de propiedades digitales, incluidos editores y otras empresas (&#8220;Empresa&#8221;) que han firmado acuerdos con Taboola para participar en [&hellip;]","og_url":"https:\/\/policies.taboola.com\/es\/taboola-news-terms-for-digital-property-owners\/","og_site_name":"Taboola Policies","article_modified_time":"2026-03-10T16:17:35+00:00","twitter_card":"summary_large_image","twitter_misc":{"Est. reading time":"5 minutes"},"schema":{"@context":"https:\/\/schema.org","@graph":[{"@type":"WebPage","@id":"https:\/\/policies.taboola.com\/es\/taboola-news-terms-for-digital-property-owners\/","url":"https:\/\/policies.taboola.com\/es\/taboola-news-terms-for-digital-property-owners\/","name":"T\u00e9rminos de Taboola News para Propietarios de Propiedades Digitales - Taboola Policies","isPartOf":{"@id":"https:\/\/policies.taboola.com\/es\/#website"},"datePublished":"2025-08-21T18:16:21+00:00","dateModified":"2026-03-10T16:17:35+00:00","breadcrumb":{"@id":"https:\/\/policies.taboola.com\/es\/taboola-news-terms-for-digital-property-owners\/#breadcrumb"},"inLanguage":"es-ES","potentialAction":[{"@type":"ReadAction","target":["https:\/\/policies.taboola.com\/es\/taboola-news-terms-for-digital-property-owners\/"]}]},{"@type":"BreadcrumbList","@id":"https:\/\/policies.taboola.com\/es\/taboola-news-terms-for-digital-property-owners\/#breadcrumb","itemListElement":[{"@type":"ListItem","position":1,"name":"Home","item":"https:\/\/policies.taboola.com\/es\/"},{"@type":"ListItem","position":2,"name":"T\u00e9rminos de Taboola News para Propietarios de Propiedades Digitales"}]},{"@type":"WebSite","@id":"https:\/\/policies.taboola.com\/es\/#website","url":"https:\/\/policies.taboola.com\/es\/","name":"Taboola Policies","description":"","potentialAction":[{"@type":"SearchAction","target":{"@type":"EntryPoint","urlTemplate":"https:\/\/policies.taboola.com\/es\/?s={search_term_string}"},"query-input":{"@type":"PropertyValueSpecification","valueRequired":true,"valueName":"search_term_string"}}],"inLanguage":"es-ES"}]}},"_links":{"self":[{"href":"https:\/\/policies.taboola.com\/es\/wp-json\/wp\/v2\/pages\/625","targetHints":{"allow":["GET"]}}],"collection":[{"href":"https:\/\/policies.taboola.com\/es\/wp-json\/wp\/v2\/pages"}],"about":[{"href":"https:\/\/policies.taboola.com\/es\/wp-json\/wp\/v2\/types\/page"}],"author":[{"embeddable":true,"href":"https:\/\/policies.taboola.com\/es\/wp-json\/wp\/v2\/users\/3"}],"replies":[{"embeddable":true,"href":"https:\/\/policies.taboola.com\/es\/wp-json\/wp\/v2\/comments?post=625"}],"version-history":[{"count":2,"href":"https:\/\/policies.taboola.com\/es\/wp-json\/wp\/v2\/pages\/625\/revisions"}],"predecessor-version":[{"id":5055,"href":"https:\/\/policies.taboola.com\/es\/wp-json\/wp\/v2\/pages\/625\/revisions\/5055"}],"wp:attachment":[{"href":"https:\/\/policies.taboola.com\/es\/wp-json\/wp\/v2\/media?parent=625"}],"curies":[{"name":"wp","href":"https:\/\/api.w.org\/{rel}","templated":true}]}}