{"id":585,"date":"2025-08-21T18:15:42","date_gmt":"2025-08-21T18:15:42","guid":{"rendered":"https:\/\/policies.taboola.com\/encheres-den-tete\/"},"modified":"2026-03-05T10:11:06","modified_gmt":"2026-03-05T10:11:06","slug":"header-bidding","status":"publish","type":"page","link":"https:\/\/policies.taboola.com\/fr\/header-bidding\/","title":{"rendered":"Header Bidding"},"content":{"rendered":"<h1 style=\"text-align: center;\">Header Bidding<\/h1>\n<ol>\n<li><strong>Concession de droits\u00a0:<\/strong> Les parties conviennent et reconnaissent que la soci\u00e9t\u00e9 utilise une solution de Header Bidding (l\u2019\u00ab\u00a0int\u00e9gration d\u2019Header Bidding\u00a0\u00bb) pour g\u00e9rer et mon\u00e9tiser son inventaire de publicit\u00e9 display sur les propri\u00e9t\u00e9s. Pendant la dur\u00e9e, la soci\u00e9t\u00e9 inclura Taboola en tant que soumissionnaire dans l\u2019int\u00e9gration d\u2019Header Bidding de la soci\u00e9t\u00e9 pour les unit\u00e9s de publicit\u00e9 display disponibles pour les ench\u00e8res via l\u2019int\u00e9gration d\u2019Header Bidding de la soci\u00e9t\u00e9 (les \u00ab\u00a0HB Unit\u00a0\u00bb), lesquelles HB Unit excluront sp\u00e9cifiquement tout inventaire de publicit\u00e9 native, telles que les insertions publicitaires o\u00f9 la plateforme de Taboola est mise en \u0153uvre. La soci\u00e9t\u00e9 reconna\u00eet et accepte\u00a0: (i) de conc\u00e9der \u00e0 Taboola le droit de soumissionner via l\u2019adaptateur d\u2019Header Bidding de Taboola (l\u2019\u00ab\u00a0adaptateur d\u2019Header Bidding\u00a0\u00bb) sur toutes les HB Unit\u00a0; (ii) d\u2019ajouter l\u2019adaptateur d\u2019Header Bidding \u00e0 toute partie de l\u2019int\u00e9gration d\u2019Header Bidding de la soci\u00e9t\u00e9 pour laquelle Taboola dispose des capacit\u00e9s techniques pour participer\u00a0; (iii) de s\u2019assurer que le Local Storage est activ\u00e9 pour son int\u00e9gration d\u2019Header Bidding\u00a0; et (iv) de s\u2019assurer que toute publicit\u00e9 display diffus\u00e9e par Taboola dans l\u2019HB Unit est visible (conform\u00e9ment aux directives des impressions visibles de la MRC) et ne se met pas \u00e0 jour \u00e0 des intervalles inf\u00e9rieurs \u00e0 30 secondes.<\/li>\n<li><strong>Frais d\u2019Header Bidding\u00a0:<\/strong> En plus de la compensation pr\u00e9vue \u00e0 la section IV ci-dessus, pour chaque mois de la dur\u00e9e, la soci\u00e9t\u00e9 recevra les frais d\u2019Header Bidding (tel que d\u00e9fini ci-dessous) pour toutes les HB Unit mon\u00e9tis\u00e9es via l\u2019adaptateur d\u2019Header Bidding. Aux fins du pr\u00e9sent accord, les \u00ab\u00a0frais d\u2019Header Bidding\u00a0\u00bb d\u00e9signent les revenus per\u00e7us par la soci\u00e9t\u00e9 pour la somme des offres gagnantes globales (telles que d\u00e9finies ci-dessous) pour toutes les HB Unit achet\u00e9es par Taboola, moins les d\u00e9ductions pour les impressions frauduleuses (telles que d\u00e9finies ci-dessous). Les mesures de Taboola concernant les impressions sont les mesures d\u00e9finitives pr\u00e9vues dans le cadre du pr\u00e9sent accord et utilis\u00e9es pour calculer les frais de Header Bidding.<\/li>\n<li><strong>D\u00e9finitions :<\/strong> Annonces : d\u00e9signe les publicit\u00e9s graphiques, interactives, mobiles, vid\u00e9o, multim\u00e9dias, \u0153uvres d&#8217;art, textes, URL actives ou publicit\u00e9s textuelles, ainsi que les balises correspondantes, y compris les banni\u00e8res publicitaires, les boutons, les tours et\/ou les gratte-ciels, ainsi que les \u00e9l\u00e9ments non graphiques tels que les Tracking Pixels et les pixels tiers. Ench\u00e8re : une offre faite par Taboola pour une HB Unit particuli\u00e8re. Ench\u00e8re gagnante : une Ench\u00e8re qui est s\u00e9lectionn\u00e9e par l&#8217;int\u00e9gration Header Bidding comme \u00e9tant l&#8217;Ench\u00e8re la mieux class\u00e9e (mesur\u00e9e en co\u00fbt pour mille impressions) pour une HB Unit particuli\u00e8re. Impressions frauduleuses : impressions qui ont \u00e9t\u00e9 diffus\u00e9es pour une propri\u00e9t\u00e9 par des m\u00e9thodes ou des moyens qui gonflent artificiellement ou frauduleusement le volume des impressions, y compris le redirigeant automatique des utilisateurs, l&#8217;utilisation de bots et de crawlers, la manipulation des annonces ou toute autre technique de g\u00e9n\u00e9ration d&#8217;impressions automatiques ou frauduleuses (selon ce que Taboola d\u00e9termine, agissant de mani\u00e8re raisonnable ou sur la base des pratiques du secteur).<\/li>\n<\/ol>\n","protected":false},"excerpt":{"rendered":"<p>Header Bidding Concession de droits\u00a0: Les parties conviennent et reconnaissent que la soci\u00e9t\u00e9 utilise une solution de Header Bidding (l\u2019\u00ab\u00a0int\u00e9gration d\u2019Header Bidding\u00a0\u00bb) pour g\u00e9rer et mon\u00e9tiser son inventaire de publicit\u00e9 display sur les propri\u00e9t\u00e9s. Pendant la dur\u00e9e, la soci\u00e9t\u00e9 inclura Taboola en tant que soumissionnaire dans l\u2019int\u00e9gration d\u2019Header Bidding de la soci\u00e9t\u00e9 pour les unit\u00e9s [&hellip;]<\/p>\n","protected":false},"author":3,"featured_media":0,"parent":0,"menu_order":0,"comment_status":"closed","ping_status":"closed","template":"single-legal-page.php","meta":{"_acf_changed":false,"footnotes":""},"class_list":["post-585","page","type-page","status-publish","hentry"],"acf":[],"yoast_head":"<!-- This site is optimized with the Yoast SEO Premium plugin v26.9 (Yoast SEO v27.1.1) - https:\/\/yoast.com\/product\/yoast-seo-premium-wordpress\/ -->\n<title>Header Bidding - Taboola Policies<\/title>\n<meta name=\"robots\" content=\"index, follow, max-snippet:-1, max-image-preview:large, max-video-preview:-1\" \/>\n<link rel=\"canonical\" href=\"https:\/\/policies.taboola.com\/fr\/header-bidding\/\" \/>\n<meta property=\"og:locale\" content=\"fr_FR\" \/>\n<meta property=\"og:type\" content=\"article\" \/>\n<meta property=\"og:title\" content=\"Header Bidding\" \/>\n<meta property=\"og:description\" content=\"Header Bidding Concession de droits\u00a0: Les parties conviennent et reconnaissent que la soci\u00e9t\u00e9 utilise une solution de Header Bidding (l\u2019\u00ab\u00a0int\u00e9gration d\u2019Header Bidding\u00a0\u00bb) pour g\u00e9rer et mon\u00e9tiser son inventaire de publicit\u00e9 display sur les propri\u00e9t\u00e9s. Pendant la dur\u00e9e, la soci\u00e9t\u00e9 inclura Taboola en tant que soumissionnaire dans l\u2019int\u00e9gration d\u2019Header Bidding de la soci\u00e9t\u00e9 pour les unit\u00e9s [&hellip;]\" \/>\n<meta property=\"og:url\" content=\"https:\/\/policies.taboola.com\/fr\/header-bidding\/\" \/>\n<meta property=\"og:site_name\" content=\"Taboola Policies\" \/>\n<meta property=\"article:modified_time\" content=\"2026-03-05T10:11:06+00:00\" \/>\n<meta name=\"twitter:card\" content=\"summary_large_image\" \/>\n<meta name=\"twitter:label1\" content=\"Est. reading time\" \/>\n\t<meta name=\"twitter:data1\" content=\"3 minutes\" \/>\n<script type=\"application\/ld+json\" class=\"yoast-schema-graph\">{\"@context\":\"https:\/\/schema.org\",\"@graph\":[{\"@type\":\"WebPage\",\"@id\":\"https:\/\/policies.taboola.com\/fr\/header-bidding\/\",\"url\":\"https:\/\/policies.taboola.com\/fr\/header-bidding\/\",\"name\":\"Header Bidding - Taboola Policies\",\"isPartOf\":{\"@id\":\"https:\/\/policies.taboola.com\/fr\/#website\"},\"datePublished\":\"2025-08-21T18:15:42+00:00\",\"dateModified\":\"2026-03-05T10:11:06+00:00\",\"breadcrumb\":{\"@id\":\"https:\/\/policies.taboola.com\/fr\/header-bidding\/#breadcrumb\"},\"inLanguage\":\"fr-FR\",\"potentialAction\":[{\"@type\":\"ReadAction\",\"target\":[\"https:\/\/policies.taboola.com\/fr\/header-bidding\/\"]}]},{\"@type\":\"BreadcrumbList\",\"@id\":\"https:\/\/policies.taboola.com\/fr\/header-bidding\/#breadcrumb\",\"itemListElement\":[{\"@type\":\"ListItem\",\"position\":1,\"name\":\"Home\",\"item\":\"https:\/\/policies.taboola.com\/fr\/\"},{\"@type\":\"ListItem\",\"position\":2,\"name\":\"Header Bidding\"}]},{\"@type\":\"WebSite\",\"@id\":\"https:\/\/policies.taboola.com\/fr\/#website\",\"url\":\"https:\/\/policies.taboola.com\/fr\/\",\"name\":\"Taboola Policies\",\"description\":\"\",\"potentialAction\":[{\"@type\":\"SearchAction\",\"target\":{\"@type\":\"EntryPoint\",\"urlTemplate\":\"https:\/\/policies.taboola.com\/fr\/?s={search_term_string}\"},\"query-input\":{\"@type\":\"PropertyValueSpecification\",\"valueRequired\":true,\"valueName\":\"search_term_string\"}}],\"inLanguage\":\"fr-FR\"}]}<\/script>\n<!-- \/ Yoast SEO Premium plugin. -->","yoast_head_json":{"title":"Header Bidding - Taboola Policies","robots":{"index":"index","follow":"follow","max-snippet":"max-snippet:-1","max-image-preview":"max-image-preview:large","max-video-preview":"max-video-preview:-1"},"canonical":"https:\/\/policies.taboola.com\/fr\/header-bidding\/","og_locale":"fr_FR","og_type":"article","og_title":"Header Bidding","og_description":"Header Bidding Concession de droits\u00a0: Les parties conviennent et reconnaissent que la soci\u00e9t\u00e9 utilise une solution de Header Bidding (l\u2019\u00ab\u00a0int\u00e9gration d\u2019Header Bidding\u00a0\u00bb) pour g\u00e9rer et mon\u00e9tiser son inventaire de publicit\u00e9 display sur les propri\u00e9t\u00e9s. Pendant la dur\u00e9e, la soci\u00e9t\u00e9 inclura Taboola en tant que soumissionnaire dans l\u2019int\u00e9gration d\u2019Header Bidding de la soci\u00e9t\u00e9 pour les unit\u00e9s [&hellip;]","og_url":"https:\/\/policies.taboola.com\/fr\/header-bidding\/","og_site_name":"Taboola Policies","article_modified_time":"2026-03-05T10:11:06+00:00","twitter_card":"summary_large_image","twitter_misc":{"Est. reading time":"3 minutes"},"schema":{"@context":"https:\/\/schema.org","@graph":[{"@type":"WebPage","@id":"https:\/\/policies.taboola.com\/fr\/header-bidding\/","url":"https:\/\/policies.taboola.com\/fr\/header-bidding\/","name":"Header Bidding - Taboola Policies","isPartOf":{"@id":"https:\/\/policies.taboola.com\/fr\/#website"},"datePublished":"2025-08-21T18:15:42+00:00","dateModified":"2026-03-05T10:11:06+00:00","breadcrumb":{"@id":"https:\/\/policies.taboola.com\/fr\/header-bidding\/#breadcrumb"},"inLanguage":"fr-FR","potentialAction":[{"@type":"ReadAction","target":["https:\/\/policies.taboola.com\/fr\/header-bidding\/"]}]},{"@type":"BreadcrumbList","@id":"https:\/\/policies.taboola.com\/fr\/header-bidding\/#breadcrumb","itemListElement":[{"@type":"ListItem","position":1,"name":"Home","item":"https:\/\/policies.taboola.com\/fr\/"},{"@type":"ListItem","position":2,"name":"Header Bidding"}]},{"@type":"WebSite","@id":"https:\/\/policies.taboola.com\/fr\/#website","url":"https:\/\/policies.taboola.com\/fr\/","name":"Taboola Policies","description":"","potentialAction":[{"@type":"SearchAction","target":{"@type":"EntryPoint","urlTemplate":"https:\/\/policies.taboola.com\/fr\/?s={search_term_string}"},"query-input":{"@type":"PropertyValueSpecification","valueRequired":true,"valueName":"search_term_string"}}],"inLanguage":"fr-FR"}]}},"_links":{"self":[{"href":"https:\/\/policies.taboola.com\/fr\/wp-json\/wp\/v2\/pages\/585","targetHints":{"allow":["GET"]}}],"collection":[{"href":"https:\/\/policies.taboola.com\/fr\/wp-json\/wp\/v2\/pages"}],"about":[{"href":"https:\/\/policies.taboola.com\/fr\/wp-json\/wp\/v2\/types\/page"}],"author":[{"embeddable":true,"href":"https:\/\/policies.taboola.com\/fr\/wp-json\/wp\/v2\/users\/3"}],"replies":[{"embeddable":true,"href":"https:\/\/policies.taboola.com\/fr\/wp-json\/wp\/v2\/comments?post=585"}],"version-history":[{"count":2,"href":"https:\/\/policies.taboola.com\/fr\/wp-json\/wp\/v2\/pages\/585\/revisions"}],"predecessor-version":[{"id":4981,"href":"https:\/\/policies.taboola.com\/fr\/wp-json\/wp\/v2\/pages\/585\/revisions\/4981"}],"wp:attachment":[{"href":"https:\/\/policies.taboola.com\/fr\/wp-json\/wp\/v2\/media?parent=585"}],"curies":[{"name":"wp","href":"https:\/\/api.w.org\/{rel}","templated":true}]}}