{"id":619,"date":"2025-08-21T18:16:21","date_gmt":"2025-08-21T18:16:21","guid":{"rendered":"https:\/\/policies.taboola.com\/termes-de-taboola-news-pour-les-proprietaires-de-biens-numeriques\/"},"modified":"2026-03-10T11:22:46","modified_gmt":"2026-03-10T11:22:46","slug":"taboola-news-terms-for-digital-property-owners","status":"publish","type":"page","link":"https:\/\/policies.taboola.com\/fr\/taboola-news-terms-for-digital-property-owners\/","title":{"rendered":"Conditions d&#8217;utilisation de Taboola News pour les propri\u00e9taires de biens num\u00e9riques"},"content":{"rendered":"<h1 style=\"text-align: center;\"><strong>TABOOLA NEWS CONDITIONS D&#8217;UTILISATION POUR LES PROPRI\u00c9TAIRES DE BIENS NUM\u00c9RIQUES<\/strong><\/h1>\n<p>Derni\u00e8re mise \u00e0 jour : 18 ao\u00fbt 2025<\/p>\n<p>Ces conditions d&#8217;utilisation de Taboola News pour les \u00e9diteurs et les propri\u00e9taires de biens num\u00e9riques (\u00ab Conditions de Taboola News \u00bb) s&#8217;appliquent aux propri\u00e9taires de biens num\u00e9riques, y compris les \u00e9diteurs et d&#8217;autres entreprises (&#8220;Soci\u00e9t\u00e9&#8221;) qui ont sign\u00e9 des accords avec Taboola pour participer au programme Taboola News (\u00ab Accord \u00bb), et ces conditions de Taboola News seront consid\u00e9r\u00e9es comme int\u00e9gr\u00e9es et faisant partie int\u00e9grante de tout accord de ce type. Les termes non d\u00e9finis ici auront la d\u00e9finition \u00e9nonc\u00e9e dans l&#8217;accord pertinent. Pour plus de clart\u00e9, toutes les r\u00e9f\u00e9rences \u00e0 \u00ab Propri\u00e9taire de biens tiers \u00bb ne s&#8217;appliquent que l\u00e0 o\u00f9 cela est express\u00e9ment pr\u00e9vu dans l&#8217;accord ex\u00e9cut\u00e9 entre la Soci\u00e9t\u00e9 et Taboola.<\/p>\n<ol>\n<li><strong>T<u>aboola News<\/u><\/strong>. Taboola s&#8217;associe \u00e0 des biens num\u00e9riques et \u00e0 des fabricants de dispositifs mobiles dans le monde entier pour mettre en \u0153uvre sur leurs biens num\u00e9riques et dispositifs mobiles un fil d&#8217;actualit\u00e9s aliment\u00e9 par Taboola (le \u00ab Taboola News Product \u00bb). Le Taboola News Product contient des titres d&#8217;articles, des textes courts en combinaison avec des images, et des vid\u00e9os qui permettent aux \u00e9diteurs de Taboola de rendre leur contenu accessible et d&#8217;atteindre un public plus large (c&#8217;est-\u00e0-dire d&#8217;augmenter le trafic et l&#8217;exposition des Propri\u00e9t\u00e9s). Le contenu est obtenu (manuellement ou par automatisation) aupr\u00e8s d&#8217;\u00e9diteurs qui font partie du r\u00e9seau Taboola et d&#8217;autres tiers, et peut \u00eatre compl\u00e9t\u00e9 par du contenu sponsoris\u00e9 par Taboola. Le Taboola News Product peut \u00eatre structur\u00e9 comme un fil d\u00e9filant de Content Cards, ou comme un fond d&#8217;\u00e9cran, ou tout autre format d\u00e9velopp\u00e9 par Taboola, et affiche (a) un titre d&#8217;article et une image qui est obtenue par Taboola aupr\u00e8s d&#8217;un tiers (manuellement ou par automatisation) ou que la Soci\u00e9t\u00e9 elle-m\u00eame a s\u00e9lectionn\u00e9e pour le titre d&#8217;article respectif, (b) une vid\u00e9o obtenue par Taboola (manuellement ou par automatisation) \u00e0 partir des canaux de m\u00e9dias sociaux des Propri\u00e9t\u00e9s, de la Soci\u00e9t\u00e9 ou du Propri\u00e9taire de biens tiers ou mise \u00e0 disposition par la Soci\u00e9t\u00e9 sur le web (par exemple, YouTube, Instagram, TikTok), ou par un tiers, et\/ou (c) du contenu sponsoris\u00e9 par Taboola. Si le Visiteur clique sur un contenu provenant de la Soci\u00e9t\u00e9 ou du Propri\u00e9taire de biens tiers, le Visiteur est soit (x) redirig\u00e9 directement vers la Propri\u00e9t\u00e9, soit (y) redirig\u00e9 vers une page web contr\u00f4l\u00e9e par Taboola affichant (i) un aper\u00e7u de l&#8217;article, o\u00f9 les premi\u00e8res phrases de l&#8217;article sont affich\u00e9es (\u00e0 nouveau en combinaison avec une image) ou un r\u00e9sum\u00e9 de l&#8217;article g\u00e9n\u00e9r\u00e9 par des solutions automatis\u00e9es est affich\u00e9, ou (ii) une unit\u00e9 vid\u00e9o ; et d&#8217;o\u00f9 le Visiteur peut dans les deux cas cliquer pour acc\u00e9der \u00e0 la Propri\u00e9t\u00e9. Taboola se r\u00e9serve le droit d&#8217;apporter des modifications raisonnables \u00e0 l&#8217;exp\u00e9rience des Visiteurs de Taboola News \u00e0 des fins d&#8217;optimisation.<\/li>\n<li><strong><u>Licence<\/u><\/strong>. Pour le but d\u00e9crit dans ces Conditions et pour la Dur\u00e9e de l&#8217;Accord, la Soci\u00e9t\u00e9 accorde, et a obtenu du Propri\u00e9taire de biens tiers le droit d&#8217;accorder, \u00e0 Taboola le droit non exclusif, mondial (a) d&#8217;utiliser tout contenu des Propri\u00e9t\u00e9s et (b) l&#8217;autorisation d&#8217;acc\u00e9der et d&#8217;extraire tout contenu des canaux de m\u00e9dias sociaux de la Soci\u00e9t\u00e9 ou du Propri\u00e9taire de biens tiers (y compris textes, images, vid\u00e9os \u2013 y compris composant audio), dans (a) et (b) pour le but d\u00e9crit ci-dessous, en particulier le droit de parcourir, t\u00e9l\u00e9charger, stocker, reproduire, publier, num\u00e9riser, rendre publiquement disponible ainsi que le droit d&#8217;\u00e9diter (par exemple, remplacer l&#8217;image s\u00e9lectionn\u00e9e par la Soci\u00e9t\u00e9 pour un article sp\u00e9cifique par une image haute r\u00e9solution obtenue par Taboola, raccourcir les titres d&#8217;articles et les textes de marque lorsqu&#8217;ils ne s&#8217;adaptent pas correctement \u00e0 l&#8217;\u00e9cran mobile), \u00e9tant entendu que ce dernier n&#8217;est accord\u00e9 que dans la mesure o\u00f9 cela est n\u00e9cessaire pour optimiser l&#8217;exp\u00e9rience Taboola News (comme indiqu\u00e9 dans les exemples fournis ci-dessous). La Soci\u00e9t\u00e9 accorde en outre, a obtenu du Propri\u00e9taire de biens tiers le droit d&#8217;accorder, \u00e0 Taboola le droit non exclusif, mondial d&#8217;utiliser, et d&#8217;accorder aux tiers qui ont mis en \u0153uvre Taboola News sur leurs propri\u00e9t\u00e9s ou dispositifs le droit d&#8217;utiliser, les noms et logos de la Soci\u00e9t\u00e9, du Propri\u00e9taire de biens tiers et des Propri\u00e9t\u00e9s \u00e0 des fins de marketing de Taboola News. La Soci\u00e9t\u00e9 d\u00e9clare qu&#8217;elle d\u00e9tient, ou a obtenu du Propri\u00e9taire de biens tiers, tous les droits sur le Contenu de la Soci\u00e9t\u00e9 et est en mesure d&#8217;accorder \u00e0 Taboola (et aux tiers qui ont mis en \u0153uvre Taboola News sur leurs propri\u00e9t\u00e9s ou dispositifs) les droits d&#8217;utiliser le Contenu de la Soci\u00e9t\u00e9 dans Taboola News, et aucun droit de tiers n&#8217;est viol\u00e9 en cons\u00e9quence.<\/li>\n<li><strong><u>Aucune R\u00e9mun\u00e9ration<\/u><\/strong>. La distribution par Taboola du Contenu de la Soci\u00e9t\u00e9 via Taboola News est sans frais pour la Soci\u00e9t\u00e9, et aucun droit de licence ou r\u00e9mun\u00e9ration mon\u00e9taire sp\u00e9cifique ne doit \u00eatre pay\u00e9 par Taboola \u00e0 la Soci\u00e9t\u00e9. La soci\u00e9t\u00e9 reconna\u00eet que l&#8217;opportunit\u00e9 de g\u00e9n\u00e9rer du trafic vers les Propri\u00e9t\u00e9s et de promouvoir la notori\u00e9t\u00e9 de la marque de la soci\u00e9t\u00e9 (en plus de conserver 100 % des revenus g\u00e9n\u00e9r\u00e9s par les unit\u00e9s sur les Propri\u00e9t\u00e9s autres que la Plateforme) constitue une compensation \u00e9quitable pour l&#8217;inclusion et l&#8217;utilisation du Contenu de la soci\u00e9t\u00e9 dans Taboola News. Ainsi, la soci\u00e9t\u00e9 ne sera pas r\u00e9mun\u00e9r\u00e9e pour les revenus publicitaires g\u00e9n\u00e9r\u00e9s par ou les pages vues de la Plateforme servies aux Visiteurs acc\u00e9dant \u00e0 la Propri\u00e9t\u00e9 via Taboola News et Taboola conservera l&#8217;int\u00e9gralit\u00e9 des revenus bruts d\u00e9riv\u00e9s de la Plateforme pendant toute Taboola News Session (c&#8217;est-\u00e0-dire la dur\u00e9e d&#8217;une visite \u00e0 la Propri\u00e9t\u00e9 par un Visiteur qui arrive \u00e0 cette Propri\u00e9t\u00e9 via Taboola News). Aucune page vue de la Plateforme pendant une Taboola News Session ne sera comptabilis\u00e9e comme une Page vue de Recommandation.<\/li>\n<\/ol>\n<p>\u00a0<\/p>\n","protected":false},"excerpt":{"rendered":"<p>TABOOLA NEWS CONDITIONS D&#8217;UTILISATION POUR LES PROPRI\u00c9TAIRES DE BIENS NUM\u00c9RIQUES Derni\u00e8re mise \u00e0 jour : 18 ao\u00fbt 2025 Ces conditions d&#8217;utilisation de Taboola News pour les \u00e9diteurs et les propri\u00e9taires de biens num\u00e9riques (\u00ab Conditions de Taboola News \u00bb) s&#8217;appliquent aux propri\u00e9taires de biens num\u00e9riques, y compris les \u00e9diteurs et d&#8217;autres entreprises (&#8220;Soci\u00e9t\u00e9&#8221;) qui ont [&hellip;]<\/p>\n","protected":false},"author":3,"featured_media":0,"parent":0,"menu_order":0,"comment_status":"closed","ping_status":"closed","template":"single-legal-page.php","meta":{"_acf_changed":false,"footnotes":""},"class_list":["post-619","page","type-page","status-publish","hentry"],"acf":[],"yoast_head":"<!-- This site is optimized with the Yoast SEO Premium plugin v26.9 (Yoast SEO v27.1.1) - https:\/\/yoast.com\/product\/yoast-seo-premium-wordpress\/ -->\n<title>Conditions d&#039;utilisation de Taboola News pour les propri\u00e9taires de biens num\u00e9riques - Taboola Policies<\/title>\n<meta name=\"robots\" content=\"index, follow, max-snippet:-1, max-image-preview:large, max-video-preview:-1\" \/>\n<link rel=\"canonical\" href=\"https:\/\/policies.taboola.com\/fr\/taboola-news-terms-for-digital-property-owners\/\" \/>\n<meta property=\"og:locale\" content=\"fr_FR\" \/>\n<meta property=\"og:type\" content=\"article\" \/>\n<meta property=\"og:title\" content=\"Conditions d&#039;utilisation de Taboola News pour les propri\u00e9taires de biens num\u00e9riques\" \/>\n<meta property=\"og:description\" content=\"TABOOLA NEWS CONDITIONS D&#8217;UTILISATION POUR LES PROPRI\u00c9TAIRES DE BIENS NUM\u00c9RIQUES Derni\u00e8re mise \u00e0 jour : 18 ao\u00fbt 2025 Ces conditions d&#8217;utilisation de Taboola News pour les \u00e9diteurs et les propri\u00e9taires de biens num\u00e9riques (\u00ab Conditions de Taboola News \u00bb) s&#8217;appliquent aux propri\u00e9taires de biens num\u00e9riques, y compris les \u00e9diteurs et d&#8217;autres entreprises (&#8220;Soci\u00e9t\u00e9&#8221;) qui ont [&hellip;]\" \/>\n<meta property=\"og:url\" content=\"https:\/\/policies.taboola.com\/fr\/taboola-news-terms-for-digital-property-owners\/\" \/>\n<meta property=\"og:site_name\" content=\"Taboola Policies\" \/>\n<meta property=\"article:modified_time\" content=\"2026-03-10T11:22:46+00:00\" \/>\n<meta name=\"twitter:card\" content=\"summary_large_image\" \/>\n<meta name=\"twitter:label1\" content=\"Est. reading time\" \/>\n\t<meta name=\"twitter:data1\" content=\"5 minutes\" \/>\n<script type=\"application\/ld+json\" class=\"yoast-schema-graph\">{\"@context\":\"https:\/\/schema.org\",\"@graph\":[{\"@type\":\"WebPage\",\"@id\":\"https:\/\/policies.taboola.com\/fr\/taboola-news-terms-for-digital-property-owners\/\",\"url\":\"https:\/\/policies.taboola.com\/fr\/taboola-news-terms-for-digital-property-owners\/\",\"name\":\"Conditions d'utilisation de Taboola News pour les propri\u00e9taires de biens num\u00e9riques - Taboola Policies\",\"isPartOf\":{\"@id\":\"https:\/\/policies.taboola.com\/fr\/#website\"},\"datePublished\":\"2025-08-21T18:16:21+00:00\",\"dateModified\":\"2026-03-10T11:22:46+00:00\",\"breadcrumb\":{\"@id\":\"https:\/\/policies.taboola.com\/fr\/taboola-news-terms-for-digital-property-owners\/#breadcrumb\"},\"inLanguage\":\"fr-FR\",\"potentialAction\":[{\"@type\":\"ReadAction\",\"target\":[\"https:\/\/policies.taboola.com\/fr\/taboola-news-terms-for-digital-property-owners\/\"]}]},{\"@type\":\"BreadcrumbList\",\"@id\":\"https:\/\/policies.taboola.com\/fr\/taboola-news-terms-for-digital-property-owners\/#breadcrumb\",\"itemListElement\":[{\"@type\":\"ListItem\",\"position\":1,\"name\":\"Home\",\"item\":\"https:\/\/policies.taboola.com\/fr\/\"},{\"@type\":\"ListItem\",\"position\":2,\"name\":\"Conditions d&#8217;utilisation de Taboola News pour les propri\u00e9taires de biens num\u00e9riques\"}]},{\"@type\":\"WebSite\",\"@id\":\"https:\/\/policies.taboola.com\/fr\/#website\",\"url\":\"https:\/\/policies.taboola.com\/fr\/\",\"name\":\"Taboola Policies\",\"description\":\"\",\"potentialAction\":[{\"@type\":\"SearchAction\",\"target\":{\"@type\":\"EntryPoint\",\"urlTemplate\":\"https:\/\/policies.taboola.com\/fr\/?s={search_term_string}\"},\"query-input\":{\"@type\":\"PropertyValueSpecification\",\"valueRequired\":true,\"valueName\":\"search_term_string\"}}],\"inLanguage\":\"fr-FR\"}]}<\/script>\n<!-- \/ Yoast SEO Premium plugin. -->","yoast_head_json":{"title":"Conditions d'utilisation de Taboola News pour les propri\u00e9taires de biens num\u00e9riques - Taboola Policies","robots":{"index":"index","follow":"follow","max-snippet":"max-snippet:-1","max-image-preview":"max-image-preview:large","max-video-preview":"max-video-preview:-1"},"canonical":"https:\/\/policies.taboola.com\/fr\/taboola-news-terms-for-digital-property-owners\/","og_locale":"fr_FR","og_type":"article","og_title":"Conditions d'utilisation de Taboola News pour les propri\u00e9taires de biens num\u00e9riques","og_description":"TABOOLA NEWS CONDITIONS D&#8217;UTILISATION POUR LES PROPRI\u00c9TAIRES DE BIENS NUM\u00c9RIQUES Derni\u00e8re mise \u00e0 jour : 18 ao\u00fbt 2025 Ces conditions d&#8217;utilisation de Taboola News pour les \u00e9diteurs et les propri\u00e9taires de biens num\u00e9riques (\u00ab Conditions de Taboola News \u00bb) s&#8217;appliquent aux propri\u00e9taires de biens num\u00e9riques, y compris les \u00e9diteurs et d&#8217;autres entreprises (&#8220;Soci\u00e9t\u00e9&#8221;) qui ont [&hellip;]","og_url":"https:\/\/policies.taboola.com\/fr\/taboola-news-terms-for-digital-property-owners\/","og_site_name":"Taboola Policies","article_modified_time":"2026-03-10T11:22:46+00:00","twitter_card":"summary_large_image","twitter_misc":{"Est. reading time":"5 minutes"},"schema":{"@context":"https:\/\/schema.org","@graph":[{"@type":"WebPage","@id":"https:\/\/policies.taboola.com\/fr\/taboola-news-terms-for-digital-property-owners\/","url":"https:\/\/policies.taboola.com\/fr\/taboola-news-terms-for-digital-property-owners\/","name":"Conditions d'utilisation de Taboola News pour les propri\u00e9taires de biens num\u00e9riques - Taboola Policies","isPartOf":{"@id":"https:\/\/policies.taboola.com\/fr\/#website"},"datePublished":"2025-08-21T18:16:21+00:00","dateModified":"2026-03-10T11:22:46+00:00","breadcrumb":{"@id":"https:\/\/policies.taboola.com\/fr\/taboola-news-terms-for-digital-property-owners\/#breadcrumb"},"inLanguage":"fr-FR","potentialAction":[{"@type":"ReadAction","target":["https:\/\/policies.taboola.com\/fr\/taboola-news-terms-for-digital-property-owners\/"]}]},{"@type":"BreadcrumbList","@id":"https:\/\/policies.taboola.com\/fr\/taboola-news-terms-for-digital-property-owners\/#breadcrumb","itemListElement":[{"@type":"ListItem","position":1,"name":"Home","item":"https:\/\/policies.taboola.com\/fr\/"},{"@type":"ListItem","position":2,"name":"Conditions d&#8217;utilisation de Taboola News pour les propri\u00e9taires de biens num\u00e9riques"}]},{"@type":"WebSite","@id":"https:\/\/policies.taboola.com\/fr\/#website","url":"https:\/\/policies.taboola.com\/fr\/","name":"Taboola Policies","description":"","potentialAction":[{"@type":"SearchAction","target":{"@type":"EntryPoint","urlTemplate":"https:\/\/policies.taboola.com\/fr\/?s={search_term_string}"},"query-input":{"@type":"PropertyValueSpecification","valueRequired":true,"valueName":"search_term_string"}}],"inLanguage":"fr-FR"}]}},"_links":{"self":[{"href":"https:\/\/policies.taboola.com\/fr\/wp-json\/wp\/v2\/pages\/619","targetHints":{"allow":["GET"]}}],"collection":[{"href":"https:\/\/policies.taboola.com\/fr\/wp-json\/wp\/v2\/pages"}],"about":[{"href":"https:\/\/policies.taboola.com\/fr\/wp-json\/wp\/v2\/types\/page"}],"author":[{"embeddable":true,"href":"https:\/\/policies.taboola.com\/fr\/wp-json\/wp\/v2\/users\/3"}],"replies":[{"embeddable":true,"href":"https:\/\/policies.taboola.com\/fr\/wp-json\/wp\/v2\/comments?post=619"}],"version-history":[{"count":2,"href":"https:\/\/policies.taboola.com\/fr\/wp-json\/wp\/v2\/pages\/619\/revisions"}],"predecessor-version":[{"id":5052,"href":"https:\/\/policies.taboola.com\/fr\/wp-json\/wp\/v2\/pages\/619\/revisions\/5052"}],"wp:attachment":[{"href":"https:\/\/policies.taboola.com\/fr\/wp-json\/wp\/v2\/media?parent=619"}],"curies":[{"name":"wp","href":"https:\/\/api.w.org\/{rel}","templated":true}]}}