{"id":5211,"date":"2025-08-21T18:16:21","date_gmt":"2025-08-21T18:16:21","guid":{"rendered":"https:\/\/policies.taboola.com\/a-taboola-news-feltetelei-a-digitalis-tulajdonnal-rendelkezok-szamara\/"},"modified":"2026-03-13T14:25:08","modified_gmt":"2026-03-13T14:25:08","slug":"taboola-news-terms-for-digital-property-owners","status":"publish","type":"page","link":"https:\/\/policies.taboola.com\/hu\/taboola-news-terms-for-digital-property-owners\/","title":{"rendered":"A Taboola News felt\u00e9telei a digit\u00e1lis tulajdonnal rendelkez\u0151k sz\u00e1m\u00e1ra"},"content":{"rendered":"<h1 style=\"text-align: center;\"><strong>TABOOLA NEWS FELT\u00c9TELEK DIGIT\u00c1LIS TULAJDONOSOK SZ\u00c1M\u00c1RA<\/strong><\/h1>\n<p>Utols\u00f3 friss\u00edt\u00e9s: 2025. augusztus 18.<\/p>\n<p>Ezek a Taboola News felt\u00e9telek a kiad\u00f3k \u00e9s a digit\u00e1lis tulajdonnal rendelkez\u0151k (\u201eTaboola News felt\u00e9telek\u201d) vonatkoznak a digit\u00e1lis tulajdonnal rendelkez\u0151kre, bele\u00e9rtve a kiad\u00f3kat \u00e9s m\u00e1s v\u00e1llalatokat (\u201eV\u00e1llalat\u201d), amelyek meg\u00e1llapod\u00e1st \u00edrtak al\u00e1 a Taboola-val a Taboola News programban val\u00f3 r\u00e9szv\u00e9telre (\u201eMeg\u00e1llapod\u00e1s\u201d), \u00e9s ezek a Taboola News felt\u00e9telek az ilyen meg\u00e1llapod\u00e1sok szerves r\u00e9sz\u00e9t k\u00e9pezik. Az itt meg nem hat\u00e1ro\u00adzott fogalmak meghat\u00e1roz\u00e1s\u00e1t a vonatkoz\u00f3 meg\u00e1llapod\u00e1sban kell megadni. Az egy\u00e9rtelm\u0171s\u00e9g \u00e9rdek\u00e9ben, a \u201eHarmadik f\u00e9l tulajdonosa\u201d kifejez\u00e9sre t\u00f6rt\u00e9n\u0151 minden hivatkoz\u00e1s csak akkor alkalmazhat\u00f3, ha azt a V\u00e1llalat \u00e9s a Taboola k\u00f6z\u00f6tt l\u00e9trej\u00f6tt meg\u00e1llapod\u00e1sban kifejezetten el\u0151\u00edrt\u00e1k.<\/p>\n<ol>\n<li><strong>T<u>Taboola News<\/u><\/strong>. A Taboola glob\u00e1lisan egy\u00fcttm\u0171k\u00f6dik digit\u00e1lis tulajdono\u00adsokkal \u00e9s mobilk\u00e9sz\u00fcl\u00e9k-gy\u00e1rt\u00f3kkal annak \u00e9rdek\u00e9ben, hogy a Taboola \u00e1ltal m\u0171k\u00f6dtetett h\u00edrcsatorn\u00e1t (a \u201eTaboola News Product\u201d) a digit\u00e1lis tulajdonaikon \u00e9s mobilk\u00e9sz\u00fcl\u00e9keiken implement\u00e1lj\u00e1k. A Taboola News Product olyan cikkc\u00edmk\u00e9ket, r\u00f6vid sz\u00f6vegeket tartalmaz k\u00e9pekkel \u00e9s vide\u00f3kkal kombin\u00e1lva, amelyek lehet\u0151v\u00e9 teszik a Taboola kiad\u00f3i sz\u00e1m\u00e1ra, hogy tartalmukat el\u00e9rhet\u0151v\u00e9 tegy\u00e9k \u00e9s el\u00e9rj\u00e9k a nagyobb k\u00f6z\u00f6ns\u00e9get (azaz n\u00f6velj\u00e9k a forgalmat \u00e9s a Tulajdonaik l\u00e1that\u00f3s\u00e1g\u00e1t). A tartalom a Taboola h\u00e1l\u00f3zat\u00e1hoz tartoz\u00f3 kiad\u00f3kt\u00f3l \u00e9s m\u00e1s harmadik felekt\u0151l sz\u00e1rmazik (k\u00e9zi vagy automatiz\u00e1lt \u00faton), \u00e9s kieg\u00e9sz\u00edthet\u0151 a Taboola szponzor\u00e1lt tartalm\u00e1val. A Taboola News Product g\u00f6rgethet\u0151 Content Cards \u00e1ll\u00f3 h\u00edrcsatorna, h\u00e1tt\u00e9rk\u00e9p vagy a Taboola \u00e1ltal kifejlesztett m\u00e1s form\u00e1tumk\u00e9nt is megjelen\u00edthet\u0151, \u00e9s (a) egy cikk c\u00edm\u00e9t \u00e9s egy k\u00e9pet jelen\u00edt meg, amelyet a Taboola harmadik f\u00e9lt\u0151l (k\u00e9zi vagy automatiz\u00e1lt \u00faton) szerez be, vagy amelyet a V\u00e1llalat maga v\u00e1lasztott ki az adott cikkhez, (b) egy vide\u00f3t, amelyet a Taboola (k\u00e9zi vagy automatiz\u00e1lt \u00faton) szerez be a Tulajdons\u00e1gokb\u00f3l, a V\u00e1llalat vagy a Harmadik f\u00e9l tulajdonos\u00e1nak k\u00f6z\u00f6ss\u00e9gim\u00e9dia-csatorn\u00e1ir\u00f3l, vagy amelyet a V\u00e1llalat a weben tett el\u00e9rhet\u0151v\u00e9 (pl. YouTube, Instagram, TikTok), vagy egy harmadik f\u00e9l, \u00e9s\/vagy (c) a Taboola szponzor\u00e1lt tartalm\u00e1t. Ha a L\u00e1togat\u00f3 a V\u00e1llalat vagy a Harmadik f\u00e9l tulajdonos \u00e1ltal biztos\u00edtott tartalomra kattint, a L\u00e1togat\u00f3t vagy (x) k\u00f6zvetlen\u00fcl a Tulajdons\u00e1gra ir\u00e1ny\u00edtj\u00e1k \u00e1t, vagy (y) a Taboola \u00e1ltal ellen\u0151rz\u00f6tt weboldalra ir\u00e1ny\u00edtj\u00e1k \u00e1t, amelyen (i) a cikk el\u0151n\u00e9zete jelenik meg, ahol a cikk els\u0151 mondatai jelennek meg (ism\u00e9t egy k\u00e9ppel kombin\u00e1lva), vagy a cikk automatiz\u00e1lt megold\u00e1sokkal gener\u00e1lt \u00f6sszefoglal\u00e1sa jelenik meg, vagy (ii) egy vide\u00f3egys\u00e9g; \u00e9s ahol a L\u00e1togat\u00f3 mindk\u00e9t esetben a Tulajdons\u00e1gra kattinthat tov\u00e1bb vagy kil\u00e9phet. A Taboola fenntartja mag\u00e1nak a jogot, hogy a Taboola News L\u00e1togat\u00f3i \u00e9lm\u00e9ny\u00e9nek optimaliz\u00e1l\u00e1sa \u00e9rdek\u00e9ben \u00e9sszer\u0171 m\u00f3dos\u00edt\u00e1sokat eszk\u00f6z\u00f6lj\u00f6n.<\/li>\n<li><strong><u>Licenc<\/u><\/strong>. A jelen Felt\u00e9telekben le\u00edrt c\u00e9lb\u00f3l \u00e9s a Meg\u00e1llapod\u00e1s id\u0151tartama alatt a V\u00e1llalat biztos\u00edtja, \u00e9s a Harmadik F\u00e9lt\u0151l megszerzi a jogot, hogy a Taboola sz\u00e1m\u00e1ra nem kiz\u00e1r\u00f3lagos, vil\u00e1gszerte \u00e9rv\u00e9nyes (a) jogot biztos\u00edtson a Tulajdont\u00e1rgyak b\u00e1rmely tartalm\u00e1nak haszn\u00e1lat\u00e1ra, \u00e9s (b) felhatalmaz\u00e1st adjon a V\u00e1llalat vagy a Harmadik F\u00e9l Tulajdonjog\u00e1nak b\u00e1rmely tartalm\u00e1hoz val\u00f3 hozz\u00e1f\u00e9r\u00e9sre \u00e9s annak kinyer\u00e9s\u00e9re (bele\u00e9rtve a sz\u00f6vegeket, k\u00e9peket, vide\u00f3kat \u2013 bele\u00e9rtve az audiokomponenst is), mind (a), mind (b) pontban az al\u00e1bbiakban le\u00edrt c\u00e9lb\u00f3l, k\u00fcl\u00f6n\u00f6sen a felt\u00e9rk\u00e9pez\u00e9s, let\u00f6lt\u00e9s, t\u00e1rol\u00e1s, sokszoros\u00edt\u00e1s, k\u00f6zz\u00e9t\u00e9tel, digitaliz\u00e1l\u00e1s, nyilv\u00e1nos hozz\u00e1f\u00e9rhet\u0151v\u00e9 t\u00e9tel, valamint a szerkeszt\u00e9s jog\u00e1t (pl. a V\u00e1llalat \u00e1ltal egy adott cikkhez kiv\u00e1lasztott k\u00e9p helyettes\u00edt\u00e9se a Taboola \u00e1ltal beszerzett nagy felbont\u00e1s\u00fa k\u00e9ppel, a cikkc\u00edmek \u00e9s a m\u00e1rkajelz\u00e9sek r\u00f6vid\u00edt\u00e9se, ha azok nem f\u00e9rnek el megfelel\u0151en a mobil k\u00e9perny\u0151n), amely ut\u00f3bbi csak annyiban ker\u00fcl megad\u00e1sra, amennyiben ez sz\u00fcks\u00e9ges a Taboola News \u00e9lm\u00e9ny\u00e9nek optimaliz\u00e1l\u00e1s\u00e1hoz (ahogyan az az al\u00e1bbi p\u00e9ld\u00e1kban l\u00e1that\u00f3). A V\u00e1llalat tov\u00e1bb\u00e1 biztos\u00edtja, \u00e9s a Harmadik F\u00e9lt\u0151l megszerzi a jogot, hogy a Taboola sz\u00e1m\u00e1ra nem kiz\u00e1r\u00f3lagos, vil\u00e1gszerte \u00e9rv\u00e9nyes jogot biztos\u00edtson a haszn\u00e1latra, \u00e9s hogy a Taboola News-t a saj\u00e1t Tulajdont\u00e1rgyaikra vagy eszk\u00f6zeikre telep\u00edt\u0151 harmadik felek sz\u00e1m\u00e1ra biztos\u00edtsa a haszn\u00e1lat jog\u00e1t, a V\u00e1llalat, a Harmadik F\u00e9l Tulajdonjoga \u00e9s a Tulajdont\u00e1rgyak neveit \u00e9s log\u00f3it a Taboola News marketingje c\u00e9lj\u00e1b\u00f3l. A V\u00e1llalat kijelenti, hogy birtokolja, vagy a Harmadik F\u00e9lt\u0151l megszerezte a V\u00e1llalati Tartalomra vonatkoz\u00f3 \u00f6sszes jogot, \u00e9s k\u00e9pes biztos\u00edtani a Taboola (\u00e9s a Taboola News-t a saj\u00e1t Tulajdont\u00e1rgyaikra vagy eszk\u00f6zeikre telep\u00edt\u0151 harmadik felek) sz\u00e1m\u00e1ra a V\u00e1llalati Tartalom haszn\u00e1lat\u00e1ra vonatkoz\u00f3 jogokat a Taboola News-ban, \u00e9s hogy ennek eredm\u00e9nyek\u00e9nt nem s\u00e9r\u00fclnek harmadik felek jogai.<\/li>\n<li><strong><u>Nincs d\u00edjaz\u00e1s<\/u><\/strong>. A Taboola a V\u00e1llalat tartalm\u00e1nak a Taboola News-on kereszt\u00fcl t\u00f6rt\u00e9n\u0151 terjeszt\u00e9se a V\u00e1llalat sz\u00e1m\u00e1ra ingyenes, \u00e9s a Taboola nem k\u00f6teles semmilyen licencd\u00edjat vagy konkr\u00e9t p\u00e9nzbeli d\u00edjaz\u00e1st fizetni a V\u00e1llalatnak. A V\u00e1llalat elismeri, hogy a Tulajdons\u00e1gokra ir\u00e1nyul\u00f3 forgalom gener\u00e1l\u00e1s\u00e1nak lehet\u0151s\u00e9ge \u00e9s a V\u00e1llalat m\u00e1rkaismerts\u00e9g\u00e9nek n\u00f6vel\u00e9se (a Platformt\u00f3l elt\u00e9r\u0151 Tulajdons\u00e1gokon tal\u00e1lhat\u00f3 egys\u00e9gek \u00e1ltal gener\u00e1lt bev\u00e9tel 100%-\u00e1nak megtart\u00e1sa mellett) m\u00e9lt\u00e1nyos kompenz\u00e1ci\u00f3t jelent a V\u00e1llalat tartalm\u00e1nak a Taboola News-on t\u00f6rt\u00e9n\u0151 k\u00f6zz\u00e9t\u00e9tel\u00e9\u00e9rt \u00e9s felhaszn\u00e1l\u00e1s\u00e1\u00e9rt. \u00cdgy a V\u00e1llalat nem kap kompenz\u00e1ci\u00f3t a Platformon kereszt\u00fcl a Taboola News \u00e9s a Taboola \u00e1ltal a Tulajdons\u00e1gra l\u00e1togat\u00f3knak k\u00edn\u00e1lt hirdet\u00e9si bev\u00e9telb\u0151l vagy oldallet\u00f6lt\u00e9sekb\u0151l, \u00e9s a Taboola megtartja a Platform \u00e1ltal gener\u00e1lt brutt\u00f3 bev\u00e9tel eg\u00e9sz\u00e9t a Taboola News Session sor\u00e1n (azaz a Tulajdons\u00e1gra l\u00e1togat\u00f3 l\u00e1togat\u00f3nak a Taboola News-on kereszt\u00fcl t\u00f6rt\u00e9n\u0151 l\u00e1togat\u00e1s\u00e1nak id\u0151tartama alatt). A Taboola News Session sor\u00e1n a Platform oldallet\u00f6lt\u00e9sei nem sz\u00e1m\u00edtanak Aj\u00e1nl\u00e1s oldallet\u00f6lt\u00e9snek.<\/li>\n<\/ol>\n<p>\u00a0<\/p>\n","protected":false},"excerpt":{"rendered":"<p>TABOOLA NEWS FELT\u00c9TELEK DIGIT\u00c1LIS TULAJDONOSOK SZ\u00c1M\u00c1RA Utols\u00f3 friss\u00edt\u00e9s: 2025. augusztus 18. Ezek a Taboola News felt\u00e9telek a kiad\u00f3k \u00e9s a digit\u00e1lis tulajdonnal rendelkez\u0151k (\u201eTaboola News felt\u00e9telek\u201d) vonatkoznak a digit\u00e1lis tulajdonnal rendelkez\u0151kre, bele\u00e9rtve a kiad\u00f3kat \u00e9s m\u00e1s v\u00e1llalatokat (\u201eV\u00e1llalat\u201d), amelyek meg\u00e1llapod\u00e1st \u00edrtak al\u00e1 a Taboola-val a Taboola News programban val\u00f3 r\u00e9szv\u00e9telre (\u201eMeg\u00e1llapod\u00e1s\u201d), \u00e9s ezek a Taboola [&hellip;]<\/p>\n","protected":false},"author":3,"featured_media":0,"parent":0,"menu_order":0,"comment_status":"closed","ping_status":"closed","template":"single-legal-page.php","meta":{"_acf_changed":false,"footnotes":""},"class_list":["post-5211","page","type-page","status-publish","hentry"],"acf":[],"yoast_head":"<!-- This site is optimized with the Yoast SEO Premium plugin v26.9 (Yoast SEO v27.1.1) - https:\/\/yoast.com\/product\/yoast-seo-premium-wordpress\/ -->\n<title>A Taboola News felt\u00e9telei a digit\u00e1lis tulajdonnal rendelkez\u0151k sz\u00e1m\u00e1ra - Taboola Policies<\/title>\n<meta name=\"robots\" content=\"index, follow, max-snippet:-1, max-image-preview:large, max-video-preview:-1\" \/>\n<link rel=\"canonical\" href=\"https:\/\/policies.taboola.com\/hu\/taboola-news-terms-for-digital-property-owners\/\" \/>\n<meta property=\"og:locale\" content=\"hu_HU\" \/>\n<meta property=\"og:type\" content=\"article\" \/>\n<meta property=\"og:title\" content=\"A Taboola News felt\u00e9telei a digit\u00e1lis tulajdonnal rendelkez\u0151k sz\u00e1m\u00e1ra\" \/>\n<meta property=\"og:description\" content=\"TABOOLA NEWS FELT\u00c9TELEK DIGIT\u00c1LIS TULAJDONOSOK SZ\u00c1M\u00c1RA Utols\u00f3 friss\u00edt\u00e9s: 2025. augusztus 18. Ezek a Taboola News felt\u00e9telek a kiad\u00f3k \u00e9s a digit\u00e1lis tulajdonnal rendelkez\u0151k (\u201eTaboola News felt\u00e9telek\u201d) vonatkoznak a digit\u00e1lis tulajdonnal rendelkez\u0151kre, bele\u00e9rtve a kiad\u00f3kat \u00e9s m\u00e1s v\u00e1llalatokat (\u201eV\u00e1llalat\u201d), amelyek meg\u00e1llapod\u00e1st \u00edrtak al\u00e1 a Taboola-val a Taboola News programban val\u00f3 r\u00e9szv\u00e9telre (\u201eMeg\u00e1llapod\u00e1s\u201d), \u00e9s ezek a Taboola [&hellip;]\" \/>\n<meta property=\"og:url\" content=\"https:\/\/policies.taboola.com\/hu\/taboola-news-terms-for-digital-property-owners\/\" \/>\n<meta property=\"og:site_name\" content=\"Taboola Policies\" \/>\n<meta property=\"article:modified_time\" content=\"2026-03-13T14:25:08+00:00\" \/>\n<meta name=\"twitter:card\" content=\"summary_large_image\" \/>\n<meta name=\"twitter:label1\" content=\"Est. reading time\" \/>\n\t<meta name=\"twitter:data1\" content=\"6 minutes\" \/>\n<script type=\"application\/ld+json\" class=\"yoast-schema-graph\">{\"@context\":\"https:\/\/schema.org\",\"@graph\":[{\"@type\":\"WebPage\",\"@id\":\"https:\/\/policies.taboola.com\/hu\/taboola-news-terms-for-digital-property-owners\/\",\"url\":\"https:\/\/policies.taboola.com\/hu\/taboola-news-terms-for-digital-property-owners\/\",\"name\":\"A Taboola News felt\u00e9telei a digit\u00e1lis tulajdonnal rendelkez\u0151k sz\u00e1m\u00e1ra - Taboola Policies\",\"isPartOf\":{\"@id\":\"https:\/\/policies.taboola.com\/hu\/#website\"},\"datePublished\":\"2025-08-21T18:16:21+00:00\",\"dateModified\":\"2026-03-13T14:25:08+00:00\",\"breadcrumb\":{\"@id\":\"https:\/\/policies.taboola.com\/hu\/taboola-news-terms-for-digital-property-owners\/#breadcrumb\"},\"inLanguage\":\"hu-HU\",\"potentialAction\":[{\"@type\":\"ReadAction\",\"target\":[\"https:\/\/policies.taboola.com\/hu\/taboola-news-terms-for-digital-property-owners\/\"]}]},{\"@type\":\"BreadcrumbList\",\"@id\":\"https:\/\/policies.taboola.com\/hu\/taboola-news-terms-for-digital-property-owners\/#breadcrumb\",\"itemListElement\":[{\"@type\":\"ListItem\",\"position\":1,\"name\":\"Home\",\"item\":\"https:\/\/policies.taboola.com\/hu\/\"},{\"@type\":\"ListItem\",\"position\":2,\"name\":\"A Taboola News felt\u00e9telei a digit\u00e1lis tulajdonnal rendelkez\u0151k sz\u00e1m\u00e1ra\"}]},{\"@type\":\"WebSite\",\"@id\":\"https:\/\/policies.taboola.com\/hu\/#website\",\"url\":\"https:\/\/policies.taboola.com\/hu\/\",\"name\":\"Taboola Policies\",\"description\":\"\",\"potentialAction\":[{\"@type\":\"SearchAction\",\"target\":{\"@type\":\"EntryPoint\",\"urlTemplate\":\"https:\/\/policies.taboola.com\/hu\/?s={search_term_string}\"},\"query-input\":{\"@type\":\"PropertyValueSpecification\",\"valueRequired\":true,\"valueName\":\"search_term_string\"}}],\"inLanguage\":\"hu-HU\"}]}<\/script>\n<!-- \/ Yoast SEO Premium plugin. -->","yoast_head_json":{"title":"A Taboola News felt\u00e9telei a digit\u00e1lis tulajdonnal rendelkez\u0151k sz\u00e1m\u00e1ra - Taboola Policies","robots":{"index":"index","follow":"follow","max-snippet":"max-snippet:-1","max-image-preview":"max-image-preview:large","max-video-preview":"max-video-preview:-1"},"canonical":"https:\/\/policies.taboola.com\/hu\/taboola-news-terms-for-digital-property-owners\/","og_locale":"hu_HU","og_type":"article","og_title":"A Taboola News felt\u00e9telei a digit\u00e1lis tulajdonnal rendelkez\u0151k sz\u00e1m\u00e1ra","og_description":"TABOOLA NEWS FELT\u00c9TELEK DIGIT\u00c1LIS TULAJDONOSOK SZ\u00c1M\u00c1RA Utols\u00f3 friss\u00edt\u00e9s: 2025. augusztus 18. Ezek a Taboola News felt\u00e9telek a kiad\u00f3k \u00e9s a digit\u00e1lis tulajdonnal rendelkez\u0151k (\u201eTaboola News felt\u00e9telek\u201d) vonatkoznak a digit\u00e1lis tulajdonnal rendelkez\u0151kre, bele\u00e9rtve a kiad\u00f3kat \u00e9s m\u00e1s v\u00e1llalatokat (\u201eV\u00e1llalat\u201d), amelyek meg\u00e1llapod\u00e1st \u00edrtak al\u00e1 a Taboola-val a Taboola News programban val\u00f3 r\u00e9szv\u00e9telre (\u201eMeg\u00e1llapod\u00e1s\u201d), \u00e9s ezek a Taboola [&hellip;]","og_url":"https:\/\/policies.taboola.com\/hu\/taboola-news-terms-for-digital-property-owners\/","og_site_name":"Taboola Policies","article_modified_time":"2026-03-13T14:25:08+00:00","twitter_card":"summary_large_image","twitter_misc":{"Est. reading time":"6 minutes"},"schema":{"@context":"https:\/\/schema.org","@graph":[{"@type":"WebPage","@id":"https:\/\/policies.taboola.com\/hu\/taboola-news-terms-for-digital-property-owners\/","url":"https:\/\/policies.taboola.com\/hu\/taboola-news-terms-for-digital-property-owners\/","name":"A Taboola News felt\u00e9telei a digit\u00e1lis tulajdonnal rendelkez\u0151k sz\u00e1m\u00e1ra - Taboola Policies","isPartOf":{"@id":"https:\/\/policies.taboola.com\/hu\/#website"},"datePublished":"2025-08-21T18:16:21+00:00","dateModified":"2026-03-13T14:25:08+00:00","breadcrumb":{"@id":"https:\/\/policies.taboola.com\/hu\/taboola-news-terms-for-digital-property-owners\/#breadcrumb"},"inLanguage":"hu-HU","potentialAction":[{"@type":"ReadAction","target":["https:\/\/policies.taboola.com\/hu\/taboola-news-terms-for-digital-property-owners\/"]}]},{"@type":"BreadcrumbList","@id":"https:\/\/policies.taboola.com\/hu\/taboola-news-terms-for-digital-property-owners\/#breadcrumb","itemListElement":[{"@type":"ListItem","position":1,"name":"Home","item":"https:\/\/policies.taboola.com\/hu\/"},{"@type":"ListItem","position":2,"name":"A Taboola News felt\u00e9telei a digit\u00e1lis tulajdonnal rendelkez\u0151k sz\u00e1m\u00e1ra"}]},{"@type":"WebSite","@id":"https:\/\/policies.taboola.com\/hu\/#website","url":"https:\/\/policies.taboola.com\/hu\/","name":"Taboola Policies","description":"","potentialAction":[{"@type":"SearchAction","target":{"@type":"EntryPoint","urlTemplate":"https:\/\/policies.taboola.com\/hu\/?s={search_term_string}"},"query-input":{"@type":"PropertyValueSpecification","valueRequired":true,"valueName":"search_term_string"}}],"inLanguage":"hu-HU"}]}},"_links":{"self":[{"href":"https:\/\/policies.taboola.com\/hu\/wp-json\/wp\/v2\/pages\/5211","targetHints":{"allow":["GET"]}}],"collection":[{"href":"https:\/\/policies.taboola.com\/hu\/wp-json\/wp\/v2\/pages"}],"about":[{"href":"https:\/\/policies.taboola.com\/hu\/wp-json\/wp\/v2\/types\/page"}],"author":[{"embeddable":true,"href":"https:\/\/policies.taboola.com\/hu\/wp-json\/wp\/v2\/users\/3"}],"replies":[{"embeddable":true,"href":"https:\/\/policies.taboola.com\/hu\/wp-json\/wp\/v2\/comments?post=5211"}],"version-history":[{"count":1,"href":"https:\/\/policies.taboola.com\/hu\/wp-json\/wp\/v2\/pages\/5211\/revisions"}],"predecessor-version":[{"id":5212,"href":"https:\/\/policies.taboola.com\/hu\/wp-json\/wp\/v2\/pages\/5211\/revisions\/5212"}],"wp:attachment":[{"href":"https:\/\/policies.taboola.com\/hu\/wp-json\/wp\/v2\/media?parent=5211"}],"curies":[{"name":"wp","href":"https:\/\/api.w.org\/{rel}","templated":true}]}}