{"id":5228,"date":"2025-08-21T14:13:25","date_gmt":"2025-08-21T14:13:25","guid":{"rendered":"https:\/\/policies.taboola.com\/hirdetoi-adatvedelmi-feltetelek\/"},"modified":"2026-03-13T14:25:28","modified_gmt":"2026-03-13T14:25:28","slug":"advertiser-privacy-terms","status":"publish","type":"page","link":"https:\/\/policies.taboola.com\/hu\/advertiser-privacy-terms\/","title":{"rendered":"Hirdet\u0151i Adatv\u00e9delmi Felt\u00e9telek"},"content":{"rendered":"","protected":false},"excerpt":{"rendered":"","protected":false},"author":3,"featured_media":0,"parent":0,"menu_order":0,"comment_status":"closed","ping_status":"closed","template":"single-legal-page.php","meta":{"_acf_changed":false,"footnotes":""},"class_list":["post-5228","page","type-page","status-publish","hentry"],"acf":[],"yoast_head":"<!-- This site is optimized with the Yoast SEO Premium plugin v26.9 (Yoast SEO v27.1.1) - https:\/\/yoast.com\/product\/yoast-seo-premium-wordpress\/ -->\n<title>Hirdet\u0151i Adatv\u00e9delmi Felt\u00e9telek - Taboola Policies<\/title>\n<meta name=\"robots\" content=\"index, follow, max-snippet:-1, max-image-preview:large, max-video-preview:-1\" \/>\n<link rel=\"canonical\" href=\"https:\/\/policies.taboola.com\/hu\/advertiser-privacy-terms\/\" \/>\n<meta property=\"og:locale\" content=\"hu_HU\" \/>\n<meta property=\"og:type\" content=\"article\" \/>\n<meta property=\"og:title\" content=\"Hirdet\u0151i Adatv\u00e9delmi Felt\u00e9telek\" \/>\n<meta property=\"og:url\" content=\"https:\/\/policies.taboola.com\/hu\/advertiser-privacy-terms\/\" \/>\n<meta property=\"og:site_name\" content=\"Taboola Policies\" \/>\n<meta property=\"article:modified_time\" content=\"2026-03-13T14:25:28+00:00\" \/>\n<meta name=\"twitter:card\" content=\"summary_large_image\" \/>\n<script type=\"application\/ld+json\" class=\"yoast-schema-graph\">{\"@context\":\"https:\/\/schema.org\",\"@graph\":[{\"@type\":\"WebPage\",\"@id\":\"https:\/\/policies.taboola.com\/hu\/advertiser-privacy-terms\/\",\"url\":\"https:\/\/policies.taboola.com\/hu\/advertiser-privacy-terms\/\",\"name\":\"Hirdet\u0151i Adatv\u00e9delmi Felt\u00e9telek - Taboola Policies\",\"isPartOf\":{\"@id\":\"https:\/\/policies.taboola.com\/hu\/#website\"},\"datePublished\":\"2025-08-21T14:13:25+00:00\",\"dateModified\":\"2026-03-13T14:25:28+00:00\",\"breadcrumb\":{\"@id\":\"https:\/\/policies.taboola.com\/hu\/advertiser-privacy-terms\/#breadcrumb\"},\"inLanguage\":\"hu-HU\",\"potentialAction\":[{\"@type\":\"ReadAction\",\"target\":[\"https:\/\/policies.taboola.com\/hu\/advertiser-privacy-terms\/\"]}]},{\"@type\":\"BreadcrumbList\",\"@id\":\"https:\/\/policies.taboola.com\/hu\/advertiser-privacy-terms\/#breadcrumb\",\"itemListElement\":[{\"@type\":\"ListItem\",\"position\":1,\"name\":\"Home\",\"item\":\"https:\/\/policies.taboola.com\/hu\/\"},{\"@type\":\"ListItem\",\"position\":2,\"name\":\"Hirdet\u0151i Adatv\u00e9delmi Felt\u00e9telek\"}]},{\"@type\":\"WebSite\",\"@id\":\"https:\/\/policies.taboola.com\/hu\/#website\",\"url\":\"https:\/\/policies.taboola.com\/hu\/\",\"name\":\"Taboola Policies\",\"description\":\"\",\"potentialAction\":[{\"@type\":\"SearchAction\",\"target\":{\"@type\":\"EntryPoint\",\"urlTemplate\":\"https:\/\/policies.taboola.com\/hu\/?s={search_term_string}\"},\"query-input\":{\"@type\":\"PropertyValueSpecification\",\"valueRequired\":true,\"valueName\":\"search_term_string\"}}],\"inLanguage\":\"hu-HU\"}]}<\/script>\n<!-- \/ Yoast SEO Premium plugin. -->","yoast_head_json":{"title":"Hirdet\u0151i Adatv\u00e9delmi Felt\u00e9telek - Taboola Policies","robots":{"index":"index","follow":"follow","max-snippet":"max-snippet:-1","max-image-preview":"max-image-preview:large","max-video-preview":"max-video-preview:-1"},"canonical":"https:\/\/policies.taboola.com\/hu\/advertiser-privacy-terms\/","og_locale":"hu_HU","og_type":"article","og_title":"Hirdet\u0151i Adatv\u00e9delmi Felt\u00e9telek","og_url":"https:\/\/policies.taboola.com\/hu\/advertiser-privacy-terms\/","og_site_name":"Taboola Policies","article_modified_time":"2026-03-13T14:25:28+00:00","twitter_card":"summary_large_image","schema":{"@context":"https:\/\/schema.org","@graph":[{"@type":"WebPage","@id":"https:\/\/policies.taboola.com\/hu\/advertiser-privacy-terms\/","url":"https:\/\/policies.taboola.com\/hu\/advertiser-privacy-terms\/","name":"Hirdet\u0151i Adatv\u00e9delmi Felt\u00e9telek - Taboola Policies","isPartOf":{"@id":"https:\/\/policies.taboola.com\/hu\/#website"},"datePublished":"2025-08-21T14:13:25+00:00","dateModified":"2026-03-13T14:25:28+00:00","breadcrumb":{"@id":"https:\/\/policies.taboola.com\/hu\/advertiser-privacy-terms\/#breadcrumb"},"inLanguage":"hu-HU","potentialAction":[{"@type":"ReadAction","target":["https:\/\/policies.taboola.com\/hu\/advertiser-privacy-terms\/"]}]},{"@type":"BreadcrumbList","@id":"https:\/\/policies.taboola.com\/hu\/advertiser-privacy-terms\/#breadcrumb","itemListElement":[{"@type":"ListItem","position":1,"name":"Home","item":"https:\/\/policies.taboola.com\/hu\/"},{"@type":"ListItem","position":2,"name":"Hirdet\u0151i Adatv\u00e9delmi Felt\u00e9telek"}]},{"@type":"WebSite","@id":"https:\/\/policies.taboola.com\/hu\/#website","url":"https:\/\/policies.taboola.com\/hu\/","name":"Taboola Policies","description":"","potentialAction":[{"@type":"SearchAction","target":{"@type":"EntryPoint","urlTemplate":"https:\/\/policies.taboola.com\/hu\/?s={search_term_string}"},"query-input":{"@type":"PropertyValueSpecification","valueRequired":true,"valueName":"search_term_string"}}],"inLanguage":"hu-HU"}]}},"_links":{"self":[{"href":"https:\/\/policies.taboola.com\/hu\/wp-json\/wp\/v2\/pages\/5228","targetHints":{"allow":["GET"]}}],"collection":[{"href":"https:\/\/policies.taboola.com\/hu\/wp-json\/wp\/v2\/pages"}],"about":[{"href":"https:\/\/policies.taboola.com\/hu\/wp-json\/wp\/v2\/types\/page"}],"author":[{"embeddable":true,"href":"https:\/\/policies.taboola.com\/hu\/wp-json\/wp\/v2\/users\/3"}],"replies":[{"embeddable":true,"href":"https:\/\/policies.taboola.com\/hu\/wp-json\/wp\/v2\/comments?post=5228"}],"version-history":[{"count":1,"href":"https:\/\/policies.taboola.com\/hu\/wp-json\/wp\/v2\/pages\/5228\/revisions"}],"predecessor-version":[{"id":5229,"href":"https:\/\/policies.taboola.com\/hu\/wp-json\/wp\/v2\/pages\/5228\/revisions\/5229"}],"wp:attachment":[{"href":"https:\/\/policies.taboola.com\/hu\/wp-json\/wp\/v2\/media?parent=5228"}],"curies":[{"name":"wp","href":"https:\/\/api.w.org\/{rel}","templated":true}]}}