{"id":611,"date":"2025-08-21T18:16:21","date_gmt":"2025-08-21T18:16:21","guid":{"rendered":"https:\/\/policies.taboola.com\/termini-di-taboola-news-per-i-proprietari-di-proprieta-digitali\/"},"modified":"2026-03-10T10:43:14","modified_gmt":"2026-03-10T10:43:14","slug":"taboola-news-terms-for-digital-property-owners","status":"publish","type":"page","link":"https:\/\/policies.taboola.com\/it\/taboola-news-terms-for-digital-property-owners\/","title":{"rendered":"Termini di Taboola News per i proprietari di propriet\u00e0 digitali"},"content":{"rendered":"<h1 style=\"text-align: center;\"><strong>TABOOLA NEWS TERMS FOR DIGITAL PROPERTY OWNERS<\/strong><\/h1>\n<p>Ultimo aggiornamento: 18 agosto 2025<\/p>\n<p>Questi Termini di Taboola News per editori e proprietari di propriet\u00e0 digitali (\u201cTermini di Taboola News\u201d) si applicano ai proprietari di propriet\u00e0 digitali, inclusi editori e altre aziende (&#8220;Azienda&#8221;) che hanno firmato accordi con Taboola per partecipare al programma Taboola News (\u201cAccordo\u201d), e questi Termini di Taboola News saranno considerati incorporati e costituiranno parte integrante di qualsiasi Accordo. I termini non definiti nel presente documento avranno la loro definizione stabilita nell&#8217;Accordo pertinente. Per chiarezza, ogni riferimento a \u201cProprietario di Propriet\u00e0 di Terzi\u201d \u00e8 applicabile solo dove espressamente previsto nell&#8217;accordo eseguito tra l&#8217;Azienda e Taboola.<\/p>\n<ol>\n<li><strong>T<u>aboola News<\/u><\/strong>. Taboola collabora con propriet\u00e0 digitali e produttori di dispositivi mobili a livello globale per implementare sulle loro propriet\u00e0 digitali e dispositivi mobili un feed di notizie alimentato da Taboola (il \u201cTaboola News Product\u201d). Il Taboola News Product contiene titoli di articoli, testi brevi in combinazione con immagini e video che consentono agli editori di Taboola di rendere il loro contenuto accessibile e raggiungere un pubblico pi\u00f9 ampio (cio\u00e8 aumentando il traffico e l&#8217;esposizione alle Propriet\u00e0). Il contenuto \u00e8 ottenuto (manualmente o tramite automazione) da editori che fanno parte della rete di Taboola e da altri terzi, e pu\u00f2 essere integrato con Contenuti Sponsorizzati da Taboola. Il Taboola News Product pu\u00f2 essere strutturato come un feed scorrevole di Content Cards, o come uno sfondo, o in qualsiasi altro formato sviluppato da Taboola, e visualizza (a) un titolo di articolo e un&#8217;immagine che \u00e8 ottenuta da Taboola da un terzo (manualmente o tramite automazione) o che l&#8217;Azienda stessa ha selezionato per il rispettivo titolo di articolo, (b) un video ottenuto da Taboola (manualmente o tramite automazione) dai canali social dell&#8217;Azienda o del Proprietario di Propriet\u00e0 di Terzi o reso disponibile dall&#8217;Azienda sul web (ad es. YouTube, Instagram, TikTok), o da un terzo, e\/o (c) Contenuti Sponsorizzati da Taboola. Se il Visitatore clicca su un singolo pezzo di contenuto fornito dall&#8217;Azienda o dal Proprietario di Propriet\u00e0 di Terzi, il Visitatore viene (x) reindirizzato direttamente alla Propriet\u00e0, o (y) reindirizzato a una pagina web controllata da Taboola che visualizza (i) un&#8217;anteprima dell&#8217;articolo, dove vengono visualizzate le prime frasi dell&#8217;articolo (ancora in combinazione con un&#8217;immagine) o un riassunto dell&#8217;articolo generato da soluzioni automatizzate, o (ii) un&#8217;unit\u00e0 video; e dove il Visitatore pu\u00f2 in entrambi i casi cliccare per accedere alla Propriet\u00e0. Taboola si riserva il diritto di apportare modifiche ragionevoli all&#8217;esperienza del Visitatore di Taboola News per scopi di ottimizzazione.<\/li>\n<li><strong><u>Licenza<\/u><\/strong>. Per lo scopo descritto in questi Termini e per la Durata dell&#8217;Accordo, l&#8217;Azienda concede, e ha ottenuto dal Proprietario di Propriet\u00e0 di Terzi il diritto di concedere, a Taboola il diritto non esclusivo, mondiale (a) di utilizzare qualsiasi contenuto dalle Propriet\u00e0 e (b) l&#8217;autorizzazione ad accedere ed estrarre qualsiasi contenuto dai canali social dell&#8217;Azienda o del Proprietario di Propriet\u00e0 di Terzi (inclusi testi, immagini, video \u2013 incluso il componente audio), in entrambi (a) e (b) per lo scopo descritto nel presente documento, in particolare il diritto di esplorare, scaricare, memorizzare, riprodurre, pubblicare, digitalizzare, rendere pubblicamente disponibile nonch\u00e9 il diritto di modificare (ad es. sostituire l&#8217;immagine selezionata dall&#8217;Azienda per un articolo specifico con un&#8217;immagine ad alta risoluzione fornita da Taboola, accorciare i titoli degli articoli e i testi di branding quando non si adattano correttamente allo schermo mobile), dove quest&#8217;ultimo \u00e8 concesso solo nella misura in cui sia necessario per ottimizzare l&#8217;esperienza di Taboola News (come indicato negli esempi forniti nel presente documento). L&#8217;Azienda concede ulteriormente, ha ottenuto dal Proprietario di Propriet\u00e0 di Terzi il diritto di concedere, a Taboola il diritto non esclusivo, mondiale di utilizzare, e di concedere ai terzi che hanno implementato Taboola News sulle loro propriet\u00e0 o dispositivi il diritto di utilizzare, i nomi e i loghi dell&#8217;Azienda, del Proprietario di Propriet\u00e0 di Terzi e delle Propriet\u00e0 per scopi di marketing di Taboola News. L&#8217;Azienda dichiara di detenere, o di aver ottenuto dal Proprietario di Propriet\u00e0 di Terzi, tutti i diritti sul Contenuto dell&#8217;Azienda e di essere in grado di concedere a Taboola (e ai terzi che hanno implementato Taboola News sulle loro propriet\u00e0 o dispositivi) i diritti di utilizzare il Contenuto dell&#8217;Azienda in Taboola News, e che non vengono violati diritti di terzi a seguito di ci\u00f2.<\/li>\n<li><strong><u>Nessuna Remunerazione<\/u><\/strong>. La distribuzione del Contenuto dell&#8217;Azienda tramite Taboola News \u00e8 senza alcun costo per l&#8217;Azienda, e non deve essere pagata alcuna tassa di licenza o specifica remunerazione monetaria da parte di Taboola all&#8217;Azienda. L&#8217;azienda riconosce che l&#8217;opportunit\u00e0 di generare traffico verso le Propriet\u00e0 e di promuovere la consapevolezza del marchio dell&#8217;azienda (oltre a mantenere il 100% delle entrate generate dalle unit\u00e0 sulle Propriet\u00e0 diverse dalla Piattaforma) sia un giusto compenso per l&#8217;inclusione e l&#8217;uso dei Contenuti dell&#8217;azienda in Taboola News. Pertanto, l&#8217;azienda non sar\u00e0 compensata per alcun ricavo pubblicitario generato o per le visualizzazioni di pagina della Piattaforma servite ai Visitatori che accedono alla Propriet\u00e0 tramite Taboola News e Taboola manterr\u00e0 l&#8217;intero Ricavo lordo derivante dalla Piattaforma durante qualsiasi Taboola News Session (cio\u00e8 la durata di una visita alla Propriet\u00e0 da parte di un Visitatore che arriva a tale Propriet\u00e0 tramite Taboola News). Nessuna visualizzazione di pagina della Piattaforma durante una Taboola News Session sar\u00e0 conteggiata come una Visualizzazione di Raccomandazione.<\/li>\n<\/ol>\n<p>\u00a0<\/p>\n","protected":false},"excerpt":{"rendered":"<p>TABOOLA NEWS TERMS FOR DIGITAL PROPERTY OWNERS Ultimo aggiornamento: 18 agosto 2025 Questi Termini di Taboola News per editori e proprietari di propriet\u00e0 digitali (\u201cTermini di Taboola News\u201d) si applicano ai proprietari di propriet\u00e0 digitali, inclusi editori e altre aziende (&#8220;Azienda&#8221;) che hanno firmato accordi con Taboola per partecipare al programma Taboola News (\u201cAccordo\u201d), e [&hellip;]<\/p>\n","protected":false},"author":3,"featured_media":0,"parent":0,"menu_order":0,"comment_status":"closed","ping_status":"closed","template":"single-legal-page.php","meta":{"_acf_changed":false,"footnotes":""},"class_list":["post-611","page","type-page","status-publish","hentry"],"acf":[],"yoast_head":"<!-- This site is optimized with the Yoast SEO Premium plugin v26.9 (Yoast SEO v27.1.1) - https:\/\/yoast.com\/product\/yoast-seo-premium-wordpress\/ -->\n<title>Termini di Taboola News per i proprietari di propriet\u00e0 digitali - Taboola Policies<\/title>\n<meta name=\"robots\" content=\"index, follow, max-snippet:-1, max-image-preview:large, max-video-preview:-1\" \/>\n<link rel=\"canonical\" href=\"https:\/\/policies.taboola.com\/it\/taboola-news-terms-for-digital-property-owners\/\" \/>\n<meta property=\"og:locale\" content=\"it_IT\" \/>\n<meta property=\"og:type\" content=\"article\" \/>\n<meta property=\"og:title\" content=\"Termini di Taboola News per i proprietari di propriet\u00e0 digitali\" \/>\n<meta property=\"og:description\" content=\"TABOOLA NEWS TERMS FOR DIGITAL PROPERTY OWNERS Ultimo aggiornamento: 18 agosto 2025 Questi Termini di Taboola News per editori e proprietari di propriet\u00e0 digitali (\u201cTermini di Taboola News\u201d) si applicano ai proprietari di propriet\u00e0 digitali, inclusi editori e altre aziende (&#8220;Azienda&#8221;) che hanno firmato accordi con Taboola per partecipare al programma Taboola News (\u201cAccordo\u201d), e [&hellip;]\" \/>\n<meta property=\"og:url\" content=\"https:\/\/policies.taboola.com\/it\/taboola-news-terms-for-digital-property-owners\/\" \/>\n<meta property=\"og:site_name\" content=\"Taboola Policies\" \/>\n<meta property=\"article:modified_time\" content=\"2026-03-10T10:43:14+00:00\" \/>\n<meta name=\"twitter:card\" content=\"summary_large_image\" \/>\n<meta name=\"twitter:label1\" content=\"Est. reading time\" \/>\n\t<meta name=\"twitter:data1\" content=\"4 minutes\" \/>\n<script type=\"application\/ld+json\" class=\"yoast-schema-graph\">{\"@context\":\"https:\/\/schema.org\",\"@graph\":[{\"@type\":\"WebPage\",\"@id\":\"https:\/\/policies.taboola.com\/it\/taboola-news-terms-for-digital-property-owners\/\",\"url\":\"https:\/\/policies.taboola.com\/it\/taboola-news-terms-for-digital-property-owners\/\",\"name\":\"Termini di Taboola News per i proprietari di propriet\u00e0 digitali - Taboola Policies\",\"isPartOf\":{\"@id\":\"https:\/\/policies.taboola.com\/it\/#website\"},\"datePublished\":\"2025-08-21T18:16:21+00:00\",\"dateModified\":\"2026-03-10T10:43:14+00:00\",\"breadcrumb\":{\"@id\":\"https:\/\/policies.taboola.com\/it\/taboola-news-terms-for-digital-property-owners\/#breadcrumb\"},\"inLanguage\":\"it-IT\",\"potentialAction\":[{\"@type\":\"ReadAction\",\"target\":[\"https:\/\/policies.taboola.com\/it\/taboola-news-terms-for-digital-property-owners\/\"]}]},{\"@type\":\"BreadcrumbList\",\"@id\":\"https:\/\/policies.taboola.com\/it\/taboola-news-terms-for-digital-property-owners\/#breadcrumb\",\"itemListElement\":[{\"@type\":\"ListItem\",\"position\":1,\"name\":\"Home\",\"item\":\"https:\/\/policies.taboola.com\/it\/\"},{\"@type\":\"ListItem\",\"position\":2,\"name\":\"Termini di Taboola News per i proprietari di propriet\u00e0 digitali\"}]},{\"@type\":\"WebSite\",\"@id\":\"https:\/\/policies.taboola.com\/it\/#website\",\"url\":\"https:\/\/policies.taboola.com\/it\/\",\"name\":\"Taboola Policies\",\"description\":\"\",\"potentialAction\":[{\"@type\":\"SearchAction\",\"target\":{\"@type\":\"EntryPoint\",\"urlTemplate\":\"https:\/\/policies.taboola.com\/it\/?s={search_term_string}\"},\"query-input\":{\"@type\":\"PropertyValueSpecification\",\"valueRequired\":true,\"valueName\":\"search_term_string\"}}],\"inLanguage\":\"it-IT\"}]}<\/script>\n<!-- \/ Yoast SEO Premium plugin. -->","yoast_head_json":{"title":"Termini di Taboola News per i proprietari di propriet\u00e0 digitali - Taboola Policies","robots":{"index":"index","follow":"follow","max-snippet":"max-snippet:-1","max-image-preview":"max-image-preview:large","max-video-preview":"max-video-preview:-1"},"canonical":"https:\/\/policies.taboola.com\/it\/taboola-news-terms-for-digital-property-owners\/","og_locale":"it_IT","og_type":"article","og_title":"Termini di Taboola News per i proprietari di propriet\u00e0 digitali","og_description":"TABOOLA NEWS TERMS FOR DIGITAL PROPERTY OWNERS Ultimo aggiornamento: 18 agosto 2025 Questi Termini di Taboola News per editori e proprietari di propriet\u00e0 digitali (\u201cTermini di Taboola News\u201d) si applicano ai proprietari di propriet\u00e0 digitali, inclusi editori e altre aziende (&#8220;Azienda&#8221;) che hanno firmato accordi con Taboola per partecipare al programma Taboola News (\u201cAccordo\u201d), e [&hellip;]","og_url":"https:\/\/policies.taboola.com\/it\/taboola-news-terms-for-digital-property-owners\/","og_site_name":"Taboola Policies","article_modified_time":"2026-03-10T10:43:14+00:00","twitter_card":"summary_large_image","twitter_misc":{"Est. reading time":"4 minutes"},"schema":{"@context":"https:\/\/schema.org","@graph":[{"@type":"WebPage","@id":"https:\/\/policies.taboola.com\/it\/taboola-news-terms-for-digital-property-owners\/","url":"https:\/\/policies.taboola.com\/it\/taboola-news-terms-for-digital-property-owners\/","name":"Termini di Taboola News per i proprietari di propriet\u00e0 digitali - Taboola Policies","isPartOf":{"@id":"https:\/\/policies.taboola.com\/it\/#website"},"datePublished":"2025-08-21T18:16:21+00:00","dateModified":"2026-03-10T10:43:14+00:00","breadcrumb":{"@id":"https:\/\/policies.taboola.com\/it\/taboola-news-terms-for-digital-property-owners\/#breadcrumb"},"inLanguage":"it-IT","potentialAction":[{"@type":"ReadAction","target":["https:\/\/policies.taboola.com\/it\/taboola-news-terms-for-digital-property-owners\/"]}]},{"@type":"BreadcrumbList","@id":"https:\/\/policies.taboola.com\/it\/taboola-news-terms-for-digital-property-owners\/#breadcrumb","itemListElement":[{"@type":"ListItem","position":1,"name":"Home","item":"https:\/\/policies.taboola.com\/it\/"},{"@type":"ListItem","position":2,"name":"Termini di Taboola News per i proprietari di propriet\u00e0 digitali"}]},{"@type":"WebSite","@id":"https:\/\/policies.taboola.com\/it\/#website","url":"https:\/\/policies.taboola.com\/it\/","name":"Taboola Policies","description":"","potentialAction":[{"@type":"SearchAction","target":{"@type":"EntryPoint","urlTemplate":"https:\/\/policies.taboola.com\/it\/?s={search_term_string}"},"query-input":{"@type":"PropertyValueSpecification","valueRequired":true,"valueName":"search_term_string"}}],"inLanguage":"it-IT"}]}},"_links":{"self":[{"href":"https:\/\/policies.taboola.com\/it\/wp-json\/wp\/v2\/pages\/611","targetHints":{"allow":["GET"]}}],"collection":[{"href":"https:\/\/policies.taboola.com\/it\/wp-json\/wp\/v2\/pages"}],"about":[{"href":"https:\/\/policies.taboola.com\/it\/wp-json\/wp\/v2\/types\/page"}],"author":[{"embeddable":true,"href":"https:\/\/policies.taboola.com\/it\/wp-json\/wp\/v2\/users\/3"}],"replies":[{"embeddable":true,"href":"https:\/\/policies.taboola.com\/it\/wp-json\/wp\/v2\/comments?post=611"}],"version-history":[{"count":2,"href":"https:\/\/policies.taboola.com\/it\/wp-json\/wp\/v2\/pages\/611\/revisions"}],"predecessor-version":[{"id":5048,"href":"https:\/\/policies.taboola.com\/it\/wp-json\/wp\/v2\/pages\/611\/revisions\/5048"}],"wp:attachment":[{"href":"https:\/\/policies.taboola.com\/it\/wp-json\/wp\/v2\/media?parent=611"}],"curies":[{"name":"wp","href":"https:\/\/api.w.org\/{rel}","templated":true}]}}