{"id":646,"date":"2025-08-21T18:15:42","date_gmt":"2025-08-21T18:15:42","guid":{"rendered":"https:\/\/policies.taboola.com\/header-bidding-2\/"},"modified":"2026-03-05T10:10:48","modified_gmt":"2026-03-05T10:10:48","slug":"header-bidding","status":"publish","type":"page","link":"https:\/\/policies.taboola.com\/it\/header-bidding\/","title":{"rendered":"Header Bidding"},"content":{"rendered":"<h1 style=\"text-align: center;\">Header Bidding<\/h1>\n<ol>\n<li><strong>Concessione dei diritti:<\/strong> Le Parti concordano e riconoscono che la Societ\u00e0 utilizza una soluzione di Header Bidding (l\u2019\u201cHeader Bidding Integration\u201d) per gestire e monetizzare il proprio inventario pubblicitario display sulle Propriet\u00e0. Durante il Periodo di validit\u00e0, la Societ\u00e0 includer\u00e0 Taboola come offerente all&#8217;interno dell&#8217;Header Bidding Integration della Societ\u00e0 per le unit\u00e0 pubblicitarie display disponibili per l&#8217;offerta tramite l&#8217;Header Bidding Integration della Societ\u00e0 (le &#8220;HB Units&#8221;), che HB Units escluder\u00e0 specificamente da qualsiasi inventario pubblicitario nativo, come quei posizionamenti in cui \u00e8 implementata la Piattaforma Taboola. La Societ\u00e0 riconosce e accetta di: (i) concedere a Taboola il diritto di fare offerte tramite l\u2019Header Bidding Adapter di Taboola (l\u2019\u201cHeader Bidding Adapter\u201d) su qualsiasi HB Units; (ii) aggiungere l\u2019Header Bidding Adapter a qualsiasi parte dell\u2019Header Bidding Integration della Societ\u00e0 per la quale Taboola abbia le capacit\u00e0 tecniche per partecipare; (iii) garantire che Local Storage sia abilitato per la sua Header Bidding Integration; e (iv) garantire che qualsiasi annuncio visualizzato pubblicato da Taboola all\u2019interno dell\u2019HB Unit sia visualizzabile (in conformit\u00e0 con le MRC Viewable Impression Guidelines) e non venga aggiornato a intervalli inferiori a 30 secondi.<\/li>\n<li><strong>Tassa Header Bidding:<\/strong> Oltre al Compenso stabilito nella Sezione IV di cui sopra, per ogni mese del Periodo, la Societ\u00e0 ricever\u00e0 la Commissione Header Bidding (come definita di seguito) per qualsiasi HB Units monetizzata tramite l&#8217;Header Bidding Adapter. Ai fini del presente Contratto, per \u201cCommissione Header Bidding\u201d si intende il reddito realizzato dalla Societ\u00e0 per la somma delle Offerte Vincitrici aggregate (come di seguito definite) per tutte le HB Units acquistate da Taboola, al netto di eventuali detrazioni per Impressioni Fraudolente (come di seguito definite). Le misurazioni di Taboola relative alle impressioni sono le misurazioni definitive ai sensi del presente Contratto utilizzate per calcolare la Header Bidding Fee.<\/li>\n<li><strong>Definizioni:<\/strong> Annunci: significa grafica, interattiva, mobile, video, rich media, grafica, copia, URL attivi per annunci pubblicitari o annunci basati su testo e relativi tag, inclusi banner pubblicitari, pulsanti, torri e\/o grattacieli, nonch\u00e9 elementi non grafici come Tracking Pixels e Pixels di terze parti. Offerta: offerta fatta da Taboola per una particolare HB Unit. Offerta vincente: un&#8217;offerta selezionata dall&#8217;Header Bidding Integration come l&#8217;offerta qualificata pi\u00f9 alta (misurata in costo per mille impressioni) per una particolare HB Unit. Impressioni fraudolente: impressioni che sono state pubblicate per una Propriet\u00e0 con metodi o mezzi che gonfiano artificialmente o fraudolentemente il volume delle impressioni, tra cui il reindirizzamento automatico degli utenti, l&#8217;uso di bot e crawler, la manipolazione degli annunci o qualsiasi altra tecnica di generazione di impressioni automatiche o fraudolente (come determinato da Taboola, agendo ragionevolmente o in base alle pratiche del settore).<\/li>\n<\/ol>\n","protected":false},"excerpt":{"rendered":"<p>Header Bidding Concessione dei diritti: Le Parti concordano e riconoscono che la Societ\u00e0 utilizza una soluzione di Header Bidding (l\u2019\u201cHeader Bidding Integration\u201d) per gestire e monetizzare il proprio inventario pubblicitario display sulle Propriet\u00e0. Durante il Periodo di validit\u00e0, la Societ\u00e0 includer\u00e0 Taboola come offerente all&#8217;interno dell&#8217;Header Bidding Integration della Societ\u00e0 per le unit\u00e0 pubblicitarie display [&hellip;]<\/p>\n","protected":false},"author":3,"featured_media":0,"parent":0,"menu_order":0,"comment_status":"closed","ping_status":"closed","template":"single-legal-page.php","meta":{"_acf_changed":false,"footnotes":""},"class_list":["post-646","page","type-page","status-publish","hentry"],"acf":[],"yoast_head":"<!-- This site is optimized with the Yoast SEO Premium plugin v26.9 (Yoast SEO v27.1.1) - https:\/\/yoast.com\/product\/yoast-seo-premium-wordpress\/ -->\n<title>Header Bidding - Taboola Policies<\/title>\n<meta name=\"robots\" content=\"index, follow, max-snippet:-1, max-image-preview:large, max-video-preview:-1\" \/>\n<link rel=\"canonical\" href=\"https:\/\/policies.taboola.com\/it\/header-bidding\/\" \/>\n<meta property=\"og:locale\" content=\"it_IT\" \/>\n<meta property=\"og:type\" content=\"article\" \/>\n<meta property=\"og:title\" content=\"Header Bidding\" \/>\n<meta property=\"og:description\" content=\"Header Bidding Concessione dei diritti: Le Parti concordano e riconoscono che la Societ\u00e0 utilizza una soluzione di Header Bidding (l\u2019\u201cHeader Bidding Integration\u201d) per gestire e monetizzare il proprio inventario pubblicitario display sulle Propriet\u00e0. Durante il Periodo di validit\u00e0, la Societ\u00e0 includer\u00e0 Taboola come offerente all&#8217;interno dell&#8217;Header Bidding Integration della Societ\u00e0 per le unit\u00e0 pubblicitarie display [&hellip;]\" \/>\n<meta property=\"og:url\" content=\"https:\/\/policies.taboola.com\/it\/header-bidding\/\" \/>\n<meta property=\"og:site_name\" content=\"Taboola Policies\" \/>\n<meta property=\"article:modified_time\" content=\"2026-03-05T10:10:48+00:00\" \/>\n<meta name=\"twitter:card\" content=\"summary_large_image\" \/>\n<meta name=\"twitter:label1\" content=\"Est. reading time\" \/>\n\t<meta name=\"twitter:data1\" content=\"2 minutes\" \/>\n<script type=\"application\/ld+json\" class=\"yoast-schema-graph\">{\"@context\":\"https:\/\/schema.org\",\"@graph\":[{\"@type\":\"WebPage\",\"@id\":\"https:\/\/policies.taboola.com\/it\/header-bidding\/\",\"url\":\"https:\/\/policies.taboola.com\/it\/header-bidding\/\",\"name\":\"Header Bidding - Taboola Policies\",\"isPartOf\":{\"@id\":\"https:\/\/policies.taboola.com\/it\/#website\"},\"datePublished\":\"2025-08-21T18:15:42+00:00\",\"dateModified\":\"2026-03-05T10:10:48+00:00\",\"breadcrumb\":{\"@id\":\"https:\/\/policies.taboola.com\/it\/header-bidding\/#breadcrumb\"},\"inLanguage\":\"it-IT\",\"potentialAction\":[{\"@type\":\"ReadAction\",\"target\":[\"https:\/\/policies.taboola.com\/it\/header-bidding\/\"]}]},{\"@type\":\"BreadcrumbList\",\"@id\":\"https:\/\/policies.taboola.com\/it\/header-bidding\/#breadcrumb\",\"itemListElement\":[{\"@type\":\"ListItem\",\"position\":1,\"name\":\"Home\",\"item\":\"https:\/\/policies.taboola.com\/it\/\"},{\"@type\":\"ListItem\",\"position\":2,\"name\":\"Header Bidding\"}]},{\"@type\":\"WebSite\",\"@id\":\"https:\/\/policies.taboola.com\/it\/#website\",\"url\":\"https:\/\/policies.taboola.com\/it\/\",\"name\":\"Taboola Policies\",\"description\":\"\",\"potentialAction\":[{\"@type\":\"SearchAction\",\"target\":{\"@type\":\"EntryPoint\",\"urlTemplate\":\"https:\/\/policies.taboola.com\/it\/?s={search_term_string}\"},\"query-input\":{\"@type\":\"PropertyValueSpecification\",\"valueRequired\":true,\"valueName\":\"search_term_string\"}}],\"inLanguage\":\"it-IT\"}]}<\/script>\n<!-- \/ Yoast SEO Premium plugin. -->","yoast_head_json":{"title":"Header Bidding - Taboola Policies","robots":{"index":"index","follow":"follow","max-snippet":"max-snippet:-1","max-image-preview":"max-image-preview:large","max-video-preview":"max-video-preview:-1"},"canonical":"https:\/\/policies.taboola.com\/it\/header-bidding\/","og_locale":"it_IT","og_type":"article","og_title":"Header Bidding","og_description":"Header Bidding Concessione dei diritti: Le Parti concordano e riconoscono che la Societ\u00e0 utilizza una soluzione di Header Bidding (l\u2019\u201cHeader Bidding Integration\u201d) per gestire e monetizzare il proprio inventario pubblicitario display sulle Propriet\u00e0. Durante il Periodo di validit\u00e0, la Societ\u00e0 includer\u00e0 Taboola come offerente all&#8217;interno dell&#8217;Header Bidding Integration della Societ\u00e0 per le unit\u00e0 pubblicitarie display [&hellip;]","og_url":"https:\/\/policies.taboola.com\/it\/header-bidding\/","og_site_name":"Taboola Policies","article_modified_time":"2026-03-05T10:10:48+00:00","twitter_card":"summary_large_image","twitter_misc":{"Est. reading time":"2 minutes"},"schema":{"@context":"https:\/\/schema.org","@graph":[{"@type":"WebPage","@id":"https:\/\/policies.taboola.com\/it\/header-bidding\/","url":"https:\/\/policies.taboola.com\/it\/header-bidding\/","name":"Header Bidding - Taboola Policies","isPartOf":{"@id":"https:\/\/policies.taboola.com\/it\/#website"},"datePublished":"2025-08-21T18:15:42+00:00","dateModified":"2026-03-05T10:10:48+00:00","breadcrumb":{"@id":"https:\/\/policies.taboola.com\/it\/header-bidding\/#breadcrumb"},"inLanguage":"it-IT","potentialAction":[{"@type":"ReadAction","target":["https:\/\/policies.taboola.com\/it\/header-bidding\/"]}]},{"@type":"BreadcrumbList","@id":"https:\/\/policies.taboola.com\/it\/header-bidding\/#breadcrumb","itemListElement":[{"@type":"ListItem","position":1,"name":"Home","item":"https:\/\/policies.taboola.com\/it\/"},{"@type":"ListItem","position":2,"name":"Header Bidding"}]},{"@type":"WebSite","@id":"https:\/\/policies.taboola.com\/it\/#website","url":"https:\/\/policies.taboola.com\/it\/","name":"Taboola Policies","description":"","potentialAction":[{"@type":"SearchAction","target":{"@type":"EntryPoint","urlTemplate":"https:\/\/policies.taboola.com\/it\/?s={search_term_string}"},"query-input":{"@type":"PropertyValueSpecification","valueRequired":true,"valueName":"search_term_string"}}],"inLanguage":"it-IT"}]}},"_links":{"self":[{"href":"https:\/\/policies.taboola.com\/it\/wp-json\/wp\/v2\/pages\/646","targetHints":{"allow":["GET"]}}],"collection":[{"href":"https:\/\/policies.taboola.com\/it\/wp-json\/wp\/v2\/pages"}],"about":[{"href":"https:\/\/policies.taboola.com\/it\/wp-json\/wp\/v2\/types\/page"}],"author":[{"embeddable":true,"href":"https:\/\/policies.taboola.com\/it\/wp-json\/wp\/v2\/users\/3"}],"replies":[{"embeddable":true,"href":"https:\/\/policies.taboola.com\/it\/wp-json\/wp\/v2\/comments?post=646"}],"version-history":[{"count":2,"href":"https:\/\/policies.taboola.com\/it\/wp-json\/wp\/v2\/pages\/646\/revisions"}],"predecessor-version":[{"id":4979,"href":"https:\/\/policies.taboola.com\/it\/wp-json\/wp\/v2\/pages\/646\/revisions\/4979"}],"wp:attachment":[{"href":"https:\/\/policies.taboola.com\/it\/wp-json\/wp\/v2\/media?parent=646"}],"curies":[{"name":"wp","href":"https:\/\/api.w.org\/{rel}","templated":true}]}}