{"id":4302,"date":"2025-09-26T08:13:21","date_gmt":"2025-09-26T08:13:21","guid":{"rendered":"https:\/\/policies.taboola.com\/taboola-noteikumi-un-nosacijumi-amerikas-savienotajam-valstim\/"},"modified":"2025-11-05T20:00:52","modified_gmt":"2025-11-05T20:00:52","slug":"terms-and-conditions","status":"publish","type":"page","link":"https:\/\/policies.taboola.com\/lv\/terms-and-conditions\/","title":{"rendered":"TABOOLA NOTEIKUMI UN NOSAC\u012aJUMI AMERIKAS SAVIENOTAJ\u0100M VALST\u012aM"},"content":{"rendered":"<p><strong>NOTEIKUMI UN NOSAC\u012aJUMI SATURA IZPLAT\u012a\u0160ANAI TABOOLA T\u012aKL\u0100<br \/>\n<\/strong><\/p>\n<p>Saska\u0146\u0101 ar \u0161iem Noteikumiem un nosac\u012bjumiem par satura izplat\u012b\u0161anu Taboola t\u012bkl\u0101 (&#8220;Noteikumi&#8221;): (a) Taboola.com Ltd. (&#8220;Taboola&#8221;) izplata Rekl\u0101mdev\u0113ja Saturu (defin\u0113ts t\u0101l\u0101k), izmantojot Taboola satura ieteikumu izplat\u012b\u0161anas platformu (&#8220;Platforma&#8221;) Taboola piedero\u0161aj\u0101s vai tre\u0161o pu\u0161u t\u012bmek\u013ca vietn\u0113s, digit\u0101lajos \u012bpa\u0161umos, lietotn\u0113s, komun\u0101lajos pakalpojumos, platform\u0101s, oper\u0113t\u0101jsist\u0113m\u0101s, pazi\u0146ojumos vai ier\u012bc\u0113s un partneros, ar kuriem Taboola vai t\u0101 fili\u0101les ir saist\u012btas (katrs  &#8220;Taboola \u012bpa\u0161ums&#8221; kop\u0101 &#8220;Taboola t\u012bkls&#8221;), lai \u0123ener\u0113tu seansus (k\u0101 defin\u0113ts t\u0101l\u0101k) vai novirz\u012btu datpl\u016bsmu uz Rekl\u0101mdev\u0113ja nor\u0101d\u012btajiem galveno lapu URL (&#8220;Pakalpojums&#8221;), un (b) Rekl\u0101mdev\u0113js (i) nodro\u0161ina Taboola \u0161o saturu (piem\u0113ram, galveno lapu URL, virsrakstus, s\u012bkt\u0113lus vai videoklipus) vai rekl\u0101mas (&#8220;Rekl\u0101mdev\u0113ja saturs&#8221;), izmantojot Taboola t\u012bmek\u013ca kampa\u0146u iesnieg\u0161anas vedni (&#8220;Vednis&#8221;) vai Taboola patent\u0113to anal\u012bzes inform\u0101cijas paneli (&#8220;Analytics inform\u0101cijas panelis&#8221;),  un (ii) kompens\u0113t Taboola par Pakalpojumu saska\u0146\u0101 ar parametriem, par kuriem puses vienoju\u0161\u0101s. \u0160ie Noteikumi kop\u0101 ar Taboola reklam\u0113\u0161anas politik\u0101m (&#8220;Taboola reklam\u0113\u0161anas politikas&#8221;), kas atrodas www.taboola.com\/advertising-policies, un Taboola datu izmanto\u0161anas politik\u0101m, kas atrodas https:\/\/www.taboola.com\/advertiser-data-use-policy, regul\u0113 attiec\u012bbas starp Rekl\u0101mdev\u0113ju un Taboola attiec\u012bb\u0101 uz visiem pas\u016bt\u012bjumiem r\u0101d\u012bt Rekl\u0101mdev\u0113ja saturu Taboola t\u012bkl\u0101 (katrs &#8220;Kampa\u0146a&#8221;), k\u0101 to at\u013c\u0101vis Rekl\u0101mdev\u0113js, neatkar\u012bgi no t\u0101, vai \u0161\u0101da at\u013cauja tiek pie\u0161\u0137irta, izmantojot vedni, turpm\u0101kos ievieto\u0161anas r\u012bkojumus,  e-past\u0101, Analytics inform\u0101cijas panel\u012b vai cit\u0101di, un tie atspogu\u013co pu\u0161u kop\u012bgo izpratni par uz\u0146\u0113m\u0113jdarb\u012bbu (&#8220;L\u012bgums&#8221;).<\/p>\n<ol>\n<li>\n<p align=\"justify\"><strong>Ties\u012bbu pie\u0161\u0137ir\u0161ana<\/strong>:<\/p>\n<ol>\n<li>Rekl\u0101mdev\u0113js pie\u0161\u0137ir Taboola ierobe\u017eotas, atsaucamas, neekskluz\u012bvas, bezatl\u012bdz\u012bbas ties\u012bbas un licenci (i) piek\u013c\u016bt, indeks\u0113t, mitin\u0101t, saspiest (ja piem\u0113rojams) un cit\u0101di izmantot Rekl\u0101mdev\u0113ja saturu un Kampa\u0146as inform\u0101ciju (piem\u0113ram, Rekl\u0101mdev\u0113ja satura aprakstu, Rekl\u0101mdev\u0113ja galveno lapu URL, Kampa\u0146as perioda bud\u017eetu (&#8220;Kampa\u0146as bud\u017eets&#8221;), Kampa\u0146as datumus, Kampa\u0146as galvenos veiktsp\u0113jas r\u0101d\u012bt\u0101jus, inform\u0101ciju par cen\u0101m un m\u0113r\u0137auditorijas atlases un izseko\u0161anas inform\u0101ciju) (&#8220;Kampa\u0146as inform\u0101cija&#8221;), lai ieteiktu Rekl\u0101mdev\u0113ju Satur Taboola t\u012bklu l\u012bdz br\u012bdim, kad summa, kas Taboola pien\u0101kas par \u0161\u0101das Kampa\u0146as izplat\u012b\u0161anu, sasniedz Kampa\u0146as bud\u017eetu, ko Rekl\u0101mdev\u0113js noteicis vedn\u012b vai jebkur\u0101 ievieto\u0161anas sec\u012bb\u0101, vai Analytics inform\u0101cijas panel\u012b; (ii) izmantot Rekl\u0101mdev\u0113ja saturu, Rekl\u0101mdev\u0113ja nosaukumu, logotipu, pre\u010du z\u012bmes un jebkuru citu patent\u0113tu saturu, ko nodro\u0161ina Rekl\u0101mdev\u0113js (x) saist\u012bb\u0101 ar Rekl\u0101mdev\u0113ja satura ieteik\u0161anu un (y) Taboola m\u0101rketinga nol\u016bkos, atsaucoties uz Rekl\u0101mdev\u0113ju k\u0101 klientu, un \u0161\u0101da izmanto\u0161ana ir pak\u013cauta Rekl\u0101mdev\u0113ja standarta pre\u010du z\u012bmju un satura lieto\u0161anas vadl\u012bnij\u0101m un kvalit\u0101tes p\u0101rbaudei,  ja t\u0101ds ir, k\u0101 paredz\u0113ts Taboola; un (iii) kop\u012bgot kampa\u0146as veiktsp\u0113jas datus, kas ieg\u016bti Taboola izseko\u0161anas \u017eurn\u0101los, ar Taboola \u012bpa\u0161umiem.<\/li>\n<li>Taboola pie\u0161\u0137ir rekl\u0101mdev\u0113jam ierobe\u017eotas, neekskluz\u012bvas, nenododamas, nenododamas, neapak\u0161licenc\u0113jamas un bezatl\u012bdz\u012bbas ties\u012bbas darb\u012bbas laik\u0101 piek\u013c\u016bt Analytics inform\u0101cijas panelim un izmantot to tikai rekl\u0101mdev\u0113ja kampa\u0146u p\u0101rvald\u012bbas un ar rekl\u0101mdev\u0113ja kampa\u0146\u0101m saist\u012bt\u0101s anal\u012bzes p\u0101rskat\u012b\u0161anas nol\u016bkos. Rekl\u0101mdev\u0113js saprot un piekr\u012bt, ka Rekl\u0101mdev\u0113js ir piln\u012bb\u0101 atbild\u012bgs par sav\u0101m darb\u012bb\u0101m Analytics inform\u0101cijas panel\u012b, ja Rekl\u0101mdev\u0113js izv\u0113las izmantot Taboola kampa\u0146u p\u0101rvald\u012bbas funkciju, un Rekl\u0101mdev\u0113js saglab\u0101s savu konta paro\u013cu un pieteik\u0161an\u0101s inform\u0101cijas konfidencialit\u0101ti, k\u0101 ar\u012b b\u016bs atbild\u012bgs par vis\u0101m darb\u012bb\u0101m un maks\u0101jumiem, kas j\u0101veic sav\u0101 kont\u0101. Taboola nep\u0101rskat\u012bs Rekl\u0101mdev\u0113ja aktivit\u0101tes, un Taboola nav atbild\u012bgs par jebk\u0101d\u0101m k\u013c\u016bd\u0101m, ko Rekl\u0101mdev\u0113js pie\u013c\u0101vis savas Kampa\u0146as p\u0101rvald\u012bb\u0101. Rekl\u0101mdev\u0113js atz\u012bst, ka jebkura Analytics inform\u0101cijas panel\u012b sniegt\u0101 anal\u012bze ir apl\u0113se un tiks pabeigta tikai \u010detrpadsmit (14) dienas p\u0113c jebkura kalend\u0101r\u0101 m\u0113ne\u0161a beig\u0101m, kur\u0101 kampa\u0146a ir veikta (katrs &#8220;Kampa\u0146as m\u0113nesis&#8221;).<\/li>\n<li>Ja vien \u0161eit nav noteikts cit\u0101di, iepriek\u0161 min\u0113to licen\u010du pie\u0161\u0137ir\u0161ana nepie\u0161\u0137ir nevienai pusei nek\u0101das citas \u012bpa\u0161umties\u012bbas, \u012bpa\u0161umties\u012bbas un intereses, kas saist\u012btas ar patentiem, autorties\u012bb\u0101m, pre\u010du z\u012bm\u0113m, tirdzniec\u012bbas form\u0101m, komercnosl\u0113pumiem, algoritmiem, zin\u0101t\u012bbu, masku darbiem, mor\u0101laj\u0101m ties\u012bb\u0101m un vis\u0101m l\u012bdz\u012bg\u0101m ties\u012bb\u0101m, kas tagad vai n\u0101kotn\u0113 var past\u0101v\u0113t jebkur\u0101 jurisdikcij\u0101.  tostarp, bet ne tikai, visus pieteikumus un re\u0123istr\u0101cijas, k\u0101 ar\u012b visas ties\u012bbas pieteikties uz jebkuru no iepriek\u0161 min\u0113tajiem (&#8220;Intelektu\u0101l\u0101 \u012bpa\u0161uma ties\u012bbas&#8221;).<\/li>\n<\/ol>\n<\/li>\n<li><strong>Rekl\u0101mdev\u0113ja saturs<\/strong><strong>:\u00a0<\/strong>Taboola patur ties\u012bbas (i) noraid\u012bt vai no\u0146emt jebk\u0101du Rekl\u0101mdev\u0113ja Saturu, (ii) aptur\u0113t jebkuru Kampa\u0146u, (iii) ierobe\u017eot Rekl\u0101mdev\u0113ja piek\u013cuvi Vednim vai Analytics inform\u0101cijas panelim vai (iv) ierobe\u017eot Rekl\u0101mdev\u0113ja Kampa\u0146as bud\u017eetu jebkur\u0101 Kampa\u0146as m\u0113nes\u012b. Cikt\u0101l Rekl\u0101mdev\u0113js pieprasa, lai Taboola pal\u012bdz optimiz\u0113t jebkuru Rekl\u0101mdev\u0113ja kampa\u0146as nosaukumu un Taboola piekr\u012bt to dar\u012bt, Rekl\u0101mdev\u0113js (i) apliecina un garant\u0113, ka tas var pamatot visu inform\u0101ciju, ko tas ir sniedzis Taboola izmanto\u0161anai \u0161\u0101du nosaukumu izveid\u0113; (ii) ir vien\u012bgi atbild\u012bgs par vis\u0101m pras\u012bb\u0101m, kas izteiktas \u0161\u0101d\u0101s sada\u013c\u0101s; un (iii) atl\u012bdzina Taboola visus zaud\u0113jumus (k\u0101 defin\u0113ts zem\u0101k), kas izriet no \u0161\u0101diem Kampa\u0146as nosaukumiem.2. Rekl\u0101mdev\u0113js nem\u0113\u0123ina piek\u013c\u016bt citu Taboola klientu kontiem vai komerci\u0101los nol\u016bkos ieg\u016bt datus no Analytics inform\u0101cijas pane\u013ca.<br \/>\n<strong><br \/>\n<\/strong><\/li>\n<li><strong>Kampa\u0146as inform\u0101cija<\/strong><strong>:<\/strong>\n<ol>\n<li>Maks\u0101jums: Pirms Rekl\u0101mdev\u0113ja Satura izplat\u012b\u0161anas Taboola t\u012bkl\u0101 Taboola var piepras\u012bt no Rekl\u0101mdev\u0113ja Kampa\u0146as bud\u017eeta priek\u0161apmaksu par jebkuru Kampa\u0146as m\u0113nesi (&#8220;Priek\u0161apmaksa&#8221;) pirms Rekl\u0101mdev\u0113ja Satura izplat\u012b\u0161anas l\u012bdz br\u012bdim, kad rekl\u0101mdev\u0113js ir izveidojis Taboola kred\u012btv\u0113sturi, kas tiek veikta ar kred\u012btkarti, izmantojot Vedni. Visiem maks\u0101jumiem, kas veikti ar kred\u012btkarti, tiks piem\u0113rota apstr\u0101des maksa 2.0% &#8211; 3.5% (atkar\u012bb\u0101 no re\u0123iona) par katru dar\u012bjumu, kas tiks atspogu\u013cota r\u0113\u0137in\u0101. Ja priek\u0161apmaksa netiek veikta, Taboola iekas\u0113s maksu no rekl\u0101mdev\u0113ja iesniegt\u0101s kred\u012btkartes, izmantojot vedni, tikl\u012bdz kampa\u0146as t\u0113ri\u0146i sasniegs noteiktus Taboola noteiktos apm\u0113rus. Par jebk\u0101diem kav\u0113tiem maks\u0101jumiem tiks uzkr\u0101ti procenti, kas vien\u0101di ar pusotru procentu (1,5%) m\u0113nes\u012b vai maksim\u0101lo likum\u0101 pie\u013caujamo summu, atkar\u012bb\u0101 no t\u0101, kura summa ir maz\u0101ka, salikta katru m\u0113nesi. Ja Rekl\u0101mdev\u0113js atsauc savu kred\u012btkartes inform\u0101ciju pirms Kampa\u0146as beig\u0101m un neaizst\u0101j to ar der\u012bgu alternat\u012bvu maks\u0101juma veidu, Taboola patur ties\u012bbas, neskatoties uz iz\u0146em\u0161anu, iekas\u0113t maksu no kred\u012btkartes par vis\u0101m Kampa\u0146\u0101m, kas tika uzs\u0101ktas pirms iz\u0146em\u0161anas (ieskaitot atliku\u0161o maks\u0101jumu, kas j\u0101maks\u0101 par summu, kas ir maz\u0101ka par noteikto pieaugumu). Papildus jebk\u0101d\u0101m cit\u0101m ties\u012bb\u0101m vai tiesisk\u0101s aizsardz\u012bbas l\u012bdzek\u013ciem, kas var b\u016bt Taboola, ja Rekl\u0101mdev\u0113js neapmaks\u0101 r\u0113\u0137inus, k\u0101 nor\u0101d\u012bts \u0161eit, Taboola var atcelt vai aptur\u0113t Rekl\u0101mdev\u0113ja kampa\u0146as. Turkl\u0101t, ja Rekl\u0101mdev\u0113js neveic nek\u0101dus maks\u0101jumus, k\u0101 nor\u0101d\u012bts \u0161eit, Rekl\u0101mdev\u0113js sedz visus sapr\u0101t\u012bgos izdevumus (ieskaitot advok\u0101tu honor\u0101rus), kas radu\u0161ies Taboola, iekas\u0113jot \u0161\u0101dus maks\u0101jumus. P\u0113c katra kalend\u0101r\u0101 m\u0113ne\u0161a, kad kampa\u0146a tiek r\u0101d\u012bta Taboola t\u012bkl\u0101 (katrs &#8220;Kampa\u0146as m\u0113nesis&#8221;), Analytics inform\u0101cijas panel\u012b rekl\u0101mdev\u0113jam tiks sniegta detaliz\u0113ta inform\u0101cija par klik\u0161\u0137u skaitu uz rekl\u0101mdev\u0113ja satura un rekl\u0101mdev\u0113ja izt\u0113r\u0113t\u0101s priek\u0161apmaksas summu, ja t\u0101da ir (pamatojoties uz maksu par klik\u0161\u0137i, ko rekl\u0101mdev\u0113js iestat\u012bjis Analytics inform\u0101cijas panel\u012b kampa\u0146as m\u0113ne\u0161a laik\u0101). Rekl\u0101mdev\u0113js atz\u012bst, ka jebkura Analytics inform\u0101cijas panel\u012b sniegt\u0101 anal\u012bze ir apl\u0113se un tiks pabeigta tikai p\u0113c \u010detrpadsmit (14) kampa\u0146as m\u0113ne\u0161a dien\u0101m. Skaidr\u012bbas labad visi maks\u0101jumi tiek veikti Taboola nor\u0101d\u012btaj\u0101 val\u016bt\u0101, ja vien puses nav vienoju\u0161\u0101s cit\u0101di.<\/li>\n<\/ol>\n<\/li>\n<\/ol>\n","protected":false},"excerpt":{"rendered":"<p>NOTEIKUMI UN NOSAC\u012aJUMI SATURA IZPLAT\u012a\u0160ANAI TABOOLA T\u012aKL\u0100 Saska\u0146\u0101 ar \u0161iem Noteikumiem un nosac\u012bjumiem par satura izplat\u012b\u0161anu Taboola t\u012bkl\u0101 (&#8220;Noteikumi&#8221;): (a) Taboola.com Ltd. (&#8220;Taboola&#8221;) izplata Rekl\u0101mdev\u0113ja Saturu (defin\u0113ts t\u0101l\u0101k), izmantojot Taboola satura ieteikumu izplat\u012b\u0161anas platformu (&#8220;Platforma&#8221;) Taboola piedero\u0161aj\u0101s vai tre\u0161o pu\u0161u t\u012bmek\u013ca vietn\u0113s, digit\u0101lajos \u012bpa\u0161umos, lietotn\u0113s, komun\u0101lajos pakalpojumos, platform\u0101s, oper\u0113t\u0101jsist\u0113m\u0101s, pazi\u0146ojumos vai ier\u012bc\u0113s un partneros, ar [&hellip;]<\/p>\n","protected":false},"author":1,"featured_media":0,"parent":0,"menu_order":0,"comment_status":"closed","ping_status":"closed","template":"single-legal-toc-page.php","meta":{"_acf_changed":false,"footnotes":""},"class_list":["post-4302","page","type-page","status-publish","hentry"],"acf":[],"yoast_head":"<!-- This site is optimized with the Yoast SEO Premium plugin v26.9 (Yoast SEO v27.1.1) - https:\/\/yoast.com\/product\/yoast-seo-premium-wordpress\/ -->\n<title>TABOOLA NOTEIKUMI UN NOSAC\u012aJUMI AMERIKAS SAVIENOTAJ\u0100M VALST\u012aM - Taboola Policies<\/title>\n<meta name=\"robots\" content=\"index, follow, max-snippet:-1, max-image-preview:large, max-video-preview:-1\" \/>\n<link rel=\"canonical\" href=\"https:\/\/policies.taboola.com\/lv\/terms-and-conditions\/\" \/>\n<meta property=\"og:locale\" content=\"lv_LV\" \/>\n<meta property=\"og:type\" content=\"article\" \/>\n<meta property=\"og:title\" content=\"TABOOLA NOTEIKUMI UN NOSAC\u012aJUMI AMERIKAS SAVIENOTAJ\u0100M VALST\u012aM\" \/>\n<meta property=\"og:description\" content=\"NOTEIKUMI UN NOSAC\u012aJUMI SATURA IZPLAT\u012a\u0160ANAI TABOOLA T\u012aKL\u0100 Saska\u0146\u0101 ar \u0161iem Noteikumiem un nosac\u012bjumiem par satura izplat\u012b\u0161anu Taboola t\u012bkl\u0101 (&#8220;Noteikumi&#8221;): (a) Taboola.com Ltd. (&#8220;Taboola&#8221;) izplata Rekl\u0101mdev\u0113ja Saturu (defin\u0113ts t\u0101l\u0101k), izmantojot Taboola satura ieteikumu izplat\u012b\u0161anas platformu (&#8220;Platforma&#8221;) Taboola piedero\u0161aj\u0101s vai tre\u0161o pu\u0161u t\u012bmek\u013ca vietn\u0113s, digit\u0101lajos \u012bpa\u0161umos, lietotn\u0113s, komun\u0101lajos pakalpojumos, platform\u0101s, oper\u0113t\u0101jsist\u0113m\u0101s, pazi\u0146ojumos vai ier\u012bc\u0113s un partneros, ar [&hellip;]\" \/>\n<meta property=\"og:url\" content=\"https:\/\/policies.taboola.com\/lv\/terms-and-conditions\/\" \/>\n<meta property=\"og:site_name\" content=\"Taboola Policies\" \/>\n<meta property=\"article:modified_time\" content=\"2025-11-05T20:00:52+00:00\" \/>\n<meta name=\"twitter:card\" content=\"summary_large_image\" \/>\n<meta name=\"twitter:label1\" content=\"Est. reading time\" \/>\n\t<meta name=\"twitter:data1\" content=\"8 minutes\" \/>\n<script type=\"application\/ld+json\" class=\"yoast-schema-graph\">{\"@context\":\"https:\/\/schema.org\",\"@graph\":[{\"@type\":\"WebPage\",\"@id\":\"https:\/\/policies.taboola.com\/lv\/terms-and-conditions\/\",\"url\":\"https:\/\/policies.taboola.com\/lv\/terms-and-conditions\/\",\"name\":\"TABOOLA NOTEIKUMI UN NOSAC\u012aJUMI AMERIKAS SAVIENOTAJ\u0100M VALST\u012aM - Taboola Policies\",\"isPartOf\":{\"@id\":\"https:\/\/policies.taboola.com\/lv\/#website\"},\"datePublished\":\"2025-09-26T08:13:21+00:00\",\"dateModified\":\"2025-11-05T20:00:52+00:00\",\"breadcrumb\":{\"@id\":\"https:\/\/policies.taboola.com\/lv\/terms-and-conditions\/#breadcrumb\"},\"inLanguage\":\"lv-LV\",\"potentialAction\":[{\"@type\":\"ReadAction\",\"target\":[\"https:\/\/policies.taboola.com\/lv\/terms-and-conditions\/\"]}]},{\"@type\":\"BreadcrumbList\",\"@id\":\"https:\/\/policies.taboola.com\/lv\/terms-and-conditions\/#breadcrumb\",\"itemListElement\":[{\"@type\":\"ListItem\",\"position\":1,\"name\":\"Home\",\"item\":\"https:\/\/policies.taboola.com\/lv\/\"},{\"@type\":\"ListItem\",\"position\":2,\"name\":\"TABOOLA NOTEIKUMI UN NOSAC\u012aJUMI AMERIKAS SAVIENOTAJ\u0100M VALST\u012aM\"}]},{\"@type\":\"WebSite\",\"@id\":\"https:\/\/policies.taboola.com\/lv\/#website\",\"url\":\"https:\/\/policies.taboola.com\/lv\/\",\"name\":\"Taboola Policies\",\"description\":\"\",\"potentialAction\":[{\"@type\":\"SearchAction\",\"target\":{\"@type\":\"EntryPoint\",\"urlTemplate\":\"https:\/\/policies.taboola.com\/lv\/?s={search_term_string}\"},\"query-input\":{\"@type\":\"PropertyValueSpecification\",\"valueRequired\":true,\"valueName\":\"search_term_string\"}}],\"inLanguage\":\"lv-LV\"}]}<\/script>\n<!-- \/ Yoast SEO Premium plugin. -->","yoast_head_json":{"title":"TABOOLA NOTEIKUMI UN NOSAC\u012aJUMI AMERIKAS SAVIENOTAJ\u0100M VALST\u012aM - Taboola Policies","robots":{"index":"index","follow":"follow","max-snippet":"max-snippet:-1","max-image-preview":"max-image-preview:large","max-video-preview":"max-video-preview:-1"},"canonical":"https:\/\/policies.taboola.com\/lv\/terms-and-conditions\/","og_locale":"lv_LV","og_type":"article","og_title":"TABOOLA NOTEIKUMI UN NOSAC\u012aJUMI AMERIKAS SAVIENOTAJ\u0100M VALST\u012aM","og_description":"NOTEIKUMI UN NOSAC\u012aJUMI SATURA IZPLAT\u012a\u0160ANAI TABOOLA T\u012aKL\u0100 Saska\u0146\u0101 ar \u0161iem Noteikumiem un nosac\u012bjumiem par satura izplat\u012b\u0161anu Taboola t\u012bkl\u0101 (&#8220;Noteikumi&#8221;): (a) Taboola.com Ltd. (&#8220;Taboola&#8221;) izplata Rekl\u0101mdev\u0113ja Saturu (defin\u0113ts t\u0101l\u0101k), izmantojot Taboola satura ieteikumu izplat\u012b\u0161anas platformu (&#8220;Platforma&#8221;) Taboola piedero\u0161aj\u0101s vai tre\u0161o pu\u0161u t\u012bmek\u013ca vietn\u0113s, digit\u0101lajos \u012bpa\u0161umos, lietotn\u0113s, komun\u0101lajos pakalpojumos, platform\u0101s, oper\u0113t\u0101jsist\u0113m\u0101s, pazi\u0146ojumos vai ier\u012bc\u0113s un partneros, ar [&hellip;]","og_url":"https:\/\/policies.taboola.com\/lv\/terms-and-conditions\/","og_site_name":"Taboola Policies","article_modified_time":"2025-11-05T20:00:52+00:00","twitter_card":"summary_large_image","twitter_misc":{"Est. reading time":"8 minutes"},"schema":{"@context":"https:\/\/schema.org","@graph":[{"@type":"WebPage","@id":"https:\/\/policies.taboola.com\/lv\/terms-and-conditions\/","url":"https:\/\/policies.taboola.com\/lv\/terms-and-conditions\/","name":"TABOOLA NOTEIKUMI UN NOSAC\u012aJUMI AMERIKAS SAVIENOTAJ\u0100M VALST\u012aM - Taboola Policies","isPartOf":{"@id":"https:\/\/policies.taboola.com\/lv\/#website"},"datePublished":"2025-09-26T08:13:21+00:00","dateModified":"2025-11-05T20:00:52+00:00","breadcrumb":{"@id":"https:\/\/policies.taboola.com\/lv\/terms-and-conditions\/#breadcrumb"},"inLanguage":"lv-LV","potentialAction":[{"@type":"ReadAction","target":["https:\/\/policies.taboola.com\/lv\/terms-and-conditions\/"]}]},{"@type":"BreadcrumbList","@id":"https:\/\/policies.taboola.com\/lv\/terms-and-conditions\/#breadcrumb","itemListElement":[{"@type":"ListItem","position":1,"name":"Home","item":"https:\/\/policies.taboola.com\/lv\/"},{"@type":"ListItem","position":2,"name":"TABOOLA NOTEIKUMI UN NOSAC\u012aJUMI AMERIKAS SAVIENOTAJ\u0100M VALST\u012aM"}]},{"@type":"WebSite","@id":"https:\/\/policies.taboola.com\/lv\/#website","url":"https:\/\/policies.taboola.com\/lv\/","name":"Taboola Policies","description":"","potentialAction":[{"@type":"SearchAction","target":{"@type":"EntryPoint","urlTemplate":"https:\/\/policies.taboola.com\/lv\/?s={search_term_string}"},"query-input":{"@type":"PropertyValueSpecification","valueRequired":true,"valueName":"search_term_string"}}],"inLanguage":"lv-LV"}]}},"_links":{"self":[{"href":"https:\/\/policies.taboola.com\/lv\/wp-json\/wp\/v2\/pages\/4302","targetHints":{"allow":["GET"]}}],"collection":[{"href":"https:\/\/policies.taboola.com\/lv\/wp-json\/wp\/v2\/pages"}],"about":[{"href":"https:\/\/policies.taboola.com\/lv\/wp-json\/wp\/v2\/types\/page"}],"author":[{"embeddable":true,"href":"https:\/\/policies.taboola.com\/lv\/wp-json\/wp\/v2\/users\/1"}],"replies":[{"embeddable":true,"href":"https:\/\/policies.taboola.com\/lv\/wp-json\/wp\/v2\/comments?post=4302"}],"version-history":[{"count":1,"href":"https:\/\/policies.taboola.com\/lv\/wp-json\/wp\/v2\/pages\/4302\/revisions"}],"predecessor-version":[{"id":4303,"href":"https:\/\/policies.taboola.com\/lv\/wp-json\/wp\/v2\/pages\/4302\/revisions\/4303"}],"wp:attachment":[{"href":"https:\/\/policies.taboola.com\/lv\/wp-json\/wp\/v2\/media?parent=4302"}],"curies":[{"name":"wp","href":"https:\/\/api.w.org\/{rel}","templated":true}]}}