{"id":4393,"date":"2025-08-20T19:05:02","date_gmt":"2025-08-20T19:05:02","guid":{"rendered":"https:\/\/policies.taboola.com\/taboola-reklamdeveju-datu-izmantosanas-politika\/"},"modified":"2025-11-05T20:02:10","modified_gmt":"2025-11-05T20:02:10","slug":"taboola-advertiser-data-use-policy","status":"publish","type":"page","link":"https:\/\/policies.taboola.com\/lv\/taboola-advertiser-data-use-policy\/","title":{"rendered":"TABOOLA REKL\u0100MDEV\u0112JU DATU IZMANTO\u0160ANAS POLITIKA"},"content":{"rendered":"<p>\u0160\u012bs Taboola Rekl\u0101mdev\u0113ju datu izmanto\u0161anas politikas (&#8220;Politika&#8221;) m\u0113r\u0137is ir pal\u012bdz\u0113t nov\u0113rst diskrimin\u0113jo\u0161u praksi, kas rodas, m\u0113r\u0137\u0113jot rekl\u0101mas uz lietot\u0101jiem, pamatojoties uz potenci\u0101li sensit\u012bvu inform\u0101ciju. \u0160aj\u0101 politik\u0101 ir izkl\u0101st\u012bti noteikumi, kurus j\u016bs (&#8220;j\u016bs&#8221; vai &#8220;Rekl\u0101mdev\u0113js&#8221;) piekr\u012btat iev\u0113rot, ja izv\u0113laties optimiz\u0113t savas Kampa\u0146as Taboola t\u012bkl\u0101, izmantojot da\u017e\u0101das datu funkcijas, ko Taboola.com Ltd. vai t\u0101s meitasuz\u0146\u0113mumi vai saist\u012btie uz\u0146\u0113mumi (i) pied\u0101v\u0101, izmantojot Datu tirgu, un (ii) izveido k\u0101 piel\u0101gotas auditorijas no pa\u0161a Rekl\u0101mdev\u0113ja datiem (kop\u0101 sauktas &#8220;Auditorijas&#8221;). Jebkuram \u0161eit lietotam, bet nedefin\u0113tam terminam ar lielo s\u0101kumburtu ir t\u0101da noz\u012bme, k\u0101da tiem pie\u0161\u0137irta Noteikumos (k\u0101 defin\u0113ts turpm\u0101k).<\/p>\n<p>J\u016bsu Kampa\u0146as un auditoriju izmanto\u0161ana nedr\u012bkst izsl\u0113gt, diskrimin\u0113t vai veicin\u0101t diskrimin\u0101ciju pret k\u0101du konkr\u0113tu grupu vai personu, pamatojoties uz t\u0101diem personiskiem raksturlielumiem k\u0101 rase, etnisk\u0101 izcelsme, \u0101das kr\u0101sa, sen\u010di, nacion\u0101l\u0101 izcelsme, izcelsmes vieta, reli\u0123ija, tic\u012bba, tic\u012bba, vecums, valoda, dzimums, seksu\u0101l\u0101 orient\u0101cija, dzimuma identit\u0101te vai izpausme, \u0123imenes st\u0101voklis, \u0123imenes st\u0101voklis, \u0123imenes st\u0101voklis, \u0123imenes st\u0101voklis, ien\u0101kumu avots, soci\u0101lais st\u0101voklis, politisk\u0101 p\u0101rliec\u012bba, invalidit\u0101te, vesel\u012bbas vai \u0123en\u0113tiskais st\u0101voklis. Tas noz\u012bm\u0113, ka j\u016bs nedr\u012bkstat izmantot Auditorijas vai Taboola Rekl\u0101mas, lai (i) nepamatoti (i) m\u0113r\u0137\u0113tu konkr\u0113tas cilv\u0113ku grupas rekl\u0101m\u0101m (skatiet Taboola Rekl\u0101mas politiku: <a href=\"https:\/\/help.taboola.com\/hc\/en-us\/articles\/115007009268-Prohibited-Campaign-Practices\" target=\"_blank\" rel=\"noopener noreferrer\">Aizliegt\u0101s Kampa\u0146u prakses<\/a>), vai (ii) izsl\u0113gt no j\u016bsu Kampa\u0146u skat\u012b\u0161anas konkr\u0113tas personu grupas. Tas noz\u012bm\u0113 ar\u012b to, ka nevien\u0101 no j\u016bsu kampa\u0146\u0101m nedr\u012bkst iek\u013caut diskrimin\u0113jo\u0161u saturu (skatiet Taboola Rekl\u0101mas politiku:\u00a0<a href=\"https:\/\/help.taboola.com\/hc\/en-us\/articles\/115007068368-Prohibited-Content-Products-and-Services\" target=\"_blank\" rel=\"noopener noreferrer\">Aizliegtais saturs, produkti un pakalpojumi<\/a>).<\/p>\n<p>Rekl\u0101mdev\u0113jiem ir ar\u012b j\u0101iev\u0113ro piem\u0113rojamie ties\u012bbu akti, kas aizliedz diskrimin\u0101ciju. Tie ietver ties\u012bbu aktus, kas aizliedz diskrimin\u0113t cilv\u0113ku grupas, piem\u0113ram, saist\u012bb\u0101 ar m\u0101jok\u013ca, darba un kred\u012bta pied\u0101v\u0101jumiem.<\/p>\n<ul>\n<li>ASV M\u0101jok\u013cu un pils\u0113tu att\u012bst\u012bbas departaments<\/li>\n<li>ASV Nodarbin\u0101t\u012bbas iesp\u0113ju vienl\u012bdz\u012bbas komisija<\/li>\n<li>Pat\u0113r\u0113t\u0101ju finan\u0161u aizsardz\u012bbas birojs<\/li>\n<li>Amerikas Pilso\u0146u br\u012bv\u012bbu savien\u012bba<\/li>\n<li>Vad\u012bbas konferences par pilsoniskaj\u0101m un cilv\u0113kties\u012bb\u0101m<\/li>\n<li>Tieslietu departaments &#8211; Pilso\u0146u ties\u012bbu noda\u013ca<\/li>\n<li>Nacion\u0101l\u0101 taisn\u012bga m\u0101jok\u013ca alianse<\/li>\n<\/ul>\n<p>Izmantojot Auditorijas, j\u016bs piekr\u012btat, ka esat izlas\u012bjis un piekr\u012btat \u0161ai politikai. J\u016bs piekr\u012btat izmantot Auditorijas tikai saist\u012bb\u0101 ar j\u016bsu Taboola t\u012bkl\u0101 veiktaj\u0101m Kampa\u0146\u0101m. \u0160\u012b Politika neaizst\u0101j ar Taboola nosl\u0113gtos noteikumus vai citus l\u012bgumus, kas attiecas uz j\u016bsu Kampa\u0146u izplat\u012b\u0161anu Taboola t\u012bkl\u0101 (&#8220;Noteikumi&#8221;). Ja starp \u0161o Politiku un Noteikumiem past\u0101v skaidra pretruna, attiec\u012bb\u0101 uz Auditoriju lieto\u0161anu un tikai pretrunas apm\u0113r\u0101 tiks piem\u0113rota tikai \u0161\u012b Politika.<\/p>\n","protected":false},"excerpt":{"rendered":"<p>\u0160\u012bs Taboola Rekl\u0101mdev\u0113ju datu izmanto\u0161anas politikas (&#8220;Politika&#8221;) m\u0113r\u0137is ir pal\u012bdz\u0113t nov\u0113rst diskrimin\u0113jo\u0161u praksi, kas rodas, m\u0113r\u0137\u0113jot rekl\u0101mas uz lietot\u0101jiem, pamatojoties uz potenci\u0101li sensit\u012bvu inform\u0101ciju. \u0160aj\u0101 politik\u0101 ir izkl\u0101st\u012bti noteikumi, kurus j\u016bs (&#8220;j\u016bs&#8221; vai &#8220;Rekl\u0101mdev\u0113js&#8221;) piekr\u012btat iev\u0113rot, ja izv\u0113laties optimiz\u0113t savas Kampa\u0146as Taboola t\u012bkl\u0101, izmantojot da\u017e\u0101das datu funkcijas, ko Taboola.com Ltd. vai t\u0101s meitasuz\u0146\u0113mumi vai saist\u012btie [&hellip;]<\/p>\n","protected":false},"author":3,"featured_media":0,"parent":0,"menu_order":0,"comment_status":"closed","ping_status":"closed","template":"single-legal-page.php","meta":{"_acf_changed":false,"footnotes":""},"class_list":["post-4393","page","type-page","status-publish","hentry"],"acf":[],"yoast_head":"<!-- This site is optimized with the Yoast SEO Premium plugin v26.9 (Yoast SEO v27.1.1) - https:\/\/yoast.com\/product\/yoast-seo-premium-wordpress\/ -->\n<title>TABOOLA REKL\u0100MDEV\u0112JU DATU IZMANTO\u0160ANAS POLITIKA - Taboola Policies<\/title>\n<meta name=\"robots\" content=\"index, follow, max-snippet:-1, max-image-preview:large, max-video-preview:-1\" \/>\n<link rel=\"canonical\" href=\"https:\/\/policies.taboola.com\/lv\/taboola-advertiser-data-use-policy\/\" \/>\n<meta property=\"og:locale\" content=\"lv_LV\" \/>\n<meta property=\"og:type\" content=\"article\" \/>\n<meta property=\"og:title\" content=\"TABOOLA REKL\u0100MDEV\u0112JU DATU IZMANTO\u0160ANAS POLITIKA\" \/>\n<meta property=\"og:description\" content=\"\u0160\u012bs Taboola Rekl\u0101mdev\u0113ju datu izmanto\u0161anas politikas (&#8220;Politika&#8221;) m\u0113r\u0137is ir pal\u012bdz\u0113t nov\u0113rst diskrimin\u0113jo\u0161u praksi, kas rodas, m\u0113r\u0137\u0113jot rekl\u0101mas uz lietot\u0101jiem, pamatojoties uz potenci\u0101li sensit\u012bvu inform\u0101ciju. \u0160aj\u0101 politik\u0101 ir izkl\u0101st\u012bti noteikumi, kurus j\u016bs (&#8220;j\u016bs&#8221; vai &#8220;Rekl\u0101mdev\u0113js&#8221;) piekr\u012btat iev\u0113rot, ja izv\u0113laties optimiz\u0113t savas Kampa\u0146as Taboola t\u012bkl\u0101, izmantojot da\u017e\u0101das datu funkcijas, ko Taboola.com Ltd. vai t\u0101s meitasuz\u0146\u0113mumi vai saist\u012btie [&hellip;]\" \/>\n<meta property=\"og:url\" content=\"https:\/\/policies.taboola.com\/lv\/taboola-advertiser-data-use-policy\/\" \/>\n<meta property=\"og:site_name\" content=\"Taboola Policies\" \/>\n<meta property=\"article:modified_time\" content=\"2025-11-05T20:02:10+00:00\" \/>\n<meta name=\"twitter:card\" content=\"summary_large_image\" \/>\n<meta name=\"twitter:label1\" content=\"Est. reading time\" \/>\n\t<meta name=\"twitter:data1\" content=\"3 minutes\" \/>\n<script type=\"application\/ld+json\" class=\"yoast-schema-graph\">{\"@context\":\"https:\/\/schema.org\",\"@graph\":[{\"@type\":\"WebPage\",\"@id\":\"https:\/\/policies.taboola.com\/lv\/taboola-advertiser-data-use-policy\/\",\"url\":\"https:\/\/policies.taboola.com\/lv\/taboola-advertiser-data-use-policy\/\",\"name\":\"TABOOLA REKL\u0100MDEV\u0112JU DATU IZMANTO\u0160ANAS POLITIKA - Taboola Policies\",\"isPartOf\":{\"@id\":\"https:\/\/policies.taboola.com\/lv\/#website\"},\"datePublished\":\"2025-08-20T19:05:02+00:00\",\"dateModified\":\"2025-11-05T20:02:10+00:00\",\"breadcrumb\":{\"@id\":\"https:\/\/policies.taboola.com\/lv\/taboola-advertiser-data-use-policy\/#breadcrumb\"},\"inLanguage\":\"lv-LV\",\"potentialAction\":[{\"@type\":\"ReadAction\",\"target\":[\"https:\/\/policies.taboola.com\/lv\/taboola-advertiser-data-use-policy\/\"]}]},{\"@type\":\"BreadcrumbList\",\"@id\":\"https:\/\/policies.taboola.com\/lv\/taboola-advertiser-data-use-policy\/#breadcrumb\",\"itemListElement\":[{\"@type\":\"ListItem\",\"position\":1,\"name\":\"Home\",\"item\":\"https:\/\/policies.taboola.com\/lv\/\"},{\"@type\":\"ListItem\",\"position\":2,\"name\":\"TABOOLA REKL\u0100MDEV\u0112JU DATU IZMANTO\u0160ANAS POLITIKA\"}]},{\"@type\":\"WebSite\",\"@id\":\"https:\/\/policies.taboola.com\/lv\/#website\",\"url\":\"https:\/\/policies.taboola.com\/lv\/\",\"name\":\"Taboola Policies\",\"description\":\"\",\"potentialAction\":[{\"@type\":\"SearchAction\",\"target\":{\"@type\":\"EntryPoint\",\"urlTemplate\":\"https:\/\/policies.taboola.com\/lv\/?s={search_term_string}\"},\"query-input\":{\"@type\":\"PropertyValueSpecification\",\"valueRequired\":true,\"valueName\":\"search_term_string\"}}],\"inLanguage\":\"lv-LV\"}]}<\/script>\n<!-- \/ Yoast SEO Premium plugin. -->","yoast_head_json":{"title":"TABOOLA REKL\u0100MDEV\u0112JU DATU IZMANTO\u0160ANAS POLITIKA - Taboola Policies","robots":{"index":"index","follow":"follow","max-snippet":"max-snippet:-1","max-image-preview":"max-image-preview:large","max-video-preview":"max-video-preview:-1"},"canonical":"https:\/\/policies.taboola.com\/lv\/taboola-advertiser-data-use-policy\/","og_locale":"lv_LV","og_type":"article","og_title":"TABOOLA REKL\u0100MDEV\u0112JU DATU IZMANTO\u0160ANAS POLITIKA","og_description":"\u0160\u012bs Taboola Rekl\u0101mdev\u0113ju datu izmanto\u0161anas politikas (&#8220;Politika&#8221;) m\u0113r\u0137is ir pal\u012bdz\u0113t nov\u0113rst diskrimin\u0113jo\u0161u praksi, kas rodas, m\u0113r\u0137\u0113jot rekl\u0101mas uz lietot\u0101jiem, pamatojoties uz potenci\u0101li sensit\u012bvu inform\u0101ciju. \u0160aj\u0101 politik\u0101 ir izkl\u0101st\u012bti noteikumi, kurus j\u016bs (&#8220;j\u016bs&#8221; vai &#8220;Rekl\u0101mdev\u0113js&#8221;) piekr\u012btat iev\u0113rot, ja izv\u0113laties optimiz\u0113t savas Kampa\u0146as Taboola t\u012bkl\u0101, izmantojot da\u017e\u0101das datu funkcijas, ko Taboola.com Ltd. vai t\u0101s meitasuz\u0146\u0113mumi vai saist\u012btie [&hellip;]","og_url":"https:\/\/policies.taboola.com\/lv\/taboola-advertiser-data-use-policy\/","og_site_name":"Taboola Policies","article_modified_time":"2025-11-05T20:02:10+00:00","twitter_card":"summary_large_image","twitter_misc":{"Est. reading time":"3 minutes"},"schema":{"@context":"https:\/\/schema.org","@graph":[{"@type":"WebPage","@id":"https:\/\/policies.taboola.com\/lv\/taboola-advertiser-data-use-policy\/","url":"https:\/\/policies.taboola.com\/lv\/taboola-advertiser-data-use-policy\/","name":"TABOOLA REKL\u0100MDEV\u0112JU DATU IZMANTO\u0160ANAS POLITIKA - Taboola Policies","isPartOf":{"@id":"https:\/\/policies.taboola.com\/lv\/#website"},"datePublished":"2025-08-20T19:05:02+00:00","dateModified":"2025-11-05T20:02:10+00:00","breadcrumb":{"@id":"https:\/\/policies.taboola.com\/lv\/taboola-advertiser-data-use-policy\/#breadcrumb"},"inLanguage":"lv-LV","potentialAction":[{"@type":"ReadAction","target":["https:\/\/policies.taboola.com\/lv\/taboola-advertiser-data-use-policy\/"]}]},{"@type":"BreadcrumbList","@id":"https:\/\/policies.taboola.com\/lv\/taboola-advertiser-data-use-policy\/#breadcrumb","itemListElement":[{"@type":"ListItem","position":1,"name":"Home","item":"https:\/\/policies.taboola.com\/lv\/"},{"@type":"ListItem","position":2,"name":"TABOOLA REKL\u0100MDEV\u0112JU DATU IZMANTO\u0160ANAS POLITIKA"}]},{"@type":"WebSite","@id":"https:\/\/policies.taboola.com\/lv\/#website","url":"https:\/\/policies.taboola.com\/lv\/","name":"Taboola Policies","description":"","potentialAction":[{"@type":"SearchAction","target":{"@type":"EntryPoint","urlTemplate":"https:\/\/policies.taboola.com\/lv\/?s={search_term_string}"},"query-input":{"@type":"PropertyValueSpecification","valueRequired":true,"valueName":"search_term_string"}}],"inLanguage":"lv-LV"}]}},"_links":{"self":[{"href":"https:\/\/policies.taboola.com\/lv\/wp-json\/wp\/v2\/pages\/4393","targetHints":{"allow":["GET"]}}],"collection":[{"href":"https:\/\/policies.taboola.com\/lv\/wp-json\/wp\/v2\/pages"}],"about":[{"href":"https:\/\/policies.taboola.com\/lv\/wp-json\/wp\/v2\/types\/page"}],"author":[{"embeddable":true,"href":"https:\/\/policies.taboola.com\/lv\/wp-json\/wp\/v2\/users\/3"}],"replies":[{"embeddable":true,"href":"https:\/\/policies.taboola.com\/lv\/wp-json\/wp\/v2\/comments?post=4393"}],"version-history":[{"count":1,"href":"https:\/\/policies.taboola.com\/lv\/wp-json\/wp\/v2\/pages\/4393\/revisions"}],"predecessor-version":[{"id":4394,"href":"https:\/\/policies.taboola.com\/lv\/wp-json\/wp\/v2\/pages\/4393\/revisions\/4394"}],"wp:attachment":[{"href":"https:\/\/policies.taboola.com\/lv\/wp-json\/wp\/v2\/media?parent=4393"}],"curies":[{"name":"wp","href":"https:\/\/api.w.org\/{rel}","templated":true}]}}