{"id":4499,"date":"2025-10-02T14:14:25","date_gmt":"2025-10-02T14:14:25","guid":{"rendered":"https:\/\/policies.taboola.com\/taboola-filiales\/"},"modified":"2025-11-05T20:03:47","modified_gmt":"2025-11-05T20:03:47","slug":"taboolas-affiliates","status":"publish","type":"page","link":"https:\/\/policies.taboola.com\/lv\/taboolas-affiliates\/","title":{"rendered":"Taboola fili\u0101les"},"content":{"rendered":"<p><strong><u>Fili\u0101\u013cu saraksts<\/u><\/strong><\/p>\n<p><strong>Vec\u0101ks<\/strong><\/p>\n<ul>\n<li>Taboola.com Ltd.<\/li>\n<\/ul>\n<p><strong>Amerika<\/strong><\/p>\n<ul>\n<li>Taboola, Inc.<\/li>\n<li>Atrium Logistics SIA<\/li>\n<li>Taboola Holdings, Inc.<\/li>\n<li>Perfect Market, Inc.<\/li>\n<li>Arh\u012bvu rac\u0113js, Inc.<\/li>\n<li>Leads Mind, Inc.<\/li>\n<li>Taboola Brasil Internet Ltda.<\/li>\n<li>Taboola M\u00e9xico, Dienvidkarol\u012bnas CV<\/li>\n<li>Taboola Logistics Mx, SA de CV<\/li>\n<li>Connexity, Inc.<\/li>\n<li>Taboola Canada Corp.<\/li>\n<\/ul>\n<p><strong>EMEA<\/strong><\/p>\n<ul>\n<li>Taboola Europe Limited<\/li>\n<li>Taboola France SAS<\/li>\n<li>Taboola Germany GmbH<\/li>\n<li>Tab\u016blas defin\u0113\u0161ana, SLU<\/li>\n<li>Taboola Turkey Dijital Platform \u00c7\u00f6z\u00fcmleri Limited \u015eirketi<\/li>\n<li>Taboola It\u0101lija Srl.<\/li>\n<li>Gravity p\u0113tniec\u012bbas un att\u012bst\u012bbas Zrt<\/li>\n<li>Connexity Europe GmbH<\/li>\n<li>Skimbit Limited<\/li>\n<\/ul>\n<p><strong>APAC<\/strong><\/p>\n<ul>\n<li>Taboola (Taizeme) Limited<\/li>\n<li>Taboola India Private Limited<\/li>\n<li>Taboola Jap\u0101na KK<\/li>\n<li>Taboola inform\u0101cijas tehnolo\u0123iju uz\u0146\u0113mums Shanghai Co. Ltd.<\/li>\n<li>Taboola Australia Pty Ltd.<\/li>\n<li>Taboola Korea Ltd.<\/li>\n<li>Taboola (Hong Kong) Limited<\/li>\n<li>Taboola Taiwan Ltd.<\/li>\n<li>Skimlinks KK<\/li>\n<\/ul>\n<p>\u00a0<\/p>\n<p>\u00a0<\/p>\n","protected":false},"excerpt":{"rendered":"<p>Fili\u0101\u013cu saraksts Vec\u0101ks Taboola.com Ltd. Amerika Taboola, Inc. Atrium Logistics SIA Taboola Holdings, Inc. Perfect Market, Inc. Arh\u012bvu rac\u0113js, Inc. Leads Mind, Inc. Taboola Brasil Internet Ltda. Taboola M\u00e9xico, Dienvidkarol\u012bnas CV Taboola Logistics Mx, SA de CV Connexity, Inc. Taboola Canada Corp. EMEA Taboola Europe Limited Taboola France SAS Taboola Germany GmbH Tab\u016blas defin\u0113\u0161ana, SLU [&hellip;]<\/p>\n","protected":false},"author":3,"featured_media":0,"parent":0,"menu_order":0,"comment_status":"closed","ping_status":"closed","template":"single-legal-page.php","meta":{"_acf_changed":false,"footnotes":""},"class_list":["post-4499","page","type-page","status-publish","hentry"],"acf":[],"yoast_head":"<!-- This site is optimized with the Yoast SEO Premium plugin v26.9 (Yoast SEO v27.1.1) - https:\/\/yoast.com\/product\/yoast-seo-premium-wordpress\/ -->\n<title>Taboola fili\u0101les - Taboola Policies<\/title>\n<meta name=\"robots\" content=\"index, follow, max-snippet:-1, max-image-preview:large, max-video-preview:-1\" \/>\n<link rel=\"canonical\" href=\"https:\/\/policies.taboola.com\/lv\/taboolas-affiliates\/\" \/>\n<meta property=\"og:locale\" content=\"lv_LV\" \/>\n<meta property=\"og:type\" content=\"article\" \/>\n<meta property=\"og:title\" content=\"Taboola fili\u0101les\" \/>\n<meta property=\"og:description\" content=\"Fili\u0101\u013cu saraksts Vec\u0101ks Taboola.com Ltd. Amerika Taboola, Inc. Atrium Logistics SIA Taboola Holdings, Inc. Perfect Market, Inc. Arh\u012bvu rac\u0113js, Inc. Leads Mind, Inc. Taboola Brasil Internet Ltda. Taboola M\u00e9xico, Dienvidkarol\u012bnas CV Taboola Logistics Mx, SA de CV Connexity, Inc. Taboola Canada Corp. EMEA Taboola Europe Limited Taboola France SAS Taboola Germany GmbH Tab\u016blas defin\u0113\u0161ana, SLU [&hellip;]\" \/>\n<meta property=\"og:url\" content=\"https:\/\/policies.taboola.com\/lv\/taboolas-affiliates\/\" \/>\n<meta property=\"og:site_name\" content=\"Taboola Policies\" \/>\n<meta property=\"article:modified_time\" content=\"2025-11-05T20:03:47+00:00\" \/>\n<meta name=\"twitter:card\" content=\"summary_large_image\" \/>\n<meta name=\"twitter:label1\" content=\"Est. reading time\" \/>\n\t<meta name=\"twitter:data1\" content=\"1 minute\" \/>\n<script type=\"application\/ld+json\" class=\"yoast-schema-graph\">{\"@context\":\"https:\/\/schema.org\",\"@graph\":[{\"@type\":\"WebPage\",\"@id\":\"https:\/\/policies.taboola.com\/lv\/taboolas-affiliates\/\",\"url\":\"https:\/\/policies.taboola.com\/lv\/taboolas-affiliates\/\",\"name\":\"Taboola fili\u0101les - Taboola Policies\",\"isPartOf\":{\"@id\":\"https:\/\/policies.taboola.com\/lv\/#website\"},\"datePublished\":\"2025-10-02T14:14:25+00:00\",\"dateModified\":\"2025-11-05T20:03:47+00:00\",\"breadcrumb\":{\"@id\":\"https:\/\/policies.taboola.com\/lv\/taboolas-affiliates\/#breadcrumb\"},\"inLanguage\":\"lv-LV\",\"potentialAction\":[{\"@type\":\"ReadAction\",\"target\":[\"https:\/\/policies.taboola.com\/lv\/taboolas-affiliates\/\"]}]},{\"@type\":\"BreadcrumbList\",\"@id\":\"https:\/\/policies.taboola.com\/lv\/taboolas-affiliates\/#breadcrumb\",\"itemListElement\":[{\"@type\":\"ListItem\",\"position\":1,\"name\":\"Home\",\"item\":\"https:\/\/policies.taboola.com\/lv\/\"},{\"@type\":\"ListItem\",\"position\":2,\"name\":\"Taboola fili\u0101les\"}]},{\"@type\":\"WebSite\",\"@id\":\"https:\/\/policies.taboola.com\/lv\/#website\",\"url\":\"https:\/\/policies.taboola.com\/lv\/\",\"name\":\"Taboola Policies\",\"description\":\"\",\"potentialAction\":[{\"@type\":\"SearchAction\",\"target\":{\"@type\":\"EntryPoint\",\"urlTemplate\":\"https:\/\/policies.taboola.com\/lv\/?s={search_term_string}\"},\"query-input\":{\"@type\":\"PropertyValueSpecification\",\"valueRequired\":true,\"valueName\":\"search_term_string\"}}],\"inLanguage\":\"lv-LV\"}]}<\/script>\n<!-- \/ Yoast SEO Premium plugin. -->","yoast_head_json":{"title":"Taboola fili\u0101les - Taboola Policies","robots":{"index":"index","follow":"follow","max-snippet":"max-snippet:-1","max-image-preview":"max-image-preview:large","max-video-preview":"max-video-preview:-1"},"canonical":"https:\/\/policies.taboola.com\/lv\/taboolas-affiliates\/","og_locale":"lv_LV","og_type":"article","og_title":"Taboola fili\u0101les","og_description":"Fili\u0101\u013cu saraksts Vec\u0101ks Taboola.com Ltd. Amerika Taboola, Inc. Atrium Logistics SIA Taboola Holdings, Inc. Perfect Market, Inc. Arh\u012bvu rac\u0113js, Inc. Leads Mind, Inc. Taboola Brasil Internet Ltda. Taboola M\u00e9xico, Dienvidkarol\u012bnas CV Taboola Logistics Mx, SA de CV Connexity, Inc. Taboola Canada Corp. EMEA Taboola Europe Limited Taboola France SAS Taboola Germany GmbH Tab\u016blas defin\u0113\u0161ana, SLU [&hellip;]","og_url":"https:\/\/policies.taboola.com\/lv\/taboolas-affiliates\/","og_site_name":"Taboola Policies","article_modified_time":"2025-11-05T20:03:47+00:00","twitter_card":"summary_large_image","twitter_misc":{"Est. reading time":"1 minute"},"schema":{"@context":"https:\/\/schema.org","@graph":[{"@type":"WebPage","@id":"https:\/\/policies.taboola.com\/lv\/taboolas-affiliates\/","url":"https:\/\/policies.taboola.com\/lv\/taboolas-affiliates\/","name":"Taboola fili\u0101les - Taboola Policies","isPartOf":{"@id":"https:\/\/policies.taboola.com\/lv\/#website"},"datePublished":"2025-10-02T14:14:25+00:00","dateModified":"2025-11-05T20:03:47+00:00","breadcrumb":{"@id":"https:\/\/policies.taboola.com\/lv\/taboolas-affiliates\/#breadcrumb"},"inLanguage":"lv-LV","potentialAction":[{"@type":"ReadAction","target":["https:\/\/policies.taboola.com\/lv\/taboolas-affiliates\/"]}]},{"@type":"BreadcrumbList","@id":"https:\/\/policies.taboola.com\/lv\/taboolas-affiliates\/#breadcrumb","itemListElement":[{"@type":"ListItem","position":1,"name":"Home","item":"https:\/\/policies.taboola.com\/lv\/"},{"@type":"ListItem","position":2,"name":"Taboola fili\u0101les"}]},{"@type":"WebSite","@id":"https:\/\/policies.taboola.com\/lv\/#website","url":"https:\/\/policies.taboola.com\/lv\/","name":"Taboola Policies","description":"","potentialAction":[{"@type":"SearchAction","target":{"@type":"EntryPoint","urlTemplate":"https:\/\/policies.taboola.com\/lv\/?s={search_term_string}"},"query-input":{"@type":"PropertyValueSpecification","valueRequired":true,"valueName":"search_term_string"}}],"inLanguage":"lv-LV"}]}},"_links":{"self":[{"href":"https:\/\/policies.taboola.com\/lv\/wp-json\/wp\/v2\/pages\/4499","targetHints":{"allow":["GET"]}}],"collection":[{"href":"https:\/\/policies.taboola.com\/lv\/wp-json\/wp\/v2\/pages"}],"about":[{"href":"https:\/\/policies.taboola.com\/lv\/wp-json\/wp\/v2\/types\/page"}],"author":[{"embeddable":true,"href":"https:\/\/policies.taboola.com\/lv\/wp-json\/wp\/v2\/users\/3"}],"replies":[{"embeddable":true,"href":"https:\/\/policies.taboola.com\/lv\/wp-json\/wp\/v2\/comments?post=4499"}],"version-history":[{"count":1,"href":"https:\/\/policies.taboola.com\/lv\/wp-json\/wp\/v2\/pages\/4499\/revisions"}],"predecessor-version":[{"id":4500,"href":"https:\/\/policies.taboola.com\/lv\/wp-json\/wp\/v2\/pages\/4499\/revisions\/4500"}],"wp:attachment":[{"href":"https:\/\/policies.taboola.com\/lv\/wp-json\/wp\/v2\/media?parent=4499"}],"curies":[{"name":"wp","href":"https:\/\/api.w.org\/{rel}","templated":true}]}}