{"id":668,"date":"2025-08-21T18:16:21","date_gmt":"2025-08-21T18:16:21","guid":{"rendered":"https:\/\/policies.taboola.com\/taboola-zinu-noteikumi-digitala-ipasuma-ipasniekiem\/"},"modified":"2026-03-13T14:25:18","modified_gmt":"2026-03-13T14:25:18","slug":"taboola-news-terms-for-digital-property-owners","status":"publish","type":"page","link":"https:\/\/policies.taboola.com\/lv\/taboola-news-terms-for-digital-property-owners\/","title":{"rendered":"Taboola News noteikumi digit\u0101lo \u012bpa\u0161umu \u012bpa\u0161niekiem"},"content":{"rendered":"<h1 style=\"text-align: center;\"><strong>Taboola News NOTEIKUMI DIGIT\u0100LO \u012aPA\u0160UMU \u012aPA\u0160NIEKIEM<\/strong><\/h1>\n<p>P\u0113d\u0113j\u0101 atjaunin\u0101\u0161ana: 2025. gada 18. augusts<\/p>\n<p>\u0160ie Taboola News noteikumi izdev\u0113jiem un digit\u0101lo \u012bpa\u0161umu \u012bpa\u0161niekiem (\u201cTaboola News noteikumi\u201d) attiecas uz digit\u0101lo \u012bpa\u0161umu \u012bpa\u0161niekiem, tostarp izdev\u0113jiem un cit\u0101m komp\u0101nij\u0101m (&#8220;Komp\u0101nija&#8221;), kas ir parakst\u012bju\u0161as l\u012bgumus ar Taboola, lai piedal\u012btos Taboola News programm\u0101 (\u201cL\u012bgums\u201d), un \u0161ie Taboola News noteikumi tiks uzskat\u012bti par iek\u013cautiem un veidos neat\u0146emamu da\u013cu no jebkura \u0161\u0101da L\u012bguma. \u0160eit neizskaidrotajiem terminiem b\u016bs to defin\u012bcija, kas noteikta attiec\u012bgaj\u0101 L\u012bgum\u0101. Lai b\u016btu skaidrs, jebkuras atsauces uz \u201cTre\u0161\u0101s puses \u012bpa\u0161uma \u012bpa\u0161nieku\u201d ir piem\u0113rojamas tikai tur, kur t\u0101s ir skaidri nor\u0101d\u012btas izpild\u012btaj\u0101 l\u012bgum\u0101 starp Komp\u0101niju un Taboola.<\/p>\n<ol>\n<li><strong>T<u>aboola zi\u0146as<\/u><\/strong>. Taboola sadarbojas ar digit\u0101lajiem \u012bpa\u0161umiem un mobil\u0101 ier\u012b\u010du ra\u017eot\u0101jiem vis\u0101 pasaul\u0113, lai \u012bstenotu vi\u0146u digit\u0101lajos \u012bpa\u0161umos un mobilaj\u0101s ier\u012bc\u0113s zi\u0146u pl\u016bsmu, ko nodro\u0161ina Taboola (&#8220;Taboola News Product&#8221;). Taboola News Product satur rakstu virsrakstus, \u012bsus tekstus kombin\u0101cij\u0101 ar att\u0113liem un video, kas \u013cauj Taboola izdev\u0113jiem padar\u012bt savu saturu pieejamu un sasniegt pla\u0161\u0101ku auditoriju (t.i., palielin\u0101t apmekl\u0113jumu un redzam\u012bbu \u012bpa\u0161umiem). Saturs tiek ieg\u016bts (manu\u0101li vai autom\u0101tiski) no izdev\u0113jiem, kas ir da\u013ca no Taboola t\u012bkla, un citiem tre\u0161ajiem, un var tikt papildin\u0101ts ar Taboola sponsor\u0113to saturu. Taboola News Product var tikt struktur\u0113ts k\u0101 ritin\u0101ma pl\u016bsma ar Content Cards, vai k\u0101 fons, vai jebkur\u0101 cit\u0101 form\u0101t\u0101, ko izstr\u0101d\u0101jusi Taboola, un par\u0101da (a) raksta virsrakstu un att\u0113lu, ko Taboola ir ieguvusi no tre\u0161\u0101s puses (manu\u0101li vai autom\u0101tiski) vai ko Komp\u0101nija pati ir izv\u0113l\u0113jusies attiec\u012bgajam raksta virsrakstam, (b) video, ko Taboola ir ieguvusi (manu\u0101li vai autom\u0101tiski) no \u012bpa\u0161umiem, Komp\u0101nijas vai Tre\u0161\u0101s puses \u012bpa\u0161uma \u012bpa\u0161nieka soci\u0101lo mediju kan\u0101liem vai ko Komp\u0101nija ir padar\u012bjusi pieejamu t\u012bmekl\u012b (piem\u0113ram, YouTube, Instagram, TikTok), vai no tre\u0161\u0101s puses, un\/vai (c) Taboola sponsor\u0113to saturu. Ja apmekl\u0113t\u0101js noklik\u0161\u0137ina uz viena satura, ko nodro\u0161in\u0101jusi Komp\u0101nija vai Tre\u0161\u0101s puses \u012bpa\u0161uma \u012bpa\u0161nieks, apmekl\u0113t\u0101js tiek vai nu (x) tie\u0161i novirz\u012bts uz \u012bpa\u0161umu, vai (y) novirz\u012bts uz t\u012bmek\u013ca lapu, ko kontrol\u0113 Taboola, kur\u0101 tiek r\u0101d\u012bts (i) raksta priek\u0161skat\u012bjums, kur\u0101 tiek r\u0101d\u012btas pirm\u0101s raksta teikumi (atkal kombin\u0101cij\u0101 ar att\u0113lu) vai raksta kopsavilkums, ko \u0123ener\u0113ju\u0161as automatiz\u0113tas risin\u0101jumi, vai (ii) video vien\u012bba; un no kuras apmekl\u0113t\u0101js var abos gad\u012bjumos noklik\u0161\u0137in\u0101t uz \u012bpa\u0161uma. Taboola patur ties\u012bbas veikt sapr\u0101t\u012bgas izmai\u0146as Taboola News apmekl\u0113t\u0101ja pieredz\u0113 optimiz\u0101cijas nol\u016bkos.<\/li>\n<li><strong><u>Licences<\/u><\/strong>. \u0160iem noteikumiem un L\u012bguma termi\u0146am Komp\u0101nija pie\u0161\u0137ir, un ir ieguvusi no Tre\u0161\u0101s puses \u012bpa\u0161uma \u012bpa\u0161nieka ties\u012bbas pie\u0161\u0137irt, Taboola neekskluz\u012bvas, glob\u0101las (a) ties\u012bbas izmantot jebkuru saturu no \u012bpa\u0161umiem un (b) pilnvarojumu piek\u013c\u016bt un ieg\u016bt jebkuru saturu no Komp\u0101nijas vai Tre\u0161\u0101s puses \u012bpa\u0161uma \u012bpa\u0161nieka soci\u0101lo mediju kan\u0101liem (ieskaitot tekstus, att\u0113lus, video \u2013 tostarp audio komponentu), abos (a) un (b) \u0161eit aprakst\u012btajiem nol\u016bkiem, \u012bpa\u0161i ties\u012bbas indeks\u0113t, lejupiel\u0101d\u0113t, glab\u0101t, reproduc\u0113t, public\u0113t, digitaliz\u0113t, padar\u012bt publiski pieejamu, k\u0101 ar\u012b ties\u012bbas redi\u0123\u0113t (piem\u0113ram, aizst\u0101t att\u0113lu, ko Komp\u0101nija ir izv\u0113l\u0113jusies konkr\u0113tam rakstam, ar augstas iz\u0161\u0137irtsp\u0113jas att\u0113lu, ko ir ieguvusi Taboola, sa\u012bsin\u0101t rakstu virsrakstus un z\u012bmola tekstus, kad tie neiederas pareizi mobilaj\u0101 ekr\u0101n\u0101), kur p\u0113d\u0113j\u0101 tiek pie\u0161\u0137irta tikai cikt\u0101l tas ir nepiecie\u0161ams, lai optimiz\u0113tu Taboola News pieredzi (k\u0101 nor\u0101d\u012bts \u0161eit sniegtajos piem\u0113ros). Komp\u0101nija t\u0101l\u0101k pie\u0161\u0137ir, ir ieguvusi no Tre\u0161\u0101s puses \u012bpa\u0161uma \u012bpa\u0161nieka ties\u012bbas pie\u0161\u0137irt, Taboola neekskluz\u012bvas, glob\u0101las ties\u012bbas izmantot un pie\u0161\u0137irt tre\u0161aj\u0101m pus\u0113m, kas ir \u012bstenoju\u0161as Taboola News savos \u012bpa\u0161umos vai ier\u012bc\u0113s, ties\u012bbas izmantot Komp\u0101nijas, Tre\u0161\u0101s puses \u012bpa\u0161uma \u012bpa\u0161nieka un \u012bpa\u0161umu nosaukumus un logotipus Taboola News m\u0101rketinga nol\u016bkiem. Komp\u0101nija apgalvo, ka tai pieder, vai ir nodro\u0161in\u0101jusi no Tre\u0161\u0101s puses \u012bpa\u0161uma \u012bpa\u0161nieka, visas ties\u012bbas uz Komp\u0101nijas saturu un sp\u0113j pie\u0161\u0137irt Taboola (un tre\u0161aj\u0101m pus\u0113m, kas ir \u012bstenoju\u0161as Taboola News savos \u012bpa\u0161umos vai ier\u012bc\u0113s) ties\u012bbas izmantot Komp\u0101nijas saturu Taboola News, un tre\u0161o pu\u0161u ties\u012bbas netiek p\u0101rk\u0101ptas k\u0101 rezult\u0101t\u0101.<\/li>\n<li><strong><u>Nav atl\u012bdz\u012bbas<\/u><\/strong>. Taboola satura izplat\u012b\u0161ana caur Taboola zi\u0146\u0101m ir bez maksas Komp\u0101nijai, un Taboola nav j\u0101maks\u0101 Komp\u0101nijai nek\u0101du licences maksu vai konkr\u0113tu naudas atl\u012bdz\u012bbu. Uz\u0146\u0113mums atz\u012bst, ka iesp\u0113ja rad\u012bt apmekl\u0113jumu uz \u012apa\u0161umiem un veicin\u0101t Uz\u0146\u0113muma z\u012bmola atpaz\u012bstam\u012bbu (papildus saglab\u0101jot 100% no ie\u0146\u0113mumiem, ko rada vien\u012bbas uz \u012apa\u0161umiem, iz\u0146emot Platformu) ir god\u012bga atl\u012bdz\u012bba par Uz\u0146\u0113muma Satura iek\u013cau\u0161anu un izmanto\u0161anu Taboola News. T\u0101d\u0113j\u0101di Uz\u0146\u0113mums netiks atl\u012bdzin\u0101ts par jebk\u0101diem rekl\u0101mas ie\u0146\u0113mumiem, ko rada vai lapu skat\u012bjumiem Platform\u0101, kas tiek r\u0101d\u012bti Apmekl\u0113t\u0101jiem, kas piek\u013c\u016bst \u012apa\u0161umam caur Taboola News, un Taboola saglab\u0101s visus bruto ie\u0146\u0113mumus, kas g\u016bti no Platformas jebkur\u0101 Taboola News Session (t.i., apmekl\u0113juma laik\u0101 uz \u012apa\u0161umu no Apmekl\u0113t\u0101ja, kur\u0161 ierodas \u0161aj\u0101 \u012apa\u0161um\u0101 caur Taboola News). Nek\u0101di lapu skat\u012bjumi uz Platformas Taboola News Session laik\u0101 netiks uzskait\u012bti k\u0101 Ieteikuma Lapu Skat\u012bjums.<\/li>\n<\/ol>\n<p>\u00a0<\/p>\n","protected":false},"excerpt":{"rendered":"<p>Taboola News NOTEIKUMI DIGIT\u0100LO \u012aPA\u0160UMU \u012aPA\u0160NIEKIEM P\u0113d\u0113j\u0101 atjaunin\u0101\u0161ana: 2025. gada 18. augusts \u0160ie Taboola News noteikumi izdev\u0113jiem un digit\u0101lo \u012bpa\u0161umu \u012bpa\u0161niekiem (\u201cTaboola News noteikumi\u201d) attiecas uz digit\u0101lo \u012bpa\u0161umu \u012bpa\u0161niekiem, tostarp izdev\u0113jiem un cit\u0101m komp\u0101nij\u0101m (&#8220;Komp\u0101nija&#8221;), kas ir parakst\u012bju\u0161as l\u012bgumus ar Taboola, lai piedal\u012btos Taboola News programm\u0101 (\u201cL\u012bgums\u201d), un \u0161ie Taboola News noteikumi tiks uzskat\u012bti par [&hellip;]<\/p>\n","protected":false},"author":3,"featured_media":0,"parent":0,"menu_order":0,"comment_status":"closed","ping_status":"closed","template":"single-legal-page.php","meta":{"_acf_changed":false,"footnotes":""},"class_list":["post-668","page","type-page","status-publish","hentry"],"acf":[],"yoast_head":"<!-- This site is optimized with the Yoast SEO Premium plugin v26.9 (Yoast SEO v27.1.1) - https:\/\/yoast.com\/product\/yoast-seo-premium-wordpress\/ -->\n<title>Taboola News noteikumi digit\u0101lo \u012bpa\u0161umu \u012bpa\u0161niekiem - Taboola Policies<\/title>\n<meta name=\"robots\" content=\"index, follow, max-snippet:-1, max-image-preview:large, max-video-preview:-1\" \/>\n<link rel=\"canonical\" href=\"https:\/\/policies.taboola.com\/lv\/taboola-news-terms-for-digital-property-owners\/\" \/>\n<meta property=\"og:locale\" content=\"lv_LV\" \/>\n<meta property=\"og:type\" content=\"article\" \/>\n<meta property=\"og:title\" content=\"Taboola News noteikumi digit\u0101lo \u012bpa\u0161umu \u012bpa\u0161niekiem\" \/>\n<meta property=\"og:description\" content=\"Taboola News NOTEIKUMI DIGIT\u0100LO \u012aPA\u0160UMU \u012aPA\u0160NIEKIEM P\u0113d\u0113j\u0101 atjaunin\u0101\u0161ana: 2025. gada 18. augusts \u0160ie Taboola News noteikumi izdev\u0113jiem un digit\u0101lo \u012bpa\u0161umu \u012bpa\u0161niekiem (\u201cTaboola News noteikumi\u201d) attiecas uz digit\u0101lo \u012bpa\u0161umu \u012bpa\u0161niekiem, tostarp izdev\u0113jiem un cit\u0101m komp\u0101nij\u0101m (&#8220;Komp\u0101nija&#8221;), kas ir parakst\u012bju\u0161as l\u012bgumus ar Taboola, lai piedal\u012btos Taboola News programm\u0101 (\u201cL\u012bgums\u201d), un \u0161ie Taboola News noteikumi tiks uzskat\u012bti par [&hellip;]\" \/>\n<meta property=\"og:url\" content=\"https:\/\/policies.taboola.com\/lv\/taboola-news-terms-for-digital-property-owners\/\" \/>\n<meta property=\"og:site_name\" content=\"Taboola Policies\" \/>\n<meta property=\"article:modified_time\" content=\"2026-03-13T14:25:18+00:00\" \/>\n<meta name=\"twitter:card\" content=\"summary_large_image\" \/>\n<meta name=\"twitter:label1\" content=\"Est. reading time\" \/>\n\t<meta name=\"twitter:data1\" content=\"5 minutes\" \/>\n<script type=\"application\/ld+json\" class=\"yoast-schema-graph\">{\"@context\":\"https:\/\/schema.org\",\"@graph\":[{\"@type\":\"WebPage\",\"@id\":\"https:\/\/policies.taboola.com\/lv\/taboola-news-terms-for-digital-property-owners\/\",\"url\":\"https:\/\/policies.taboola.com\/lv\/taboola-news-terms-for-digital-property-owners\/\",\"name\":\"Taboola News noteikumi digit\u0101lo \u012bpa\u0161umu \u012bpa\u0161niekiem - Taboola Policies\",\"isPartOf\":{\"@id\":\"https:\/\/policies.taboola.com\/lv\/#website\"},\"datePublished\":\"2025-08-21T18:16:21+00:00\",\"dateModified\":\"2026-03-13T14:25:18+00:00\",\"breadcrumb\":{\"@id\":\"https:\/\/policies.taboola.com\/lv\/taboola-news-terms-for-digital-property-owners\/#breadcrumb\"},\"inLanguage\":\"lv-LV\",\"potentialAction\":[{\"@type\":\"ReadAction\",\"target\":[\"https:\/\/policies.taboola.com\/lv\/taboola-news-terms-for-digital-property-owners\/\"]}]},{\"@type\":\"BreadcrumbList\",\"@id\":\"https:\/\/policies.taboola.com\/lv\/taboola-news-terms-for-digital-property-owners\/#breadcrumb\",\"itemListElement\":[{\"@type\":\"ListItem\",\"position\":1,\"name\":\"Home\",\"item\":\"https:\/\/policies.taboola.com\/lv\/\"},{\"@type\":\"ListItem\",\"position\":2,\"name\":\"Taboola News noteikumi digit\u0101lo \u012bpa\u0161umu \u012bpa\u0161niekiem\"}]},{\"@type\":\"WebSite\",\"@id\":\"https:\/\/policies.taboola.com\/lv\/#website\",\"url\":\"https:\/\/policies.taboola.com\/lv\/\",\"name\":\"Taboola Policies\",\"description\":\"\",\"potentialAction\":[{\"@type\":\"SearchAction\",\"target\":{\"@type\":\"EntryPoint\",\"urlTemplate\":\"https:\/\/policies.taboola.com\/lv\/?s={search_term_string}\"},\"query-input\":{\"@type\":\"PropertyValueSpecification\",\"valueRequired\":true,\"valueName\":\"search_term_string\"}}],\"inLanguage\":\"lv-LV\"}]}<\/script>\n<!-- \/ Yoast SEO Premium plugin. -->","yoast_head_json":{"title":"Taboola News noteikumi digit\u0101lo \u012bpa\u0161umu \u012bpa\u0161niekiem - Taboola Policies","robots":{"index":"index","follow":"follow","max-snippet":"max-snippet:-1","max-image-preview":"max-image-preview:large","max-video-preview":"max-video-preview:-1"},"canonical":"https:\/\/policies.taboola.com\/lv\/taboola-news-terms-for-digital-property-owners\/","og_locale":"lv_LV","og_type":"article","og_title":"Taboola News noteikumi digit\u0101lo \u012bpa\u0161umu \u012bpa\u0161niekiem","og_description":"Taboola News NOTEIKUMI DIGIT\u0100LO \u012aPA\u0160UMU \u012aPA\u0160NIEKIEM P\u0113d\u0113j\u0101 atjaunin\u0101\u0161ana: 2025. gada 18. augusts \u0160ie Taboola News noteikumi izdev\u0113jiem un digit\u0101lo \u012bpa\u0161umu \u012bpa\u0161niekiem (\u201cTaboola News noteikumi\u201d) attiecas uz digit\u0101lo \u012bpa\u0161umu \u012bpa\u0161niekiem, tostarp izdev\u0113jiem un cit\u0101m komp\u0101nij\u0101m (&#8220;Komp\u0101nija&#8221;), kas ir parakst\u012bju\u0161as l\u012bgumus ar Taboola, lai piedal\u012btos Taboola News programm\u0101 (\u201cL\u012bgums\u201d), un \u0161ie Taboola News noteikumi tiks uzskat\u012bti par [&hellip;]","og_url":"https:\/\/policies.taboola.com\/lv\/taboola-news-terms-for-digital-property-owners\/","og_site_name":"Taboola Policies","article_modified_time":"2026-03-13T14:25:18+00:00","twitter_card":"summary_large_image","twitter_misc":{"Est. reading time":"5 minutes"},"schema":{"@context":"https:\/\/schema.org","@graph":[{"@type":"WebPage","@id":"https:\/\/policies.taboola.com\/lv\/taboola-news-terms-for-digital-property-owners\/","url":"https:\/\/policies.taboola.com\/lv\/taboola-news-terms-for-digital-property-owners\/","name":"Taboola News noteikumi digit\u0101lo \u012bpa\u0161umu \u012bpa\u0161niekiem - Taboola Policies","isPartOf":{"@id":"https:\/\/policies.taboola.com\/lv\/#website"},"datePublished":"2025-08-21T18:16:21+00:00","dateModified":"2026-03-13T14:25:18+00:00","breadcrumb":{"@id":"https:\/\/policies.taboola.com\/lv\/taboola-news-terms-for-digital-property-owners\/#breadcrumb"},"inLanguage":"lv-LV","potentialAction":[{"@type":"ReadAction","target":["https:\/\/policies.taboola.com\/lv\/taboola-news-terms-for-digital-property-owners\/"]}]},{"@type":"BreadcrumbList","@id":"https:\/\/policies.taboola.com\/lv\/taboola-news-terms-for-digital-property-owners\/#breadcrumb","itemListElement":[{"@type":"ListItem","position":1,"name":"Home","item":"https:\/\/policies.taboola.com\/lv\/"},{"@type":"ListItem","position":2,"name":"Taboola News noteikumi digit\u0101lo \u012bpa\u0161umu \u012bpa\u0161niekiem"}]},{"@type":"WebSite","@id":"https:\/\/policies.taboola.com\/lv\/#website","url":"https:\/\/policies.taboola.com\/lv\/","name":"Taboola Policies","description":"","potentialAction":[{"@type":"SearchAction","target":{"@type":"EntryPoint","urlTemplate":"https:\/\/policies.taboola.com\/lv\/?s={search_term_string}"},"query-input":{"@type":"PropertyValueSpecification","valueRequired":true,"valueName":"search_term_string"}}],"inLanguage":"lv-LV"}]}},"_links":{"self":[{"href":"https:\/\/policies.taboola.com\/lv\/wp-json\/wp\/v2\/pages\/668","targetHints":{"allow":["GET"]}}],"collection":[{"href":"https:\/\/policies.taboola.com\/lv\/wp-json\/wp\/v2\/pages"}],"about":[{"href":"https:\/\/policies.taboola.com\/lv\/wp-json\/wp\/v2\/types\/page"}],"author":[{"embeddable":true,"href":"https:\/\/policies.taboola.com\/lv\/wp-json\/wp\/v2\/users\/3"}],"replies":[{"embeddable":true,"href":"https:\/\/policies.taboola.com\/lv\/wp-json\/wp\/v2\/comments?post=668"}],"version-history":[{"count":2,"href":"https:\/\/policies.taboola.com\/lv\/wp-json\/wp\/v2\/pages\/668\/revisions"}],"predecessor-version":[{"id":5219,"href":"https:\/\/policies.taboola.com\/lv\/wp-json\/wp\/v2\/pages\/668\/revisions\/5219"}],"wp:attachment":[{"href":"https:\/\/policies.taboola.com\/lv\/wp-json\/wp\/v2\/media?parent=668"}],"curies":[{"name":"wp","href":"https:\/\/api.w.org\/{rel}","templated":true}]}}