{"id":686,"date":"2025-08-21T14:13:25","date_gmt":"2025-08-21T14:13:25","guid":{"rendered":"https:\/\/policies.taboola.com\/reklamdeveja-konfidencialitates-noteikumi\/"},"modified":"2026-03-13T14:25:17","modified_gmt":"2026-03-13T14:25:17","slug":"advertiser-privacy-terms","status":"publish","type":"page","link":"https:\/\/policies.taboola.com\/lv\/advertiser-privacy-terms\/","title":{"rendered":"Rekl\u0101mdev\u0113ju konfidencialit\u0101tes noteikumi"},"content":{"rendered":"","protected":false},"excerpt":{"rendered":"","protected":false},"author":3,"featured_media":0,"parent":0,"menu_order":0,"comment_status":"closed","ping_status":"closed","template":"single-legal-page.php","meta":{"_acf_changed":false,"footnotes":""},"class_list":["post-686","page","type-page","status-publish","hentry"],"acf":[],"yoast_head":"<!-- This site is optimized with the Yoast SEO Premium plugin v26.9 (Yoast SEO v27.1.1) - https:\/\/yoast.com\/product\/yoast-seo-premium-wordpress\/ -->\n<title>Rekl\u0101mdev\u0113ju konfidencialit\u0101tes noteikumi - Taboola Policies<\/title>\n<meta name=\"robots\" content=\"index, follow, max-snippet:-1, max-image-preview:large, max-video-preview:-1\" \/>\n<link rel=\"canonical\" href=\"https:\/\/policies.taboola.com\/lv\/advertiser-privacy-terms\/\" \/>\n<meta property=\"og:locale\" content=\"lv_LV\" \/>\n<meta property=\"og:type\" content=\"article\" \/>\n<meta property=\"og:title\" content=\"Rekl\u0101mdev\u0113ju konfidencialit\u0101tes noteikumi\" \/>\n<meta property=\"og:url\" content=\"https:\/\/policies.taboola.com\/lv\/advertiser-privacy-terms\/\" \/>\n<meta property=\"og:site_name\" content=\"Taboola Policies\" \/>\n<meta property=\"article:modified_time\" content=\"2026-03-13T14:25:17+00:00\" \/>\n<meta name=\"twitter:card\" content=\"summary_large_image\" \/>\n<script type=\"application\/ld+json\" class=\"yoast-schema-graph\">{\"@context\":\"https:\/\/schema.org\",\"@graph\":[{\"@type\":\"WebPage\",\"@id\":\"https:\/\/policies.taboola.com\/lv\/advertiser-privacy-terms\/\",\"url\":\"https:\/\/policies.taboola.com\/lv\/advertiser-privacy-terms\/\",\"name\":\"Rekl\u0101mdev\u0113ju konfidencialit\u0101tes noteikumi - Taboola Policies\",\"isPartOf\":{\"@id\":\"https:\/\/policies.taboola.com\/lv\/#website\"},\"datePublished\":\"2025-08-21T14:13:25+00:00\",\"dateModified\":\"2026-03-13T14:25:17+00:00\",\"breadcrumb\":{\"@id\":\"https:\/\/policies.taboola.com\/lv\/advertiser-privacy-terms\/#breadcrumb\"},\"inLanguage\":\"lv-LV\",\"potentialAction\":[{\"@type\":\"ReadAction\",\"target\":[\"https:\/\/policies.taboola.com\/lv\/advertiser-privacy-terms\/\"]}]},{\"@type\":\"BreadcrumbList\",\"@id\":\"https:\/\/policies.taboola.com\/lv\/advertiser-privacy-terms\/#breadcrumb\",\"itemListElement\":[{\"@type\":\"ListItem\",\"position\":1,\"name\":\"Home\",\"item\":\"https:\/\/policies.taboola.com\/lv\/\"},{\"@type\":\"ListItem\",\"position\":2,\"name\":\"Rekl\u0101mdev\u0113ju konfidencialit\u0101tes noteikumi\"}]},{\"@type\":\"WebSite\",\"@id\":\"https:\/\/policies.taboola.com\/lv\/#website\",\"url\":\"https:\/\/policies.taboola.com\/lv\/\",\"name\":\"Taboola Policies\",\"description\":\"\",\"potentialAction\":[{\"@type\":\"SearchAction\",\"target\":{\"@type\":\"EntryPoint\",\"urlTemplate\":\"https:\/\/policies.taboola.com\/lv\/?s={search_term_string}\"},\"query-input\":{\"@type\":\"PropertyValueSpecification\",\"valueRequired\":true,\"valueName\":\"search_term_string\"}}],\"inLanguage\":\"lv-LV\"}]}<\/script>\n<!-- \/ Yoast SEO Premium plugin. -->","yoast_head_json":{"title":"Rekl\u0101mdev\u0113ju konfidencialit\u0101tes noteikumi - Taboola Policies","robots":{"index":"index","follow":"follow","max-snippet":"max-snippet:-1","max-image-preview":"max-image-preview:large","max-video-preview":"max-video-preview:-1"},"canonical":"https:\/\/policies.taboola.com\/lv\/advertiser-privacy-terms\/","og_locale":"lv_LV","og_type":"article","og_title":"Rekl\u0101mdev\u0113ju konfidencialit\u0101tes noteikumi","og_url":"https:\/\/policies.taboola.com\/lv\/advertiser-privacy-terms\/","og_site_name":"Taboola Policies","article_modified_time":"2026-03-13T14:25:17+00:00","twitter_card":"summary_large_image","schema":{"@context":"https:\/\/schema.org","@graph":[{"@type":"WebPage","@id":"https:\/\/policies.taboola.com\/lv\/advertiser-privacy-terms\/","url":"https:\/\/policies.taboola.com\/lv\/advertiser-privacy-terms\/","name":"Rekl\u0101mdev\u0113ju konfidencialit\u0101tes noteikumi - Taboola Policies","isPartOf":{"@id":"https:\/\/policies.taboola.com\/lv\/#website"},"datePublished":"2025-08-21T14:13:25+00:00","dateModified":"2026-03-13T14:25:17+00:00","breadcrumb":{"@id":"https:\/\/policies.taboola.com\/lv\/advertiser-privacy-terms\/#breadcrumb"},"inLanguage":"lv-LV","potentialAction":[{"@type":"ReadAction","target":["https:\/\/policies.taboola.com\/lv\/advertiser-privacy-terms\/"]}]},{"@type":"BreadcrumbList","@id":"https:\/\/policies.taboola.com\/lv\/advertiser-privacy-terms\/#breadcrumb","itemListElement":[{"@type":"ListItem","position":1,"name":"Home","item":"https:\/\/policies.taboola.com\/lv\/"},{"@type":"ListItem","position":2,"name":"Rekl\u0101mdev\u0113ju konfidencialit\u0101tes noteikumi"}]},{"@type":"WebSite","@id":"https:\/\/policies.taboola.com\/lv\/#website","url":"https:\/\/policies.taboola.com\/lv\/","name":"Taboola Policies","description":"","potentialAction":[{"@type":"SearchAction","target":{"@type":"EntryPoint","urlTemplate":"https:\/\/policies.taboola.com\/lv\/?s={search_term_string}"},"query-input":{"@type":"PropertyValueSpecification","valueRequired":true,"valueName":"search_term_string"}}],"inLanguage":"lv-LV"}]}},"_links":{"self":[{"href":"https:\/\/policies.taboola.com\/lv\/wp-json\/wp\/v2\/pages\/686","targetHints":{"allow":["GET"]}}],"collection":[{"href":"https:\/\/policies.taboola.com\/lv\/wp-json\/wp\/v2\/pages"}],"about":[{"href":"https:\/\/policies.taboola.com\/lv\/wp-json\/wp\/v2\/types\/page"}],"author":[{"embeddable":true,"href":"https:\/\/policies.taboola.com\/lv\/wp-json\/wp\/v2\/users\/3"}],"replies":[{"embeddable":true,"href":"https:\/\/policies.taboola.com\/lv\/wp-json\/wp\/v2\/comments?post=686"}],"version-history":[{"count":2,"href":"https:\/\/policies.taboola.com\/lv\/wp-json\/wp\/v2\/pages\/686\/revisions"}],"predecessor-version":[{"id":4344,"href":"https:\/\/policies.taboola.com\/lv\/wp-json\/wp\/v2\/pages\/686\/revisions\/4344"}],"wp:attachment":[{"href":"https:\/\/policies.taboola.com\/lv\/wp-json\/wp\/v2\/media?parent=686"}],"curies":[{"name":"wp","href":"https:\/\/api.w.org\/{rel}","templated":true}]}}