{"id":4495,"date":"2025-10-02T14:14:25","date_gmt":"2025-10-02T14:14:25","guid":{"rendered":"https:\/\/policies.taboola.com\/taboolas-affiliates-2\/"},"modified":"2025-11-05T20:03:44","modified_gmt":"2025-11-05T20:03:44","slug":"taboolas-affiliates","status":"publish","type":"page","link":"https:\/\/policies.taboola.com\/ph\/taboolas-affiliates\/","title":{"rendered":"Taboola&#8217;s Affiliates"},"content":{"rendered":"<p><strong><u>Affiliates List<\/u><\/strong><\/p>\n<p><strong>Magulang<\/strong><\/p>\n<ul>\n<li>Taboola.com Ltd.<\/li>\n<\/ul>\n<p><strong>Americas<\/strong><\/p>\n<ul>\n<li>Taboola, Inc.<\/li>\n<li>Atrium Logistics LLC<\/li>\n<li>Taboola Holdings, Inc.<\/li>\n<li>Perfect Market, Inc.<\/li>\n<li>Archive Digger, Inc.<\/li>\n<li>Leads Mind, Inc.<\/li>\n<li>Taboola Brasil Internet Ltda.<\/li>\n<li>Taboola M\u00e9xico, S.A. de C.V.<\/li>\n<li>Taboola Logistics Mx, S.A. de C.V.<\/li>\n<li>Connexity, Inc.<\/li>\n<li>Taboola Canada Corp.<\/li>\n<\/ul>\n<p><strong>EMEA<\/strong><\/p>\n<ul>\n<li>Taboola Europe Limited<\/li>\n<li>Taboola France SAS<\/li>\n<li>Taboola Germany GmbH<\/li>\n<li>Taboola Descubrimiento, S.L.U.<\/li>\n<li>Taboola Turkey Dijital Platform \u00c7\u00f6z\u00fcmleri Limited \u015eirketi<\/li>\n<li>Taboola Italy S.r.l<\/li>\n<li>Gravity Research &amp; Development Zrt<\/li>\n<li>Connexity Europe GmbH<\/li>\n<li>Limitado ang skimbit<\/li>\n<\/ul>\n<p><strong>APAC<\/strong><\/p>\n<ul>\n<li>Taboola (Thailand) Limited<\/li>\n<li>Taboola India Private Limited<\/li>\n<li>Taboola Japan K.K.<\/li>\n<li>Taboola Information Technology Shanghai Co. Ltd.<\/li>\n<li>Taboola Australia Pty Ltd.<\/li>\n<li>Taboola Korea Ltd.<\/li>\n<li>Taboola (Hong Kong) Limited<\/li>\n<li>Taboola Taiwan Ltd.<\/li>\n<li>Skimlinks K.K.<\/li>\n<\/ul>\n<p>\u00a0<\/p>\n<p>\u00a0<\/p>\n","protected":false},"excerpt":{"rendered":"<p>Affiliates List Magulang Taboola.com Ltd. Americas Taboola, Inc. Atrium Logistics LLC Taboola Holdings, Inc. Perfect Market, Inc. Archive Digger, Inc. Leads Mind, Inc. Taboola Brasil Internet Ltda. Taboola M\u00e9xico, S.A. de C.V. Taboola Logistics Mx, S.A. de C.V. Connexity, Inc. Taboola Canada Corp. EMEA Taboola Europe Limited Taboola France SAS Taboola Germany GmbH Taboola Descubrimiento, [&hellip;]<\/p>\n","protected":false},"author":3,"featured_media":0,"parent":0,"menu_order":0,"comment_status":"closed","ping_status":"closed","template":"single-legal-page.php","meta":{"_acf_changed":false,"footnotes":""},"class_list":["post-4495","page","type-page","status-publish","hentry"],"acf":[],"yoast_head":"<!-- This site is optimized with the Yoast SEO Premium plugin v26.9 (Yoast SEO v27.1.1) - https:\/\/yoast.com\/product\/yoast-seo-premium-wordpress\/ -->\n<title>Taboola&#039;s Affiliates - Taboola Policies<\/title>\n<meta name=\"robots\" content=\"index, follow, max-snippet:-1, max-image-preview:large, max-video-preview:-1\" \/>\n<link rel=\"canonical\" href=\"https:\/\/policies.taboola.com\/ph\/taboolas-affiliates\/\" \/>\n<meta property=\"og:locale\" content=\"fi_FI\" \/>\n<meta property=\"og:type\" content=\"article\" \/>\n<meta property=\"og:title\" content=\"Taboola&#039;s Affiliates\" \/>\n<meta property=\"og:description\" content=\"Affiliates List Magulang Taboola.com Ltd. Americas Taboola, Inc. Atrium Logistics LLC Taboola Holdings, Inc. Perfect Market, Inc. Archive Digger, Inc. Leads Mind, Inc. Taboola Brasil Internet Ltda. Taboola M\u00e9xico, S.A. de C.V. Taboola Logistics Mx, S.A. de C.V. Connexity, Inc. Taboola Canada Corp. EMEA Taboola Europe Limited Taboola France SAS Taboola Germany GmbH Taboola Descubrimiento, [&hellip;]\" \/>\n<meta property=\"og:url\" content=\"https:\/\/policies.taboola.com\/ph\/taboolas-affiliates\/\" \/>\n<meta property=\"og:site_name\" content=\"Taboola Policies\" \/>\n<meta property=\"article:modified_time\" content=\"2025-11-05T20:03:44+00:00\" \/>\n<meta name=\"twitter:card\" content=\"summary_large_image\" \/>\n<meta name=\"twitter:label1\" content=\"Est. reading time\" \/>\n\t<meta name=\"twitter:data1\" content=\"1 minute\" \/>\n<script type=\"application\/ld+json\" class=\"yoast-schema-graph\">{\"@context\":\"https:\/\/schema.org\",\"@graph\":[{\"@type\":\"WebPage\",\"@id\":\"https:\/\/policies.taboola.com\/ph\/taboolas-affiliates\/\",\"url\":\"https:\/\/policies.taboola.com\/ph\/taboolas-affiliates\/\",\"name\":\"Taboola's Affiliates - Taboola Policies\",\"isPartOf\":{\"@id\":\"https:\/\/policies.taboola.com\/ph\/#website\"},\"datePublished\":\"2025-10-02T14:14:25+00:00\",\"dateModified\":\"2025-11-05T20:03:44+00:00\",\"breadcrumb\":{\"@id\":\"https:\/\/policies.taboola.com\/ph\/taboolas-affiliates\/#breadcrumb\"},\"inLanguage\":\"fil-PH\",\"potentialAction\":[{\"@type\":\"ReadAction\",\"target\":[\"https:\/\/policies.taboola.com\/ph\/taboolas-affiliates\/\"]}]},{\"@type\":\"BreadcrumbList\",\"@id\":\"https:\/\/policies.taboola.com\/ph\/taboolas-affiliates\/#breadcrumb\",\"itemListElement\":[{\"@type\":\"ListItem\",\"position\":1,\"name\":\"Home\",\"item\":\"https:\/\/policies.taboola.com\/ph\/\"},{\"@type\":\"ListItem\",\"position\":2,\"name\":\"Taboola&#8217;s Affiliates\"}]},{\"@type\":\"WebSite\",\"@id\":\"https:\/\/policies.taboola.com\/ph\/#website\",\"url\":\"https:\/\/policies.taboola.com\/ph\/\",\"name\":\"Taboola Policies\",\"description\":\"\",\"potentialAction\":[{\"@type\":\"SearchAction\",\"target\":{\"@type\":\"EntryPoint\",\"urlTemplate\":\"https:\/\/policies.taboola.com\/ph\/?s={search_term_string}\"},\"query-input\":{\"@type\":\"PropertyValueSpecification\",\"valueRequired\":true,\"valueName\":\"search_term_string\"}}],\"inLanguage\":\"fil-PH\"}]}<\/script>\n<!-- \/ Yoast SEO Premium plugin. -->","yoast_head_json":{"title":"Taboola's Affiliates - Taboola Policies","robots":{"index":"index","follow":"follow","max-snippet":"max-snippet:-1","max-image-preview":"max-image-preview:large","max-video-preview":"max-video-preview:-1"},"canonical":"https:\/\/policies.taboola.com\/ph\/taboolas-affiliates\/","og_locale":"fi_FI","og_type":"article","og_title":"Taboola's Affiliates","og_description":"Affiliates List Magulang Taboola.com Ltd. Americas Taboola, Inc. Atrium Logistics LLC Taboola Holdings, Inc. Perfect Market, Inc. Archive Digger, Inc. Leads Mind, Inc. Taboola Brasil Internet Ltda. Taboola M\u00e9xico, S.A. de C.V. Taboola Logistics Mx, S.A. de C.V. Connexity, Inc. Taboola Canada Corp. EMEA Taboola Europe Limited Taboola France SAS Taboola Germany GmbH Taboola Descubrimiento, [&hellip;]","og_url":"https:\/\/policies.taboola.com\/ph\/taboolas-affiliates\/","og_site_name":"Taboola Policies","article_modified_time":"2025-11-05T20:03:44+00:00","twitter_card":"summary_large_image","twitter_misc":{"Est. reading time":"1 minute"},"schema":{"@context":"https:\/\/schema.org","@graph":[{"@type":"WebPage","@id":"https:\/\/policies.taboola.com\/ph\/taboolas-affiliates\/","url":"https:\/\/policies.taboola.com\/ph\/taboolas-affiliates\/","name":"Taboola's Affiliates - Taboola Policies","isPartOf":{"@id":"https:\/\/policies.taboola.com\/ph\/#website"},"datePublished":"2025-10-02T14:14:25+00:00","dateModified":"2025-11-05T20:03:44+00:00","breadcrumb":{"@id":"https:\/\/policies.taboola.com\/ph\/taboolas-affiliates\/#breadcrumb"},"inLanguage":"fil-PH","potentialAction":[{"@type":"ReadAction","target":["https:\/\/policies.taboola.com\/ph\/taboolas-affiliates\/"]}]},{"@type":"BreadcrumbList","@id":"https:\/\/policies.taboola.com\/ph\/taboolas-affiliates\/#breadcrumb","itemListElement":[{"@type":"ListItem","position":1,"name":"Home","item":"https:\/\/policies.taboola.com\/ph\/"},{"@type":"ListItem","position":2,"name":"Taboola&#8217;s Affiliates"}]},{"@type":"WebSite","@id":"https:\/\/policies.taboola.com\/ph\/#website","url":"https:\/\/policies.taboola.com\/ph\/","name":"Taboola Policies","description":"","potentialAction":[{"@type":"SearchAction","target":{"@type":"EntryPoint","urlTemplate":"https:\/\/policies.taboola.com\/ph\/?s={search_term_string}"},"query-input":{"@type":"PropertyValueSpecification","valueRequired":true,"valueName":"search_term_string"}}],"inLanguage":"fil-PH"}]}},"_links":{"self":[{"href":"https:\/\/policies.taboola.com\/ph\/wp-json\/wp\/v2\/pages\/4495","targetHints":{"allow":["GET"]}}],"collection":[{"href":"https:\/\/policies.taboola.com\/ph\/wp-json\/wp\/v2\/pages"}],"about":[{"href":"https:\/\/policies.taboola.com\/ph\/wp-json\/wp\/v2\/types\/page"}],"author":[{"embeddable":true,"href":"https:\/\/policies.taboola.com\/ph\/wp-json\/wp\/v2\/users\/3"}],"replies":[{"embeddable":true,"href":"https:\/\/policies.taboola.com\/ph\/wp-json\/wp\/v2\/comments?post=4495"}],"version-history":[{"count":1,"href":"https:\/\/policies.taboola.com\/ph\/wp-json\/wp\/v2\/pages\/4495\/revisions"}],"predecessor-version":[{"id":4496,"href":"https:\/\/policies.taboola.com\/ph\/wp-json\/wp\/v2\/pages\/4495\/revisions\/4496"}],"wp:attachment":[{"href":"https:\/\/policies.taboola.com\/ph\/wp-json\/wp\/v2\/media?parent=4495"}],"curies":[{"name":"wp","href":"https:\/\/api.w.org\/{rel}","templated":true}]}}