{"id":589,"date":"2025-08-21T18:15:42","date_gmt":"2025-08-21T18:15:42","guid":{"rendered":"https:\/\/policies.taboola.com\/header-bidding-2\/"},"modified":"2026-03-05T10:21:46","modified_gmt":"2026-03-05T10:21:46","slug":"header-bidding","status":"publish","type":"page","link":"https:\/\/policies.taboola.com\/pl\/header-bidding\/","title":{"rendered":"Header Bidding"},"content":{"rendered":"<h1 style=\"text-align: center;\">Header Bidding<\/h1>\n<ol>\n<li><strong>Przyznanie praw:<\/strong> Strony zgadzaj\u0105 si\u0119 i potwierdzaj\u0105, \u017ce Sp\u00f3\u0142ka korzysta z rozwi\u0105zania Header Bidding (\u201eIntegracja Header Bidding \u201d) w celu zarz\u0105dzania zasobami reklamowymi wy\u015bwietlanymi na Nieruchomo\u015bciach i ich monetyzacji. W trakcie Okresu obowi\u0105zywania Umowy Sp\u00f3\u0142ka uwzgl\u0119dni Taboola jako oferenta w ramach Integracji Header Bidding Sp\u00f3\u0142ki w odniesieniu do jednostek reklam displayowych dost\u0119pnych do licytowania za po\u015brednictwem Integracji Header Bidding Sp\u00f3\u0142ki (\u201eHB Units\u201d), przy czym HB Units wyra\u017anie wykluczaj\u0105 wszelkie zasoby reklam natywnych, takie jak miejsca, w kt\u00f3rych wdro\u017cono Platform\u0119 Taboola. Firma potwierdza i zgadza si\u0119 na: (i) udzielenie Taboola prawa do sk\u0142adania ofert za po\u015brednictwem adaptera Header Bidding Taboola (\u201eAdapter Header Bidding \u201d) w przypadku dowolnych HB Units; (ii) dodanie Adaptera Header Bidding do dowolnej cz\u0119\u015bci integracji Header Bidding firmy, w kt\u00f3rej Taboola ma mo\u017cliwo\u015bci techniczne, aby uczestniczy\u0107; (iii) zapewnienie, \u017ce Local Storage jest w\u0142\u0105czona dla integracji Header Bidding ; oraz (iv) zapewnienie, \u017ce ka\u017cda reklama graficzna wy\u015bwietlana przez Taboola w HB Unit jest widoczna (zgodnie z MRC Viewable Impression Guidelines) i nie jest od\u015bwie\u017cana w odst\u0119pach kr\u00f3tszych ni\u017c 30 sekund.<\/li>\n<li><strong>Op\u0142ata za Header Bidding :<\/strong> Opr\u00f3cz wynagrodzenia okre\u015blonego w punkcie IV powy\u017cej, za ka\u017cdy miesi\u0105c Okresu, Sp\u00f3\u0142ka otrzyma Op\u0142at\u0119 za Header Bidding (zgodnie z definicj\u0105 poni\u017cej) za wszelkie HB Units spieni\u0119\u017cone za po\u015brednictwem Adaptera Header Bidding . Dla cel\u00f3w niniejszej Umowy \u201eOp\u0142ata za Header Bidding \u201d oznacza przych\u00f3d uzyskany przez Sp\u00f3\u0142k\u0119 z sumy \u0142\u0105cznej liczby wygranych ofert (zgodnie z definicj\u0105 poni\u017cej) za wszystkie HB Units zakupione przez Taboola, pomniejszony o wszelkie potr\u0105cenia za fa\u0142szywe wy\u015bwietlenia (zgodnie z definicj\u0105 poni\u017cej). Pomiary Taboola dotycz\u0105ce wy\u015bwietle\u0144 stanowi\u0105 ostateczne pomiary w ramach niniejszej Umowy, na podstawie kt\u00f3rych obliczana jest op\u0142ata za Header Bidding .<\/li>\n<li><strong>Definicje:<\/strong> Reklamy: oznaczaj\u0105 tre\u015bci graficzne, interaktywne, mobilne, wideo, multimedialne, dzie\u0142a sztuki, teksty, aktywne adresy URL reklam lub reklamy tekstowe oraz tagi do nich, w tym banery reklamowe, przyciski, wie\u017ce i\/lub drapacze chmur, a tak\u017ce elementy niegraficzne, takie jak Tracking Pixels i Pixels stron trzecich. Oferta: oferta z\u0142o\u017cona przez Taboola na konkretny obiekt HB Unit. Zwyci\u0119ska oferta: oferta wybrana przez Header Bidding Integration jako najwy\u017csza kwalifikuj\u0105ca si\u0119 oferta (mierzona w koszcie za tysi\u0105c wy\u015bwietle\u0144) dla konkretnej HB Unit. Fa\u0142szywe wy\u015bwietlenia: wy\u015bwietlenia, kt\u00f3re zosta\u0142y dostarczone dla W\u0142asno\u015bci za pomoc\u0105 metod lub \u015brodk\u00f3w, kt\u00f3re sztucznie lub w spos\u00f3b oszuka\u0144czy zawy\u017caj\u0105 liczb\u0119 wy\u015bwietle\u0144, w tym automatyczne przekierowywanie u\u017cytkownik\u00f3w, korzystanie z bot\u00f3w i robot\u00f3w indeksuj\u0105cych, manipulacja reklamami lub jakakolwiek inna technika generowania automatycznych lub oszuka\u0144czych wy\u015bwietle\u0144 (zgodnie z ustaleniami Taboola, dzia\u0142aj\u0105c rozs\u0105dnie lub w oparciu o praktyki bran\u017cowe).<\/li>\n<\/ol>\n","protected":false},"excerpt":{"rendered":"<p>Header Bidding Przyznanie praw: Strony zgadzaj\u0105 si\u0119 i potwierdzaj\u0105, \u017ce Sp\u00f3\u0142ka korzysta z rozwi\u0105zania Header Bidding (\u201eIntegracja Header Bidding \u201d) w celu zarz\u0105dzania zasobami reklamowymi wy\u015bwietlanymi na Nieruchomo\u015bciach i ich monetyzacji. W trakcie Okresu obowi\u0105zywania Umowy Sp\u00f3\u0142ka uwzgl\u0119dni Taboola jako oferenta w ramach Integracji Header Bidding Sp\u00f3\u0142ki w odniesieniu do jednostek reklam displayowych dost\u0119pnych do [&hellip;]<\/p>\n","protected":false},"author":3,"featured_media":0,"parent":0,"menu_order":0,"comment_status":"closed","ping_status":"closed","template":"single-legal-page.php","meta":{"_acf_changed":false,"footnotes":""},"class_list":["post-589","page","type-page","status-publish","hentry"],"acf":[],"yoast_head":"<!-- This site is optimized with the Yoast SEO Premium plugin v26.9 (Yoast SEO v27.1.1) - https:\/\/yoast.com\/product\/yoast-seo-premium-wordpress\/ -->\n<title>Header Bidding - Taboola Policies<\/title>\n<meta name=\"robots\" content=\"index, follow, max-snippet:-1, max-image-preview:large, max-video-preview:-1\" \/>\n<link rel=\"canonical\" href=\"https:\/\/policies.taboola.com\/pl\/header-bidding\/\" \/>\n<meta property=\"og:locale\" content=\"pl_PL\" \/>\n<meta property=\"og:type\" content=\"article\" \/>\n<meta property=\"og:title\" content=\"Header Bidding\" \/>\n<meta property=\"og:description\" content=\"Header Bidding Przyznanie praw: Strony zgadzaj\u0105 si\u0119 i potwierdzaj\u0105, \u017ce Sp\u00f3\u0142ka korzysta z rozwi\u0105zania Header Bidding (\u201eIntegracja Header Bidding \u201d) w celu zarz\u0105dzania zasobami reklamowymi wy\u015bwietlanymi na Nieruchomo\u015bciach i ich monetyzacji. W trakcie Okresu obowi\u0105zywania Umowy Sp\u00f3\u0142ka uwzgl\u0119dni Taboola jako oferenta w ramach Integracji Header Bidding Sp\u00f3\u0142ki w odniesieniu do jednostek reklam displayowych dost\u0119pnych do [&hellip;]\" \/>\n<meta property=\"og:url\" content=\"https:\/\/policies.taboola.com\/pl\/header-bidding\/\" \/>\n<meta property=\"og:site_name\" content=\"Taboola Policies\" \/>\n<meta property=\"article:modified_time\" content=\"2026-03-05T10:21:46+00:00\" \/>\n<meta name=\"twitter:card\" content=\"summary_large_image\" \/>\n<meta name=\"twitter:label1\" content=\"Est. reading time\" \/>\n\t<meta name=\"twitter:data1\" content=\"2 minutes\" \/>\n<script type=\"application\/ld+json\" class=\"yoast-schema-graph\">{\"@context\":\"https:\/\/schema.org\",\"@graph\":[{\"@type\":\"WebPage\",\"@id\":\"https:\/\/policies.taboola.com\/pl\/header-bidding\/\",\"url\":\"https:\/\/policies.taboola.com\/pl\/header-bidding\/\",\"name\":\"Header Bidding - Taboola Policies\",\"isPartOf\":{\"@id\":\"https:\/\/policies.taboola.com\/pl\/#website\"},\"datePublished\":\"2025-08-21T18:15:42+00:00\",\"dateModified\":\"2026-03-05T10:21:46+00:00\",\"breadcrumb\":{\"@id\":\"https:\/\/policies.taboola.com\/pl\/header-bidding\/#breadcrumb\"},\"inLanguage\":\"pl-PL\",\"potentialAction\":[{\"@type\":\"ReadAction\",\"target\":[\"https:\/\/policies.taboola.com\/pl\/header-bidding\/\"]}]},{\"@type\":\"BreadcrumbList\",\"@id\":\"https:\/\/policies.taboola.com\/pl\/header-bidding\/#breadcrumb\",\"itemListElement\":[{\"@type\":\"ListItem\",\"position\":1,\"name\":\"Home\",\"item\":\"https:\/\/policies.taboola.com\/pl\/\"},{\"@type\":\"ListItem\",\"position\":2,\"name\":\"Header Bidding\"}]},{\"@type\":\"WebSite\",\"@id\":\"https:\/\/policies.taboola.com\/pl\/#website\",\"url\":\"https:\/\/policies.taboola.com\/pl\/\",\"name\":\"Taboola Policies\",\"description\":\"\",\"potentialAction\":[{\"@type\":\"SearchAction\",\"target\":{\"@type\":\"EntryPoint\",\"urlTemplate\":\"https:\/\/policies.taboola.com\/pl\/?s={search_term_string}\"},\"query-input\":{\"@type\":\"PropertyValueSpecification\",\"valueRequired\":true,\"valueName\":\"search_term_string\"}}],\"inLanguage\":\"pl-PL\"}]}<\/script>\n<!-- \/ Yoast SEO Premium plugin. -->","yoast_head_json":{"title":"Header Bidding - Taboola Policies","robots":{"index":"index","follow":"follow","max-snippet":"max-snippet:-1","max-image-preview":"max-image-preview:large","max-video-preview":"max-video-preview:-1"},"canonical":"https:\/\/policies.taboola.com\/pl\/header-bidding\/","og_locale":"pl_PL","og_type":"article","og_title":"Header Bidding","og_description":"Header Bidding Przyznanie praw: Strony zgadzaj\u0105 si\u0119 i potwierdzaj\u0105, \u017ce Sp\u00f3\u0142ka korzysta z rozwi\u0105zania Header Bidding (\u201eIntegracja Header Bidding \u201d) w celu zarz\u0105dzania zasobami reklamowymi wy\u015bwietlanymi na Nieruchomo\u015bciach i ich monetyzacji. W trakcie Okresu obowi\u0105zywania Umowy Sp\u00f3\u0142ka uwzgl\u0119dni Taboola jako oferenta w ramach Integracji Header Bidding Sp\u00f3\u0142ki w odniesieniu do jednostek reklam displayowych dost\u0119pnych do [&hellip;]","og_url":"https:\/\/policies.taboola.com\/pl\/header-bidding\/","og_site_name":"Taboola Policies","article_modified_time":"2026-03-05T10:21:46+00:00","twitter_card":"summary_large_image","twitter_misc":{"Est. reading time":"2 minutes"},"schema":{"@context":"https:\/\/schema.org","@graph":[{"@type":"WebPage","@id":"https:\/\/policies.taboola.com\/pl\/header-bidding\/","url":"https:\/\/policies.taboola.com\/pl\/header-bidding\/","name":"Header Bidding - Taboola Policies","isPartOf":{"@id":"https:\/\/policies.taboola.com\/pl\/#website"},"datePublished":"2025-08-21T18:15:42+00:00","dateModified":"2026-03-05T10:21:46+00:00","breadcrumb":{"@id":"https:\/\/policies.taboola.com\/pl\/header-bidding\/#breadcrumb"},"inLanguage":"pl-PL","potentialAction":[{"@type":"ReadAction","target":["https:\/\/policies.taboola.com\/pl\/header-bidding\/"]}]},{"@type":"BreadcrumbList","@id":"https:\/\/policies.taboola.com\/pl\/header-bidding\/#breadcrumb","itemListElement":[{"@type":"ListItem","position":1,"name":"Home","item":"https:\/\/policies.taboola.com\/pl\/"},{"@type":"ListItem","position":2,"name":"Header Bidding"}]},{"@type":"WebSite","@id":"https:\/\/policies.taboola.com\/pl\/#website","url":"https:\/\/policies.taboola.com\/pl\/","name":"Taboola Policies","description":"","potentialAction":[{"@type":"SearchAction","target":{"@type":"EntryPoint","urlTemplate":"https:\/\/policies.taboola.com\/pl\/?s={search_term_string}"},"query-input":{"@type":"PropertyValueSpecification","valueRequired":true,"valueName":"search_term_string"}}],"inLanguage":"pl-PL"}]}},"_links":{"self":[{"href":"https:\/\/policies.taboola.com\/pl\/wp-json\/wp\/v2\/pages\/589","targetHints":{"allow":["GET"]}}],"collection":[{"href":"https:\/\/policies.taboola.com\/pl\/wp-json\/wp\/v2\/pages"}],"about":[{"href":"https:\/\/policies.taboola.com\/pl\/wp-json\/wp\/v2\/types\/page"}],"author":[{"embeddable":true,"href":"https:\/\/policies.taboola.com\/pl\/wp-json\/wp\/v2\/users\/3"}],"replies":[{"embeddable":true,"href":"https:\/\/policies.taboola.com\/pl\/wp-json\/wp\/v2\/comments?post=589"}],"version-history":[{"count":2,"href":"https:\/\/policies.taboola.com\/pl\/wp-json\/wp\/v2\/pages\/589\/revisions"}],"predecessor-version":[{"id":4990,"href":"https:\/\/policies.taboola.com\/pl\/wp-json\/wp\/v2\/pages\/589\/revisions\/4990"}],"wp:attachment":[{"href":"https:\/\/policies.taboola.com\/pl\/wp-json\/wp\/v2\/media?parent=589"}],"curies":[{"name":"wp","href":"https:\/\/api.w.org\/{rel}","templated":true}]}}