{"id":633,"date":"2025-08-21T18:16:21","date_gmt":"2025-08-21T18:16:21","guid":{"rendered":"https:\/\/policies.taboola.com\/taboola-news-warunki-dla-wlascicieli-wlasnosci-cyfrowej\/"},"modified":"2026-03-10T16:33:54","modified_gmt":"2026-03-10T16:33:54","slug":"taboola-news-terms-for-digital-property-owners","status":"publish","type":"page","link":"https:\/\/policies.taboola.com\/pl\/taboola-news-terms-for-digital-property-owners\/","title":{"rendered":"Warunki Taboola News dla w\u0142a\u015bcicieli nieruchomo\u015bci cyfrowych"},"content":{"rendered":"<h1 style=\"text-align: center;\"><strong>TABOOLA NEWS TERMS FOR DIGITAL PROPERTY OWNERS<\/strong><\/h1>\n<p>Ostatnia aktualizacja: 18 sierpnia 2025<\/p>\n<p>Te Warunki Taboola News dla wydawc\u00f3w i w\u0142a\u015bcicieli nieruchomo\u015bci cyfrowych (\u201eWarunki Taboola News\u201d) maj\u0105 zastosowanie do w\u0142a\u015bcicieli nieruchomo\u015bci cyfrowych, w tym wydawc\u00f3w i innych firm (&#8220;Firma&#8221;), kt\u00f3re podpisa\u0142y umowy z Taboola w celu uczestnictwa w programie Taboola News (\u201eUmowa\u201d), a te Warunki Taboola News b\u0119d\u0105 uznawane za w\u0142\u0105czone do, i stanowi\u0105 integraln\u0105 cz\u0119\u015b\u0107, ka\u017cdej takiej Umowy. Terminy, kt\u00f3re nie zosta\u0142y zdefiniowane w niniejszym dokumencie, b\u0119d\u0105 mia\u0142y definicj\u0119 okre\u015blon\u0105 w odpowiedniej Umowie. Dla jasno\u015bci, wszelkie odniesienia do \u201eW\u0142a\u015bciciela Nieruchomo\u015bci Trzeciej Strony\u201d maj\u0105 zastosowanie tylko tam, gdzie wyra\u017anie przewidziano w podpisanej umowie mi\u0119dzy Firm\u0105 a Taboola.<\/p>\n<ol>\n<li><strong>T<u>aboola News<\/u><\/strong>. Taboola wsp\u00f3\u0142pracuje z nieruchomo\u015bciami cyfrowymi i producentami urz\u0105dze\u0144 mobilnych na ca\u0142ym \u015bwiecie, aby wdro\u017cy\u0107 na ich nieruchomo\u015bciach cyfrowych i urz\u0105dzeniach mobilnych kana\u0142 informacyjny zasilany przez Taboola (Taboola News Product). Taboola News Product zawiera nag\u0142\u00f3wki artyku\u0142\u00f3w, kr\u00f3tkie teksty w po\u0142\u0105czeniu z obrazami oraz filmy, kt\u00f3re umo\u017cliwiaj\u0105 wydawcom Taboola udost\u0119pnienie swojego kontentu i dotarcie do szerszej publiczno\u015bci (tj. zwi\u0119kszenie ruchu i ekspozycji na Nieruchomo\u015bciach). Tre\u015bci s\u0105 pozyskiwane (r\u0119cznie lub automatycznie) od wydawc\u00f3w, kt\u00f3rzy s\u0105 cz\u0119\u015bci\u0105 sieci Taboola oraz innych stron trzecich, i mog\u0105 by\u0107 uzupe\u0142niane o Tre\u015bci Sponsorowane Taboola. Taboola News Product mo\u017ce by\u0107 zorganizowany jako przewijany kana\u0142 Content Cards, lub jako tapeta, lub w jakimkolwiek innym formacie opracowanym przez Taboola, i wy\u015bwietla (a) nag\u0142\u00f3wek artyku\u0142u i obraz, kt\u00f3ry jest pozyskiwany przez Taboola od strony trzeciej (r\u0119cznie lub automatycznie) lub kt\u00f3ry sama Firma wybra\u0142a dla odpowiedniego nag\u0142\u00f3wka artyku\u0142u, (b) wideo pozyskiwane przez Taboola (r\u0119cznie lub automatycznie) z kana\u0142\u00f3w medi\u00f3w spo\u0142eczno\u015bciowych Nieruchomo\u015bci, Firmy lub W\u0142a\u015bciciela Nieruchomo\u015bci Trzeciej Strony lub udost\u0119pnione przez Firm\u0119 w sieci (np. YouTube, Instagram, TikTok), lub przez stron\u0119 trzeci\u0105, i\/lub (c) Tre\u015bci Sponsorowane Taboola. Je\u015bli U\u017cytkownik kliknie na pojedynczy element tre\u015bci pozyskanej od Firmy lub W\u0142a\u015bciciela Nieruchomo\u015bci Trzeciej Strony, U\u017cytkownik jest albo (x) bezpo\u015brednio przekierowywany do Nieruchomo\u015bci, albo (y) przekierowywany na stron\u0119 internetow\u0105 kontrolowan\u0105 przez Taboola, na kt\u00f3rej wy\u015bwietlany jest (i) podgl\u0105d artyku\u0142u, gdzie wy\u015bwietlane s\u0105 pierwsze zdania artyku\u0142u (ponownie w po\u0142\u0105czeniu z obrazem) lub podsumowanie artyku\u0142u generowane przez rozwi\u0105zania automatyczne, lub (ii) jednostka wideo; i gdzie U\u017cytkownik mo\u017ce w obu przypadkach klikn\u0105\u0107 dalej lub wyj\u015b\u0107 do Nieruchomo\u015bci. Taboola zastrzega sobie prawo do wprowadzenia rozs\u0105dnych zmian w do\u015bwiadczeniu U\u017cytkownika Taboola News w celach optymalizacji.<\/li>\n<li><strong><u>Licencja<\/u><\/strong>. W celu opisanym w tych Warunkach i na czas trwania Umowy, Firma przyznaje, a tak\u017ce uzyska\u0142a od W\u0142a\u015bciciela Nieruchomo\u015bci Trzeciej Strony prawo do przyznania, Taboola niewy\u0142\u0105czne, og\u00f3lno\u015bwiatowe (a) prawo do korzystania z jakiejkolwiek tre\u015bci z Nieruchomo\u015bci oraz (b) upowa\u017cnienie do dost\u0119pu i pozyskiwania jakiejkolwiek tre\u015bci z kana\u0142\u00f3w medi\u00f3w spo\u0142eczno\u015bciowych Firmy lub W\u0142a\u015bciciela Nieruchomo\u015bci Trzeciej Strony (w tym tekst\u00f3w, obraz\u00f3w, film\u00f3w \u2013 w tym komponentu audio), w obu (a) i (b) w celu opisanym poni\u017cej, w szczeg\u00f3lno\u015bci prawo do przeszukiwania, pobierania, przechowywania, reprodukowania, publikowania, cyfryzowania, udost\u0119pniania publicznie, a tak\u017ce prawo do edytowania (np. zast\u0105pienie obrazu wybranego przez Firm\u0119 dla konkretnego artyku\u0142u obrazem o wysokiej rozdzielczo\u015bci pozyskanym przez Taboola, skracanie tytu\u0142\u00f3w artyku\u0142\u00f3w i tekst\u00f3w brandingowych, gdy nie pasuj\u0105 one odpowiednio na ekranie mobilnym), przy czym to ostatnie jest przyznawane tylko w zakresie, w jakim jest to konieczne do optymalizacji do\u015bwiadczenia Taboola News (jak wskazano w przyk\u0142adach podanych poni\u017cej). Firma dodatkowo przyznaje, uzyska\u0142a od W\u0142a\u015bciciela Nieruchomo\u015bci Trzeciej Strony prawo do przyznania, Taboola niewy\u0142\u0105czne, og\u00f3lno\u015bwiatowe prawo do korzystania, oraz do przyznania stronom trzecim, kt\u00f3re wdro\u017cy\u0142y Taboola News na swoich nieruchomo\u015bciach lub urz\u0105dzeniach, prawo do korzystania z nazw i logo Firmy, W\u0142a\u015bciciela Nieruchomo\u015bci Trzeciej Strony oraz Nieruchomo\u015bci w celach marketingowych Taboola News. Firma o\u015bwiadcza, \u017ce posiada, lub zabezpieczy\u0142a od W\u0142a\u015bciciela Nieruchomo\u015bci Trzeciej Strony, wszystkie prawa do Tre\u015bci Firmy i jest w stanie przyzna\u0107 Taboola (i stronom trzecim, kt\u00f3re wdro\u017cy\u0142y Taboola News na swoich nieruchomo\u015bciach lub urz\u0105dzeniach) prawa do korzystania z Tre\u015bci Firmy w Taboola News, i \u017cadne prawa stron trzecich nie s\u0105 naruszane w wyniku tego.<\/li>\n<li><strong><u>Brak wynagrodzenia<\/u><\/strong>. Dystrybucja Tre\u015bci Firmy przez Taboola w ramach Taboola News jest bezp\u0142atna dla Firmy, a Taboola nie ma obowi\u0105zku p\u0142acenia Firmie \u017cadnej op\u0142aty licencyjnej ani konkretnego wynagrodzenia pieni\u0119\u017cnego. Firma przyznaje, \u017ce mo\u017cliwo\u015b\u0107 generowania ruchu do Nieruchomo\u015bci oraz promowania \u015bwiadomo\u015bci marki Firmy (opr\u00f3cz zatrzymania 100% przychod\u00f3w generowanych przez jednostki na Nieruchomo\u015bciach innych ni\u017c Platforma) jest uczciwym wynagrodzeniem za w\u0142\u0105czenie i wykorzystanie Tre\u015bci Firmy w Taboola News. W zwi\u0105zku z tym, Firma nie b\u0119dzie wynagradzana za jakiekolwiek przychody z reklamy generowane przez lub wy\u015bwietlenia strony Platformy serwowane dla U\u017cytkownik\u00f3w uzyskuj\u0105cych dost\u0119p do Nieruchomo\u015bci przez Taboola News, a Taboola zatrzyma ca\u0142o\u015b\u0107 brutto Przychodu pochodz\u0105cego z Platformy podczas ka\u017cdej Taboola News Session (tj. czas trwania wizyty w Nieruchomo\u015bci przez U\u017cytkownika, kt\u00f3ry przybywa do takiej Nieruchomo\u015bci przez Taboola News). \u017badne wy\u015bwietlenia strony Platformy podczas Taboola News Session nie b\u0119d\u0105 liczone jako Wy\u015bwietlenie Rekomendacji.<\/li>\n<\/ol>\n<p>\u00a0<\/p>\n","protected":false},"excerpt":{"rendered":"<p>TABOOLA NEWS TERMS FOR DIGITAL PROPERTY OWNERS Ostatnia aktualizacja: 18 sierpnia 2025 Te Warunki Taboola News dla wydawc\u00f3w i w\u0142a\u015bcicieli nieruchomo\u015bci cyfrowych (\u201eWarunki Taboola News\u201d) maj\u0105 zastosowanie do w\u0142a\u015bcicieli nieruchomo\u015bci cyfrowych, w tym wydawc\u00f3w i innych firm (&#8220;Firma&#8221;), kt\u00f3re podpisa\u0142y umowy z Taboola w celu uczestnictwa w programie Taboola News (\u201eUmowa\u201d), a te Warunki Taboola [&hellip;]<\/p>\n","protected":false},"author":3,"featured_media":0,"parent":0,"menu_order":0,"comment_status":"closed","ping_status":"closed","template":"single-legal-page.php","meta":{"_acf_changed":false,"footnotes":""},"class_list":["post-633","page","type-page","status-publish","hentry"],"acf":[],"yoast_head":"<!-- This site is optimized with the Yoast SEO Premium plugin v26.9 (Yoast SEO v27.1.1) - https:\/\/yoast.com\/product\/yoast-seo-premium-wordpress\/ -->\n<title>Warunki Taboola News dla w\u0142a\u015bcicieli nieruchomo\u015bci cyfrowych - Taboola Policies<\/title>\n<meta name=\"robots\" content=\"index, follow, max-snippet:-1, max-image-preview:large, max-video-preview:-1\" \/>\n<link rel=\"canonical\" href=\"https:\/\/policies.taboola.com\/pl\/taboola-news-terms-for-digital-property-owners\/\" \/>\n<meta property=\"og:locale\" content=\"pl_PL\" \/>\n<meta property=\"og:type\" content=\"article\" \/>\n<meta property=\"og:title\" content=\"Warunki Taboola News dla w\u0142a\u015bcicieli nieruchomo\u015bci cyfrowych\" \/>\n<meta property=\"og:description\" content=\"TABOOLA NEWS TERMS FOR DIGITAL PROPERTY OWNERS Ostatnia aktualizacja: 18 sierpnia 2025 Te Warunki Taboola News dla wydawc\u00f3w i w\u0142a\u015bcicieli nieruchomo\u015bci cyfrowych (\u201eWarunki Taboola News\u201d) maj\u0105 zastosowanie do w\u0142a\u015bcicieli nieruchomo\u015bci cyfrowych, w tym wydawc\u00f3w i innych firm (&#8220;Firma&#8221;), kt\u00f3re podpisa\u0142y umowy z Taboola w celu uczestnictwa w programie Taboola News (\u201eUmowa\u201d), a te Warunki Taboola [&hellip;]\" \/>\n<meta property=\"og:url\" content=\"https:\/\/policies.taboola.com\/pl\/taboola-news-terms-for-digital-property-owners\/\" \/>\n<meta property=\"og:site_name\" content=\"Taboola Policies\" \/>\n<meta property=\"article:modified_time\" content=\"2026-03-10T16:33:54+00:00\" \/>\n<meta name=\"twitter:card\" content=\"summary_large_image\" \/>\n<meta name=\"twitter:label1\" content=\"Est. reading time\" \/>\n\t<meta name=\"twitter:data1\" content=\"5 minutes\" \/>\n<script type=\"application\/ld+json\" class=\"yoast-schema-graph\">{\"@context\":\"https:\/\/schema.org\",\"@graph\":[{\"@type\":\"WebPage\",\"@id\":\"https:\/\/policies.taboola.com\/pl\/taboola-news-terms-for-digital-property-owners\/\",\"url\":\"https:\/\/policies.taboola.com\/pl\/taboola-news-terms-for-digital-property-owners\/\",\"name\":\"Warunki Taboola News dla w\u0142a\u015bcicieli nieruchomo\u015bci cyfrowych - Taboola Policies\",\"isPartOf\":{\"@id\":\"https:\/\/policies.taboola.com\/pl\/#website\"},\"datePublished\":\"2025-08-21T18:16:21+00:00\",\"dateModified\":\"2026-03-10T16:33:54+00:00\",\"breadcrumb\":{\"@id\":\"https:\/\/policies.taboola.com\/pl\/taboola-news-terms-for-digital-property-owners\/#breadcrumb\"},\"inLanguage\":\"pl-PL\",\"potentialAction\":[{\"@type\":\"ReadAction\",\"target\":[\"https:\/\/policies.taboola.com\/pl\/taboola-news-terms-for-digital-property-owners\/\"]}]},{\"@type\":\"BreadcrumbList\",\"@id\":\"https:\/\/policies.taboola.com\/pl\/taboola-news-terms-for-digital-property-owners\/#breadcrumb\",\"itemListElement\":[{\"@type\":\"ListItem\",\"position\":1,\"name\":\"Home\",\"item\":\"https:\/\/policies.taboola.com\/pl\/\"},{\"@type\":\"ListItem\",\"position\":2,\"name\":\"Warunki Taboola News dla w\u0142a\u015bcicieli nieruchomo\u015bci cyfrowych\"}]},{\"@type\":\"WebSite\",\"@id\":\"https:\/\/policies.taboola.com\/pl\/#website\",\"url\":\"https:\/\/policies.taboola.com\/pl\/\",\"name\":\"Taboola Policies\",\"description\":\"\",\"potentialAction\":[{\"@type\":\"SearchAction\",\"target\":{\"@type\":\"EntryPoint\",\"urlTemplate\":\"https:\/\/policies.taboola.com\/pl\/?s={search_term_string}\"},\"query-input\":{\"@type\":\"PropertyValueSpecification\",\"valueRequired\":true,\"valueName\":\"search_term_string\"}}],\"inLanguage\":\"pl-PL\"}]}<\/script>\n<!-- \/ Yoast SEO Premium plugin. -->","yoast_head_json":{"title":"Warunki Taboola News dla w\u0142a\u015bcicieli nieruchomo\u015bci cyfrowych - Taboola Policies","robots":{"index":"index","follow":"follow","max-snippet":"max-snippet:-1","max-image-preview":"max-image-preview:large","max-video-preview":"max-video-preview:-1"},"canonical":"https:\/\/policies.taboola.com\/pl\/taboola-news-terms-for-digital-property-owners\/","og_locale":"pl_PL","og_type":"article","og_title":"Warunki Taboola News dla w\u0142a\u015bcicieli nieruchomo\u015bci cyfrowych","og_description":"TABOOLA NEWS TERMS FOR DIGITAL PROPERTY OWNERS Ostatnia aktualizacja: 18 sierpnia 2025 Te Warunki Taboola News dla wydawc\u00f3w i w\u0142a\u015bcicieli nieruchomo\u015bci cyfrowych (\u201eWarunki Taboola News\u201d) maj\u0105 zastosowanie do w\u0142a\u015bcicieli nieruchomo\u015bci cyfrowych, w tym wydawc\u00f3w i innych firm (&#8220;Firma&#8221;), kt\u00f3re podpisa\u0142y umowy z Taboola w celu uczestnictwa w programie Taboola News (\u201eUmowa\u201d), a te Warunki Taboola [&hellip;]","og_url":"https:\/\/policies.taboola.com\/pl\/taboola-news-terms-for-digital-property-owners\/","og_site_name":"Taboola Policies","article_modified_time":"2026-03-10T16:33:54+00:00","twitter_card":"summary_large_image","twitter_misc":{"Est. reading time":"5 minutes"},"schema":{"@context":"https:\/\/schema.org","@graph":[{"@type":"WebPage","@id":"https:\/\/policies.taboola.com\/pl\/taboola-news-terms-for-digital-property-owners\/","url":"https:\/\/policies.taboola.com\/pl\/taboola-news-terms-for-digital-property-owners\/","name":"Warunki Taboola News dla w\u0142a\u015bcicieli nieruchomo\u015bci cyfrowych - Taboola Policies","isPartOf":{"@id":"https:\/\/policies.taboola.com\/pl\/#website"},"datePublished":"2025-08-21T18:16:21+00:00","dateModified":"2026-03-10T16:33:54+00:00","breadcrumb":{"@id":"https:\/\/policies.taboola.com\/pl\/taboola-news-terms-for-digital-property-owners\/#breadcrumb"},"inLanguage":"pl-PL","potentialAction":[{"@type":"ReadAction","target":["https:\/\/policies.taboola.com\/pl\/taboola-news-terms-for-digital-property-owners\/"]}]},{"@type":"BreadcrumbList","@id":"https:\/\/policies.taboola.com\/pl\/taboola-news-terms-for-digital-property-owners\/#breadcrumb","itemListElement":[{"@type":"ListItem","position":1,"name":"Home","item":"https:\/\/policies.taboola.com\/pl\/"},{"@type":"ListItem","position":2,"name":"Warunki Taboola News dla w\u0142a\u015bcicieli nieruchomo\u015bci cyfrowych"}]},{"@type":"WebSite","@id":"https:\/\/policies.taboola.com\/pl\/#website","url":"https:\/\/policies.taboola.com\/pl\/","name":"Taboola Policies","description":"","potentialAction":[{"@type":"SearchAction","target":{"@type":"EntryPoint","urlTemplate":"https:\/\/policies.taboola.com\/pl\/?s={search_term_string}"},"query-input":{"@type":"PropertyValueSpecification","valueRequired":true,"valueName":"search_term_string"}}],"inLanguage":"pl-PL"}]}},"_links":{"self":[{"href":"https:\/\/policies.taboola.com\/pl\/wp-json\/wp\/v2\/pages\/633","targetHints":{"allow":["GET"]}}],"collection":[{"href":"https:\/\/policies.taboola.com\/pl\/wp-json\/wp\/v2\/pages"}],"about":[{"href":"https:\/\/policies.taboola.com\/pl\/wp-json\/wp\/v2\/types\/page"}],"author":[{"embeddable":true,"href":"https:\/\/policies.taboola.com\/pl\/wp-json\/wp\/v2\/users\/3"}],"replies":[{"embeddable":true,"href":"https:\/\/policies.taboola.com\/pl\/wp-json\/wp\/v2\/comments?post=633"}],"version-history":[{"count":2,"href":"https:\/\/policies.taboola.com\/pl\/wp-json\/wp\/v2\/pages\/633\/revisions"}],"predecessor-version":[{"id":5056,"href":"https:\/\/policies.taboola.com\/pl\/wp-json\/wp\/v2\/pages\/633\/revisions\/5056"}],"wp:attachment":[{"href":"https:\/\/policies.taboola.com\/pl\/wp-json\/wp\/v2\/media?parent=633"}],"curies":[{"name":"wp","href":"https:\/\/api.w.org\/{rel}","templated":true}]}}