{"id":593,"date":"2025-08-21T18:15:42","date_gmt":"2025-08-21T18:15:42","guid":{"rendered":"https:\/\/policies.taboola.com\/leilao-de-cabecalho\/"},"modified":"2026-03-05T10:10:45","modified_gmt":"2026-03-05T10:10:45","slug":"header-bidding","status":"publish","type":"page","link":"https:\/\/policies.taboola.com\/pt-br\/header-bidding\/","title":{"rendered":"Header Bidding"},"content":{"rendered":"<h1 style=\"text-align: center;\">Header Bidding<\/h1>\n<ol>\n<li><strong>Concess\u00e3o de Direitos:<\/strong> As Partes concordam e reconhecem que a Empresa utiliza uma solu\u00e7\u00e3o de Header Bidding (a &#8220;Header Bidding Integration&#8221;) para gerenciar e monetizar seu invent\u00e1rio de publicidade display nas Propriedades. Durante o Prazo, a Empresa incluir\u00e1 o Taboola como licitante dentro da Integra\u00e7\u00e3o Header Bidding da Empresa para unidades de publicidade display dispon\u00edveis para licita\u00e7\u00e3o atrav\u00e9s da Integra\u00e7\u00e3o Header Bidding da Empresa (as &#8220;HB Units&#8221;), que s\u00e3o chamadas HB Units dever\u00e1 excluir especificamente qualquer invent\u00e1rio de publicidade nativa, como aqueles posicionamentos onde a Plataforma da Taboola for implementada. A empresa reconhece e concorda em: (i) conceder \u00e0 Taboola o direito de licitar atrav\u00e9s do adaptador de Header Bidding da Taboola (o &#8220;Header Bidding Adapter&#8221;) em qualquer HB Units; (ii) adicionar o Header Bidding Adapter a qualquer parte da Integra\u00e7\u00e3o Header Bidding da Empresa na qual a Taboola tenha capacidades t\u00e9cnicas para participar; (iii) garantir que o Local Storage esteja habilitado para sua Header Bidding Integration; e (iv) garantir que qualquer an\u00fancio exibido pela Taboola dentro da HB Unit seja visualiz\u00e1vel (de acordo com as MRC Viewable Impression Guidelines) e n\u00e3o atualize em intervalos menores que 30 segundos.<\/li>\n<li><strong>Header Bidding Fee:<\/strong> Al\u00e9m da Compensa\u00e7\u00e3o prevista na Se\u00e7\u00e3o IV acima, para cada m\u00eas do Prazo, a Empresa receber\u00e1 a Header Bidding Fee (conforme definido abaixo) para quaisquer HB Units monetizadas via Header Bidding Adapter. Para fins deste Acordo, a &#8220;Header Bidding Fee&#8221; significar\u00e1 a receita obtida pela Empresa pela soma das Licita\u00e7\u00f5es Vencedoras agregadas (conforme definido abaixo) para todas as HB Units adquiridas pela Taboola, descontando quaisquer dedu\u00e7\u00f5es por Impress\u00f5es Fraudulentas (conforme definido abaixo). As medi\u00e7\u00f5es da Taboola em rela\u00e7\u00e3o \u00e0s impress\u00f5es s\u00e3o as medidas definitivas sob este Acordo usadas para calcular a Header Bidding Fee.<\/li>\n<li><strong>Defini\u00e7\u00f5es:<\/strong> An\u00fancios: significa gr\u00e1ficos, interativos, m\u00f3veis, v\u00eddeos, m\u00eddia rica, arte, textos, URLs ativas para an\u00fancios ou an\u00fancios baseados em texto, e as tags correspondentes, incluindo banners, bot\u00f5es, torres e\/ou arranha-c\u00e9us, bem como elementos n\u00e3o gr\u00e1ficos como Tracking Pixels e pixels de terceiros. Lance: uma oferta feita pela Taboola para uma HB Unit espec\u00edfica. Winning Bid: um Bid selecionado pela Header Bidding Integration como o lance qualificado mais alto (medido em custo por mil impress\u00f5es) para uma HB Unit espec\u00edfica. Impress\u00f5es Fraudulentas: impress\u00f5es que foram servidas para uma propriedade por m\u00e9todos ou meios que inflam artificial ou fraudulentamente o volume de impress\u00f5es, incluindo redirecionamento autom\u00e1tico de usu\u00e1rios, uso de bots e rastreadores, manipula\u00e7\u00e3o de an\u00fancios ou qualquer outra t\u00e9cnica de gera\u00e7\u00e3o autom\u00e1tica ou fraudulenta de impress\u00f5es (conforme determinado pela Taboola, agindo de forma razo\u00e1vel ou baseada em pr\u00e1ticas do setor).<\/li>\n<\/ol>\n","protected":false},"excerpt":{"rendered":"<p>Header Bidding Concess\u00e3o de Direitos: As Partes concordam e reconhecem que a Empresa utiliza uma solu\u00e7\u00e3o de Header Bidding (a &#8220;Header Bidding Integration&#8221;) para gerenciar e monetizar seu invent\u00e1rio de publicidade display nas Propriedades. Durante o Prazo, a Empresa incluir\u00e1 o Taboola como licitante dentro da Integra\u00e7\u00e3o Header Bidding da Empresa para unidades de publicidade [&hellip;]<\/p>\n","protected":false},"author":3,"featured_media":0,"parent":0,"menu_order":0,"comment_status":"closed","ping_status":"closed","template":"single-legal-page.php","meta":{"_acf_changed":false,"footnotes":""},"class_list":["post-593","page","type-page","status-publish","hentry"],"acf":[],"yoast_head":"<!-- This site is optimized with the Yoast SEO Premium plugin v26.9 (Yoast SEO v27.1.1) - https:\/\/yoast.com\/product\/yoast-seo-premium-wordpress\/ -->\n<title>Header Bidding - Taboola Policies<\/title>\n<meta name=\"robots\" content=\"index, follow, max-snippet:-1, max-image-preview:large, max-video-preview:-1\" \/>\n<link rel=\"canonical\" href=\"https:\/\/policies.taboola.com\/pt-br\/header-bidding\/\" \/>\n<meta property=\"og:locale\" content=\"pt_BR\" \/>\n<meta property=\"og:type\" content=\"article\" \/>\n<meta property=\"og:title\" content=\"Header Bidding\" \/>\n<meta property=\"og:description\" content=\"Header Bidding Concess\u00e3o de Direitos: As Partes concordam e reconhecem que a Empresa utiliza uma solu\u00e7\u00e3o de Header Bidding (a &#8220;Header Bidding Integration&#8221;) para gerenciar e monetizar seu invent\u00e1rio de publicidade display nas Propriedades. Durante o Prazo, a Empresa incluir\u00e1 o Taboola como licitante dentro da Integra\u00e7\u00e3o Header Bidding da Empresa para unidades de publicidade [&hellip;]\" \/>\n<meta property=\"og:url\" content=\"https:\/\/policies.taboola.com\/pt-br\/header-bidding\/\" \/>\n<meta property=\"og:site_name\" content=\"Taboola Policies\" \/>\n<meta property=\"article:modified_time\" content=\"2026-03-05T10:10:45+00:00\" \/>\n<meta name=\"twitter:card\" content=\"summary_large_image\" \/>\n<meta name=\"twitter:label1\" content=\"Est. reading time\" \/>\n\t<meta name=\"twitter:data1\" content=\"2 minutes\" \/>\n<script type=\"application\/ld+json\" class=\"yoast-schema-graph\">{\"@context\":\"https:\/\/schema.org\",\"@graph\":[{\"@type\":\"WebPage\",\"@id\":\"https:\/\/policies.taboola.com\/pt-br\/header-bidding\/\",\"url\":\"https:\/\/policies.taboola.com\/pt-br\/header-bidding\/\",\"name\":\"Header Bidding - Taboola Policies\",\"isPartOf\":{\"@id\":\"https:\/\/policies.taboola.com\/pt-br\/#website\"},\"datePublished\":\"2025-08-21T18:15:42+00:00\",\"dateModified\":\"2026-03-05T10:10:45+00:00\",\"breadcrumb\":{\"@id\":\"https:\/\/policies.taboola.com\/pt-br\/header-bidding\/#breadcrumb\"},\"inLanguage\":\"pt-BR\",\"potentialAction\":[{\"@type\":\"ReadAction\",\"target\":[\"https:\/\/policies.taboola.com\/pt-br\/header-bidding\/\"]}]},{\"@type\":\"BreadcrumbList\",\"@id\":\"https:\/\/policies.taboola.com\/pt-br\/header-bidding\/#breadcrumb\",\"itemListElement\":[{\"@type\":\"ListItem\",\"position\":1,\"name\":\"Home\",\"item\":\"https:\/\/policies.taboola.com\/pt-br\/\"},{\"@type\":\"ListItem\",\"position\":2,\"name\":\"Header Bidding\"}]},{\"@type\":\"WebSite\",\"@id\":\"https:\/\/policies.taboola.com\/pt-br\/#website\",\"url\":\"https:\/\/policies.taboola.com\/pt-br\/\",\"name\":\"Taboola Policies\",\"description\":\"\",\"potentialAction\":[{\"@type\":\"SearchAction\",\"target\":{\"@type\":\"EntryPoint\",\"urlTemplate\":\"https:\/\/policies.taboola.com\/pt-br\/?s={search_term_string}\"},\"query-input\":{\"@type\":\"PropertyValueSpecification\",\"valueRequired\":true,\"valueName\":\"search_term_string\"}}],\"inLanguage\":\"pt-BR\"}]}<\/script>\n<!-- \/ Yoast SEO Premium plugin. -->","yoast_head_json":{"title":"Header Bidding - Taboola Policies","robots":{"index":"index","follow":"follow","max-snippet":"max-snippet:-1","max-image-preview":"max-image-preview:large","max-video-preview":"max-video-preview:-1"},"canonical":"https:\/\/policies.taboola.com\/pt-br\/header-bidding\/","og_locale":"pt_BR","og_type":"article","og_title":"Header Bidding","og_description":"Header Bidding Concess\u00e3o de Direitos: As Partes concordam e reconhecem que a Empresa utiliza uma solu\u00e7\u00e3o de Header Bidding (a &#8220;Header Bidding Integration&#8221;) para gerenciar e monetizar seu invent\u00e1rio de publicidade display nas Propriedades. Durante o Prazo, a Empresa incluir\u00e1 o Taboola como licitante dentro da Integra\u00e7\u00e3o Header Bidding da Empresa para unidades de publicidade [&hellip;]","og_url":"https:\/\/policies.taboola.com\/pt-br\/header-bidding\/","og_site_name":"Taboola Policies","article_modified_time":"2026-03-05T10:10:45+00:00","twitter_card":"summary_large_image","twitter_misc":{"Est. reading time":"2 minutes"},"schema":{"@context":"https:\/\/schema.org","@graph":[{"@type":"WebPage","@id":"https:\/\/policies.taboola.com\/pt-br\/header-bidding\/","url":"https:\/\/policies.taboola.com\/pt-br\/header-bidding\/","name":"Header Bidding - Taboola Policies","isPartOf":{"@id":"https:\/\/policies.taboola.com\/pt-br\/#website"},"datePublished":"2025-08-21T18:15:42+00:00","dateModified":"2026-03-05T10:10:45+00:00","breadcrumb":{"@id":"https:\/\/policies.taboola.com\/pt-br\/header-bidding\/#breadcrumb"},"inLanguage":"pt-BR","potentialAction":[{"@type":"ReadAction","target":["https:\/\/policies.taboola.com\/pt-br\/header-bidding\/"]}]},{"@type":"BreadcrumbList","@id":"https:\/\/policies.taboola.com\/pt-br\/header-bidding\/#breadcrumb","itemListElement":[{"@type":"ListItem","position":1,"name":"Home","item":"https:\/\/policies.taboola.com\/pt-br\/"},{"@type":"ListItem","position":2,"name":"Header Bidding"}]},{"@type":"WebSite","@id":"https:\/\/policies.taboola.com\/pt-br\/#website","url":"https:\/\/policies.taboola.com\/pt-br\/","name":"Taboola Policies","description":"","potentialAction":[{"@type":"SearchAction","target":{"@type":"EntryPoint","urlTemplate":"https:\/\/policies.taboola.com\/pt-br\/?s={search_term_string}"},"query-input":{"@type":"PropertyValueSpecification","valueRequired":true,"valueName":"search_term_string"}}],"inLanguage":"pt-BR"}]}},"_links":{"self":[{"href":"https:\/\/policies.taboola.com\/pt-br\/wp-json\/wp\/v2\/pages\/593","targetHints":{"allow":["GET"]}}],"collection":[{"href":"https:\/\/policies.taboola.com\/pt-br\/wp-json\/wp\/v2\/pages"}],"about":[{"href":"https:\/\/policies.taboola.com\/pt-br\/wp-json\/wp\/v2\/types\/page"}],"author":[{"embeddable":true,"href":"https:\/\/policies.taboola.com\/pt-br\/wp-json\/wp\/v2\/users\/3"}],"replies":[{"embeddable":true,"href":"https:\/\/policies.taboola.com\/pt-br\/wp-json\/wp\/v2\/comments?post=593"}],"version-history":[{"count":4,"href":"https:\/\/policies.taboola.com\/pt-br\/wp-json\/wp\/v2\/pages\/593\/revisions"}],"predecessor-version":[{"id":4977,"href":"https:\/\/policies.taboola.com\/pt-br\/wp-json\/wp\/v2\/pages\/593\/revisions\/4977"}],"wp:attachment":[{"href":"https:\/\/policies.taboola.com\/pt-br\/wp-json\/wp\/v2\/media?parent=593"}],"curies":[{"name":"wp","href":"https:\/\/api.w.org\/{rel}","templated":true}]}}