{"id":617,"date":"2025-08-21T18:16:21","date_gmt":"2025-08-21T18:16:21","guid":{"rendered":"https:\/\/policies.taboola.com\/termos-da-taboola-news-para-proprietarios-de-imoveis-digitais\/"},"modified":"2026-03-10T11:14:15","modified_gmt":"2026-03-10T11:14:15","slug":"taboola-news-terms-for-digital-property-owners","status":"publish","type":"page","link":"https:\/\/policies.taboola.com\/pt-br\/taboola-news-terms-for-digital-property-owners\/","title":{"rendered":"Termos da Taboola News para propriet\u00e1rios de propriedades digitais"},"content":{"rendered":"<h1 style=\"text-align: center;\"><strong>TERMOS DA TABOOLA NEWS PARA PROPRIET\u00c1RIOS DE PROPRIEDADES DIGITAIS<\/strong><\/h1>\n<p>\u00daltima atualiza\u00e7\u00e3o: 18 de agosto de 2025<\/p>\n<p>Estes Termos da Taboola News para editores e propriet\u00e1rios de propriedades digitais (\u201cTermos da Taboola News\u201d) aplicam-se a propriet\u00e1rios de propriedades digitais, incluindo editores e outras empresas (\u201cEmpresa\u201d) que tenham assinado acordos com a Taboola para participar no programa Taboola News (\u201cAcordo\u201d), e estes Termos da Taboola News ser\u00e3o considerados incorporados e far\u00e3o parte integrante de qualquer Acordo desse tipo. Os termos n\u00e3o definidos neste documento ter\u00e3o a defini\u00e7\u00e3o estabelecida no Contrato relevante. Para maior clareza, todas e quaisquer refer\u00eancias a \u201cPropriet\u00e1rio Terceiro\u201d s\u00e3o aplic\u00e1veis apenas quando expressamente previstas no contrato celebrado entre a Empresa e a Taboola.<\/p>\n<ol>\n<li><strong>T<u>aboola News<\/u><\/strong>. A Taboola estabelece parcerias com propriedades digitais e fabricantes de dispositivos m\u00f3veis em todo o mundo para implementar em suas propriedades digitais e dispositivos m\u00f3veis um feed de not\u00edcias desenvolvido pela Taboola (o \u201cTaboola News Product\u201d). O Taboola News Product cont\u00e9m t\u00edtulos de artigos, textos curtos combinados com imagens e v\u00eddeos que permitem aos editores da Taboola tornar seu conte\u00fado acess\u00edvel e alcan\u00e7ar um p\u00fablico maior (ou seja, aumentando o tr\u00e1fego e a exposi\u00e7\u00e3o das Propriedades). O conte\u00fado \u00e9 obtido (manualmente ou por meio de automa\u00e7\u00e3o) de editores que fazem parte da rede Taboola e de outros terceiros, e pode ser complementado com Conte\u00fado Patrocinado pela Taboola. O Taboola News Product pode ser estruturado como um feed rolante de Content Cards, ou como um papel de parede, ou qualquer outro formato desenvolvido pela Taboola, e exibe (a) um t\u00edtulo de artigo e uma imagem que \u00e9 obtida pela Taboola de terceiros (manualmente ou por meio de automa\u00e7\u00e3o) ou que a pr\u00f3pria Empresa selecionou para o respectivo t\u00edtulo do artigo, (b) um v\u00eddeo obtido pela Taboola (manualmente ou por meio de automa\u00e7\u00e3o) das propriedades, dos canais de m\u00eddia social da Empresa ou do propriet\u00e1rio de terceiros ou disponibilizado pela Empresa na web (por exemplo, YouTube \/ Instagram \/ TikTok) ou por terceiros e\/ou (c) Conte\u00fado Patrocinado pela Taboola. Se o Visitante clicar em um \u00fanico conte\u00fado proveniente da Empresa ou de um Terceiro Propriet\u00e1rio, o Visitante ser\u00e1 (x) redirecionado diretamente para a Propriedade, ou (y) redirecionado para uma p\u00e1gina da web controlada pela Taboola exibindo (i) uma pr\u00e9-visualiza\u00e7\u00e3o do artigo, onde as primeiras frases do artigo s\u00e3o exibidas (novamente em combina\u00e7\u00e3o com uma imagem) ou um resumo do artigo gerado por solu\u00e7\u00f5es automatizadas \u00e9 exibido, ou (ii) uma unidade de v\u00eddeo; e onde, em ambos os casos, o Visitante pode clicar para entrar ou sair da Propriedade. A Taboola reserva-se o direito de fazer altera\u00e7\u00f5es razo\u00e1veis na experi\u00eancia do visitante do Taboola News para fins de otimiza\u00e7\u00e3o.<\/li>\n<li><strong><u>Licen\u00e7a<\/u><\/strong>. Para os fins descritos nestes Termos e durante a vig\u00eancia do Contrato, a Empresa concede, e obteve do Propriet\u00e1rio de Terceiros, o direito de conceder \u00e0 Taboola o direito n\u00e3o exclusivo e mundial (a) de usar qualquer conte\u00fado das Propriedades e (b) a autoriza\u00e7\u00e3o para acessar e extrair qualquer conte\u00fado dos canais de m\u00eddia social da Empresa ou do Propriet\u00e1rio de Terceiros (incluindo textos, imagens, v\u00eddeos \u2013 incluindo componente de \u00e1udio),\u00a0 tanto em (a) quanto em (b) para os fins descritos abaixo, em particular o direito de rastrear, baixar, armazenar, reproduzir,\u00a0 publicar, digitalizar, disponibilizar publicamente, bem como o direito de editar (por exemplo, substituir a imagem selecionada pela Empresa para um artigo espec\u00edfico por uma imagem de alta resolu\u00e7\u00e3o fornecida pela Taboola, encurtar t\u00edtulos de artigos e textos de marca quando eles n\u00e3o se encaixam adequadamente na tela do celular), sendo que este \u00faltimo direito \u00e9 concedido apenas na medida em que seja necess\u00e1rio para otimizar a experi\u00eancia do Taboola News (conforme indicado nos exemplos fornecidos abaixo). A Empresa concede ainda, e obteve do Propriet\u00e1rio de Propriedade de Terceiros o direito de conceder \u00e0 Taboola o direito n\u00e3o exclusivo e mundial de usar e conceder a terceiros que implementaram o Taboola News em suas propriedades ou dispositivos o direito de usar os nomes e logotipos da Empresa, do Propriet\u00e1rio de Propriedade de Terceiros e das Propriedades para fins de marketing do Taboola News. A Empresa declara que det\u00e9m, ou obteve de Terceiros Propriet\u00e1rios, todos os direitos sobre o Conte\u00fado da Empresa e que pode conceder \u00e0 Taboola (e aos terceiros que implementaram o Taboola News em suas propriedades ou dispositivos) os direitos de uso do Conte\u00fado da Empresa no Taboola News, sem que isso resulte na viola\u00e7\u00e3o de direitos de terceiros.<\/li>\n<li><strong><u>Sem remunera\u00e7\u00e3o<\/u><\/strong>. A distribui\u00e7\u00e3o do Conte\u00fado da Empresa pela Taboola atrav\u00e9s do Taboola News n\u00e3o tem qualquer custo para a Empresa, e a Taboola n\u00e3o ter\u00e1 de pagar qualquer taxa de licen\u00e7a ou remunera\u00e7\u00e3o monet\u00e1ria espec\u00edfica \u00e0 Empresa. A Empresa reconhece que a oportunidade de gerar tr\u00e1fego para as Propriedades e promover o reconhecimento da marca da Empresa (al\u00e9m de manter 100% da receita gerada pelas unidades nas Propriedades, exceto a Plataforma) \u00e9 uma compensa\u00e7\u00e3o justa pela inclus\u00e3o e uso do Conte\u00fado da Empresa no Taboola News. Assim, a Empresa n\u00e3o ser\u00e1 remunerada por qualquer receita publicit\u00e1ria gerada ou visualiza\u00e7\u00f5es de p\u00e1gina da Plataforma servidas aos Visitantes que acessam a Propriedade atrav\u00e9s do Taboola News, e a Taboola manter\u00e1 a totalidade da receita bruta derivada da Plataforma durante qualquer Taboola News Session (ou seja, a dura\u00e7\u00e3o de uma visita \u00e0 Propriedade por um Visitante que chega a tal Propriedade atrav\u00e9s do Taboola News). Nenhuma visualiza\u00e7\u00e3o de p\u00e1gina da Plataforma durante uma Taboola News Session ser\u00e1 contabilizada como uma Visualiza\u00e7\u00e3o de P\u00e1gina de Recomenda\u00e7\u00e3o.<\/li>\n<\/ol>\n<p>\u00a0<\/p>\n","protected":false},"excerpt":{"rendered":"<p>TERMOS DA TABOOLA NEWS PARA PROPRIET\u00c1RIOS DE PROPRIEDADES DIGITAIS \u00daltima atualiza\u00e7\u00e3o: 18 de agosto de 2025 Estes Termos da Taboola News para editores e propriet\u00e1rios de propriedades digitais (\u201cTermos da Taboola News\u201d) aplicam-se a propriet\u00e1rios de propriedades digitais, incluindo editores e outras empresas (\u201cEmpresa\u201d) que tenham assinado acordos com a Taboola para participar no programa [&hellip;]<\/p>\n","protected":false},"author":3,"featured_media":0,"parent":0,"menu_order":0,"comment_status":"closed","ping_status":"closed","template":"single-legal-page.php","meta":{"_acf_changed":false,"footnotes":""},"class_list":["post-617","page","type-page","status-publish","hentry"],"acf":[],"yoast_head":"<!-- This site is optimized with the Yoast SEO Premium plugin v26.9 (Yoast SEO v27.1.1) - https:\/\/yoast.com\/product\/yoast-seo-premium-wordpress\/ -->\n<title>Termos da Taboola News para propriet\u00e1rios de propriedades digitais - Taboola Policies<\/title>\n<meta name=\"robots\" content=\"index, follow, max-snippet:-1, max-image-preview:large, max-video-preview:-1\" \/>\n<link rel=\"canonical\" href=\"https:\/\/policies.taboola.com\/pt-br\/taboola-news-terms-for-digital-property-owners\/\" \/>\n<meta property=\"og:locale\" content=\"pt_BR\" \/>\n<meta property=\"og:type\" content=\"article\" \/>\n<meta property=\"og:title\" content=\"Termos da Taboola News para propriet\u00e1rios de propriedades digitais\" \/>\n<meta property=\"og:description\" content=\"TERMOS DA TABOOLA NEWS PARA PROPRIET\u00c1RIOS DE PROPRIEDADES DIGITAIS \u00daltima atualiza\u00e7\u00e3o: 18 de agosto de 2025 Estes Termos da Taboola News para editores e propriet\u00e1rios de propriedades digitais (\u201cTermos da Taboola News\u201d) aplicam-se a propriet\u00e1rios de propriedades digitais, incluindo editores e outras empresas (\u201cEmpresa\u201d) que tenham assinado acordos com a Taboola para participar no programa [&hellip;]\" \/>\n<meta property=\"og:url\" content=\"https:\/\/policies.taboola.com\/pt-br\/taboola-news-terms-for-digital-property-owners\/\" \/>\n<meta property=\"og:site_name\" content=\"Taboola Policies\" \/>\n<meta property=\"article:modified_time\" content=\"2026-03-10T11:14:15+00:00\" \/>\n<meta name=\"twitter:card\" content=\"summary_large_image\" \/>\n<meta name=\"twitter:label1\" content=\"Est. reading time\" \/>\n\t<meta name=\"twitter:data1\" content=\"5 minutes\" \/>\n<script type=\"application\/ld+json\" class=\"yoast-schema-graph\">{\"@context\":\"https:\/\/schema.org\",\"@graph\":[{\"@type\":\"WebPage\",\"@id\":\"https:\/\/policies.taboola.com\/pt-br\/taboola-news-terms-for-digital-property-owners\/\",\"url\":\"https:\/\/policies.taboola.com\/pt-br\/taboola-news-terms-for-digital-property-owners\/\",\"name\":\"Termos da Taboola News para propriet\u00e1rios de propriedades digitais - Taboola Policies\",\"isPartOf\":{\"@id\":\"https:\/\/policies.taboola.com\/pt-br\/#website\"},\"datePublished\":\"2025-08-21T18:16:21+00:00\",\"dateModified\":\"2026-03-10T11:14:15+00:00\",\"breadcrumb\":{\"@id\":\"https:\/\/policies.taboola.com\/pt-br\/taboola-news-terms-for-digital-property-owners\/#breadcrumb\"},\"inLanguage\":\"pt-BR\",\"potentialAction\":[{\"@type\":\"ReadAction\",\"target\":[\"https:\/\/policies.taboola.com\/pt-br\/taboola-news-terms-for-digital-property-owners\/\"]}]},{\"@type\":\"BreadcrumbList\",\"@id\":\"https:\/\/policies.taboola.com\/pt-br\/taboola-news-terms-for-digital-property-owners\/#breadcrumb\",\"itemListElement\":[{\"@type\":\"ListItem\",\"position\":1,\"name\":\"Home\",\"item\":\"https:\/\/policies.taboola.com\/pt-br\/\"},{\"@type\":\"ListItem\",\"position\":2,\"name\":\"Termos da Taboola News para propriet\u00e1rios de propriedades digitais\"}]},{\"@type\":\"WebSite\",\"@id\":\"https:\/\/policies.taboola.com\/pt-br\/#website\",\"url\":\"https:\/\/policies.taboola.com\/pt-br\/\",\"name\":\"Taboola Policies\",\"description\":\"\",\"potentialAction\":[{\"@type\":\"SearchAction\",\"target\":{\"@type\":\"EntryPoint\",\"urlTemplate\":\"https:\/\/policies.taboola.com\/pt-br\/?s={search_term_string}\"},\"query-input\":{\"@type\":\"PropertyValueSpecification\",\"valueRequired\":true,\"valueName\":\"search_term_string\"}}],\"inLanguage\":\"pt-BR\"}]}<\/script>\n<!-- \/ Yoast SEO Premium plugin. -->","yoast_head_json":{"title":"Termos da Taboola News para propriet\u00e1rios de propriedades digitais - Taboola Policies","robots":{"index":"index","follow":"follow","max-snippet":"max-snippet:-1","max-image-preview":"max-image-preview:large","max-video-preview":"max-video-preview:-1"},"canonical":"https:\/\/policies.taboola.com\/pt-br\/taboola-news-terms-for-digital-property-owners\/","og_locale":"pt_BR","og_type":"article","og_title":"Termos da Taboola News para propriet\u00e1rios de propriedades digitais","og_description":"TERMOS DA TABOOLA NEWS PARA PROPRIET\u00c1RIOS DE PROPRIEDADES DIGITAIS \u00daltima atualiza\u00e7\u00e3o: 18 de agosto de 2025 Estes Termos da Taboola News para editores e propriet\u00e1rios de propriedades digitais (\u201cTermos da Taboola News\u201d) aplicam-se a propriet\u00e1rios de propriedades digitais, incluindo editores e outras empresas (\u201cEmpresa\u201d) que tenham assinado acordos com a Taboola para participar no programa [&hellip;]","og_url":"https:\/\/policies.taboola.com\/pt-br\/taboola-news-terms-for-digital-property-owners\/","og_site_name":"Taboola Policies","article_modified_time":"2026-03-10T11:14:15+00:00","twitter_card":"summary_large_image","twitter_misc":{"Est. reading time":"5 minutes"},"schema":{"@context":"https:\/\/schema.org","@graph":[{"@type":"WebPage","@id":"https:\/\/policies.taboola.com\/pt-br\/taboola-news-terms-for-digital-property-owners\/","url":"https:\/\/policies.taboola.com\/pt-br\/taboola-news-terms-for-digital-property-owners\/","name":"Termos da Taboola News para propriet\u00e1rios de propriedades digitais - Taboola Policies","isPartOf":{"@id":"https:\/\/policies.taboola.com\/pt-br\/#website"},"datePublished":"2025-08-21T18:16:21+00:00","dateModified":"2026-03-10T11:14:15+00:00","breadcrumb":{"@id":"https:\/\/policies.taboola.com\/pt-br\/taboola-news-terms-for-digital-property-owners\/#breadcrumb"},"inLanguage":"pt-BR","potentialAction":[{"@type":"ReadAction","target":["https:\/\/policies.taboola.com\/pt-br\/taboola-news-terms-for-digital-property-owners\/"]}]},{"@type":"BreadcrumbList","@id":"https:\/\/policies.taboola.com\/pt-br\/taboola-news-terms-for-digital-property-owners\/#breadcrumb","itemListElement":[{"@type":"ListItem","position":1,"name":"Home","item":"https:\/\/policies.taboola.com\/pt-br\/"},{"@type":"ListItem","position":2,"name":"Termos da Taboola News para propriet\u00e1rios de propriedades digitais"}]},{"@type":"WebSite","@id":"https:\/\/policies.taboola.com\/pt-br\/#website","url":"https:\/\/policies.taboola.com\/pt-br\/","name":"Taboola Policies","description":"","potentialAction":[{"@type":"SearchAction","target":{"@type":"EntryPoint","urlTemplate":"https:\/\/policies.taboola.com\/pt-br\/?s={search_term_string}"},"query-input":{"@type":"PropertyValueSpecification","valueRequired":true,"valueName":"search_term_string"}}],"inLanguage":"pt-BR"}]}},"_links":{"self":[{"href":"https:\/\/policies.taboola.com\/pt-br\/wp-json\/wp\/v2\/pages\/617","targetHints":{"allow":["GET"]}}],"collection":[{"href":"https:\/\/policies.taboola.com\/pt-br\/wp-json\/wp\/v2\/pages"}],"about":[{"href":"https:\/\/policies.taboola.com\/pt-br\/wp-json\/wp\/v2\/types\/page"}],"author":[{"embeddable":true,"href":"https:\/\/policies.taboola.com\/pt-br\/wp-json\/wp\/v2\/users\/3"}],"replies":[{"embeddable":true,"href":"https:\/\/policies.taboola.com\/pt-br\/wp-json\/wp\/v2\/comments?post=617"}],"version-history":[{"count":2,"href":"https:\/\/policies.taboola.com\/pt-br\/wp-json\/wp\/v2\/pages\/617\/revisions"}],"predecessor-version":[{"id":5051,"href":"https:\/\/policies.taboola.com\/pt-br\/wp-json\/wp\/v2\/pages\/617\/revisions\/5051"}],"wp:attachment":[{"href":"https:\/\/policies.taboola.com\/pt-br\/wp-json\/wp\/v2\/media?parent=617"}],"curies":[{"name":"wp","href":"https:\/\/api.w.org\/{rel}","templated":true}]}}