{"id":607,"date":"2025-08-21T18:15:42","date_gmt":"2025-08-21T18:15:42","guid":{"rendered":"https:\/\/policies.taboola.com\/licitatie-cu-antet\/"},"modified":"2026-03-05T10:21:50","modified_gmt":"2026-03-05T10:21:50","slug":"header-bidding","status":"publish","type":"page","link":"https:\/\/policies.taboola.com\/ro\/header-bidding\/","title":{"rendered":"Header Bidding"},"content":{"rendered":"<h1 style=\"text-align: center;\">Header Bidding<\/h1>\n<ol>\n<li><strong>Grant of Rights:<\/strong> P\u0103r\u021bile sunt de acord \u0219i recunosc c\u0103 Compania utilizeaz\u0103 o solu\u021bie de header bidding (&#8220;Integrarea Header Bidding&#8221;) pentru a gestiona \u0219i monetiza inventarul s\u0103u de publicitate display pe Propriet\u0103\u021bi. Pe durata Termenului, Compania va include Taboola ca ofertant \u00een cadrul Integrarea Header Bidding a Companiei pentru unit\u0103\u021bile de publicitate display disponibile pentru licitare prin Integrarea Header Bidding a Companiei (&#8220;HB Units&#8221;), care Unit\u0103\u021bi HB vor exclude \u00een mod specific orice inventar de publicitate nativ, cum ar fi acele plasamente unde este implementat\u0103 Platforma Taboola. Compania recunoa\u0219te \u0219i este de acord s\u0103: (i) acorde Taboola dreptul de a licita prin adaptorul de header bidding al Taboola (&#8220;Adaptorul Header Bidding&#8221;) pentru orice Unit\u0103\u021bi HB; (ii) adauge Adaptorul Header Bidding \u00een orice parte a Integrarea Header Bidding a Companiei pentru care Taboola are capacit\u0103\u021bile tehnice de a participa; (iii) se asigure c\u0103 Local Storage este activat\u0103 pentru Integrarea Header Bidding; \u0219i (iv) se asigure c\u0103 orice anun\u021b display servit de Taboola \u00een cadrul HB Unit este vizibil (\u00een conformitate cu Ghidurile MRC pentru Impresii Vizibile) \u0219i nu se re\u00eemprosp\u0103teaz\u0103 la intervale mai scurte de 30 de secunde.<\/li>\n<li><strong>Header Bidding Fee:<\/strong> \u00cen plus fa\u021b\u0103 de Compensa\u021bia stabilit\u0103 \u00een Sec\u021biunea IV de mai sus, pentru fiecare lun\u0103 a Termenului, Compania va primi Taxa Header Bidding (a\u0219a cum este definit\u0103 mai jos) pentru orice Unit\u0103\u021bi HB monetizate prin Adaptorul Header Bidding. \u00cen scopurile acestui Acord, &#8220;Taxa Header Bidding&#8221; va \u00eensemna venitul ob\u021binut de Companie pentru suma ofertelor c\u00e2\u0219tig\u0103toare agregate (a\u0219a cum este definit\u0103 mai jos) pentru toate HB Units achizi\u021bionate de Taboola, minus orice deduceri pentru Impresii Frauduloase (a\u0219a cum este definit\u0103 mai jos). M\u0103sur\u0103torile Taboola referitoare la impresii sunt m\u0103sur\u0103torile definitive \u00een cadrul acestui Acord utilizate pentru a calcula Taxa Header Bidding.<\/li>\n<li><strong>Defini\u021bii:<\/strong> Anun\u021buri: \u00eenseamn\u0103 grafice, interactive, mobile, video, media bogat\u0103, lucr\u0103ri de art\u0103, texte, URL-uri active pentru anun\u021buri sau anun\u021buri bazate pe text, \u0219i etichetele aferente, inclusiv anun\u021buri banner, butoane, turnuri \u0219i\/sau zg\u00e2rie-nori, precum \u0219i elemente non-grafice cum ar fi Tracking Pixels \u0219i Pixels de ter\u021b\u0103 parte. Ofert\u0103: o ofert\u0103 f\u0103cut\u0103 de Taboola pentru o HB Unit particular\u0103. Ofert\u0103 C\u00e2\u0219tig\u0103toare: o ofert\u0103 care este selectat\u0103 de Integrarea Header Bidding ca fiind cea mai mare ofert\u0103 calificat\u0103 (m\u0103surat\u0103 \u00een cost pe mia de impresii) pentru o HB Unit particular\u0103. Impresii Frauduloase: impresii care au fost servite pentru o Proprietate prin metode sau mijloace care umfl\u0103 artificial sau fraudulos volumul de impresii, inclusiv redirec\u021bionarea automat\u0103 a utilizatorilor, utilizarea de robo\u021bi \u0219i crawleri, manipularea anun\u021burilor sau orice alt\u0103 tehnic\u0103 de generare a impresiilor automate sau frauduloase (a\u0219a cum este determinat de Taboola, ac\u021bion\u00e2nd rezonabil, sau pe baza practicilor din industrie).<\/li>\n<\/ol>\n","protected":false},"excerpt":{"rendered":"<p>Header Bidding Grant of Rights: P\u0103r\u021bile sunt de acord \u0219i recunosc c\u0103 Compania utilizeaz\u0103 o solu\u021bie de header bidding (&#8220;Integrarea Header Bidding&#8221;) pentru a gestiona \u0219i monetiza inventarul s\u0103u de publicitate display pe Propriet\u0103\u021bi. Pe durata Termenului, Compania va include Taboola ca ofertant \u00een cadrul Integrarea Header Bidding a Companiei pentru unit\u0103\u021bile de publicitate display [&hellip;]<\/p>\n","protected":false},"author":3,"featured_media":0,"parent":0,"menu_order":0,"comment_status":"closed","ping_status":"closed","template":"single-legal-page.php","meta":{"_acf_changed":false,"footnotes":""},"class_list":["post-607","page","type-page","status-publish","hentry"],"acf":[],"yoast_head":"<!-- This site is optimized with the Yoast SEO Premium plugin v26.9 (Yoast SEO v27.1.1) - https:\/\/yoast.com\/product\/yoast-seo-premium-wordpress\/ -->\n<title>Header Bidding - Taboola Policies<\/title>\n<meta name=\"robots\" content=\"index, follow, max-snippet:-1, max-image-preview:large, max-video-preview:-1\" \/>\n<link rel=\"canonical\" href=\"https:\/\/policies.taboola.com\/ro\/header-bidding\/\" \/>\n<meta property=\"og:locale\" content=\"ro_RO\" \/>\n<meta property=\"og:type\" content=\"article\" \/>\n<meta property=\"og:title\" content=\"Header Bidding\" \/>\n<meta property=\"og:description\" content=\"Header Bidding Grant of Rights: P\u0103r\u021bile sunt de acord \u0219i recunosc c\u0103 Compania utilizeaz\u0103 o solu\u021bie de header bidding (&#8220;Integrarea Header Bidding&#8221;) pentru a gestiona \u0219i monetiza inventarul s\u0103u de publicitate display pe Propriet\u0103\u021bi. Pe durata Termenului, Compania va include Taboola ca ofertant \u00een cadrul Integrarea Header Bidding a Companiei pentru unit\u0103\u021bile de publicitate display [&hellip;]\" \/>\n<meta property=\"og:url\" content=\"https:\/\/policies.taboola.com\/ro\/header-bidding\/\" \/>\n<meta property=\"og:site_name\" content=\"Taboola Policies\" \/>\n<meta property=\"article:modified_time\" content=\"2026-03-05T10:21:50+00:00\" \/>\n<meta name=\"twitter:card\" content=\"summary_large_image\" \/>\n<meta name=\"twitter:label1\" content=\"Est. reading time\" \/>\n\t<meta name=\"twitter:data1\" content=\"2 minutes\" \/>\n<script type=\"application\/ld+json\" class=\"yoast-schema-graph\">{\"@context\":\"https:\/\/schema.org\",\"@graph\":[{\"@type\":\"WebPage\",\"@id\":\"https:\/\/policies.taboola.com\/ro\/header-bidding\/\",\"url\":\"https:\/\/policies.taboola.com\/ro\/header-bidding\/\",\"name\":\"Header Bidding - Taboola Policies\",\"isPartOf\":{\"@id\":\"https:\/\/policies.taboola.com\/ro\/#website\"},\"datePublished\":\"2025-08-21T18:15:42+00:00\",\"dateModified\":\"2026-03-05T10:21:50+00:00\",\"breadcrumb\":{\"@id\":\"https:\/\/policies.taboola.com\/ro\/header-bidding\/#breadcrumb\"},\"inLanguage\":\"ro-RO\",\"potentialAction\":[{\"@type\":\"ReadAction\",\"target\":[\"https:\/\/policies.taboola.com\/ro\/header-bidding\/\"]}]},{\"@type\":\"BreadcrumbList\",\"@id\":\"https:\/\/policies.taboola.com\/ro\/header-bidding\/#breadcrumb\",\"itemListElement\":[{\"@type\":\"ListItem\",\"position\":1,\"name\":\"Home\",\"item\":\"https:\/\/policies.taboola.com\/ro\/\"},{\"@type\":\"ListItem\",\"position\":2,\"name\":\"Header Bidding\"}]},{\"@type\":\"WebSite\",\"@id\":\"https:\/\/policies.taboola.com\/ro\/#website\",\"url\":\"https:\/\/policies.taboola.com\/ro\/\",\"name\":\"Taboola Policies\",\"description\":\"\",\"potentialAction\":[{\"@type\":\"SearchAction\",\"target\":{\"@type\":\"EntryPoint\",\"urlTemplate\":\"https:\/\/policies.taboola.com\/ro\/?s={search_term_string}\"},\"query-input\":{\"@type\":\"PropertyValueSpecification\",\"valueRequired\":true,\"valueName\":\"search_term_string\"}}],\"inLanguage\":\"ro-RO\"}]}<\/script>\n<!-- \/ Yoast SEO Premium plugin. -->","yoast_head_json":{"title":"Header Bidding - Taboola Policies","robots":{"index":"index","follow":"follow","max-snippet":"max-snippet:-1","max-image-preview":"max-image-preview:large","max-video-preview":"max-video-preview:-1"},"canonical":"https:\/\/policies.taboola.com\/ro\/header-bidding\/","og_locale":"ro_RO","og_type":"article","og_title":"Header Bidding","og_description":"Header Bidding Grant of Rights: P\u0103r\u021bile sunt de acord \u0219i recunosc c\u0103 Compania utilizeaz\u0103 o solu\u021bie de header bidding (&#8220;Integrarea Header Bidding&#8221;) pentru a gestiona \u0219i monetiza inventarul s\u0103u de publicitate display pe Propriet\u0103\u021bi. Pe durata Termenului, Compania va include Taboola ca ofertant \u00een cadrul Integrarea Header Bidding a Companiei pentru unit\u0103\u021bile de publicitate display [&hellip;]","og_url":"https:\/\/policies.taboola.com\/ro\/header-bidding\/","og_site_name":"Taboola Policies","article_modified_time":"2026-03-05T10:21:50+00:00","twitter_card":"summary_large_image","twitter_misc":{"Est. reading time":"2 minutes"},"schema":{"@context":"https:\/\/schema.org","@graph":[{"@type":"WebPage","@id":"https:\/\/policies.taboola.com\/ro\/header-bidding\/","url":"https:\/\/policies.taboola.com\/ro\/header-bidding\/","name":"Header Bidding - Taboola Policies","isPartOf":{"@id":"https:\/\/policies.taboola.com\/ro\/#website"},"datePublished":"2025-08-21T18:15:42+00:00","dateModified":"2026-03-05T10:21:50+00:00","breadcrumb":{"@id":"https:\/\/policies.taboola.com\/ro\/header-bidding\/#breadcrumb"},"inLanguage":"ro-RO","potentialAction":[{"@type":"ReadAction","target":["https:\/\/policies.taboola.com\/ro\/header-bidding\/"]}]},{"@type":"BreadcrumbList","@id":"https:\/\/policies.taboola.com\/ro\/header-bidding\/#breadcrumb","itemListElement":[{"@type":"ListItem","position":1,"name":"Home","item":"https:\/\/policies.taboola.com\/ro\/"},{"@type":"ListItem","position":2,"name":"Header Bidding"}]},{"@type":"WebSite","@id":"https:\/\/policies.taboola.com\/ro\/#website","url":"https:\/\/policies.taboola.com\/ro\/","name":"Taboola Policies","description":"","potentialAction":[{"@type":"SearchAction","target":{"@type":"EntryPoint","urlTemplate":"https:\/\/policies.taboola.com\/ro\/?s={search_term_string}"},"query-input":{"@type":"PropertyValueSpecification","valueRequired":true,"valueName":"search_term_string"}}],"inLanguage":"ro-RO"}]}},"_links":{"self":[{"href":"https:\/\/policies.taboola.com\/ro\/wp-json\/wp\/v2\/pages\/607","targetHints":{"allow":["GET"]}}],"collection":[{"href":"https:\/\/policies.taboola.com\/ro\/wp-json\/wp\/v2\/pages"}],"about":[{"href":"https:\/\/policies.taboola.com\/ro\/wp-json\/wp\/v2\/types\/page"}],"author":[{"embeddable":true,"href":"https:\/\/policies.taboola.com\/ro\/wp-json\/wp\/v2\/users\/3"}],"replies":[{"embeddable":true,"href":"https:\/\/policies.taboola.com\/ro\/wp-json\/wp\/v2\/comments?post=607"}],"version-history":[{"count":3,"href":"https:\/\/policies.taboola.com\/ro\/wp-json\/wp\/v2\/pages\/607\/revisions"}],"predecessor-version":[{"id":4991,"href":"https:\/\/policies.taboola.com\/ro\/wp-json\/wp\/v2\/pages\/607\/revisions\/4991"}],"wp:attachment":[{"href":"https:\/\/policies.taboola.com\/ro\/wp-json\/wp\/v2\/media?parent=607"}],"curies":[{"name":"wp","href":"https:\/\/api.w.org\/{rel}","templated":true}]}}