{"id":636,"date":"2025-08-21T18:16:21","date_gmt":"2025-08-21T18:16:21","guid":{"rendered":"https:\/\/policies.taboola.com\/taboola-news-termeni-pentru-detinatorii-de-proprietati-digitale\/"},"modified":"2026-03-10T16:37:45","modified_gmt":"2026-03-10T16:37:45","slug":"taboola-news-terms-for-digital-property-owners","status":"publish","type":"page","link":"https:\/\/policies.taboola.com\/ro\/taboola-news-terms-for-digital-property-owners\/","title":{"rendered":"Termenii Taboola News pentru proprietarii de propriet\u0103\u021bi digitale"},"content":{"rendered":"<h1 style=\"text-align: center;\"><strong>TABOOLA NEWS TERMS FOR DIGITAL PROPERTY OWNERS<\/strong><\/h1>\n<p>Ultima actualizare: 18 august 2025<\/p>\n<p>Ace\u0219ti Termeni Taboola News pentru editori \u0219i proprietarii de propriet\u0103\u021bi digitale (\u201eTermenii Taboola News\u201d) se aplic\u0103 proprietarilor de propriet\u0103\u021bi digitale, inclusiv editorilor \u0219i altor companii (&#8220;Compania&#8221;) care au semnat acorduri cu Taboola pentru a participa la programul Taboola News (\u201eAcord\u201d), iar ace\u0219ti Termeni Taboola News vor fi considera\u021bi a fi \u00eencorpora\u021bi \u00een, \u0219i a face parte integrant\u0103 din, orice astfel de Acord. Termenii nedefini\u021bi aici vor avea defini\u021bia stabilit\u0103 \u00een Acordul relevant. Pentru claritate, orice referin\u021b\u0103 la \u201eProprietarul de Proprietate Ter\u021b\u0103\u201d se aplic\u0103 doar acolo unde este prev\u0103zut \u00een mod expres \u00een acordul executat \u00eentre Companie \u0219i Taboola.<\/p>\n<ol>\n<li><strong>T<u>aboola News<\/u><\/strong>. Taboola colaboreaz\u0103 cu propriet\u0103\u021bi digitale \u0219i produc\u0103tori de dispozitive mobile la nivel global pentru a implementa pe propriet\u0103\u021bile lor digitale \u0219i dispozitivele mobile un flux de \u0219tiri alimentat de Taboola (Taboola News Product). Taboola News Product con\u021bine titluri de articole, texte scurte \u00een combina\u021bie cu imagini \u0219i videoclipuri care permit editorilor Taboola s\u0103 \u00ee\u0219i fac\u0103 con\u021binutul accesibil \u0219i s\u0103 ajung\u0103 la un public mai mare (adic\u0103 cre\u0219terea traficului \u0219i expunerii la Propriet\u0103\u021bi). Con\u021binutul este ob\u021binut (manual sau prin automatizare) de la editori care fac parte din re\u021beaua Taboola \u0219i alte p\u0103r\u021bi ter\u021be \u0219i poate fi completat cu Con\u021binut Sponsorizat Taboola. Taboola News Product poate fi structurat ca un flux derulant de Content Cards, sau ca un fundal, sau orice alt format dezvoltat de Taboola, \u0219i afi\u0219eaz\u0103 (a) un titlu de articol \u0219i o imagine care este ob\u021binut\u0103 de Taboola de la o ter\u021b\u0103 parte (manual sau prin automatizare) sau pe care Compania \u00eens\u0103\u0219i a selectat-o pentru titlul respectiv al articolului, (b) un videoclip ob\u021binut de Taboola (manual sau prin automatizare) din canalele de social media ale Propriet\u0103\u021bilor, Companiei sau Proprietarului de Proprietate Ter\u021b\u0103 sau disponibil de c\u0103tre Companie pe web (de exemplu, YouTube, Instagram, TikTok), sau de c\u0103tre o ter\u021b\u0103 parte, \u0219i\/sau (c) Con\u021binut Sponsorizat Taboola. Dac\u0103 Vizitatorul face clic pe un singur element de con\u021binut ob\u021binut de Companie sau Proprietarul de Proprietate Ter\u021b\u0103, Vizitatorul este fie (x) redirec\u021bionat direct c\u0103tre Proprietate, fie (y) redirec\u021bionat c\u0103tre o pagin\u0103 web controlat\u0103 de Taboola care afi\u0219eaz\u0103 (i) o previzualizare a articolului, unde primele propozi\u021bii ale articolului sunt afi\u0219ate (din nou \u00een combina\u021bie cu o imagine) sau un rezumat al articolului generat de solu\u021bii automate este afi\u0219at, sau (ii) o unitate video; \u0219i de unde Vizitatorul poate \u00een ambele cazuri s\u0103 fac\u0103 clic pentru a accesa Proprietatea. Taboola \u00ee\u0219i rezerv\u0103 dreptul de a face modific\u0103ri rezonabile experien\u021bei Vizitatorului Taboola News \u00een scopuri de optimizare.<\/li>\n<li><strong><u>Licen\u021b\u0103<\/u><\/strong>. \u00cen scopul descris \u00een ace\u0219ti Termeni \u0219i pentru durata Acordului, Compania acord\u0103, \u0219i a ob\u021binut de la Proprietarul de Proprietate Ter\u021b\u0103 dreptul de a acorda, Taboola dreptul non-exclusiv, mondial (a) de a folosi orice con\u021binut din Propriet\u0103\u021bi \u0219i (b) autoriza\u021bia de a accesa \u0219i extrage orice con\u021binut din canalele de social media ale Companiei sau Proprietarului de Proprietate Ter\u021b\u0103 (inclusiv texte, imagini, videoclipuri \u2013 inclusiv componenta audio), \u00een ambele (a) \u0219i (b) pentru scopul descris aici, \u00een special dreptul de a accesa, desc\u0103rca, stoca, reproduce, publica, digitaliza, face disponibil public precum \u0219i dreptul de a edita (de exemplu, a \u00eenlocui imaginea selectat\u0103 de Companie pentru un articol specific cu o imagine de \u00eenalt\u0103 rezolu\u021bie ob\u021binut\u0103 de Taboola, a scurta titlurile articolelor \u0219i textele de branding atunci c\u00e2nd nu se potrivesc corespunz\u0103tor pe ecranul mobil), cu condi\u021bia ca acesta din urm\u0103 s\u0103 fie acordat doar \u00een m\u0103sura \u00een care este necesar pentru a optimiza experien\u021ba Taboola News (a\u0219a cum este indicat \u00een exemplele furnizate aici). Compania acord\u0103 \u00een continuare, a ob\u021binut de la Proprietarul de Proprietate Ter\u021b\u0103 dreptul de a acorda, Taboola dreptul non-exclusiv, mondial de a folosi, \u0219i de a acorda ter\u021bilor care au implementat Taboola News pe propriet\u0103\u021bile sau dispozitivele lor dreptul de a folosi, numele \u0219i siglele Companiei, Proprietarului de Proprietate Ter\u021b\u0103 \u0219i Propriet\u0103\u021bilor \u00een scopuri de marketing Taboola News. Compania declar\u0103 c\u0103 de\u021bine, sau a ob\u021binut de la Proprietarul de Proprietate Ter\u021b\u0103, toate drepturile asupra Con\u021binutului Companiei \u0219i este capabil\u0103 s\u0103 acorde Taboola (\u0219i ter\u021bilor care au implementat Taboola News pe propriet\u0103\u021bile sau dispozitivele lor) drepturile de a folosi Con\u021binutul Companiei \u00een Taboola News, \u0219i nu sunt \u00eenc\u0103lcate drepturile ter\u021bilor ca urmare a acestui fapt.<\/li>\n<li><strong><u>F\u0103r\u0103 Remunera\u021bie<\/u><\/strong>. Distribu\u021bia de c\u0103tre Taboola a Con\u021binutului Companiei prin Taboola News nu implic\u0103 nicio tax\u0103 pentru Companie, iar nicio tax\u0103 de licen\u021b\u0103 sau remunera\u021bie monetar\u0103 specific\u0103 nu trebuie pl\u0103tit\u0103 de Taboola c\u0103tre Companie. Compania recunoa\u0219te c\u0103 oportunitatea de a genera trafic c\u0103tre Propriet\u0103\u021bi \u0219i de a promova con\u0219tientizarea brandului Companiei (\u00een plus fa\u021b\u0103 de p\u0103strarea a 100% din venitul generat de unit\u0103\u021bile de pe Propriet\u0103\u021bi, cu excep\u021bia Platformei) este o compensa\u021bie corect\u0103 pentru includerea \u0219i utilizarea Con\u021binutului Companiei \u00een Taboola News. Astfel, Compania nu va fi compensat\u0103 pentru niciun venit publicitar generat de sau vizualiz\u0103rile paginilor Platformei servite Vizitatorilor care acceseaz\u0103 Proprietatea prin Taboola News, iar Taboola va p\u0103stra \u00eentreaga Venit brut derivat din Platform\u0103 \u00een timpul oric\u0103rei Taboola News Session (adic\u0103 durata unei vizite la Proprietate de c\u0103tre un Vizitator care ajunge la o astfel de Proprietate prin Taboola News). Nicio vizualizare a paginilor Platformei \u00een timpul unei Taboola News Session nu va fi considerat\u0103 o Vizualizare Recomandat\u0103.<\/li>\n<\/ol>\n<p>\u00a0<\/p>\n","protected":false},"excerpt":{"rendered":"<p>TABOOLA NEWS TERMS FOR DIGITAL PROPERTY OWNERS Ultima actualizare: 18 august 2025 Ace\u0219ti Termeni Taboola News pentru editori \u0219i proprietarii de propriet\u0103\u021bi digitale (\u201eTermenii Taboola News\u201d) se aplic\u0103 proprietarilor de propriet\u0103\u021bi digitale, inclusiv editorilor \u0219i altor companii (&#8220;Compania&#8221;) care au semnat acorduri cu Taboola pentru a participa la programul Taboola News (\u201eAcord\u201d), iar ace\u0219ti Termeni [&hellip;]<\/p>\n","protected":false},"author":3,"featured_media":0,"parent":0,"menu_order":0,"comment_status":"closed","ping_status":"closed","template":"single-legal-page.php","meta":{"_acf_changed":false,"footnotes":""},"class_list":["post-636","page","type-page","status-publish","hentry"],"acf":[],"yoast_head":"<!-- This site is optimized with the Yoast SEO Premium plugin v26.9 (Yoast SEO v27.1.1) - https:\/\/yoast.com\/product\/yoast-seo-premium-wordpress\/ -->\n<title>Termenii Taboola News pentru proprietarii de propriet\u0103\u021bi digitale - Taboola Policies<\/title>\n<meta name=\"robots\" content=\"index, follow, max-snippet:-1, max-image-preview:large, max-video-preview:-1\" \/>\n<link rel=\"canonical\" href=\"https:\/\/policies.taboola.com\/ro\/taboola-news-terms-for-digital-property-owners\/\" \/>\n<meta property=\"og:locale\" content=\"ro_RO\" \/>\n<meta property=\"og:type\" content=\"article\" \/>\n<meta property=\"og:title\" content=\"Termenii Taboola News pentru proprietarii de propriet\u0103\u021bi digitale\" \/>\n<meta property=\"og:description\" content=\"TABOOLA NEWS TERMS FOR DIGITAL PROPERTY OWNERS Ultima actualizare: 18 august 2025 Ace\u0219ti Termeni Taboola News pentru editori \u0219i proprietarii de propriet\u0103\u021bi digitale (\u201eTermenii Taboola News\u201d) se aplic\u0103 proprietarilor de propriet\u0103\u021bi digitale, inclusiv editorilor \u0219i altor companii (&#8220;Compania&#8221;) care au semnat acorduri cu Taboola pentru a participa la programul Taboola News (\u201eAcord\u201d), iar ace\u0219ti Termeni [&hellip;]\" \/>\n<meta property=\"og:url\" content=\"https:\/\/policies.taboola.com\/ro\/taboola-news-terms-for-digital-property-owners\/\" \/>\n<meta property=\"og:site_name\" content=\"Taboola Policies\" \/>\n<meta property=\"article:modified_time\" content=\"2026-03-10T16:37:45+00:00\" \/>\n<meta name=\"twitter:card\" content=\"summary_large_image\" \/>\n<meta name=\"twitter:label1\" content=\"Est. reading time\" \/>\n\t<meta name=\"twitter:data1\" content=\"5 minutes\" \/>\n<script type=\"application\/ld+json\" class=\"yoast-schema-graph\">{\"@context\":\"https:\/\/schema.org\",\"@graph\":[{\"@type\":\"WebPage\",\"@id\":\"https:\/\/policies.taboola.com\/ro\/taboola-news-terms-for-digital-property-owners\/\",\"url\":\"https:\/\/policies.taboola.com\/ro\/taboola-news-terms-for-digital-property-owners\/\",\"name\":\"Termenii Taboola News pentru proprietarii de propriet\u0103\u021bi digitale - Taboola Policies\",\"isPartOf\":{\"@id\":\"https:\/\/policies.taboola.com\/ro\/#website\"},\"datePublished\":\"2025-08-21T18:16:21+00:00\",\"dateModified\":\"2026-03-10T16:37:45+00:00\",\"breadcrumb\":{\"@id\":\"https:\/\/policies.taboola.com\/ro\/taboola-news-terms-for-digital-property-owners\/#breadcrumb\"},\"inLanguage\":\"ro-RO\",\"potentialAction\":[{\"@type\":\"ReadAction\",\"target\":[\"https:\/\/policies.taboola.com\/ro\/taboola-news-terms-for-digital-property-owners\/\"]}]},{\"@type\":\"BreadcrumbList\",\"@id\":\"https:\/\/policies.taboola.com\/ro\/taboola-news-terms-for-digital-property-owners\/#breadcrumb\",\"itemListElement\":[{\"@type\":\"ListItem\",\"position\":1,\"name\":\"Home\",\"item\":\"https:\/\/policies.taboola.com\/ro\/\"},{\"@type\":\"ListItem\",\"position\":2,\"name\":\"Termenii Taboola News pentru proprietarii de propriet\u0103\u021bi digitale\"}]},{\"@type\":\"WebSite\",\"@id\":\"https:\/\/policies.taboola.com\/ro\/#website\",\"url\":\"https:\/\/policies.taboola.com\/ro\/\",\"name\":\"Taboola Policies\",\"description\":\"\",\"potentialAction\":[{\"@type\":\"SearchAction\",\"target\":{\"@type\":\"EntryPoint\",\"urlTemplate\":\"https:\/\/policies.taboola.com\/ro\/?s={search_term_string}\"},\"query-input\":{\"@type\":\"PropertyValueSpecification\",\"valueRequired\":true,\"valueName\":\"search_term_string\"}}],\"inLanguage\":\"ro-RO\"}]}<\/script>\n<!-- \/ Yoast SEO Premium plugin. -->","yoast_head_json":{"title":"Termenii Taboola News pentru proprietarii de propriet\u0103\u021bi digitale - Taboola Policies","robots":{"index":"index","follow":"follow","max-snippet":"max-snippet:-1","max-image-preview":"max-image-preview:large","max-video-preview":"max-video-preview:-1"},"canonical":"https:\/\/policies.taboola.com\/ro\/taboola-news-terms-for-digital-property-owners\/","og_locale":"ro_RO","og_type":"article","og_title":"Termenii Taboola News pentru proprietarii de propriet\u0103\u021bi digitale","og_description":"TABOOLA NEWS TERMS FOR DIGITAL PROPERTY OWNERS Ultima actualizare: 18 august 2025 Ace\u0219ti Termeni Taboola News pentru editori \u0219i proprietarii de propriet\u0103\u021bi digitale (\u201eTermenii Taboola News\u201d) se aplic\u0103 proprietarilor de propriet\u0103\u021bi digitale, inclusiv editorilor \u0219i altor companii (&#8220;Compania&#8221;) care au semnat acorduri cu Taboola pentru a participa la programul Taboola News (\u201eAcord\u201d), iar ace\u0219ti Termeni [&hellip;]","og_url":"https:\/\/policies.taboola.com\/ro\/taboola-news-terms-for-digital-property-owners\/","og_site_name":"Taboola Policies","article_modified_time":"2026-03-10T16:37:45+00:00","twitter_card":"summary_large_image","twitter_misc":{"Est. reading time":"5 minutes"},"schema":{"@context":"https:\/\/schema.org","@graph":[{"@type":"WebPage","@id":"https:\/\/policies.taboola.com\/ro\/taboola-news-terms-for-digital-property-owners\/","url":"https:\/\/policies.taboola.com\/ro\/taboola-news-terms-for-digital-property-owners\/","name":"Termenii Taboola News pentru proprietarii de propriet\u0103\u021bi digitale - Taboola Policies","isPartOf":{"@id":"https:\/\/policies.taboola.com\/ro\/#website"},"datePublished":"2025-08-21T18:16:21+00:00","dateModified":"2026-03-10T16:37:45+00:00","breadcrumb":{"@id":"https:\/\/policies.taboola.com\/ro\/taboola-news-terms-for-digital-property-owners\/#breadcrumb"},"inLanguage":"ro-RO","potentialAction":[{"@type":"ReadAction","target":["https:\/\/policies.taboola.com\/ro\/taboola-news-terms-for-digital-property-owners\/"]}]},{"@type":"BreadcrumbList","@id":"https:\/\/policies.taboola.com\/ro\/taboola-news-terms-for-digital-property-owners\/#breadcrumb","itemListElement":[{"@type":"ListItem","position":1,"name":"Home","item":"https:\/\/policies.taboola.com\/ro\/"},{"@type":"ListItem","position":2,"name":"Termenii Taboola News pentru proprietarii de propriet\u0103\u021bi digitale"}]},{"@type":"WebSite","@id":"https:\/\/policies.taboola.com\/ro\/#website","url":"https:\/\/policies.taboola.com\/ro\/","name":"Taboola Policies","description":"","potentialAction":[{"@type":"SearchAction","target":{"@type":"EntryPoint","urlTemplate":"https:\/\/policies.taboola.com\/ro\/?s={search_term_string}"},"query-input":{"@type":"PropertyValueSpecification","valueRequired":true,"valueName":"search_term_string"}}],"inLanguage":"ro-RO"}]}},"_links":{"self":[{"href":"https:\/\/policies.taboola.com\/ro\/wp-json\/wp\/v2\/pages\/636","targetHints":{"allow":["GET"]}}],"collection":[{"href":"https:\/\/policies.taboola.com\/ro\/wp-json\/wp\/v2\/pages"}],"about":[{"href":"https:\/\/policies.taboola.com\/ro\/wp-json\/wp\/v2\/types\/page"}],"author":[{"embeddable":true,"href":"https:\/\/policies.taboola.com\/ro\/wp-json\/wp\/v2\/users\/3"}],"replies":[{"embeddable":true,"href":"https:\/\/policies.taboola.com\/ro\/wp-json\/wp\/v2\/comments?post=636"}],"version-history":[{"count":2,"href":"https:\/\/policies.taboola.com\/ro\/wp-json\/wp\/v2\/pages\/636\/revisions"}],"predecessor-version":[{"id":5057,"href":"https:\/\/policies.taboola.com\/ro\/wp-json\/wp\/v2\/pages\/636\/revisions\/5057"}],"wp:attachment":[{"href":"https:\/\/policies.taboola.com\/ro\/wp-json\/wp\/v2\/media?parent=636"}],"curies":[{"name":"wp","href":"https:\/\/api.w.org\/{rel}","templated":true}]}}