{"id":5214,"date":"2025-08-21T18:16:21","date_gmt":"2025-08-21T18:16:21","guid":{"rendered":"https:\/\/policies.taboola.com\/podmienky-taboola-news-pre-vlastnikov-digitalneho-majetku\/"},"modified":"2026-03-13T14:25:12","modified_gmt":"2026-03-13T14:25:12","slug":"taboola-news-terms-for-digital-property-owners","status":"publish","type":"page","link":"https:\/\/policies.taboola.com\/sk\/taboola-news-terms-for-digital-property-owners\/","title":{"rendered":"Podmienky Taboola News pre vlastn\u00edkov digit\u00e1lneho majetku"},"content":{"rendered":"<h1 style=\"text-align: center;\"><strong>PODMIENKY TABOOLA NEWS PRE VLASTN\u00cdKOV DIGIT\u00c1LNEHO MAJETKU<\/strong><\/h1>\n<p>Posledn\u00e1 aktualiz\u00e1cia: 18. august 2025<\/p>\n<p>Tieto podmienky Taboola News pre vydavate\u013eov a vlastn\u00edkov digit\u00e1lneho majetku (\u201ePodmienky Taboola News\u201c) sa vz\u0165ahuj\u00fa na vlastn\u00edkov digit\u00e1lneho majetku, vr\u00e1tane vydavate\u013eov a in\u00fdch spolo\u010dnost\u00ed (\u201eSpolo\u010dnos\u0165\u201c), ktor\u00ed podp\u00edsali zmluvy so spolo\u010dnos\u0165ou Taboola o \u00fa\u010dasti v programe Taboola News (\u201eZmluva\u201c), a tieto podmienky Taboola News sa pova\u017euj\u00fa za s\u00fa\u010das\u0165 a neoddelite\u013en\u00fa s\u00fa\u010das\u0165 akejko\u013evek takejto zmluvy. Pojmy, ktor\u00e9 nie s\u00fa definovan\u00e9 v tomto dokumente, maj\u00fa svoje defin\u00edcie uveden\u00e9 v pr\u00edslu\u0161nej dohode. Pre jasnos\u0165, v\u0161etky odkazy na \u201evlastn\u00edka majetku tretej strany\u201c sa vz\u0165ahuj\u00fa iba na pr\u00edpady, ktor\u00e9 s\u00fa v\u00fdslovne uveden\u00e9 v podp\u00edsanej dohode medzi spolo\u010dnos\u0165ou a Taboola.<\/p>\n<ol>\n<li><strong>T<u>aboola News<\/u><\/strong>. Taboola spolupracuje s digit\u00e1lnymi spolo\u010dnos\u0165ami a v\u00fdrobcami mobiln\u00fdch zariaden\u00ed po celom svete s cie\u013eom implementova\u0165 do ich digit\u00e1lnych slu\u017eieb a mobiln\u00fdch zariaden\u00ed spravodajsk\u00fd kan\u00e1l poh\u00e1\u0148an\u00fd spolo\u010dnos\u0165ou Taboola (\u010falej len \u201eTaboola News Product\u201c). Taboola News Product obsahuje nadpisy \u010dl\u00e1nkov, kr\u00e1tke texty v kombin\u00e1cii s obr\u00e1zkami a vide\u00e1, ktor\u00e9 vydavate\u013eom Taboola umo\u017e\u0148uj\u00fa spr\u00edstupni\u0165 svoj obsah \u0161ir\u0161iemu publiku (t. j. zv\u00fd\u0161i\u0165 n\u00e1v\u0161tevnos\u0165 a zvidite\u013enenie svojich webov\u00fdch str\u00e1nok). Obsah poch\u00e1dza (ru\u010dne alebo automaticky) od vydavate\u013eov, ktor\u00ed s\u00fa s\u00fa\u010das\u0165ou siete Taboola, a od in\u00fdch tret\u00edch str\u00e1n a m\u00f4\u017ee by\u0165 doplnen\u00fd sponzorovan\u00fdm obsahom Taboola. Taboola News Product m\u00f4\u017ee ma\u0165 formu rolovacieho kan\u00e1la s Content Cards, tapety alebo ak\u00e9hoko\u013evek in\u00e9ho form\u00e1tu vyvinut\u00e9ho spolo\u010dnos\u0165ou Taboola a zobrazuje (a) nadpis \u010dl\u00e1nku a obr\u00e1zok, ktor\u00fd Taboola z\u00edskala od tretej strany (ru\u010dne alebo automaticky) alebo ktor\u00fd si spolo\u010dnos\u0165 sama vybrala pre pr\u00edslu\u0161n\u00fd nadpis \u010dl\u00e1nku, (b) video, ktor\u00e9 Taboola z\u00edskala (ru\u010dne alebo automaticky) z kan\u00e1lov soci\u00e1lnych m\u00e9di\u00ed spolo\u010dnosti, spolo\u010dnosti alebo vlastn\u00edka majetku tretej strany, alebo ktor\u00e9 spolo\u010dnos\u0165 spr\u00edstupnila na webe (napr. YouTube, Instagram, TikTok), alebo od tretej strany, a\/alebo (c) sponzorovan\u00fd obsah Taboola. Ak n\u00e1v\u0161tevn\u00edk klikne na jeden obsah poch\u00e1dzaj\u00faci od spolo\u010dnosti alebo vlastn\u00edka nehnute\u013enosti tretej strany, n\u00e1v\u0161tevn\u00edk je bu\u010f (x) presmerovan\u00fd priamo na nehnute\u013enos\u0165, alebo (y) presmerovan\u00fd na webov\u00fa str\u00e1nku kontrolovan\u00fa spolo\u010dnos\u0165ou Taboola, kde sa zobrazuje (i)  n\u00e1h\u013ead \u010dl\u00e1nku, kde sa zobrazia prv\u00e9 vety \u010dl\u00e1nku (op\u00e4\u0165 v kombin\u00e1cii s obr\u00e1zkom) alebo sa zobraz\u00ed s\u00fahrn \u010dl\u00e1nku vygenerovan\u00fd automatizovan\u00fdmi rie\u0161eniami, alebo (ii) video jednotku; a kde m\u00f4\u017ee n\u00e1v\u0161tevn\u00edk v oboch pr\u00edpadoch klikn\u00fa\u0165 na majetok alebo z neho od\u00eds\u0165. Taboola si vyhradzuje pr\u00e1vo vykon\u00e1va\u0165 primeran\u00e9 zmeny v sk\u00fasenostiach n\u00e1v\u0161tevn\u00edkov Taboola News za \u00fa\u010delom optimaliz\u00e1cie.<\/li>\n<li><strong><u>Licencia<\/u><\/strong>. Na \u00fa\u010dely op\u00edsan\u00e9 v t\u00fdchto podmienkach a na dobu trvania zmluvy spolo\u010dnos\u0165 ude\u013euje a z\u00edskala od vlastn\u00edka majetku tretej strany pr\u00e1vo udeli\u0165 spolo\u010dnosti Taboola nev\u00fdhradn\u00e9, celosvetov\u00e9 (a) pr\u00e1vo pou\u017e\u00edva\u0165 ak\u00fdko\u013evek obsah z majetkov a (b) opr\u00e1vnenie pristupova\u0165 a extrahova\u0165 ak\u00fdko\u013evek obsah z kan\u00e1lov soci\u00e1lnych m\u00e9di\u00ed spolo\u010dnosti alebo vlastn\u00edka majetku tretej strany (vr\u00e1tane textov, obr\u00e1zkov, vide\u00ed \u2013 vr\u00e1tane zvukovej zlo\u017eky),\u00a0 v oboch pr\u00edpadoch (a) a (b) na \u00fa\u010dely op\u00edsan\u00e9 ni\u017e\u0161ie, najm\u00e4 pr\u00e1vo na preh\u013ead\u00e1vanie, s\u0165ahovanie, ukladanie, reprodukciu,\u00a0 publikova\u0165, digitalizova\u0165, spr\u00edstup\u0148ova\u0165 verejnosti, ako aj pr\u00e1vo upravova\u0165 (napr. nahradi\u0165 obr\u00e1zok vybran\u00fd spolo\u010dnos\u0165ou pre konkr\u00e9tny \u010dl\u00e1nok obr\u00e1zkom s vysok\u00fdm rozl\u00ed\u0161en\u00edm z\u00edskan\u00fdm od spolo\u010dnosti Taboola, skr\u00e1ti\u0165 n\u00e1zvy \u010dl\u00e1nkov a texty zna\u010dky, ak sa nezhoduj\u00fa s rozmermi obrazovky mobiln\u00e9ho zariadenia), pri\u010dom posledn\u00e9 pr\u00e1vo je udelen\u00e9 len v rozsahu, v akom je to potrebn\u00e9 na optimaliz\u00e1ciu z\u00e1\u017eitku z Taboola News (ako je uveden\u00e9 v ni\u017e\u0161ie uveden\u00fdch pr\u00edkladoch). Spolo\u010dnos\u0165 \u010falej ude\u013euje, z\u00edskala od vlastn\u00edka majetku tretej strany pr\u00e1vo udeli\u0165 spolo\u010dnosti Taboola nev\u00fdhradn\u00e9 celosvetov\u00e9 pr\u00e1vo pou\u017e\u00edva\u0165 a udeli\u0165 tret\u00edm stran\u00e1m, ktor\u00e9 implementovali Taboola News na svojom majetku alebo zariadeniach, pr\u00e1vo pou\u017e\u00edva\u0165 n\u00e1zvy a log\u00e1 spolo\u010dnosti, vlastn\u00edka majetku tretej strany a majetku na \u00fa\u010dely marketingu Taboola News. Spolo\u010dnos\u0165 vyhlasuje, \u017ee vlastn\u00ed alebo z\u00edskala od tretieho vlastn\u00edka majetku v\u0161etky pr\u00e1va k obsahu spolo\u010dnosti a je schopn\u00e1 udeli\u0165 spolo\u010dnosti Taboola (a tret\u00edm stran\u00e1m, ktor\u00e9 implementovali Taboola News na svojich majetkoch alebo zariadeniach) pr\u00e1va na pou\u017e\u00edvanie obsahu spolo\u010dnosti v Taboola News, pri\u010dom t\u00fdm nie s\u00fa poru\u0161en\u00e9 \u017eiadne pr\u00e1va tret\u00edch str\u00e1n.<\/li>\n<li><strong><u>Bez odmeny<\/u><\/strong>. Distrib\u00facia obsahu spolo\u010dnosti prostredn\u00edctvom Taboola News zo strany spolo\u010dnosti Taboola je pre spolo\u010dnos\u0165 bezplatn\u00e1 a spolo\u010dnos\u0165 Taboola nemus\u00ed spolo\u010dnosti vypl\u00e1ca\u0165 \u017eiadne licen\u010dn\u00e9 poplatky ani konkr\u00e9tnu finan\u010dn\u00fa odmenu. Spolo\u010dnos\u0165 uzn\u00e1va, \u017ee mo\u017enos\u0165 generova\u0165 n\u00e1v\u0161tevnos\u0165 na str\u00e1nkach a propagova\u0165 povedomie o zna\u010dke spolo\u010dnosti (okrem zachovania 100 % pr\u00edjmov generovan\u00fdch jednotkami na str\u00e1nkach okrem platformy) je spravodlivou kompenz\u00e1ciou za zaradenie a pou\u017e\u00edvanie obsahu spolo\u010dnosti v Taboola News. Spolo\u010dnos\u0165 teda nebude od\u0161kodnen\u00e1 za \u017eiadne reklamn\u00e9 pr\u00edjmy generovan\u00e9 alebo zobrazenia str\u00e1nok Platformy poskytovan\u00e9 N\u00e1v\u0161tevn\u00edkom, ktor\u00ed pristupuj\u00fa k Majetku prostredn\u00edctvom Taboola News, a Taboola si ponech\u00e1 cel\u00fa hrub\u00fa v\u00fd\u0161ku pr\u00edjmov z\u00edskan\u00fdch z Platformy po\u010das akejko\u013evek Taboola News Session (t. j. po\u010das trvania n\u00e1v\u0161tevy Majetku N\u00e1v\u0161tevn\u00edkom, ktor\u00fd na tak\u00fdto Majetok prich\u00e1dza prostredn\u00edctvom Taboola News). \u017diadne zobrazenia str\u00e1nok platformy po\u010das Taboola News Session sa nebud\u00fa po\u010d\u00edta\u0165 ako zobrazenia odpor\u00fa\u010dan\u00fdch str\u00e1nok.<\/li>\n<\/ol>\n<p>\u00a0<\/p>\n","protected":false},"excerpt":{"rendered":"<p>PODMIENKY TABOOLA NEWS PRE VLASTN\u00cdKOV DIGIT\u00c1LNEHO MAJETKU Posledn\u00e1 aktualiz\u00e1cia: 18. august 2025 Tieto podmienky Taboola News pre vydavate\u013eov a vlastn\u00edkov digit\u00e1lneho majetku (\u201ePodmienky Taboola News\u201c) sa vz\u0165ahuj\u00fa na vlastn\u00edkov digit\u00e1lneho majetku, vr\u00e1tane vydavate\u013eov a in\u00fdch spolo\u010dnost\u00ed (\u201eSpolo\u010dnos\u0165\u201c), ktor\u00ed podp\u00edsali zmluvy so spolo\u010dnos\u0165ou Taboola o \u00fa\u010dasti v programe Taboola News (\u201eZmluva\u201c), a tieto podmienky Taboola News [&hellip;]<\/p>\n","protected":false},"author":3,"featured_media":0,"parent":0,"menu_order":0,"comment_status":"closed","ping_status":"closed","template":"single-legal-page.php","meta":{"_acf_changed":false,"footnotes":""},"class_list":["post-5214","page","type-page","status-publish","hentry"],"acf":[],"yoast_head":"<!-- This site is optimized with the Yoast SEO Premium plugin v26.9 (Yoast SEO v27.1.1) - https:\/\/yoast.com\/product\/yoast-seo-premium-wordpress\/ -->\n<title>Podmienky Taboola News pre vlastn\u00edkov digit\u00e1lneho majetku - Taboola Policies<\/title>\n<meta name=\"robots\" content=\"index, follow, max-snippet:-1, max-image-preview:large, max-video-preview:-1\" \/>\n<link rel=\"canonical\" href=\"https:\/\/policies.taboola.com\/sk\/taboola-news-terms-for-digital-property-owners\/\" \/>\n<meta property=\"og:locale\" content=\"sk_SK\" \/>\n<meta property=\"og:type\" content=\"article\" \/>\n<meta property=\"og:title\" content=\"Podmienky Taboola News pre vlastn\u00edkov digit\u00e1lneho majetku\" \/>\n<meta property=\"og:description\" content=\"PODMIENKY TABOOLA NEWS PRE VLASTN\u00cdKOV DIGIT\u00c1LNEHO MAJETKU Posledn\u00e1 aktualiz\u00e1cia: 18. august 2025 Tieto podmienky Taboola News pre vydavate\u013eov a vlastn\u00edkov digit\u00e1lneho majetku (\u201ePodmienky Taboola News\u201c) sa vz\u0165ahuj\u00fa na vlastn\u00edkov digit\u00e1lneho majetku, vr\u00e1tane vydavate\u013eov a in\u00fdch spolo\u010dnost\u00ed (\u201eSpolo\u010dnos\u0165\u201c), ktor\u00ed podp\u00edsali zmluvy so spolo\u010dnos\u0165ou Taboola o \u00fa\u010dasti v programe Taboola News (\u201eZmluva\u201c), a tieto podmienky Taboola News [&hellip;]\" \/>\n<meta property=\"og:url\" content=\"https:\/\/policies.taboola.com\/sk\/taboola-news-terms-for-digital-property-owners\/\" \/>\n<meta property=\"og:site_name\" content=\"Taboola Policies\" \/>\n<meta property=\"article:modified_time\" content=\"2026-03-13T14:25:12+00:00\" \/>\n<meta name=\"twitter:card\" content=\"summary_large_image\" \/>\n<meta name=\"twitter:label1\" content=\"Est. reading time\" \/>\n\t<meta name=\"twitter:data1\" content=\"5 minutes\" \/>\n<script type=\"application\/ld+json\" class=\"yoast-schema-graph\">{\"@context\":\"https:\/\/schema.org\",\"@graph\":[{\"@type\":\"WebPage\",\"@id\":\"https:\/\/policies.taboola.com\/sk\/taboola-news-terms-for-digital-property-owners\/\",\"url\":\"https:\/\/policies.taboola.com\/sk\/taboola-news-terms-for-digital-property-owners\/\",\"name\":\"Podmienky Taboola News pre vlastn\u00edkov digit\u00e1lneho majetku - Taboola Policies\",\"isPartOf\":{\"@id\":\"https:\/\/policies.taboola.com\/sk\/#website\"},\"datePublished\":\"2025-08-21T18:16:21+00:00\",\"dateModified\":\"2026-03-13T14:25:12+00:00\",\"breadcrumb\":{\"@id\":\"https:\/\/policies.taboola.com\/sk\/taboola-news-terms-for-digital-property-owners\/#breadcrumb\"},\"inLanguage\":\"sk-SK\",\"potentialAction\":[{\"@type\":\"ReadAction\",\"target\":[\"https:\/\/policies.taboola.com\/sk\/taboola-news-terms-for-digital-property-owners\/\"]}]},{\"@type\":\"BreadcrumbList\",\"@id\":\"https:\/\/policies.taboola.com\/sk\/taboola-news-terms-for-digital-property-owners\/#breadcrumb\",\"itemListElement\":[{\"@type\":\"ListItem\",\"position\":1,\"name\":\"Home\",\"item\":\"https:\/\/policies.taboola.com\/sk\/\"},{\"@type\":\"ListItem\",\"position\":2,\"name\":\"Podmienky Taboola News pre vlastn\u00edkov digit\u00e1lneho majetku\"}]},{\"@type\":\"WebSite\",\"@id\":\"https:\/\/policies.taboola.com\/sk\/#website\",\"url\":\"https:\/\/policies.taboola.com\/sk\/\",\"name\":\"Taboola Policies\",\"description\":\"\",\"potentialAction\":[{\"@type\":\"SearchAction\",\"target\":{\"@type\":\"EntryPoint\",\"urlTemplate\":\"https:\/\/policies.taboola.com\/sk\/?s={search_term_string}\"},\"query-input\":{\"@type\":\"PropertyValueSpecification\",\"valueRequired\":true,\"valueName\":\"search_term_string\"}}],\"inLanguage\":\"sk-SK\"}]}<\/script>\n<!-- \/ Yoast SEO Premium plugin. -->","yoast_head_json":{"title":"Podmienky Taboola News pre vlastn\u00edkov digit\u00e1lneho majetku - Taboola Policies","robots":{"index":"index","follow":"follow","max-snippet":"max-snippet:-1","max-image-preview":"max-image-preview:large","max-video-preview":"max-video-preview:-1"},"canonical":"https:\/\/policies.taboola.com\/sk\/taboola-news-terms-for-digital-property-owners\/","og_locale":"sk_SK","og_type":"article","og_title":"Podmienky Taboola News pre vlastn\u00edkov digit\u00e1lneho majetku","og_description":"PODMIENKY TABOOLA NEWS PRE VLASTN\u00cdKOV DIGIT\u00c1LNEHO MAJETKU Posledn\u00e1 aktualiz\u00e1cia: 18. august 2025 Tieto podmienky Taboola News pre vydavate\u013eov a vlastn\u00edkov digit\u00e1lneho majetku (\u201ePodmienky Taboola News\u201c) sa vz\u0165ahuj\u00fa na vlastn\u00edkov digit\u00e1lneho majetku, vr\u00e1tane vydavate\u013eov a in\u00fdch spolo\u010dnost\u00ed (\u201eSpolo\u010dnos\u0165\u201c), ktor\u00ed podp\u00edsali zmluvy so spolo\u010dnos\u0165ou Taboola o \u00fa\u010dasti v programe Taboola News (\u201eZmluva\u201c), a tieto podmienky Taboola News [&hellip;]","og_url":"https:\/\/policies.taboola.com\/sk\/taboola-news-terms-for-digital-property-owners\/","og_site_name":"Taboola Policies","article_modified_time":"2026-03-13T14:25:12+00:00","twitter_card":"summary_large_image","twitter_misc":{"Est. reading time":"5 minutes"},"schema":{"@context":"https:\/\/schema.org","@graph":[{"@type":"WebPage","@id":"https:\/\/policies.taboola.com\/sk\/taboola-news-terms-for-digital-property-owners\/","url":"https:\/\/policies.taboola.com\/sk\/taboola-news-terms-for-digital-property-owners\/","name":"Podmienky Taboola News pre vlastn\u00edkov digit\u00e1lneho majetku - Taboola Policies","isPartOf":{"@id":"https:\/\/policies.taboola.com\/sk\/#website"},"datePublished":"2025-08-21T18:16:21+00:00","dateModified":"2026-03-13T14:25:12+00:00","breadcrumb":{"@id":"https:\/\/policies.taboola.com\/sk\/taboola-news-terms-for-digital-property-owners\/#breadcrumb"},"inLanguage":"sk-SK","potentialAction":[{"@type":"ReadAction","target":["https:\/\/policies.taboola.com\/sk\/taboola-news-terms-for-digital-property-owners\/"]}]},{"@type":"BreadcrumbList","@id":"https:\/\/policies.taboola.com\/sk\/taboola-news-terms-for-digital-property-owners\/#breadcrumb","itemListElement":[{"@type":"ListItem","position":1,"name":"Home","item":"https:\/\/policies.taboola.com\/sk\/"},{"@type":"ListItem","position":2,"name":"Podmienky Taboola News pre vlastn\u00edkov digit\u00e1lneho majetku"}]},{"@type":"WebSite","@id":"https:\/\/policies.taboola.com\/sk\/#website","url":"https:\/\/policies.taboola.com\/sk\/","name":"Taboola Policies","description":"","potentialAction":[{"@type":"SearchAction","target":{"@type":"EntryPoint","urlTemplate":"https:\/\/policies.taboola.com\/sk\/?s={search_term_string}"},"query-input":{"@type":"PropertyValueSpecification","valueRequired":true,"valueName":"search_term_string"}}],"inLanguage":"sk-SK"}]}},"_links":{"self":[{"href":"https:\/\/policies.taboola.com\/sk\/wp-json\/wp\/v2\/pages\/5214","targetHints":{"allow":["GET"]}}],"collection":[{"href":"https:\/\/policies.taboola.com\/sk\/wp-json\/wp\/v2\/pages"}],"about":[{"href":"https:\/\/policies.taboola.com\/sk\/wp-json\/wp\/v2\/types\/page"}],"author":[{"embeddable":true,"href":"https:\/\/policies.taboola.com\/sk\/wp-json\/wp\/v2\/users\/3"}],"replies":[{"embeddable":true,"href":"https:\/\/policies.taboola.com\/sk\/wp-json\/wp\/v2\/comments?post=5214"}],"version-history":[{"count":1,"href":"https:\/\/policies.taboola.com\/sk\/wp-json\/wp\/v2\/pages\/5214\/revisions"}],"predecessor-version":[{"id":5215,"href":"https:\/\/policies.taboola.com\/sk\/wp-json\/wp\/v2\/pages\/5214\/revisions\/5215"}],"wp:attachment":[{"href":"https:\/\/policies.taboola.com\/sk\/wp-json\/wp\/v2\/media?parent=5214"}],"curies":[{"name":"wp","href":"https:\/\/api.w.org\/{rel}","templated":true}]}}