{"id":842,"date":"2025-08-21T18:16:21","date_gmt":"2025-08-21T18:16:21","guid":{"rendered":"https:\/\/policies.taboola.com\/dijital-mulk-sahipleri-icin-taboola-haber-sartlari\/"},"modified":"2026-03-10T10:57:46","modified_gmt":"2026-03-10T10:57:46","slug":"taboola-news-terms-for-digital-property-owners","status":"publish","type":"page","link":"https:\/\/policies.taboola.com\/tr\/taboola-news-terms-for-digital-property-owners\/","title":{"rendered":"Taboola News Dijital M\u00fclk Sahipleri i\u00e7in \u015eartlar"},"content":{"rendered":"<h1 style=\"text-align: center;\"><strong>TABOOLA NEWS D\u0130J\u0130TAL M\u00dcLK SAH\u0130PLER\u0130 \u0130\u00c7\u0130N \u015eARTLAR<\/strong><\/h1>\n<p>Son G\u00fcncelleme: 18 A\u011fustos 2025<\/p>\n<p>Bu Taboola News \u015eartlar\u0131, Taboola ile Taboola News program\u0131na kat\u0131lmak i\u00e7in anla\u015fma imzalam\u0131\u015f dijital m\u00fclk sahipleri, yay\u0131nc\u0131lar ve di\u011fer \u015firketler (&#8220;\u015eirket&#8221;) i\u00e7in ge\u00e7erlidir ve bu Taboola News \u015eartlar\u0131, herhangi bir b\u00f6yle Anla\u015fman\u0131n ayr\u0131lmaz bir par\u00e7as\u0131 olarak kabul edilecektir. Burada tan\u0131mlanmayan terimler, ilgili Anla\u015fmada belirtilen tan\u0131ma sahip olacakt\u0131r. A\u00e7\u0131kl\u0131k a\u00e7\u0131s\u0131ndan, \u201c\u00dc\u00e7\u00fcnc\u00fc Taraf M\u00fclk Sahibi\u201d ile ilgili her t\u00fcrl\u00fc referans, yaln\u0131zca \u015eirket ile Taboola aras\u0131ndaki imzalanm\u0131\u015f anla\u015fmada a\u00e7\u0131k\u00e7a belirtilmi\u015fse ge\u00e7erlidir.<\/p>\n<ol>\n<li><strong>T<u>aboola News<\/u><\/strong>. Taboola, dijital m\u00fclkler ve mobil cihaz \u00fcreticileri ile d\u00fcnya genelinde i\u015fbirli\u011fi yaparak, dijital m\u00fclklerinde ve mobil cihazlar\u0131nda Taboola taraf\u0131ndan desteklenen bir haber ak\u0131\u015f\u0131 uygulamaktad\u0131r (&#8220;Taboola News Product&#8221;). Taboola News Product, Taboola yay\u0131nc\u0131lar\u0131n\u0131n i\u00e7eriklerini eri\u015filebilir hale getirmelerini ve daha geni\u015f bir kitleye ula\u015fmalar\u0131n\u0131 sa\u011flayan makale ba\u015fl\u0131klar\u0131, k\u0131sa metinler, g\u00f6r\u00fcnt\u00fcler ve videolar i\u00e7ermektedir (yani, m\u00fclklerin trafi\u011fini ve g\u00f6r\u00fcn\u00fcrl\u00fc\u011f\u00fcn\u00fc art\u0131rmak). \u0130\u00e7erik, Taboola a\u011f\u0131na dahil olan yay\u0131nc\u0131lardan ve di\u011fer \u00fc\u00e7\u00fcnc\u00fc taraflardan (manuel veya otomasyon yoluyla) temin edilmekte olup, Taboola Sponsorlu \u0130\u00e7erik ile desteklenebilir. Taboola News Product, Content Cards kayd\u0131rmal\u0131 bir ak\u0131\u015f\u0131, bir duvar ka\u011f\u0131d\u0131 veya Taboola taraf\u0131ndan geli\u015ftirilen ba\u015fka bir format olarak yap\u0131land\u0131r\u0131labilir ve (a) Taboola taraf\u0131ndan \u00fc\u00e7\u00fcnc\u00fc bir taraftan (manuel veya otomasyon yoluyla) temin edilen veya \u015eirketin ilgili makale ba\u015fl\u0131\u011f\u0131 i\u00e7in se\u00e7ti\u011fi bir makale ba\u015fl\u0131\u011f\u0131 ve bir g\u00f6r\u00fcnt\u00fc, (b) Taboola taraf\u0131ndan (manuel veya otomasyon yoluyla) M\u00fclkler, \u015eirketin veya \u00dc\u00e7\u00fcnc\u00fc Taraf M\u00fclk Sahibi&#8217;nin sosyal medya kanallar\u0131ndan veya \u015eirket taraf\u0131ndan webde (\u00f6rne\u011fin, YouTube, Instagram, TikTok) sa\u011flanan veya bir \u00fc\u00e7\u00fcnc\u00fc taraf taraf\u0131ndan sa\u011flanan bir video ve\/veya (c) Taboola Sponsorlu \u0130\u00e7erik g\u00f6stermektedir. Ziyaret\u00e7i, \u015eirket veya \u00dc\u00e7\u00fcnc\u00fc Taraf M\u00fclk Sahibi kaynakl\u0131 bir i\u00e7erik par\u00e7as\u0131na t\u0131klad\u0131\u011f\u0131nda, Ziyaret\u00e7i ya (x) do\u011frudan M\u00fclke y\u00f6nlendirilir ya da (y) Taboola taraf\u0131ndan kontrol edilen bir web sayfas\u0131na y\u00f6nlendirilir; burada (i) makalenin \u00f6nizlemesi g\u00f6sterilir (yine bir g\u00f6r\u00fcnt\u00fc ile birlikte) veya makalenin otomatik \u00e7\u00f6z\u00fcmlerle olu\u015fturulmu\u015f bir \u00f6zeti g\u00f6sterilir ya da (ii) bir video birimi; ve Ziyaret\u00e7i her iki durumda da M\u00fclke t\u0131klayabilir. Taboola, Taboola News Ziyaret\u00e7i deneyimini optimize etmek amac\u0131yla makul de\u011fi\u015fiklikler yapma hakk\u0131n\u0131 sakl\u0131 tutar.<\/li>\n<li><strong><u>Lisans<\/u><\/strong>. Bu \u015eartlarda belirtilen ama\u00e7 ve Anla\u015fman\u0131n S\u00fcresi i\u00e7in, \u015eirket, Taboola&#8217;ya, M\u00fclklerden herhangi bir i\u00e7eri\u011fi kullanma ve \u015eirketin veya \u00dc\u00e7\u00fcnc\u00fc Taraf M\u00fclk Sahibinin sosyal medya kanallar\u0131ndan (metinler, g\u00f6r\u00fcnt\u00fcler, videolar &#8211; ses bile\u015feni dahil) herhangi bir i\u00e7eri\u011fi eri\u015fme ve \u00e7\u0131karma yetkisini vermekte ve bu haklar\u0131 vermek i\u00e7in \u00dc\u00e7\u00fcnc\u00fc Taraf M\u00fclk Sahibinden alm\u0131\u015ft\u0131r; (a) ve (b) burada belirtilen ama\u00e7 i\u00e7in, \u00f6zellikle Taboola News deneyimini optimize etmek i\u00e7in gerekli oldu\u011fu s\u00fcrece, Taboola taraf\u0131ndan sa\u011flanan y\u00fcksek \u00e7\u00f6z\u00fcn\u00fcrl\u00fckl\u00fc bir g\u00f6r\u00fcnt\u00fc ile belirli bir makale i\u00e7in \u015eirket taraf\u0131ndan se\u00e7ilen g\u00f6r\u00fcnt\u00fcy\u00fc de\u011fi\u015ftirme, makale ba\u015fl\u0131klar\u0131n\u0131 ve markalama metinlerini mobil ekrana uygun \u015fekilde s\u0131\u011fmad\u0131\u011f\u0131nda k\u0131saltma hakk\u0131 gibi haklar\u0131 i\u00e7ermektedir. \u015eirket ayr\u0131ca, Taboola&#8217;ya, Taboola News&#8217;i m\u00fclklerinde veya cihazlar\u0131nda uygulayan \u00fc\u00e7\u00fcnc\u00fc taraflara, \u015eirketin, \u00dc\u00e7\u00fcnc\u00fc Taraf M\u00fclk Sahibinin ve M\u00fclklerin isimlerini ve logolar\u0131n\u0131 Taboola News&#8217;i pazarlama amac\u0131yla kullanma hakk\u0131n\u0131 vermek i\u00e7in \u00dc\u00e7\u00fcnc\u00fc Taraf M\u00fclk Sahibinden alm\u0131\u015ft\u0131r. \u015eirket, \u015eirket \u0130\u00e7eri\u011fi \u00fczerinde t\u00fcm haklara sahip oldu\u011funu veya \u00dc\u00e7\u00fcnc\u00fc Taraf M\u00fclk Sahibinden g\u00fcvence ald\u0131\u011f\u0131n\u0131 ve Taboola&#8217;ya (ve Taboola News&#8217;i m\u00fclklerinde veya cihazlar\u0131nda uygulayan \u00fc\u00e7\u00fcnc\u00fc taraflara) \u015eirket \u0130\u00e7eri\u011fini Taboola News&#8217;de kullanma haklar\u0131n\u0131 verebildi\u011fini beyan eder ve bu durum sonucunda \u00fc\u00e7\u00fcnc\u00fc taraflar\u0131n haklar\u0131 ihlal edilmemektedir.<\/li>\n<li><strong><u>\u00dccret Yok<\/u><\/strong>. Taboola&#8217;n\u0131n \u015eirket \u0130\u00e7eri\u011fini Taboola News arac\u0131l\u0131\u011f\u0131yla da\u011f\u0131t\u0131m\u0131, \u015eirket i\u00e7in herhangi bir \u00fccret talep edilmeden yap\u0131lmaktad\u0131r ve Taboola&#8217;n\u0131n \u015eirket&#8217;e herhangi bir lisans \u00fccreti veya belirli bir maddi tazminat \u00f6demesi yap\u0131lmayacakt\u0131r. \u015eirket, Taboola News&#8217;de \u015eirket \u0130\u00e7eri\u011finin dahil edilmesi ve kullan\u0131m\u0131n\u0131n adil bir tazminat olarak, M\u00fclkler&#8217;e trafik olu\u015fturma ve \u015eirket&#8217;in marka bilinirli\u011fini art\u0131rma f\u0131rsat\u0131n\u0131 kabul eder (Platform d\u0131\u015f\u0131ndaki M\u00fclklerde \u00fcretilen gelirlerin %100&#8217;\u00fcn\u00fc tutman\u0131n yan\u0131 s\u0131ra). Bu nedenle, \u015eirket, Taboola News arac\u0131l\u0131\u011f\u0131yla M\u00fclke eri\u015fen Ziyaret\u00e7ilere sunulan Platform&#8217;un herhangi bir reklam gelirinden veya sayfa g\u00f6r\u00fcnt\u00fclemelerinden tazminat almayacak ve Taboola, herhangi bir Taboola News Session s\u0131ras\u0131nda Platform&#8217;dan elde edilen br\u00fct Gelirin tamam\u0131n\u0131 alacakt\u0131r (yani, Taboola News arac\u0131l\u0131\u011f\u0131yla b\u00f6yle bir M\u00fclke gelen bir Ziyaret\u00e7inin M\u00fclk \u00fczerindeki ziyareti s\u00fcresi). Taboola News Session s\u0131ras\u0131nda Platform&#8217;un sayfa g\u00f6r\u00fcnt\u00fclemeleri, Tavsiye Sayfa G\u00f6r\u00fcnt\u00fclemesi olarak say\u0131lmayacakt\u0131r.<\/li>\n<\/ol>\n<p>\u00a0<\/p>\n","protected":false},"excerpt":{"rendered":"<p>TABOOLA NEWS D\u0130J\u0130TAL M\u00dcLK SAH\u0130PLER\u0130 \u0130\u00c7\u0130N \u015eARTLAR Son G\u00fcncelleme: 18 A\u011fustos 2025 Bu Taboola News \u015eartlar\u0131, Taboola ile Taboola News program\u0131na kat\u0131lmak i\u00e7in anla\u015fma imzalam\u0131\u015f dijital m\u00fclk sahipleri, yay\u0131nc\u0131lar ve di\u011fer \u015firketler (&#8220;\u015eirket&#8221;) i\u00e7in ge\u00e7erlidir ve bu Taboola News \u015eartlar\u0131, herhangi bir b\u00f6yle Anla\u015fman\u0131n ayr\u0131lmaz bir par\u00e7as\u0131 olarak kabul edilecektir. Burada tan\u0131mlanmayan terimler, ilgili Anla\u015fmada [&hellip;]<\/p>\n","protected":false},"author":3,"featured_media":0,"parent":0,"menu_order":0,"comment_status":"closed","ping_status":"closed","template":"single-legal-page.php","meta":{"_acf_changed":false,"footnotes":""},"class_list":["post-842","page","type-page","status-publish","hentry"],"acf":[],"yoast_head":"<!-- This site is optimized with the Yoast SEO Premium plugin v26.9 (Yoast SEO v27.1.1) - https:\/\/yoast.com\/product\/yoast-seo-premium-wordpress\/ -->\n<title>Taboola News Dijital M\u00fclk Sahipleri i\u00e7in \u015eartlar - Taboola Policies<\/title>\n<meta name=\"robots\" content=\"index, follow, max-snippet:-1, max-image-preview:large, max-video-preview:-1\" \/>\n<link rel=\"canonical\" href=\"https:\/\/policies.taboola.com\/tr\/taboola-news-terms-for-digital-property-owners\/\" \/>\n<meta property=\"og:locale\" content=\"tr_TR\" \/>\n<meta property=\"og:type\" content=\"article\" \/>\n<meta property=\"og:title\" content=\"Taboola News Dijital M\u00fclk Sahipleri i\u00e7in \u015eartlar\" \/>\n<meta property=\"og:description\" content=\"TABOOLA NEWS D\u0130J\u0130TAL M\u00dcLK SAH\u0130PLER\u0130 \u0130\u00c7\u0130N \u015eARTLAR Son G\u00fcncelleme: 18 A\u011fustos 2025 Bu Taboola News \u015eartlar\u0131, Taboola ile Taboola News program\u0131na kat\u0131lmak i\u00e7in anla\u015fma imzalam\u0131\u015f dijital m\u00fclk sahipleri, yay\u0131nc\u0131lar ve di\u011fer \u015firketler (&#8220;\u015eirket&#8221;) i\u00e7in ge\u00e7erlidir ve bu Taboola News \u015eartlar\u0131, herhangi bir b\u00f6yle Anla\u015fman\u0131n ayr\u0131lmaz bir par\u00e7as\u0131 olarak kabul edilecektir. Burada tan\u0131mlanmayan terimler, ilgili Anla\u015fmada [&hellip;]\" \/>\n<meta property=\"og:url\" content=\"https:\/\/policies.taboola.com\/tr\/taboola-news-terms-for-digital-property-owners\/\" \/>\n<meta property=\"og:site_name\" content=\"Taboola Policies\" \/>\n<meta property=\"article:modified_time\" content=\"2026-03-10T10:57:46+00:00\" \/>\n<meta name=\"twitter:card\" content=\"summary_large_image\" \/>\n<meta name=\"twitter:label1\" content=\"Est. reading time\" \/>\n\t<meta name=\"twitter:data1\" content=\"4 minutes\" \/>\n<script type=\"application\/ld+json\" class=\"yoast-schema-graph\">{\"@context\":\"https:\/\/schema.org\",\"@graph\":[{\"@type\":\"WebPage\",\"@id\":\"https:\/\/policies.taboola.com\/tr\/taboola-news-terms-for-digital-property-owners\/\",\"url\":\"https:\/\/policies.taboola.com\/tr\/taboola-news-terms-for-digital-property-owners\/\",\"name\":\"Taboola News Dijital M\u00fclk Sahipleri i\u00e7in \u015eartlar - Taboola Policies\",\"isPartOf\":{\"@id\":\"https:\/\/policies.taboola.com\/tr\/#website\"},\"datePublished\":\"2025-08-21T18:16:21+00:00\",\"dateModified\":\"2026-03-10T10:57:46+00:00\",\"breadcrumb\":{\"@id\":\"https:\/\/policies.taboola.com\/tr\/taboola-news-terms-for-digital-property-owners\/#breadcrumb\"},\"inLanguage\":\"tr-TR\",\"potentialAction\":[{\"@type\":\"ReadAction\",\"target\":[\"https:\/\/policies.taboola.com\/tr\/taboola-news-terms-for-digital-property-owners\/\"]}]},{\"@type\":\"BreadcrumbList\",\"@id\":\"https:\/\/policies.taboola.com\/tr\/taboola-news-terms-for-digital-property-owners\/#breadcrumb\",\"itemListElement\":[{\"@type\":\"ListItem\",\"position\":1,\"name\":\"Home\",\"item\":\"https:\/\/policies.taboola.com\/tr\/\"},{\"@type\":\"ListItem\",\"position\":2,\"name\":\"Taboola News Dijital M\u00fclk Sahipleri i\u00e7in \u015eartlar\"}]},{\"@type\":\"WebSite\",\"@id\":\"https:\/\/policies.taboola.com\/tr\/#website\",\"url\":\"https:\/\/policies.taboola.com\/tr\/\",\"name\":\"Taboola Policies\",\"description\":\"\",\"potentialAction\":[{\"@type\":\"SearchAction\",\"target\":{\"@type\":\"EntryPoint\",\"urlTemplate\":\"https:\/\/policies.taboola.com\/tr\/?s={search_term_string}\"},\"query-input\":{\"@type\":\"PropertyValueSpecification\",\"valueRequired\":true,\"valueName\":\"search_term_string\"}}],\"inLanguage\":\"tr-TR\"}]}<\/script>\n<!-- \/ Yoast SEO Premium plugin. -->","yoast_head_json":{"title":"Taboola News Dijital M\u00fclk Sahipleri i\u00e7in \u015eartlar - Taboola Policies","robots":{"index":"index","follow":"follow","max-snippet":"max-snippet:-1","max-image-preview":"max-image-preview:large","max-video-preview":"max-video-preview:-1"},"canonical":"https:\/\/policies.taboola.com\/tr\/taboola-news-terms-for-digital-property-owners\/","og_locale":"tr_TR","og_type":"article","og_title":"Taboola News Dijital M\u00fclk Sahipleri i\u00e7in \u015eartlar","og_description":"TABOOLA NEWS D\u0130J\u0130TAL M\u00dcLK SAH\u0130PLER\u0130 \u0130\u00c7\u0130N \u015eARTLAR Son G\u00fcncelleme: 18 A\u011fustos 2025 Bu Taboola News \u015eartlar\u0131, Taboola ile Taboola News program\u0131na kat\u0131lmak i\u00e7in anla\u015fma imzalam\u0131\u015f dijital m\u00fclk sahipleri, yay\u0131nc\u0131lar ve di\u011fer \u015firketler (&#8220;\u015eirket&#8221;) i\u00e7in ge\u00e7erlidir ve bu Taboola News \u015eartlar\u0131, herhangi bir b\u00f6yle Anla\u015fman\u0131n ayr\u0131lmaz bir par\u00e7as\u0131 olarak kabul edilecektir. Burada tan\u0131mlanmayan terimler, ilgili Anla\u015fmada [&hellip;]","og_url":"https:\/\/policies.taboola.com\/tr\/taboola-news-terms-for-digital-property-owners\/","og_site_name":"Taboola Policies","article_modified_time":"2026-03-10T10:57:46+00:00","twitter_card":"summary_large_image","twitter_misc":{"Est. reading time":"4 minutes"},"schema":{"@context":"https:\/\/schema.org","@graph":[{"@type":"WebPage","@id":"https:\/\/policies.taboola.com\/tr\/taboola-news-terms-for-digital-property-owners\/","url":"https:\/\/policies.taboola.com\/tr\/taboola-news-terms-for-digital-property-owners\/","name":"Taboola News Dijital M\u00fclk Sahipleri i\u00e7in \u015eartlar - Taboola Policies","isPartOf":{"@id":"https:\/\/policies.taboola.com\/tr\/#website"},"datePublished":"2025-08-21T18:16:21+00:00","dateModified":"2026-03-10T10:57:46+00:00","breadcrumb":{"@id":"https:\/\/policies.taboola.com\/tr\/taboola-news-terms-for-digital-property-owners\/#breadcrumb"},"inLanguage":"tr-TR","potentialAction":[{"@type":"ReadAction","target":["https:\/\/policies.taboola.com\/tr\/taboola-news-terms-for-digital-property-owners\/"]}]},{"@type":"BreadcrumbList","@id":"https:\/\/policies.taboola.com\/tr\/taboola-news-terms-for-digital-property-owners\/#breadcrumb","itemListElement":[{"@type":"ListItem","position":1,"name":"Home","item":"https:\/\/policies.taboola.com\/tr\/"},{"@type":"ListItem","position":2,"name":"Taboola News Dijital M\u00fclk Sahipleri i\u00e7in \u015eartlar"}]},{"@type":"WebSite","@id":"https:\/\/policies.taboola.com\/tr\/#website","url":"https:\/\/policies.taboola.com\/tr\/","name":"Taboola Policies","description":"","potentialAction":[{"@type":"SearchAction","target":{"@type":"EntryPoint","urlTemplate":"https:\/\/policies.taboola.com\/tr\/?s={search_term_string}"},"query-input":{"@type":"PropertyValueSpecification","valueRequired":true,"valueName":"search_term_string"}}],"inLanguage":"tr-TR"}]}},"_links":{"self":[{"href":"https:\/\/policies.taboola.com\/tr\/wp-json\/wp\/v2\/pages\/842","targetHints":{"allow":["GET"]}}],"collection":[{"href":"https:\/\/policies.taboola.com\/tr\/wp-json\/wp\/v2\/pages"}],"about":[{"href":"https:\/\/policies.taboola.com\/tr\/wp-json\/wp\/v2\/types\/page"}],"author":[{"embeddable":true,"href":"https:\/\/policies.taboola.com\/tr\/wp-json\/wp\/v2\/users\/3"}],"replies":[{"embeddable":true,"href":"https:\/\/policies.taboola.com\/tr\/wp-json\/wp\/v2\/comments?post=842"}],"version-history":[{"count":2,"href":"https:\/\/policies.taboola.com\/tr\/wp-json\/wp\/v2\/pages\/842\/revisions"}],"predecessor-version":[{"id":5050,"href":"https:\/\/policies.taboola.com\/tr\/wp-json\/wp\/v2\/pages\/842\/revisions\/5050"}],"wp:attachment":[{"href":"https:\/\/policies.taboola.com\/tr\/wp-json\/wp\/v2\/media?parent=842"}],"curies":[{"name":"wp","href":"https:\/\/api.w.org\/{rel}","templated":true}]}}