{"id":4314,"date":"2025-09-26T08:13:21","date_gmt":"2025-09-26T08:13:21","guid":{"rendered":"https:\/\/policies.taboola.com\/dieu-khoan-va-dieu-kien-cua-taboola-danh-cho-hoa-ky\/"},"modified":"2025-11-05T20:01:01","modified_gmt":"2025-11-05T20:01:01","slug":"terms-and-conditions","status":"publish","type":"page","link":"https:\/\/policies.taboola.com\/vi\/terms-and-conditions\/","title":{"rendered":"\u0110I\u1ec0U KHO\u1ea2N V\u00c0 \u0110I\u1ec0U KI\u1ec6N C\u1ee6A TABOOLA D\u00c0NH CHO HOA K\u1ef2"},"content":{"rendered":"<p><strong>\u0110I\u1ec0U KHO\u1ea2N V\u00c0 \u0110I\u1ec0U KI\u1ec6N PH\u00c2N PH\u1ed0I N\u1ed8I DUNG TR\u00caN M\u1ea0NG TABOOLA<br \/>\n<\/strong><\/p>\n<p>C\u0103n c\u1ee9 v\u00e0o c\u00e1c \u0110i\u1ec1u kho\u1ea3n v\u00e0 \u0110i\u1ec1u ki\u1ec7n n\u00e0y \u0111\u1ec3 ph\u00e2n ph\u1ed1i N\u1ed9i dung tr\u00ean M\u1ea1ng Taboola (&#8220;\u0110i\u1ec1u kho\u1ea3n&#8221;): (a) Taboola.com Ltd. (&#8220;Taboola&#8221;) s\u1ebd ph\u00e2n ph\u1ed1i N\u1ed9i dung c\u1ee7a Nh\u00e0 qu\u1ea3ng c\u00e1o (\u0111\u01b0\u1ee3c \u0111\u1ecbnh ngh\u0129a b\u00ean d\u01b0\u1edbi) th\u00f4ng qua n\u1ec1n t\u1ea3ng ph\u00e2n ph\u1ed1i \u0111\u1ec1 xu\u1ea5t n\u1ed9i dung c\u1ee7a Taboola (&#8220;N\u1ec1n t\u1ea3ng&#8221;) tr\u00ean c\u00e1c trang web, t\u00e0i s\u1ea3n k\u1ef9 thu\u1eadt s\u1ed1, \u1ee9ng d\u1ee5ng, ti\u1ec7n \u00edch, n\u1ec1n t\u1ea3ng, h\u1ec7 \u0111i\u1ec1u h\u00e0nh, th\u00f4ng b\u00e1o ho\u1eb7c thi\u1ebft b\u1ecb v\u00e0 \u0111\u1ed1i t\u00e1c m\u00e0 Taboola ho\u1eb7c c\u00e1c chi nh\u00e1nh c\u1ee7a Taboola c\u00f3 m\u1ed1i quan h\u1ec7 (m\u1ed7i,  &#8220;Thu\u1ed9c t\u00ednh Taboola&#8221; g\u1ecdi chung l\u00e0 &#8220;M\u1ea1ng Taboola) \u0111\u1ec3 t\u1ea1o Hi\u1ec3n th\u1ecb (nh\u01b0 \u0111\u01b0\u1ee3c \u0111\u1ecbnh ngh\u0129a b\u00ean d\u01b0\u1edbi) ho\u1eb7c h\u01b0\u1edbng l\u01b0u l\u01b0\u1ee3ng truy c\u1eadp \u0111\u1ebfn URL trang \u0111\u00edch \u0111\u01b0\u1ee3c ch\u1ec9 \u0111\u1ecbnh c\u1ee7a Nh\u00e0 qu\u1ea3ng c\u00e1o (&#8220;D\u1ecbch v\u1ee5&#8221;) v\u00e0 (b) Nh\u00e0 qu\u1ea3ng c\u00e1o s\u1ebd (i) cung c\u1ea5p cho Taboola n\u1ed9i dung n\u00e0y (v\u00ed d\u1ee5: URL trang \u0111\u00edch, ti\u00eau \u0111\u1ec1, h\u00ecnh thu nh\u1ecf ho\u1eb7c video) ho\u1eb7c qu\u1ea3ng c\u00e1o (&#8220;N\u1ed9i dung c\u1ee7a nh\u00e0 qu\u1ea3ng c\u00e1o&#8221;) th\u00f4ng qua tr\u00ecnh h\u01b0\u1edbng d\u1eabn g\u1eedi chi\u1ebfn d\u1ecbch d\u1ef1a tr\u00ean web c\u1ee7a Taboola (&#8220;Tr\u00ecnh h\u01b0\u1edbng d\u1eabn&#8221;) ho\u1eb7c b\u1ea3ng \u0111i\u1ec1u khi\u1ec3n ph\u00e2n t\u00edch \u0111\u1ed9c quy\u1ec1n c\u1ee7a Taboola (&#8220;B\u1ea3ng \u0111i\u1ec1u khi\u1ec3n Analytics&#8221;),  v\u00e0 (ii) b\u1ed3i th\u01b0\u1eddng cho Taboola cho D\u1ecbch v\u1ee5 theo c\u00e1c th\u00f4ng s\u1ed1 \u0111\u00e3 \u0111\u01b0\u1ee3c c\u00e1c b\u00ean th\u1ecfa thu\u1eadn. C\u00e1c \u0110i\u1ec1u kho\u1ea3n n\u00e0y, c\u00f9ng v\u1edbi Ch\u00ednh s\u00e1ch Qu\u1ea3ng c\u00e1o c\u1ee7a Taboola (&#8220;Ch\u00ednh s\u00e1ch Qu\u1ea3ng c\u00e1o c\u1ee7a Taboola&#8221;), c\u00f3 t\u1ea1i www.taboola.com\/advertising-policies v\u00e0 Ch\u00ednh s\u00e1ch S\u1eed d\u1ee5ng D\u1eef li\u1ec7u c\u1ee7a Taboola, c\u00f3 t\u1ea1i https:\/\/www.taboola.com\/advertiser-data-use-policy, s\u1ebd chi ph\u1ed1i m\u1ed1i quan h\u1ec7 gi\u1eefa Nh\u00e0 qu\u1ea3ng c\u00e1o v\u00e0 Taboola \u0111\u1ed1i v\u1edbi b\u1ea5t k\u1ef3 \u0111\u01a1n \u0111\u1eb7t h\u00e0ng n\u00e0o \u0111\u1ec3 ch\u1ea1y N\u1ed9i dung c\u1ee7a Nh\u00e0 qu\u1ea3ng c\u00e1o tr\u00ean M\u1ea1ng Taboola (m\u1ed7i &#8220;Chi\u1ebfn d\u1ecbch&#8221;) theo \u1ee7y quy\u1ec1n c\u1ee7a Nh\u00e0 qu\u1ea3ng c\u00e1o, cho d\u00f9 \u1ee7y quy\u1ec1n \u0111\u00f3 \u0111\u01b0\u1ee3c c\u1ea5p th\u00f4ng qua Tr\u00ecnh h\u01b0\u1edbng d\u1eabn, c\u00e1c l\u1ec7nh ch\u00e8n ti\u1ebfp theo,  email, B\u1ea3ng \u0111i\u1ec1u khi\u1ec3n Analytics ho\u1eb7c c\u00e1ch kh\u00e1c v\u00e0 ch\u00fang \u0111\u1ea1i di\u1ec7n cho s\u1ef1 hi\u1ec3u bi\u1ebft chung c\u1ee7a c\u00e1c b\u00ean v\u1ec1 kinh doanh (&#8220;Th\u1ecfa thu\u1eadn&#8221;).<\/p>\n<ol>\n<li>\n<p align=\"justify\"><strong>C\u1ea5p quy\u1ec1n<\/strong>:<\/p>\n<ol>\n<li>Nh\u00e0 qu\u1ea3ng c\u00e1o c\u1ea5p cho Taboola quy\u1ec1n v\u00e0 gi\u1ea5y ph\u00e9p c\u00f3 gi\u1edbi h\u1ea1n, c\u00f3 th\u1ec3 thu h\u1ed3i, kh\u00f4ng \u0111\u1ed9c quy\u1ec1n, mi\u1ec5n ph\u00ed b\u1ea3n quy\u1ec1n \u0111\u1ec3 (i) truy c\u1eadp, l\u1eadp ch\u1ec9 m\u1ee5c, l\u01b0u tr\u1eef, n\u00e9n (n\u1ebfu c\u00f3) v\u00e0 s\u1eed d\u1ee5ng N\u1ed9i dung c\u1ee7a nh\u00e0 qu\u1ea3ng c\u00e1o v\u00e0 chi ti\u1ebft Chi\u1ebfn d\u1ecbch (v\u00ed d\u1ee5: m\u00f4 t\u1ea3 N\u1ed9i dung c\u1ee7a nh\u00e0 qu\u1ea3ng c\u00e1o, URL trang \u0111\u00edch c\u1ee7a Nh\u00e0 qu\u1ea3ng c\u00e1o, ng\u00e2n s\u00e1ch cho m\u1ed7i kho\u1ea3ng th\u1eddi gian Chi\u1ebfn d\u1ecbch (&#8220;Ng\u00e2n s\u00e1ch chi\u1ebfn d\u1ecbch&#8221;), Ng\u00e0y chi\u1ebfn d\u1ecbch, ch\u1ec9 s\u1ed1 hi\u1ec7u su\u1ea5t ch\u00ednh c\u1ee7a Chi\u1ebfn d\u1ecbch, th\u00f4ng tin gi\u00e1 c\u1ea3, th\u00f4ng tin nh\u1eafm m\u1ee5c ti\u00eau v\u00e0 theo d\u00f5i) (&#8220;Chi ti\u1ebft chi\u1ebfn d\u1ecbch&#8221;) \u0111\u1ec3 \u0111\u1ec1 xu\u1ea5t Nh\u00e0 qu\u1ea3ng c\u00e1o N\u1ed9i dung M\u1ea1ng Taboola cho \u0111\u1ebfn khi s\u1ed1 ti\u1ec1n \u0111\u1ebfn h\u1ea1n cho Taboola \u0111\u1ec3 ph\u00e2n ph\u1ed1i Chi\u1ebfn d\u1ecbch \u0111\u00f3 \u0111\u1ea1t \u0111\u1ebfn Ng\u00e2n s\u00e1ch Chi\u1ebfn d\u1ecbch do Nh\u00e0 qu\u1ea3ng c\u00e1o \u0111\u1eb7t trong Tr\u00ecnh h\u01b0\u1edbng d\u1eabn ho\u1eb7c b\u1ea5t k\u1ef3 th\u1ee9 t\u1ef1 ch\u00e8n n\u00e0o ho\u1eb7c trong B\u1ea3ng \u0111i\u1ec1u khi\u1ec3n Analytics; (ii) s\u1eed d\u1ee5ng N\u1ed9i dung c\u1ee7a Nh\u00e0 qu\u1ea3ng c\u00e1o, t\u00ean, logo, nh\u00e3n hi\u1ec7u c\u1ee7a Nh\u00e0 qu\u1ea3ng c\u00e1o v\u00e0 b\u1ea5t k\u1ef3 n\u1ed9i dung \u0111\u1ed9c quy\u1ec1n n\u00e0o kh\u00e1c do Nh\u00e0 qu\u1ea3ng c\u00e1o cung c\u1ea5p (x) li\u00ean quan \u0111\u1ebfn \u0111\u1ec1 xu\u1ea5t N\u1ed9i dung c\u1ee7a Nh\u00e0 qu\u1ea3ng c\u00e1o v\u00e0 (y) cho m\u1ee5c \u0111\u00edch ti\u1ebfp th\u1ecb c\u1ee7a ri\u00eang Taboola khi \u0111\u1ec1 c\u1eadp \u0111\u1ebfn Nh\u00e0 qu\u1ea3ng c\u00e1o v\u1edbi t\u01b0 c\u00e1ch l\u00e0 kh\u00e1ch h\u00e0ng v\u00e0 vi\u1ec7c s\u1eed d\u1ee5ng \u0111\u00f3 s\u1ebd tu\u00e2n theo nguy\u00ean t\u1eafc s\u1eed d\u1ee5ng n\u1ed9i dung v\u00e0 nh\u00e3n hi\u1ec7u ti\u00eau chu\u1ea9n c\u1ee7a Nh\u00e0 qu\u1ea3ng c\u00e1o c\u0169ng nh\u01b0 \u0111\u00e1nh gi\u00e1 ch\u1ea5t l\u01b0\u1ee3ng,  n\u1ebfu c\u00f3, nh\u01b0 \u0111\u01b0\u1ee3c cung c\u1ea5p cho Taboola; v\u00e0 (iii) chia s\u1ebb d\u1eef li\u1ec7u hi\u1ec7u su\u1ea5t Chi\u1ebfn d\u1ecbch \u0111\u01b0\u1ee3c ghi l\u1ea1i b\u1edfi nh\u1eadt k\u00fd theo d\u00f5i c\u1ee7a Taboola v\u1edbi Thu\u1ed9c t\u00ednh Taboola.<\/li>\n<li>Taboola c\u1ea5p cho Nh\u00e0 qu\u1ea3ng c\u00e1o quy\u1ec1n h\u1ea1n ch\u1ebf, kh\u00f4ng \u0111\u1ed9c quy\u1ec1n, kh\u00f4ng th\u1ec3 chuy\u1ec3n nh\u01b0\u1ee3ng, kh\u00f4ng th\u1ec3 chuy\u1ec3n nh\u01b0\u1ee3ng, kh\u00f4ng th\u1ec3 c\u1ea5p ph\u00e9p l\u1ea1i, mi\u1ec5n ph\u00ed b\u1ea3n quy\u1ec1n trong th\u1eddi h\u1ea1n \u0111\u1ec3 truy c\u1eadp v\u00e0 s\u1eed d\u1ee5ng B\u1ea3ng \u0111i\u1ec1u khi\u1ec3n Analytics ch\u1ec9 cho m\u1ee5c \u0111\u00edch qu\u1ea3n l\u00fd Chi\u1ebfn d\u1ecbch c\u1ee7a Nh\u00e0 qu\u1ea3ng c\u00e1o v\u00e0 xem x\u00e9t c\u00e1c ph\u00e2n t\u00edch li\u00ean quan \u0111\u1ebfn Chi\u1ebfn d\u1ecbch c\u1ee7a Nh\u00e0 qu\u1ea3ng c\u00e1o. Nh\u00e0 qu\u1ea3ng c\u00e1o hi\u1ec3u v\u00e0 \u0111\u1ed3ng \u00fd r\u1eb1ng Nh\u00e0 qu\u1ea3ng c\u00e1o ho\u00e0n to\u00e0n ch\u1ecbu tr\u00e1ch nhi\u1ec7m v\u1ec1 h\u00e0nh \u0111\u1ed9ng c\u1ee7a m\u00ecnh trong B\u1ea3ng \u0111i\u1ec1u khi\u1ec3n Analytics, n\u1ebfu Nh\u00e0 qu\u1ea3ng c\u00e1o ch\u1ecdn s\u1eed d\u1ee5ng t\u00ednh n\u0103ng Qu\u1ea3n l\u00fd chi\u1ebfn d\u1ecbch c\u1ee7a Taboola v\u00e0 Nh\u00e0 qu\u1ea3ng c\u00e1o s\u1ebd gi\u1eef b\u00ed m\u1eadt m\u1eadt kh\u1ea9u t\u00e0i kho\u1ea3n v\u00e0 th\u00f4ng tin \u0111\u0103ng nh\u1eadp c\u1ee7a m\u00ecnh, \u0111\u1ed3ng th\u1eddi s\u1ebd ch\u1ecbu tr\u00e1ch nhi\u1ec7m v\u1ec1 t\u1ea5t c\u1ea3 c\u00e1c ho\u1ea1t \u0111\u1ed9ng v\u00e0 kho\u1ea3n thanh to\u00e1n n\u1ee3 trong t\u00e0i kho\u1ea3n c\u1ee7a m\u00ecnh. Taboola s\u1ebd kh\u00f4ng xem x\u00e9t ho\u1ea1t \u0111\u1ed9ng c\u1ee7a Nh\u00e0 qu\u1ea3ng c\u00e1o v\u00e0 Taboola kh\u00f4ng ch\u1ecbu tr\u00e1ch nhi\u1ec7m ho\u1eb7c ngh\u0129a v\u1ee5 ph\u00e1p l\u00fd \u0111\u1ed1i v\u1edbi (v\u00e0 s\u1ebd kh\u00f4ng c\u1ea5p b\u1ea5t k\u1ef3 kho\u1ea3n t\u00edn d\u1ee5ng n\u00e0o cho) b\u1ea5t k\u1ef3 sai l\u1ea7m n\u00e0o c\u1ee7a Nh\u00e0 qu\u1ea3ng c\u00e1o trong vi\u1ec7c qu\u1ea3n l\u00fd Chi\u1ebfn d\u1ecbch c\u1ee7a ch\u00ednh m\u00ecnh. Nh\u00e0 qu\u1ea3ng c\u00e1o th\u1eeba nh\u1eadn r\u1eb1ng b\u1ea5t k\u1ef3 ph\u00e2n t\u00edch n\u00e0o \u0111\u01b0\u1ee3c cung c\u1ea5p trong B\u1ea3ng \u0111i\u1ec1u khi\u1ec3n Analytics \u0111\u1ec1u l\u00e0 \u01b0\u1edbc t\u00ednh v\u00e0 s\u1ebd ch\u1ec9 \u0111\u01b0\u1ee3c ho\u00e0n t\u1ea5t sau m\u01b0\u1eddi b\u1ed1n (14) ng\u00e0y sau khi k\u1ebft th\u00fac b\u1ea5t k\u1ef3 th\u00e1ng d\u01b0\u01a1ng l\u1ecbch n\u00e0o m\u00e0 Chi\u1ebfn d\u1ecbch \u0111\u00e3 ch\u1ea1y (m\u1ed7i th\u00e1ng l\u00e0 &#8220;Th\u00e1ng chi\u1ebfn d\u1ecbch&#8221;).<\/li>\n<li>Tr\u1eeb khi c\u00f3 quy \u0111\u1ecbnh c\u1ee5 th\u1ec3 kh\u00e1c \u1edf \u0111\u00e2y, vi\u1ec7c c\u1ea5p c\u00e1c gi\u1ea5y ph\u00e9p n\u00f3i tr\u00ean kh\u00f4ng trao cho m\u1ed9t trong hai b\u00ean b\u1ea5t k\u1ef3 quy\u1ec1n s\u1edf h\u1eefu, quy\u1ec1n s\u1edf h\u1eefu v\u00e0 l\u1ee3i \u00edch n\u00e0o kh\u00e1c li\u00ean quan \u0111\u1ebfn b\u1eb1ng s\u00e1ng ch\u1ebf, b\u1ea3n quy\u1ec1n, nh\u00e3n hi\u1ec7u, trang ph\u1ee5c th\u01b0\u01a1ng m\u1ea1i, b\u00ed m\u1eadt th\u01b0\u01a1ng m\u1ea1i, thu\u1eadt to\u00e1n, b\u00ed quy\u1ebft, t\u00e1c ph\u1ea9m m\u1eb7t n\u1ea1, \u0111\u1ea1o \u0111\u1ee9c (quy\u1ec1n nh\u00e2n th\u00e2n) v\u00e0 t\u1ea5t c\u1ea3 c\u00e1c quy\u1ec1n t\u01b0\u01a1ng t\u1ef1 thu\u1ed9c m\u1ecdi lo\u1ea1i c\u00f3 th\u1ec3 t\u1ed3n t\u1ea1i hi\u1ec7n t\u1ea1i ho\u1eb7c trong t\u01b0\u01a1ng lai \u1edf b\u1ea5t k\u1ef3 khu v\u1ef1c t\u00e0i ph\u00e1n n\u00e0o,  bao g\u1ed3m, nh\u01b0ng kh\u00f4ng gi\u1edbi h\u1ea1n, t\u1ea5t c\u1ea3 c\u00e1c \u1ee9ng d\u1ee5ng v\u00e0 \u0111\u0103ng k\u00fd v\u00e0 t\u1ea5t c\u1ea3 c\u00e1c quy\u1ec1n \u0111\u0103ng k\u00fd cho b\u1ea5t k\u1ef3 \u0111i\u1ec1u n\u00e0o \u0111\u00e3 n\u00f3i \u1edf tr\u00ean (&#8220;Quy\u1ec1n s\u1edf h\u1eefu tr\u00ed tu\u1ec7&#8221;).<\/li>\n<\/ol>\n<\/li>\n<li><strong>N\u1ed9i dung c\u1ee7a nh\u00e0 qu\u1ea3ng c\u00e1o<\/strong><strong>:\u00a0<\/strong>Taboola c\u00f3 quy\u1ec1n (i) t\u1eeb ch\u1ed1i ho\u1eb7c x\u00f3a b\u1ea5t k\u1ef3 N\u1ed9i dung n\u00e0o c\u1ee7a Nh\u00e0 qu\u1ea3ng c\u00e1o, (ii) t\u1ea1m d\u1eebng b\u1ea5t k\u1ef3 Chi\u1ebfn d\u1ecbch n\u00e0o, (iii) h\u1ea1n ch\u1ebf quy\u1ec1n truy c\u1eadp c\u1ee7a Nh\u00e0 qu\u1ea3ng c\u00e1o v\u00e0o Tr\u00ecnh h\u01b0\u1edbng d\u1eabn ho\u1eb7c B\u1ea3ng \u0111i\u1ec1u khi\u1ec3n Analytics ho\u1eb7c (iv) gi\u1edbi h\u1ea1n Ng\u00e2n s\u00e1ch Chi\u1ebfn d\u1ecbch c\u1ee7a Nh\u00e0 qu\u1ea3ng c\u00e1o trong b\u1ea5t k\u1ef3 Th\u00e1ng Chi\u1ebfn d\u1ecbch nh\u1ea5t \u0111\u1ecbnh n\u00e0o. Trong ph\u1ea1m vi Nh\u00e0 qu\u1ea3ng c\u00e1o y\u00eau c\u1ea7u Taboola h\u1ed7 tr\u1ee3 t\u1ed1i \u01b0u h\u00f3a b\u1ea5t k\u1ef3 ti\u00eau \u0111\u1ec1 Chi\u1ebfn d\u1ecbch n\u00e0o c\u1ee7a Nh\u00e0 qu\u1ea3ng c\u00e1o v\u00e0 Taboola \u0111\u1ed3ng \u00fd l\u00e0m nh\u01b0 v\u1eady, Nh\u00e0 qu\u1ea3ng c\u00e1o (i) tuy\u00ean b\u1ed1 v\u00e0 \u0111\u1ea3m b\u1ea3o r\u1eb1ng h\u1ecd c\u00f3 th\u1ec3 ch\u1ee9ng minh b\u1ea5t k\u1ef3 v\u00e0 t\u1ea5t c\u1ea3 th\u00f4ng tin m\u00e0 h\u1ecd \u0111\u00e3 cung c\u1ea5p cho Taboola \u0111\u1ec3 s\u1eed d\u1ee5ng trong vi\u1ec7c t\u1ea1o c\u00e1c ti\u00eau \u0111\u1ec1 \u0111\u00f3; (ii) s\u1ebd ho\u00e0n to\u00e0n ch\u1ecbu tr\u00e1ch nhi\u1ec7m v\u1ec1 t\u1ea5t c\u1ea3 c\u00e1c khi\u1ebfu n\u1ea1i \u0111\u01b0\u1ee3c \u0111\u01b0a ra trong c\u00e1c ti\u00eau \u0111\u1ec1 \u0111\u00f3; v\u00e0 (iii) s\u1ebd b\u1ed3i th\u01b0\u1eddng cho Taboola \u0111\u1ed1i v\u1edbi b\u1ea5t k\u1ef3 T\u1ed5n th\u1ea5t n\u00e0o (nh\u01b0 \u0111\u01b0\u1ee3c \u0111\u1ecbnh ngh\u0129a b\u00ean d\u01b0\u1edbi) ph\u00e1t sinh t\u1eeb b\u1ea5t k\u1ef3 ti\u00eau \u0111\u1ec1 Chi\u1ebfn d\u1ecbch n\u00e0o nh\u01b0 v\u1eady.2. Nh\u00e0 qu\u1ea3ng c\u00e1o kh\u00f4ng \u0111\u01b0\u1ee3c c\u1ed1 g\u1eafng truy c\u1eadp v\u00e0o t\u00e0i kho\u1ea3n c\u1ee7a c\u00e1c kh\u00e1ch h\u00e0ng Taboola kh\u00e1c ho\u1eb7c tr\u00edch xu\u1ea5t d\u1eef li\u1ec7u t\u1eeb B\u1ea3ng \u0111i\u1ec1u khi\u1ec3n Analytics cho m\u1ee5c \u0111\u00edch th\u01b0\u01a1ng m\u1ea1i.<br \/>\n<strong><br \/>\n<\/strong><\/li>\n<li><strong>Chi ti\u1ebft chi\u1ebfn d\u1ecbch<\/strong><strong>:<\/strong>\n<ol>\n<li>Thanh to\u00e1n: Tr\u01b0\u1edbc khi ph\u00e2n ph\u1ed1i N\u1ed9i dung c\u1ee7a Nh\u00e0 qu\u1ea3ng c\u00e1o tr\u00ean M\u1ea1ng Taboola, Taboola c\u00f3 th\u1ec3 y\u00eau c\u1ea7u thanh to\u00e1n tr\u01b0\u1edbc Ng\u00e2n s\u00e1ch Chi\u1ebfn d\u1ecbch a. cho b\u1ea5t k\u1ef3 Th\u00e1ng Chi\u1ebfn d\u1ecbch n\u00e0o (&#8220;Thanh to\u00e1n tr\u01b0\u1edbc&#8221;) t\u1eeb Nh\u00e0 qu\u1ea3ng c\u00e1o tr\u01b0\u1edbc khi ph\u00e2n ph\u1ed1i N\u1ed9i dung c\u1ee7a Nh\u00e0 qu\u1ea3ng c\u00e1o cho \u0111\u1ebfn khi nh\u00e0 qu\u1ea3ng c\u00e1o \u0111\u00e3 thi\u1ebft l\u1eadp l\u1ecbch s\u1eed t\u00edn d\u1ee5ng v\u1edbi Taboola, Kho\u1ea3n thanh to\u00e1n tr\u01b0\u1edbc s\u1ebd \u0111\u01b0\u1ee3c th\u1ef1c hi\u1ec7n qua th\u1ebb t\u00edn d\u1ee5ng th\u00f4ng qua Tr\u00ecnh h\u01b0\u1edbng d\u1eabn. T\u1ea5t c\u1ea3 c\u00e1c kho\u1ea3n thanh to\u00e1n \u0111\u01b0\u1ee3c th\u1ef1c hi\u1ec7n b\u1eb1ng th\u1ebb t\u00edn d\u1ee5ng s\u1ebd ph\u1ea3i ch\u1ecbu ph\u00ed x\u1eed l\u00fd t\u1eeb 2,0% \u2013 3,5% (t\u00f9y thu\u1ed9c v\u00e0o khu v\u1ef1c) cho m\u1ed7i giao d\u1ecbch, \u0111i\u1ec1u n\u00e0y s\u1ebd \u0111\u01b0\u1ee3c ph\u1ea3n \u00e1nh trong h\u00f3a \u0111\u01a1n. Trong tr\u01b0\u1eddng h\u1ee3p kh\u00f4ng c\u00f3 Thanh to\u00e1n tr\u01b0\u1edbc, Taboola s\u1ebd t\u00ednh ph\u00ed th\u1ebb t\u00edn d\u1ee5ng do Nh\u00e0 qu\u1ea3ng c\u00e1o g\u1eedi th\u00f4ng qua Tr\u00ecnh h\u01b0\u1edbng d\u1eabn sau khi chi ti\u00eau c\u1ee7a Chi\u1ebfn d\u1ecbch \u0111\u1ea1t \u0111\u1ebfn m\u1ee9c t\u0103ng nh\u1ea5t \u0111\u1ecbnh do Taboola \u0111\u1eb7t. B\u1ea5t k\u1ef3 kho\u1ea3n thanh to\u00e1n tr\u1ec5 n\u00e0o s\u1ebd t\u00edch l\u0169y ti\u1ec1n l\u00e3i b\u1eb1ng m\u1ed9t ph\u1ea7n tr\u0103m r\u01b0\u1ee1i (1,5%) m\u1ed7i th\u00e1ng, ho\u1eb7c s\u1ed1 ti\u1ec1n t\u1ed1i \u0111a \u0111\u01b0\u1ee3c ph\u00e1p lu\u1eadt cho ph\u00e9p, t\u00f9y theo m\u1ee9c n\u00e0o \u00edt h\u01a1n, c\u1ed9ng g\u1ed9p h\u00e0ng th\u00e1ng. N\u1ebfu Nh\u00e0 qu\u1ea3ng c\u00e1o r\u00fat th\u00f4ng tin th\u1ebb t\u00edn d\u1ee5ng c\u1ee7a m\u00ecnh tr\u01b0\u1edbc khi k\u1ebft th\u00fac Chi\u1ebfn d\u1ecbch v\u00e0 kh\u00f4ng thay th\u1ebf b\u1eb1ng ph\u01b0\u01a1ng th\u1ee9c thanh to\u00e1n thay th\u1ebf h\u1ee3p l\u1ec7, Taboola c\u00f3 quy\u1ec1n, b\u1ea5t k\u1ec3 vi\u1ec7c r\u00fat ti\u1ec1n, t\u00ednh ph\u00ed th\u1ebb t\u00edn d\u1ee5ng cho t\u1ea5t c\u1ea3 c\u00e1c Chi\u1ebfn d\u1ecbch \u0111\u00e3 \u0111\u01b0\u1ee3c b\u1eaft \u0111\u1ea7u tr\u01b0\u1edbc khi r\u00fat ti\u1ec1n (\u0111i\u1ec1u n\u00e0y bao g\u1ed3m kho\u1ea3n thanh to\u00e1n \u0111u\u00f4i c\u00f2n n\u1ee3 cho s\u1ed1 ti\u1ec1n chi ti\u00eau d\u01b0\u1edbi m\u1ee9c t\u0103ng \u0111\u00e3 thi\u1ebft l\u1eadp). Ngo\u00e0i b\u1ea5t k\u1ef3 quy\u1ec1n ho\u1eb7c bi\u1ec7n ph\u00e1p kh\u1eafc ph\u1ee5c n\u00e0o kh\u00e1c m\u00e0 Taboola c\u00f3 th\u1ec3 c\u00f3, vi\u1ec7c Nh\u00e0 qu\u1ea3ng c\u00e1o kh\u00f4ng thanh to\u00e1n b\u1ea5t k\u1ef3 h\u00f3a \u0111\u01a1n n\u00e0o nh\u01b0 \u0111\u01b0\u1ee3c quy \u0111\u1ecbnh \u1edf \u0111\u00e2y c\u00f3 th\u1ec3 d\u1eabn \u0111\u1ebfn vi\u1ec7c Taboola h\u1ee7y ho\u1eb7c t\u1ea1m d\u1eebng Chi\u1ebfn d\u1ecbch c\u1ee7a Nh\u00e0 qu\u1ea3ng c\u00e1o. H\u01a1n n\u1eefa, n\u1ebfu Nh\u00e0 qu\u1ea3ng c\u00e1o kh\u00f4ng th\u1ef1c hi\u1ec7n b\u1ea5t k\u1ef3 kho\u1ea3n thanh to\u00e1n n\u00e0o nh\u01b0 \u0111\u01b0\u1ee3c quy \u0111\u1ecbnh \u1edf \u0111\u00e2y, Nh\u00e0 qu\u1ea3ng c\u00e1o s\u1ebd thanh to\u00e1n t\u1ea5t c\u1ea3 c\u00e1c chi ph\u00ed h\u1ee3p l\u00fd (bao g\u1ed3m c\u1ea3 ph\u00ed lu\u1eadt s\u01b0) m\u00e0 Taboola ph\u1ea3i ch\u1ecbu trong vi\u1ec7c thu c\u00e1c kho\u1ea3n thanh to\u00e1n \u0111\u00f3. Khi k\u1ebft th\u00fac m\u1ed7i th\u00e1ng d\u01b0\u01a1ng l\u1ecbch m\u00e0 Chi\u1ebfn d\u1ecbch \u0111ang ch\u1ea1y tr\u00ean M\u1ea1ng Taboola (m\u1ed7i th\u00e1ng l\u00e0 &#8220;Th\u00e1ng chi\u1ebfn d\u1ecbch&#8221;), B\u1ea3ng \u0111i\u1ec1u khi\u1ec3n Analytics s\u1ebd cung c\u1ea5p cho Nh\u00e0 qu\u1ea3ng c\u00e1o th\u00f4ng tin chi ti\u1ebft v\u1ec1 s\u1ed1 l\u01b0\u1ee3ng Nh\u1ea5p chu\u1ed9t v\u00e0o N\u1ed9i dung c\u1ee7a Nh\u00e0 qu\u1ea3ng c\u00e1o v\u00e0 s\u1ed1 ti\u1ec1n Thanh to\u00e1n tr\u01b0\u1edbc, n\u1ebfu c\u00f3, m\u00e0 Nh\u00e0 qu\u1ea3ng c\u00e1o \u0111\u00e3 chi ti\u00eau (d\u1ef1a tr\u00ean chi ph\u00ed m\u1ed7i nh\u1ea5p chu\u1ed9t do Nh\u00e0 qu\u1ea3ng c\u00e1o \u0111\u1eb7t trong B\u1ea3ng \u0111i\u1ec1u khi\u1ec3n Analytics trong Th\u00e1ng Chi\u1ebfn d\u1ecbch). Nh\u00e0 qu\u1ea3ng c\u00e1o th\u1eeba nh\u1eadn r\u1eb1ng m\u1ecdi ph\u00e2n t\u00edch \u0111\u01b0\u1ee3c cung c\u1ea5p trong B\u1ea3ng \u0111i\u1ec1u khi\u1ec3n Analytics \u0111\u1ec1u l\u00e0 \u01b0\u1edbc t\u00ednh v\u00e0 s\u1ebd ch\u1ec9 \u0111\u01b0\u1ee3c ho\u00e0n thi\u1ec7n sau m\u01b0\u1eddi b\u1ed1n (14) ng\u00e0y c\u1ee7a Th\u00e1ng Chi\u1ebfn d\u1ecbch. \u0110\u1ec3 r\u00f5 r\u00e0ng, t\u1ea5t c\u1ea3 c\u00e1c kho\u1ea3n thanh to\u00e1n s\u1ebd \u0111\u01b0\u1ee3c th\u1ef1c hi\u1ec7n b\u1eb1ng \u0111\u01a1n v\u1ecb ti\u1ec1n t\u1ec7 do Taboola ch\u1ec9 \u0111\u1ecbnh, tr\u1eeb khi c\u00f3 th\u1ecfa thu\u1eadn kh\u00e1c b\u1eb1ng v\u0103n b\u1ea3n ri\u00eang gi\u1eefa c\u00e1c b\u00ean.<\/li>\n<\/ol>\n<\/li>\n<\/ol>\n","protected":false},"excerpt":{"rendered":"<p>\u0110I\u1ec0U KHO\u1ea2N V\u00c0 \u0110I\u1ec0U KI\u1ec6N PH\u00c2N PH\u1ed0I N\u1ed8I DUNG TR\u00caN M\u1ea0NG TABOOLA C\u0103n c\u1ee9 v\u00e0o c\u00e1c \u0110i\u1ec1u kho\u1ea3n v\u00e0 \u0110i\u1ec1u ki\u1ec7n n\u00e0y \u0111\u1ec3 ph\u00e2n ph\u1ed1i N\u1ed9i dung tr\u00ean M\u1ea1ng Taboola (&#8220;\u0110i\u1ec1u kho\u1ea3n&#8221;): (a) Taboola.com Ltd. (&#8220;Taboola&#8221;) s\u1ebd ph\u00e2n ph\u1ed1i N\u1ed9i dung c\u1ee7a Nh\u00e0 qu\u1ea3ng c\u00e1o (\u0111\u01b0\u1ee3c \u0111\u1ecbnh ngh\u0129a b\u00ean d\u01b0\u1edbi) th\u00f4ng qua n\u1ec1n t\u1ea3ng ph\u00e2n [&hellip;]<\/p>\n","protected":false},"author":1,"featured_media":0,"parent":0,"menu_order":0,"comment_status":"closed","ping_status":"closed","template":"single-legal-toc-page.php","meta":{"_acf_changed":false,"footnotes":""},"class_list":["post-4314","page","type-page","status-publish","hentry"],"acf":[],"yoast_head":"<!-- This site is optimized with the Yoast SEO Premium plugin v26.9 (Yoast SEO v27.1.1) - https:\/\/yoast.com\/product\/yoast-seo-premium-wordpress\/ -->\n<title>\u0110I\u1ec0U KHO\u1ea2N V\u00c0 \u0110I\u1ec0U KI\u1ec6N C\u1ee6A TABOOLA D\u00c0NH CHO HOA K\u1ef2 - Taboola Policies<\/title>\n<meta name=\"robots\" content=\"index, follow, max-snippet:-1, max-image-preview:large, max-video-preview:-1\" \/>\n<link rel=\"canonical\" href=\"https:\/\/policies.taboola.com\/vi\/terms-and-conditions\/\" \/>\n<meta property=\"og:locale\" content=\"vi_VN\" \/>\n<meta property=\"og:type\" content=\"article\" \/>\n<meta property=\"og:title\" content=\"\u0110I\u1ec0U KHO\u1ea2N V\u00c0 \u0110I\u1ec0U KI\u1ec6N C\u1ee6A TABOOLA D\u00c0NH CHO HOA K\u1ef2\" \/>\n<meta property=\"og:description\" content=\"\u0110I\u1ec0U KHO\u1ea2N V\u00c0 \u0110I\u1ec0U KI\u1ec6N PH\u00c2N PH\u1ed0I N\u1ed8I DUNG TR\u00caN M\u1ea0NG TABOOLA C\u0103n c\u1ee9 v\u00e0o c\u00e1c \u0110i\u1ec1u kho\u1ea3n v\u00e0 \u0110i\u1ec1u ki\u1ec7n n\u00e0y \u0111\u1ec3 ph\u00e2n ph\u1ed1i N\u1ed9i dung tr\u00ean M\u1ea1ng Taboola (&#8220;\u0110i\u1ec1u kho\u1ea3n&#8221;): (a) Taboola.com Ltd. (&#8220;Taboola&#8221;) s\u1ebd ph\u00e2n ph\u1ed1i N\u1ed9i dung c\u1ee7a Nh\u00e0 qu\u1ea3ng c\u00e1o (\u0111\u01b0\u1ee3c \u0111\u1ecbnh ngh\u0129a b\u00ean d\u01b0\u1edbi) th\u00f4ng qua n\u1ec1n t\u1ea3ng ph\u00e2n [&hellip;]\" \/>\n<meta property=\"og:url\" content=\"https:\/\/policies.taboola.com\/vi\/terms-and-conditions\/\" \/>\n<meta property=\"og:site_name\" content=\"Taboola Policies\" \/>\n<meta property=\"article:modified_time\" content=\"2025-11-05T20:01:01+00:00\" \/>\n<meta name=\"twitter:card\" content=\"summary_large_image\" \/>\n<meta name=\"twitter:label1\" content=\"Est. reading time\" \/>\n\t<meta name=\"twitter:data1\" content=\"14 minutes\" \/>\n<script type=\"application\/ld+json\" class=\"yoast-schema-graph\">{\"@context\":\"https:\/\/schema.org\",\"@graph\":[{\"@type\":\"WebPage\",\"@id\":\"https:\/\/policies.taboola.com\/vi\/terms-and-conditions\/\",\"url\":\"https:\/\/policies.taboola.com\/vi\/terms-and-conditions\/\",\"name\":\"\u0110I\u1ec0U KHO\u1ea2N V\u00c0 \u0110I\u1ec0U KI\u1ec6N C\u1ee6A TABOOLA D\u00c0NH CHO HOA K\u1ef2 - Taboola Policies\",\"isPartOf\":{\"@id\":\"https:\/\/policies.taboola.com\/vi\/#website\"},\"datePublished\":\"2025-09-26T08:13:21+00:00\",\"dateModified\":\"2025-11-05T20:01:01+00:00\",\"breadcrumb\":{\"@id\":\"https:\/\/policies.taboola.com\/vi\/terms-and-conditions\/#breadcrumb\"},\"inLanguage\":\"vi-VN\",\"potentialAction\":[{\"@type\":\"ReadAction\",\"target\":[\"https:\/\/policies.taboola.com\/vi\/terms-and-conditions\/\"]}]},{\"@type\":\"BreadcrumbList\",\"@id\":\"https:\/\/policies.taboola.com\/vi\/terms-and-conditions\/#breadcrumb\",\"itemListElement\":[{\"@type\":\"ListItem\",\"position\":1,\"name\":\"Home\",\"item\":\"https:\/\/policies.taboola.com\/vi\/\"},{\"@type\":\"ListItem\",\"position\":2,\"name\":\"\u0110I\u1ec0U KHO\u1ea2N V\u00c0 \u0110I\u1ec0U KI\u1ec6N C\u1ee6A TABOOLA D\u00c0NH CHO HOA K\u1ef2\"}]},{\"@type\":\"WebSite\",\"@id\":\"https:\/\/policies.taboola.com\/vi\/#website\",\"url\":\"https:\/\/policies.taboola.com\/vi\/\",\"name\":\"Taboola Policies\",\"description\":\"\",\"potentialAction\":[{\"@type\":\"SearchAction\",\"target\":{\"@type\":\"EntryPoint\",\"urlTemplate\":\"https:\/\/policies.taboola.com\/vi\/?s={search_term_string}\"},\"query-input\":{\"@type\":\"PropertyValueSpecification\",\"valueRequired\":true,\"valueName\":\"search_term_string\"}}],\"inLanguage\":\"vi-VN\"}]}<\/script>\n<!-- \/ Yoast SEO Premium plugin. -->","yoast_head_json":{"title":"\u0110I\u1ec0U KHO\u1ea2N V\u00c0 \u0110I\u1ec0U KI\u1ec6N C\u1ee6A TABOOLA D\u00c0NH CHO HOA K\u1ef2 - Taboola Policies","robots":{"index":"index","follow":"follow","max-snippet":"max-snippet:-1","max-image-preview":"max-image-preview:large","max-video-preview":"max-video-preview:-1"},"canonical":"https:\/\/policies.taboola.com\/vi\/terms-and-conditions\/","og_locale":"vi_VN","og_type":"article","og_title":"\u0110I\u1ec0U KHO\u1ea2N V\u00c0 \u0110I\u1ec0U KI\u1ec6N C\u1ee6A TABOOLA D\u00c0NH CHO HOA K\u1ef2","og_description":"\u0110I\u1ec0U KHO\u1ea2N V\u00c0 \u0110I\u1ec0U KI\u1ec6N PH\u00c2N PH\u1ed0I N\u1ed8I DUNG TR\u00caN M\u1ea0NG TABOOLA C\u0103n c\u1ee9 v\u00e0o c\u00e1c \u0110i\u1ec1u kho\u1ea3n v\u00e0 \u0110i\u1ec1u ki\u1ec7n n\u00e0y \u0111\u1ec3 ph\u00e2n ph\u1ed1i N\u1ed9i dung tr\u00ean M\u1ea1ng Taboola (&#8220;\u0110i\u1ec1u kho\u1ea3n&#8221;): (a) Taboola.com Ltd. (&#8220;Taboola&#8221;) s\u1ebd ph\u00e2n ph\u1ed1i N\u1ed9i dung c\u1ee7a Nh\u00e0 qu\u1ea3ng c\u00e1o (\u0111\u01b0\u1ee3c \u0111\u1ecbnh ngh\u0129a b\u00ean d\u01b0\u1edbi) th\u00f4ng qua n\u1ec1n t\u1ea3ng ph\u00e2n [&hellip;]","og_url":"https:\/\/policies.taboola.com\/vi\/terms-and-conditions\/","og_site_name":"Taboola Policies","article_modified_time":"2025-11-05T20:01:01+00:00","twitter_card":"summary_large_image","twitter_misc":{"Est. reading time":"14 minutes"},"schema":{"@context":"https:\/\/schema.org","@graph":[{"@type":"WebPage","@id":"https:\/\/policies.taboola.com\/vi\/terms-and-conditions\/","url":"https:\/\/policies.taboola.com\/vi\/terms-and-conditions\/","name":"\u0110I\u1ec0U KHO\u1ea2N V\u00c0 \u0110I\u1ec0U KI\u1ec6N C\u1ee6A TABOOLA D\u00c0NH CHO HOA K\u1ef2 - Taboola Policies","isPartOf":{"@id":"https:\/\/policies.taboola.com\/vi\/#website"},"datePublished":"2025-09-26T08:13:21+00:00","dateModified":"2025-11-05T20:01:01+00:00","breadcrumb":{"@id":"https:\/\/policies.taboola.com\/vi\/terms-and-conditions\/#breadcrumb"},"inLanguage":"vi-VN","potentialAction":[{"@type":"ReadAction","target":["https:\/\/policies.taboola.com\/vi\/terms-and-conditions\/"]}]},{"@type":"BreadcrumbList","@id":"https:\/\/policies.taboola.com\/vi\/terms-and-conditions\/#breadcrumb","itemListElement":[{"@type":"ListItem","position":1,"name":"Home","item":"https:\/\/policies.taboola.com\/vi\/"},{"@type":"ListItem","position":2,"name":"\u0110I\u1ec0U KHO\u1ea2N V\u00c0 \u0110I\u1ec0U KI\u1ec6N C\u1ee6A TABOOLA D\u00c0NH CHO HOA K\u1ef2"}]},{"@type":"WebSite","@id":"https:\/\/policies.taboola.com\/vi\/#website","url":"https:\/\/policies.taboola.com\/vi\/","name":"Taboola Policies","description":"","potentialAction":[{"@type":"SearchAction","target":{"@type":"EntryPoint","urlTemplate":"https:\/\/policies.taboola.com\/vi\/?s={search_term_string}"},"query-input":{"@type":"PropertyValueSpecification","valueRequired":true,"valueName":"search_term_string"}}],"inLanguage":"vi-VN"}]}},"_links":{"self":[{"href":"https:\/\/policies.taboola.com\/vi\/wp-json\/wp\/v2\/pages\/4314","targetHints":{"allow":["GET"]}}],"collection":[{"href":"https:\/\/policies.taboola.com\/vi\/wp-json\/wp\/v2\/pages"}],"about":[{"href":"https:\/\/policies.taboola.com\/vi\/wp-json\/wp\/v2\/types\/page"}],"author":[{"embeddable":true,"href":"https:\/\/policies.taboola.com\/vi\/wp-json\/wp\/v2\/users\/1"}],"replies":[{"embeddable":true,"href":"https:\/\/policies.taboola.com\/vi\/wp-json\/wp\/v2\/comments?post=4314"}],"version-history":[{"count":1,"href":"https:\/\/policies.taboola.com\/vi\/wp-json\/wp\/v2\/pages\/4314\/revisions"}],"predecessor-version":[{"id":4315,"href":"https:\/\/policies.taboola.com\/vi\/wp-json\/wp\/v2\/pages\/4314\/revisions\/4315"}],"wp:attachment":[{"href":"https:\/\/policies.taboola.com\/vi\/wp-json\/wp\/v2\/media?parent=4314"}],"curies":[{"name":"wp","href":"https:\/\/api.w.org\/{rel}","templated":true}]}}