{"id":4389,"date":"2025-08-20T19:05:02","date_gmt":"2025-08-20T19:05:02","guid":{"rendered":"https:\/\/policies.taboola.com\/chinh-sach-su-dung-du-lieu-nha-quang-cao-taboola\/"},"modified":"2025-11-05T20:02:05","modified_gmt":"2025-11-05T20:02:05","slug":"taboola-advertiser-data-use-policy","status":"publish","type":"page","link":"https:\/\/policies.taboola.com\/vi\/taboola-advertiser-data-use-policy\/","title":{"rendered":"CH\u00cdNH S\u00c1CH S\u1eec D\u1ee4NG D\u1eee LI\u1ec6U NH\u00c0 QU\u1ea2NG C\u00c1O TABOOLA"},"content":{"rendered":"<p>Ch\u00ednh s\u00e1ch s\u1eed d\u1ee5ng d\u1eef li\u1ec7u c\u1ee7a nh\u00e0 qu\u1ea3ng c\u00e1o Taboola n\u00e0y (\u201cCh\u00ednh s\u00e1ch\u201d) nh\u1eb1m m\u1ee5c \u0111\u00edch gi\u00fap ng\u0103n ch\u1eb7n c\u00e1c h\u00e0nh vi ph\u00e2n bi\u1ec7t \u0111\u1ed1i x\u1eed ph\u00e1t sinh t\u1eeb vi\u1ec7c nh\u1eafm m\u1ee5c ti\u00eau qu\u1ea3ng c\u00e1o \u0111\u1ebfn ng\u01b0\u1eddi d\u00f9ng d\u1ef1a tr\u00ean th\u00f4ng tin c\u00f3 kh\u1ea3 n\u0103ng nh\u1ea1y c\u1ea3m. Ch\u00ednh s\u00e1ch n\u00e0y n\u00eau r\u00f5 c\u00e1c \u0111i\u1ec1u kho\u1ea3n m\u00e0 b\u1ea1n (\u201cb\u1ea1n\u201d ho\u1eb7c \u201cNh\u00e0 qu\u1ea3ng c\u00e1o\u201d) \u0111\u1ed3ng \u00fd tu\u00e2n th\u1ee7 n\u1ebfu b\u1ea1n ch\u1ecdn t\u1ed1i \u01b0u h\u00f3a Chi\u1ebfn d\u1ecbch c\u1ee7a m\u00ecnh tr\u00ean M\u1ea1ng Taboola b\u1eb1ng c\u00e1ch s\u1eed d\u1ee5ng c\u00e1c t\u00ednh n\u0103ng d\u1eef li\u1ec7u kh\u00e1c nhau m\u00e0 Taboola.com Ltd. ho\u1eb7c c\u00e1c c\u00f4ng ty con ho\u1eb7c chi nh\u00e1nh c\u1ee7a c\u00f4ng ty (i) cung c\u1ea5p th\u00f4ng qua Th\u1ecb tr\u01b0\u1eddng d\u1eef li\u1ec7u v\u00e0 (ii) t\u1ea1o \u0111\u1ed1i t\u01b0\u1ee3ng t\u00f9y ch\u1ec9nh t\u1eeb d\u1eef li\u1ec7u c\u1ee7a Nh\u00e0 qu\u1ea3ng c\u00e1o (g\u1ecdi chung l\u00e0 \u201c\u0110\u1ed1i t\u01b0\u1ee3ng\u201d). B\u1ea5t k\u1ef3 thu\u1eadt ng\u1eef vi\u1ebft hoa n\u00e0o \u0111\u01b0\u1ee3c s\u1eed d\u1ee5ng \u1edf \u0111\u00e2y nh\u01b0ng ch\u01b0a \u0111\u01b0\u1ee3c \u0111\u1ecbnh ngh\u0129a s\u1ebd c\u00f3 ngh\u0129a \u0111\u01b0\u1ee3c quy \u0111\u1ecbnh trong c\u00e1c \u0110i\u1ec1u kho\u1ea3n (nh\u01b0 \u0111\u01b0\u1ee3c \u0111\u1ecbnh ngh\u0129a b\u00ean d\u01b0\u1edbi).<\/p>\n<p>Chi\u1ebfn d\u1ecbch c\u1ee7a b\u1ea1n v\u00e0 b\u1ea5t k\u1ef3 m\u1ee5c \u0111\u00edch s\u1eed d\u1ee5ng \u0110\u1ed1i t\u01b0\u1ee3ng n\u00e0o c\u0169ng kh\u00f4ng \u0111\u01b0\u1ee3c lo\u1ea1i tr\u1eeb, ph\u00e2n bi\u1ec7t \u0111\u1ed1i x\u1eed ho\u1eb7c khuy\u1ebfn kh\u00edch ph\u00e2n bi\u1ec7t \u0111\u1ed1i x\u1eed v\u1edbi b\u1ea5t k\u1ef3 nh\u00f3m ho\u1eb7c c\u00e1 nh\u00e2n c\u1ee5 th\u1ec3 n\u00e0o d\u1ef1a tr\u00ean c\u00e1c \u0111\u1eb7c \u0111i\u1ec3m c\u00e1 nh\u00e2n nh\u01b0 ch\u1ee7ng t\u1ed9c, d\u00e2n t\u1ed9c, m\u00e0u da, t\u1ed5 ti\u00ean, qu\u1ed1c t\u1ecbch, n\u01a1i xu\u1ea5t x\u1ee9, t\u00f4n gi\u00e1o, t\u00edn ng\u01b0\u1ee1ng, tu\u1ed5i t\u00e1c, ng\u00f4n ng\u1eef, gi\u1edbi t\u00ednh, khuynh h\u01b0\u1edbng t\u00ecnh d\u1ee5c, b\u1ea3n d\u1ea1ng ho\u1eb7c bi\u1ec3u hi\u1ec7n gi\u1edbi t\u00ednh, t\u00ecnh tr\u1ea1ng gia \u0111\u00ecnh, t\u00ecnh tr\u1ea1ng h\u00f4n nh\u00e2n, ngu\u1ed3n thu nh\u1eadp, \u0111i\u1ec1u ki\u1ec7n x\u00e3 h\u1ed9i, quan \u0111i\u1ec3m ch\u00ednh tr\u1ecb, khuy\u1ebft t\u1eadt, t\u00ecnh tr\u1ea1ng s\u1ee9c kh\u1ecfe ho\u1eb7c di truy\u1ec1n. \u0110i\u1ec1u n\u00e0y c\u00f3 ngh\u0129a l\u00e0 b\u1ea1n kh\u00f4ng \u0111\u01b0\u1ee3c s\u1eed d\u1ee5ng \u0110\u1ed1i t\u01b0\u1ee3ng ho\u1eb7c Qu\u1ea3ng c\u00e1o Taboola \u0111\u1ec3 (i) nh\u1eafm m\u1ee5c ti\u00eau sai tr\u00e1i v\u00e0o c\u00e1c nh\u00f3m ng\u01b0\u1eddi c\u1ee5 th\u1ec3 \u0111\u1ec3 qu\u1ea3ng c\u00e1o (xem Ch\u00ednh s\u00e1ch qu\u1ea3ng c\u00e1o c\u1ee7a Taboola: <a href=\"https:\/\/help.taboola.com\/hc\/en-us\/articles\/115007009268-Prohibited-Campaign-Practices\" target=\"_blank\" rel=\"noopener noreferrer\">Th\u1ef1c h\u00e0nh Chi\u1ebfn d\u1ecbch b\u1ecb c\u1ea5m<\/a>) ho\u1eb7c (ii) lo\u1ea1i tr\u1eeb c\u00e1c nh\u00f3m ng\u01b0\u1eddi c\u1ee5 th\u1ec3 kh\u1ecfi vi\u1ec7c xem Chi\u1ebfn d\u1ecbch c\u1ee7a b\u1ea1n. \u0110i\u1ec1u n\u00e0y c\u0169ng c\u00f3 ngh\u0129a l\u00e0 b\u1ea1n kh\u00f4ng \u0111\u01b0\u1ee3c \u0111\u01b0a n\u1ed9i dung ph\u00e2n bi\u1ec7t \u0111\u1ed1i x\u1eed v\u00e0o b\u1ea5t k\u1ef3 Chi\u1ebfn d\u1ecbch n\u00e0o c\u1ee7a m\u00ecnh (xem Ch\u00ednh s\u00e1ch qu\u1ea3ng c\u00e1o c\u1ee7a Taboola:\u00a0<a href=\"https:\/\/help.taboola.com\/hc\/en-us\/articles\/115007068368-Prohibited-Content-Products-and-Services\" target=\"_blank\" rel=\"noopener noreferrer\">N\u1ed9i dung, S\u1ea3n ph\u1ea9m v\u00e0 D\u1ecbch v\u1ee5 b\u1ecb c\u1ea5m<\/a>).<\/p>\n<p>C\u00e1c nh\u00e0 qu\u1ea3ng c\u00e1o c\u0169ng ph\u1ea3i tu\u00e2n th\u1ee7 lu\u1eadt hi\u1ec7n h\u00e0nh c\u1ea5m ph\u00e2n bi\u1ec7t \u0111\u1ed1i x\u1eed. Bao g\u1ed3m c\u00e1c lu\u1eadt c\u1ea5m ph\u00e2n bi\u1ec7t \u0111\u1ed1i x\u1eed v\u1edbi c\u00e1c nh\u00f3m ng\u01b0\u1eddi li\u00ean quan \u0111\u1ebfn c\u00e1c v\u1ea5n \u0111\u1ec1 nh\u01b0 cung c\u1ea5p nh\u00e0 \u1edf, vi\u1ec7c l\u00e0m v\u00e0 t\u00edn d\u1ee5ng.<\/p>\n<ul>\n<li>CH\u00daNG TA B\u1ed9 Nh\u00e0 \u1edf v\u00e0 Ph\u00e1t tri\u1ec3n \u0110\u00f4 th\u1ecb<\/li>\n<li>CH\u00daNG TA \u1ee6y ban C\u01a1 h\u1ed9i Vi\u1ec7c l\u00e0m B\u00ecnh \u0111\u1eb3ng<\/li>\n<li>C\u1ee5c B\u1ea3o v\u1ec7 T\u00e0i ch\u00ednh Ng\u01b0\u1eddi ti\u00eau d\u00f9ng<\/li>\n<li>Li\u00ean minh T\u1ef1 do D\u00e2n s\u1ef1 Hoa K\u1ef3<\/li>\n<li>H\u1ed9i ngh\u1ecb L\u00e3nh \u0111\u1ea1o v\u1ec1 Quy\u1ec1n D\u00e2n s\u1ef1 v\u00e0 Nh\u00e2n quy\u1ec1n<\/li>\n<li>B\u1ed9 T\u01b0 ph\u00e1p \u2013 Ban D\u00e2n quy\u1ec1n<\/li>\n<li>Li\u00ean minh Nh\u00e0 \u1edf C\u00f4ng b\u1eb1ng Qu\u1ed1c gia<\/li>\n<\/ul>\n<p>B\u1eb1ng vi\u1ec7c s\u1eed d\u1ee5ng \u0110\u1ed1i t\u01b0\u1ee3ng, b\u1ea1n \u0111\u1ed3ng \u00fd r\u1eb1ng b\u1ea1n \u0111\u00e3 \u0111\u1ecdc v\u00e0 \u0111\u1ed3ng \u00fd v\u1edbi Ch\u00ednh s\u00e1ch n\u00e0y. B\u1ea1n \u0111\u1ed3ng \u00fd ch\u1ec9 s\u1eed d\u1ee5ng \u0110\u1ed1i t\u01b0\u1ee3ng li\u00ean quan \u0111\u1ebfn c\u00e1c Chi\u1ebfn d\u1ecbch m\u00e0 b\u1ea1n ch\u1ea1y tr\u00ean M\u1ea1ng Taboola. Ch\u00ednh s\u00e1ch n\u00e0y kh\u00f4ng thay th\u1ebf b\u1ea5t k\u1ef3 \u0111i\u1ec1u kho\u1ea3n ho\u1eb7c th\u1ecfa thu\u1eadn n\u00e0o kh\u00e1c \u0111\u00e3 k\u00fd v\u1edbi Taboola \u00e1p d\u1ee5ng cho vi\u1ec7c ph\u00e2n ph\u1ed1i Chi\u1ebfn d\u1ecbch c\u1ee7a b\u1ea1n tr\u00ean M\u1ea1ng Taboola (\u201c\u0110i\u1ec1u kho\u1ea3n\u201d). Trong tr\u01b0\u1eddng h\u1ee3p c\u00f3 b\u1ea5t k\u1ef3 xung \u0111\u1ed9t r\u00f5 r\u00e0ng n\u00e0o gi\u1eefa Ch\u00ednh s\u00e1ch n\u00e0y v\u00e0 c\u00e1c \u0110i\u1ec1u kho\u1ea3n, Ch\u00ednh s\u00e1ch n\u00e0y s\u1ebd ch\u1ec9 chi ph\u1ed1i vi\u1ec7c b\u1ea1n s\u1eed d\u1ee5ng \u0110\u1ed1i t\u01b0\u1ee3ng v\u00e0 ch\u1ec9 trong ph\u1ea1m vi xung \u0111\u1ed9t.<\/p>\n","protected":false},"excerpt":{"rendered":"<p>Ch\u00ednh s\u00e1ch s\u1eed d\u1ee5ng d\u1eef li\u1ec7u c\u1ee7a nh\u00e0 qu\u1ea3ng c\u00e1o Taboola n\u00e0y (\u201cCh\u00ednh s\u00e1ch\u201d) nh\u1eb1m m\u1ee5c \u0111\u00edch gi\u00fap ng\u0103n ch\u1eb7n c\u00e1c h\u00e0nh vi ph\u00e2n bi\u1ec7t \u0111\u1ed1i x\u1eed ph\u00e1t sinh t\u1eeb vi\u1ec7c nh\u1eafm m\u1ee5c ti\u00eau qu\u1ea3ng c\u00e1o \u0111\u1ebfn ng\u01b0\u1eddi d\u00f9ng d\u1ef1a tr\u00ean th\u00f4ng tin c\u00f3 kh\u1ea3 n\u0103ng nh\u1ea1y c\u1ea3m. Ch\u00ednh s\u00e1ch n\u00e0y n\u00eau r\u00f5 c\u00e1c \u0111i\u1ec1u [&hellip;]<\/p>\n","protected":false},"author":3,"featured_media":0,"parent":0,"menu_order":0,"comment_status":"closed","ping_status":"closed","template":"single-legal-page.php","meta":{"_acf_changed":false,"footnotes":""},"class_list":["post-4389","page","type-page","status-publish","hentry"],"acf":[],"yoast_head":"<!-- This site is optimized with the Yoast SEO Premium plugin v26.9 (Yoast SEO v27.1.1) - https:\/\/yoast.com\/product\/yoast-seo-premium-wordpress\/ -->\n<title>CH\u00cdNH S\u00c1CH S\u1eec D\u1ee4NG D\u1eee LI\u1ec6U NH\u00c0 QU\u1ea2NG C\u00c1O TABOOLA - Taboola Policies<\/title>\n<meta name=\"robots\" content=\"index, follow, max-snippet:-1, max-image-preview:large, max-video-preview:-1\" \/>\n<link rel=\"canonical\" href=\"https:\/\/policies.taboola.com\/vi\/taboola-advertiser-data-use-policy\/\" \/>\n<meta property=\"og:locale\" content=\"vi_VN\" \/>\n<meta property=\"og:type\" content=\"article\" \/>\n<meta property=\"og:title\" content=\"CH\u00cdNH S\u00c1CH S\u1eec D\u1ee4NG D\u1eee LI\u1ec6U NH\u00c0 QU\u1ea2NG C\u00c1O TABOOLA\" \/>\n<meta property=\"og:description\" content=\"Ch\u00ednh s\u00e1ch s\u1eed d\u1ee5ng d\u1eef li\u1ec7u c\u1ee7a nh\u00e0 qu\u1ea3ng c\u00e1o Taboola n\u00e0y (\u201cCh\u00ednh s\u00e1ch\u201d) nh\u1eb1m m\u1ee5c \u0111\u00edch gi\u00fap ng\u0103n ch\u1eb7n c\u00e1c h\u00e0nh vi ph\u00e2n bi\u1ec7t \u0111\u1ed1i x\u1eed ph\u00e1t sinh t\u1eeb vi\u1ec7c nh\u1eafm m\u1ee5c ti\u00eau qu\u1ea3ng c\u00e1o \u0111\u1ebfn ng\u01b0\u1eddi d\u00f9ng d\u1ef1a tr\u00ean th\u00f4ng tin c\u00f3 kh\u1ea3 n\u0103ng nh\u1ea1y c\u1ea3m. Ch\u00ednh s\u00e1ch n\u00e0y n\u00eau r\u00f5 c\u00e1c \u0111i\u1ec1u [&hellip;]\" \/>\n<meta property=\"og:url\" content=\"https:\/\/policies.taboola.com\/vi\/taboola-advertiser-data-use-policy\/\" \/>\n<meta property=\"og:site_name\" content=\"Taboola Policies\" \/>\n<meta property=\"article:modified_time\" content=\"2025-11-05T20:02:05+00:00\" \/>\n<meta name=\"twitter:card\" content=\"summary_large_image\" \/>\n<meta name=\"twitter:label1\" content=\"Est. reading time\" \/>\n\t<meta name=\"twitter:data1\" content=\"5 minutes\" \/>\n<script type=\"application\/ld+json\" class=\"yoast-schema-graph\">{\"@context\":\"https:\/\/schema.org\",\"@graph\":[{\"@type\":\"WebPage\",\"@id\":\"https:\/\/policies.taboola.com\/vi\/taboola-advertiser-data-use-policy\/\",\"url\":\"https:\/\/policies.taboola.com\/vi\/taboola-advertiser-data-use-policy\/\",\"name\":\"CH\u00cdNH S\u00c1CH S\u1eec D\u1ee4NG D\u1eee LI\u1ec6U NH\u00c0 QU\u1ea2NG C\u00c1O TABOOLA - Taboola Policies\",\"isPartOf\":{\"@id\":\"https:\/\/policies.taboola.com\/vi\/#website\"},\"datePublished\":\"2025-08-20T19:05:02+00:00\",\"dateModified\":\"2025-11-05T20:02:05+00:00\",\"breadcrumb\":{\"@id\":\"https:\/\/policies.taboola.com\/vi\/taboola-advertiser-data-use-policy\/#breadcrumb\"},\"inLanguage\":\"vi-VN\",\"potentialAction\":[{\"@type\":\"ReadAction\",\"target\":[\"https:\/\/policies.taboola.com\/vi\/taboola-advertiser-data-use-policy\/\"]}]},{\"@type\":\"BreadcrumbList\",\"@id\":\"https:\/\/policies.taboola.com\/vi\/taboola-advertiser-data-use-policy\/#breadcrumb\",\"itemListElement\":[{\"@type\":\"ListItem\",\"position\":1,\"name\":\"Home\",\"item\":\"https:\/\/policies.taboola.com\/vi\/\"},{\"@type\":\"ListItem\",\"position\":2,\"name\":\"CH\u00cdNH S\u00c1CH S\u1eec D\u1ee4NG D\u1eee LI\u1ec6U NH\u00c0 QU\u1ea2NG C\u00c1O TABOOLA\"}]},{\"@type\":\"WebSite\",\"@id\":\"https:\/\/policies.taboola.com\/vi\/#website\",\"url\":\"https:\/\/policies.taboola.com\/vi\/\",\"name\":\"Taboola Policies\",\"description\":\"\",\"potentialAction\":[{\"@type\":\"SearchAction\",\"target\":{\"@type\":\"EntryPoint\",\"urlTemplate\":\"https:\/\/policies.taboola.com\/vi\/?s={search_term_string}\"},\"query-input\":{\"@type\":\"PropertyValueSpecification\",\"valueRequired\":true,\"valueName\":\"search_term_string\"}}],\"inLanguage\":\"vi-VN\"}]}<\/script>\n<!-- \/ Yoast SEO Premium plugin. -->","yoast_head_json":{"title":"CH\u00cdNH S\u00c1CH S\u1eec D\u1ee4NG D\u1eee LI\u1ec6U NH\u00c0 QU\u1ea2NG C\u00c1O TABOOLA - Taboola Policies","robots":{"index":"index","follow":"follow","max-snippet":"max-snippet:-1","max-image-preview":"max-image-preview:large","max-video-preview":"max-video-preview:-1"},"canonical":"https:\/\/policies.taboola.com\/vi\/taboola-advertiser-data-use-policy\/","og_locale":"vi_VN","og_type":"article","og_title":"CH\u00cdNH S\u00c1CH S\u1eec D\u1ee4NG D\u1eee LI\u1ec6U NH\u00c0 QU\u1ea2NG C\u00c1O TABOOLA","og_description":"Ch\u00ednh s\u00e1ch s\u1eed d\u1ee5ng d\u1eef li\u1ec7u c\u1ee7a nh\u00e0 qu\u1ea3ng c\u00e1o Taboola n\u00e0y (\u201cCh\u00ednh s\u00e1ch\u201d) nh\u1eb1m m\u1ee5c \u0111\u00edch gi\u00fap ng\u0103n ch\u1eb7n c\u00e1c h\u00e0nh vi ph\u00e2n bi\u1ec7t \u0111\u1ed1i x\u1eed ph\u00e1t sinh t\u1eeb vi\u1ec7c nh\u1eafm m\u1ee5c ti\u00eau qu\u1ea3ng c\u00e1o \u0111\u1ebfn ng\u01b0\u1eddi d\u00f9ng d\u1ef1a tr\u00ean th\u00f4ng tin c\u00f3 kh\u1ea3 n\u0103ng nh\u1ea1y c\u1ea3m. Ch\u00ednh s\u00e1ch n\u00e0y n\u00eau r\u00f5 c\u00e1c \u0111i\u1ec1u [&hellip;]","og_url":"https:\/\/policies.taboola.com\/vi\/taboola-advertiser-data-use-policy\/","og_site_name":"Taboola Policies","article_modified_time":"2025-11-05T20:02:05+00:00","twitter_card":"summary_large_image","twitter_misc":{"Est. reading time":"5 minutes"},"schema":{"@context":"https:\/\/schema.org","@graph":[{"@type":"WebPage","@id":"https:\/\/policies.taboola.com\/vi\/taboola-advertiser-data-use-policy\/","url":"https:\/\/policies.taboola.com\/vi\/taboola-advertiser-data-use-policy\/","name":"CH\u00cdNH S\u00c1CH S\u1eec D\u1ee4NG D\u1eee LI\u1ec6U NH\u00c0 QU\u1ea2NG C\u00c1O TABOOLA - Taboola Policies","isPartOf":{"@id":"https:\/\/policies.taboola.com\/vi\/#website"},"datePublished":"2025-08-20T19:05:02+00:00","dateModified":"2025-11-05T20:02:05+00:00","breadcrumb":{"@id":"https:\/\/policies.taboola.com\/vi\/taboola-advertiser-data-use-policy\/#breadcrumb"},"inLanguage":"vi-VN","potentialAction":[{"@type":"ReadAction","target":["https:\/\/policies.taboola.com\/vi\/taboola-advertiser-data-use-policy\/"]}]},{"@type":"BreadcrumbList","@id":"https:\/\/policies.taboola.com\/vi\/taboola-advertiser-data-use-policy\/#breadcrumb","itemListElement":[{"@type":"ListItem","position":1,"name":"Home","item":"https:\/\/policies.taboola.com\/vi\/"},{"@type":"ListItem","position":2,"name":"CH\u00cdNH S\u00c1CH S\u1eec D\u1ee4NG D\u1eee LI\u1ec6U NH\u00c0 QU\u1ea2NG C\u00c1O TABOOLA"}]},{"@type":"WebSite","@id":"https:\/\/policies.taboola.com\/vi\/#website","url":"https:\/\/policies.taboola.com\/vi\/","name":"Taboola Policies","description":"","potentialAction":[{"@type":"SearchAction","target":{"@type":"EntryPoint","urlTemplate":"https:\/\/policies.taboola.com\/vi\/?s={search_term_string}"},"query-input":{"@type":"PropertyValueSpecification","valueRequired":true,"valueName":"search_term_string"}}],"inLanguage":"vi-VN"}]}},"_links":{"self":[{"href":"https:\/\/policies.taboola.com\/vi\/wp-json\/wp\/v2\/pages\/4389","targetHints":{"allow":["GET"]}}],"collection":[{"href":"https:\/\/policies.taboola.com\/vi\/wp-json\/wp\/v2\/pages"}],"about":[{"href":"https:\/\/policies.taboola.com\/vi\/wp-json\/wp\/v2\/types\/page"}],"author":[{"embeddable":true,"href":"https:\/\/policies.taboola.com\/vi\/wp-json\/wp\/v2\/users\/3"}],"replies":[{"embeddable":true,"href":"https:\/\/policies.taboola.com\/vi\/wp-json\/wp\/v2\/comments?post=4389"}],"version-history":[{"count":1,"href":"https:\/\/policies.taboola.com\/vi\/wp-json\/wp\/v2\/pages\/4389\/revisions"}],"predecessor-version":[{"id":4390,"href":"https:\/\/policies.taboola.com\/vi\/wp-json\/wp\/v2\/pages\/4389\/revisions\/4390"}],"wp:attachment":[{"href":"https:\/\/policies.taboola.com\/vi\/wp-json\/wp\/v2\/media?parent=4389"}],"curies":[{"name":"wp","href":"https:\/\/api.w.org\/{rel}","templated":true}]}}