{"id":4543,"date":"2025-09-26T08:17:10","date_gmt":"2025-09-26T08:17:10","guid":{"rendered":"https:\/\/policies.taboola.com\/dieu-khoan-va-dieu-kien-cua-taboola-danh-cho-phap\/"},"modified":"2025-11-05T20:04:31","modified_gmt":"2025-11-05T20:04:31","slug":"france","status":"publish","type":"page","link":"https:\/\/policies.taboola.com\/vi\/terms-and-conditions\/france\/","title":{"rendered":"\u0110I\u1ec0U KHO\u1ea2N V\u00c0 \u0110I\u1ec0U KI\u1ec6N C\u1ee6A TABOOLA D\u00c0NH CHO PH\u00c1P"},"content":{"rendered":"<p><strong>\u0110I\u1ec0U KHO\u1ea2N V\u00c0 \u0110I\u1ec0U KI\u1ec6N PH\u00c2N PH\u1ed0I N\u1ed8I DUNG TR\u00caN M\u1ea0NG TABOOLA<br \/>\n<\/strong><\/p>\n<p>Theo c\u00e1c \u0110i\u1ec1u kho\u1ea3n v\u00e0 \u0110i\u1ec1u ki\u1ec7n n\u00e0y \u0111\u1ec3 Ph\u00e2n ph\u1ed1i N\u1ed9i dung tr\u00ean M\u1ea1ng Taboola (\u201c\u0110i\u1ec1u kho\u1ea3n\u201d): (a) Taboola.com Ltd. (\u201cTaboola\u201d) s\u1ebd ph\u00e2n ph\u1ed1i N\u1ed9i dung c\u1ee7a Nh\u00e0 qu\u1ea3ng c\u00e1o (\u0111\u01b0\u1ee3c \u0111\u1ecbnh ngh\u0129a b\u00ean d\u01b0\u1edbi) th\u00f4ng qua n\u1ec1n t\u1ea3ng ph\u00e2n ph\u1ed1i \u0111\u1ec1 xu\u1ea5t n\u1ed9i dung c\u1ee7a Taboola (\u201cN\u1ec1n t\u1ea3ng\u201d) tr\u00ean c\u00e1c trang web, t\u00e0i s\u1ea3n k\u1ef9 thu\u1eadt s\u1ed1, \u1ee9ng d\u1ee5ng, ti\u1ec7n \u00edch, n\u1ec1n t\u1ea3ng, h\u1ec7 \u0111i\u1ec1u h\u00e0nh, th\u00f4ng b\u00e1o ho\u1eb7c thi\u1ebft b\u1ecb thu\u1ed9c s\u1edf h\u1eefu c\u1ee7a Taboola ho\u1eb7c c\u1ee7a b\u00ean th\u1ee9 ba v\u00e0 c\u00e1c \u0111\u1ed1i t\u00e1c m\u00e0 Taboola ho\u1eb7c c\u00e1c chi nh\u00e1nh c\u1ee7a Taboola c\u00f3 m\u1ed1i quan h\u1ec7 (m\u1ed7i b\u00ean, m\u1ed9t \u201cT\u00e0i s\u1ea3n c\u1ee7a Taboola\u201d \u0111\u01b0\u1ee3c g\u1ecdi chung l\u00e0 \u201cM\u1ea1ng Taboola) \u0111\u1ec3 t\u1ea1o Hi\u1ec3n th\u1ecb (nh\u01b0 \u0111\u01b0\u1ee3c \u0111\u1ecbnh ngh\u0129a b\u00ean d\u01b0\u1edbi) ho\u1eb7c h\u01b0\u1edbng l\u01b0u l\u01b0\u1ee3ng truy c\u1eadp \u0111\u1ebfn c\u00e1c URL trang \u0111\u00edch \u0111\u01b0\u1ee3c ch\u1ec9 \u0111\u1ecbnh c\u1ee7a Nh\u00e0 qu\u1ea3ng c\u00e1o (\u201cD\u1ecbch v\u1ee5\u201d) v\u00e0 (b) Nh\u00e0 qu\u1ea3ng c\u00e1o s\u1ebd (i) cung c\u1ea5p cho Taboola n\u1ed9i dung n\u00e0y (v\u00ed d\u1ee5: URL trang \u0111\u00edch, ti\u00eau \u0111\u1ec1, h\u00ecnh \u1ea3nh thu nh\u1ecf ho\u1eb7c video) ho\u1eb7c qu\u1ea3ng c\u00e1o (\u201cN\u1ed9i dung c\u1ee7a Nh\u00e0 qu\u1ea3ng c\u00e1o\u201d) th\u00f4ng qua tr\u00ecnh h\u01b0\u1edbng d\u1eabn g\u1eedi chi\u1ebfn d\u1ecbch d\u1ef1a tr\u00ean web c\u1ee7a Taboola (\u201cTr\u00ecnh h\u01b0\u1edbng d\u1eabn\u201d) ho\u1eb7c b\u1ea3ng \u0111i\u1ec1u khi\u1ec3n ph\u00e2n t\u00edch \u0111\u1ed9c quy\u1ec1n c\u1ee7a Taboola (\u201cB\u1ea3ng \u0111i\u1ec1u khi\u1ec3n ph\u00e2n t\u00edch\u201d) v\u00e0 (ii) b\u1ed3i th\u01b0\u1eddng cho Taboola v\u1ec1 D\u1ecbch v\u1ee5 theo c\u00e1c th\u00f4ng s\u1ed1 \u0111\u00e3 \u0111\u01b0\u1ee3c c\u00e1c b\u00ean th\u1ecfa thu\u1eadn. C\u00e1c \u0110i\u1ec1u kho\u1ea3n n\u00e0y, c\u00f9ng v\u1edbi Ch\u00ednh s\u00e1ch qu\u1ea3ng c\u00e1o c\u1ee7a Taboola (\u201cCh\u00ednh s\u00e1ch qu\u1ea3ng c\u00e1o c\u1ee7a Taboola\u201d), c\u00f3 t\u1ea1i www.taboola.com\/advertising-policies, v\u00e0 Ch\u00ednh s\u00e1ch s\u1eed d\u1ee5ng d\u1eef li\u1ec7u c\u1ee7a Taboola, c\u00f3 t\u1ea1i https:\/\/www.taboola.com\/advertiser-data-use-policy, s\u1ebd \u0111i\u1ec1u ch\u1ec9nh m\u1ed1i quan h\u1ec7 gi\u1eefa Nh\u00e0 qu\u1ea3ng c\u00e1o v\u00e0 Taboola \u0111\u1ed1i v\u1edbi b\u1ea5t k\u1ef3 \u0111\u01a1n \u0111\u1eb7t h\u00e0ng n\u00e0o \u0111\u1ec3 ch\u1ea1y N\u1ed9i dung qu\u1ea3ng c\u00e1o tr\u00ean M\u1ea1ng Taboola (m\u1ed7i \u0111\u01a1n \u0111\u1eb7t h\u00e0ng \u0111\u01b0\u1ee3c g\u1ecdi l\u00e0 \u201cChi\u1ebfn d\u1ecbch\u201d) theo s\u1ef1 \u1ee7y quy\u1ec1n c\u1ee7a Nh\u00e0 qu\u1ea3ng c\u00e1o, cho d\u00f9 \u1ee7y quy\u1ec1n \u0111\u00f3 \u0111\u01b0\u1ee3c c\u1ea5p th\u00f4ng qua Tr\u00ecnh h\u01b0\u1edbng d\u1eabn, c\u00e1c \u0111\u01a1n \u0111\u1eb7t h\u00e0ng ch\u00e8n ti\u1ebfp theo, email, B\u1ea3ng \u0111i\u1ec1u khi\u1ec3n ph\u00e2n t\u00edch hay c\u00e1ch kh\u00e1c v\u00e0 ch\u00fang \u0111\u1ea1i di\u1ec7n cho s\u1ef1 hi\u1ec3u bi\u1ebft chung c\u1ee7a c\u00e1c b\u00ean v\u1ec1 vi\u1ec7c kinh doanh (\u201cTh\u1ecfa thu\u1eadn\u201d).<\/p>\n<ol>\n<li>\n<p align=\"justify\"><strong>C\u1ea5p quy\u1ec1n<\/strong>:<\/p>\n<ol>\n<li>Nh\u00e0 qu\u1ea3ng c\u00e1o c\u1ea5p cho Taboola quy\u1ec1n v\u00e0 gi\u1ea5y ph\u00e9p c\u00f3 gi\u1edbi h\u1ea1n, c\u00f3 th\u1ec3 thu h\u1ed3i, kh\u00f4ng \u0111\u1ed9c quy\u1ec1n, mi\u1ec5n ph\u00ed b\u1ea3n quy\u1ec1n \u0111\u1ec3 (i) truy c\u1eadp, l\u1eadp ch\u1ec9 m\u1ee5c, l\u01b0u tr\u1eef, n\u00e9n (n\u1ebfu c\u00f3) v\u00e0 s\u1eed d\u1ee5ng N\u1ed9i dung c\u1ee7a nh\u00e0 qu\u1ea3ng c\u00e1o v\u00e0 th\u00f4ng tin chi ti\u1ebft v\u1ec1 Chi\u1ebfn d\u1ecbch (v\u00ed d\u1ee5: m\u00f4 t\u1ea3 N\u1ed9i dung c\u1ee7a nh\u00e0 qu\u1ea3ng c\u00e1o, URL trang \u0111\u00edch c\u1ee7a nh\u00e0 qu\u1ea3ng c\u00e1o, ng\u00e2n s\u00e1ch cho m\u1ed7i k\u1ef3 Chi\u1ebfn d\u1ecbch (&#8220;Ng\u00e2n s\u00e1ch Chi\u1ebfn d\u1ecbch&#8221;), Ng\u00e0y Chi\u1ebfn d\u1ecbch, c\u00e1c ch\u1ec9 s\u1ed1 hi\u1ec7u su\u1ea5t ch\u00ednh c\u1ee7a Chi\u1ebfn d\u1ecbch, th\u00f4ng tin v\u1ec1 gi\u00e1 v\u00e0 th\u00f4ng tin nh\u1eafm m\u1ee5c ti\u00eau v\u00e0 theo d\u00f5i) (&#8220;Chi ti\u1ebft Chi\u1ebfn d\u1ecbch&#8221;) \u0111\u1ec3 \u0111\u1ec1 xu\u1ea5t N\u1ed9i dung c\u1ee7a nh\u00e0 qu\u1ea3ng c\u00e1o cho M\u1ea1ng Taboola cho \u0111\u1ebfn khi s\u1ed1 ti\u1ec1n ph\u1ea3i tr\u1ea3 cho Taboola \u0111\u1ec3 ph\u00e2n ph\u1ed1i Chi\u1ebfn d\u1ecbch \u0111\u00f3 \u0111\u1ea1t \u0111\u1ebfn Ng\u00e2n s\u00e1ch Chi\u1ebfn d\u1ecbch do Nh\u00e0 qu\u1ea3ng c\u00e1o \u0111\u1eb7t trong Tr\u00ecnh h\u01b0\u1edbng d\u1eabn ho\u1eb7c b\u1ea5t k\u1ef3 l\u1ec7nh ch\u00e8n n\u00e0o ho\u1eb7c trong B\u1ea3ng \u0111i\u1ec1u khi\u1ec3n Ph\u00e2n t\u00edch; (ii) s\u1eed d\u1ee5ng N\u1ed9i dung c\u1ee7a Nh\u00e0 qu\u1ea3ng c\u00e1o, t\u00ean, logo, nh\u00e3n hi\u1ec7u c\u1ee7a Nh\u00e0 qu\u1ea3ng c\u00e1o v\u00e0 b\u1ea5t k\u1ef3 n\u1ed9i dung \u0111\u1ed9c quy\u1ec1n n\u00e0o kh\u00e1c do Nh\u00e0 qu\u1ea3ng c\u00e1o cung c\u1ea5p (x) li\u00ean quan \u0111\u1ebfn vi\u1ec7c \u0111\u1ec1 xu\u1ea5t N\u1ed9i dung c\u1ee7a Nh\u00e0 qu\u1ea3ng c\u00e1o v\u00e0 (y) cho m\u1ee5c \u0111\u00edch ti\u1ebfp th\u1ecb c\u1ee7a ri\u00eang Taboola khi gi\u1edbi thi\u1ec7u Nh\u00e0 qu\u1ea3ng c\u00e1o l\u00e0 kh\u00e1ch h\u00e0ng v\u00e0 vi\u1ec7c s\u1eed d\u1ee5ng \u0111\u00f3 ph\u1ea3i tu\u00e2n theo c\u00e1c nguy\u00ean t\u1eafc s\u1eed d\u1ee5ng nh\u00e3n hi\u1ec7u v\u00e0 n\u1ed9i dung ti\u00eau chu\u1ea9n c\u1ee7a Nh\u00e0 qu\u1ea3ng c\u00e1o c\u0169ng nh\u01b0 \u0111\u00e1nh gi\u00e1 ch\u1ea5t l\u01b0\u1ee3ng, n\u1ebfu c\u00f3, nh\u01b0 \u0111\u00e3 cung c\u1ea5p cho Taboola; v\u00e0 (iii) chia s\u1ebb d\u1eef li\u1ec7u hi\u1ec7u su\u1ea5t Chi\u1ebfn d\u1ecbch \u0111\u01b0\u1ee3c ghi l\u1ea1i b\u1edfi nh\u1eadt k\u00fd theo d\u00f5i c\u1ee7a Taboola v\u1edbi Thu\u1ed9c t\u00ednh c\u1ee7a Taboola.<\/li>\n<li>Trong th\u1eddi h\u1ea1n, Taboola c\u1ea5p cho Nh\u00e0 qu\u1ea3ng c\u00e1o quy\u1ec1n h\u1ea1n ch\u1ebf, kh\u00f4ng \u0111\u1ed9c quy\u1ec1n, kh\u00f4ng th\u1ec3 chuy\u1ec3n nh\u01b0\u1ee3ng, kh\u00f4ng th\u1ec3 chuy\u1ec3n giao, kh\u00f4ng th\u1ec3 c\u1ea5p ph\u00e9p l\u1ea1i, mi\u1ec5n ph\u00ed b\u1ea3n quy\u1ec1n \u0111\u1ec3 truy c\u1eadp v\u00e0 s\u1eed d\u1ee5ng B\u1ea3ng \u0111i\u1ec1u khi\u1ec3n ph\u00e2n t\u00edch ch\u1ec9 nh\u1eb1m m\u1ee5c \u0111\u00edch qu\u1ea3n l\u00fd Chi\u1ebfn d\u1ecbch c\u1ee7a Nh\u00e0 qu\u1ea3ng c\u00e1o v\u00e0 xem x\u00e9t c\u00e1c ph\u00e2n t\u00edch li\u00ean quan \u0111\u1ebfn Chi\u1ebfn d\u1ecbch c\u1ee7a Nh\u00e0 qu\u1ea3ng c\u00e1o. Nh\u00e0 qu\u1ea3ng c\u00e1o hi\u1ec3u v\u00e0 \u0111\u1ed3ng \u00fd r\u1eb1ng Nh\u00e0 qu\u1ea3ng c\u00e1o ch\u1ecbu ho\u00e0n to\u00e0n tr\u00e1ch nhi\u1ec7m v\u1ec1 c\u00e1c h\u00e0nh \u0111\u1ed9ng c\u1ee7a m\u00ecnh trong B\u1ea3ng \u0111i\u1ec1u khi\u1ec3n ph\u00e2n t\u00edch, n\u1ebfu Nh\u00e0 qu\u1ea3ng c\u00e1o ch\u1ecdn s\u1eed d\u1ee5ng t\u00ednh n\u0103ng Qu\u1ea3n l\u00fd chi\u1ebfn d\u1ecbch c\u1ee7a Taboola v\u00e0 Nh\u00e0 qu\u1ea3ng c\u00e1o s\u1ebd gi\u1eef b\u00ed m\u1eadt m\u1eadt kh\u1ea9u t\u00e0i kho\u1ea3n v\u00e0 th\u00f4ng tin \u0111\u0103ng nh\u1eadp c\u1ee7a m\u00ecnh, \u0111\u1ed3ng th\u1eddi ch\u1ecbu tr\u00e1ch nhi\u1ec7m v\u1ec1 m\u1ecdi ho\u1ea1t \u0111\u1ed9ng v\u00e0 kho\u1ea3n thanh to\u00e1n trong t\u00e0i kho\u1ea3n c\u1ee7a m\u00ecnh. Taboola s\u1ebd kh\u00f4ng xem x\u00e9t ho\u1ea1t \u0111\u1ed9ng c\u1ee7a Nh\u00e0 qu\u1ea3ng c\u00e1o v\u00e0 Taboola kh\u00f4ng ch\u1ecbu tr\u00e1ch nhi\u1ec7m ho\u1eb7c ngh\u0129a v\u1ee5 ph\u00e1p l\u00fd \u0111\u1ed1i v\u1edbi (v\u00e0 s\u1ebd kh\u00f4ng c\u1ea5p b\u1ea5t k\u1ef3 kho\u1ea3n t\u00edn d\u1ee5ng n\u00e0o cho) b\u1ea5t k\u1ef3 sai s\u00f3t n\u00e0o do Nh\u00e0 qu\u1ea3ng c\u00e1o m\u1eafc ph\u1ea3i trong qu\u00e1 tr\u00ecnh qu\u1ea3n l\u00fd Chi\u1ebfn d\u1ecbch c\u1ee7a m\u00ecnh. Nh\u00e0 qu\u1ea3ng c\u00e1o th\u1eeba nh\u1eadn r\u1eb1ng m\u1ecdi ph\u00e2n t\u00edch \u0111\u01b0\u1ee3c cung c\u1ea5p trong B\u1ea3ng \u0111i\u1ec1u khi\u1ec3n ph\u00e2n t\u00edch \u0111\u1ec1u l\u00e0 \u01b0\u1edbc t\u00ednh v\u00e0 s\u1ebd ch\u1ec9 \u0111\u01b0\u1ee3c ho\u00e0n t\u1ea5t sau m\u01b0\u1eddi b\u1ed1n (14) ng\u00e0y k\u1ec3 t\u1eeb khi k\u1ebft th\u00fac b\u1ea5t k\u1ef3 th\u00e1ng d\u01b0\u01a1ng l\u1ecbch n\u00e0o m\u00e0 Chi\u1ebfn d\u1ecbch \u0111\u00e3 di\u1ec5n ra (m\u1ed7i th\u00e1ng \u0111\u01b0\u1ee3c g\u1ecdi l\u00e0 &#8220;Th\u00e1ng Chi\u1ebfn d\u1ecbch&#8221;).<\/li>\n<li>Tr\u1eeb khi c\u00f3 quy \u0111\u1ecbnh c\u1ee5 th\u1ec3 kh\u00e1c t\u1ea1i \u0111\u00e2y, vi\u1ec7c c\u1ea5p c\u00e1c gi\u1ea5y ph\u00e9p n\u00eau tr\u00ean kh\u00f4ng trao cho b\u1ea5t k\u1ef3 b\u00ean n\u00e0o b\u1ea5t k\u1ef3 quy\u1ec1n s\u1edf h\u1eefu, quy\u1ec1n s\u1edf h\u1eefu v\u00e0 l\u1ee3i \u00edch n\u00e0o kh\u00e1c li\u00ean quan \u0111\u1ebfn b\u1eb1ng s\u00e1ng ch\u1ebf, b\u1ea3n quy\u1ec1n, nh\u00e3n hi\u1ec7u, ki\u1ec3u d\u00e1ng th\u01b0\u01a1ng m\u1ea1i, b\u00ed m\u1eadt th\u01b0\u01a1ng m\u1ea1i, thu\u1eadt to\u00e1n, b\u00ed quy\u1ebft, t\u00e1c ph\u1ea9m m\u1eb7t n\u1ea1, droit moral (quy\u1ec1n \u0111\u1ea1o \u0111\u1ee9c) v\u00e0 t\u1ea5t c\u1ea3 c\u00e1c quy\u1ec1n t\u01b0\u01a1ng t\u1ef1 thu\u1ed9c m\u1ecdi lo\u1ea1i c\u00f3 th\u1ec3 t\u1ed3n t\u1ea1i hi\u1ec7n t\u1ea1i ho\u1eb7c trong t\u01b0\u01a1ng lai t\u1ea1i b\u1ea5t k\u1ef3 khu v\u1ef1c ph\u00e1p l\u00fd n\u00e0o, bao g\u1ed3m nh\u01b0ng kh\u00f4ng gi\u1edbi h\u1ea1n \u1edf t\u1ea5t c\u1ea3 c\u00e1c \u0111\u01a1n \u0111\u0103ng k\u00fd v\u00e0 \u0111\u0103ng k\u00fd li\u00ean quan v\u00e0 t\u1ea5t c\u1ea3 c\u00e1c quy\u1ec1n \u00e1p d\u1ee5ng cho b\u1ea5t k\u1ef3 \u0111i\u1ec1u n\u00e0o n\u00eau tr\u00ean (\u201cQuy\u1ec1n s\u1edf h\u1eefu tr\u00ed tu\u1ec7\u201d).<\/li>\n<\/ol>\n<\/li>\n<li><strong>N\u1ed9i dung c\u1ee7a nh\u00e0 qu\u1ea3ng c\u00e1o<\/strong><strong>:\u00a0<\/strong>Taboola c\u00f3 quy\u1ec1n (i) t\u1eeb ch\u1ed1i ho\u1eb7c x\u00f3a b\u1ea5t k\u1ef3 N\u1ed9i dung c\u1ee7a Nh\u00e0 qu\u1ea3ng c\u00e1o n\u00e0o, (ii) t\u1ea1m d\u1eebng b\u1ea5t k\u1ef3 Chi\u1ebfn d\u1ecbch n\u00e0o, (iii) h\u1ea1n ch\u1ebf quy\u1ec1n truy c\u1eadp c\u1ee7a Nh\u00e0 qu\u1ea3ng c\u00e1o v\u00e0o Tr\u00ecnh h\u01b0\u1edbng d\u1eabn ho\u1eb7c B\u1ea3ng \u0111i\u1ec1u khi\u1ec3n ph\u00e2n t\u00edch ho\u1eb7c (iv) gi\u1edbi h\u1ea1n Ng\u00e2n s\u00e1ch Chi\u1ebfn d\u1ecbch c\u1ee7a Nh\u00e0 qu\u1ea3ng c\u00e1o trong b\u1ea5t k\u1ef3 Th\u00e1ng Chi\u1ebfn d\u1ecbch n\u00e0o. Trong ph\u1ea1m vi Nh\u00e0 qu\u1ea3ng c\u00e1o y\u00eau c\u1ea7u Taboola h\u1ed7 tr\u1ee3 t\u1ed1i \u01b0u h\u00f3a b\u1ea5t k\u1ef3 ti\u00eau \u0111\u1ec1 Chi\u1ebfn d\u1ecbch n\u00e0o c\u1ee7a Nh\u00e0 qu\u1ea3ng c\u00e1o v\u00e0 Taboola \u0111\u1ed3ng \u00fd l\u00e0m nh\u01b0 v\u1eady, Nh\u00e0 qu\u1ea3ng c\u00e1o (i) tuy\u00ean b\u1ed1 v\u00e0 b\u1ea3o \u0111\u1ea3m r\u1eb1ng h\u1ecd c\u00f3 th\u1ec3 ch\u1ee9ng minh b\u1ea5t k\u1ef3 v\u00e0 t\u1ea5t c\u1ea3 th\u00f4ng tin m\u00e0 h\u1ecd \u0111\u00e3 cung c\u1ea5p cho Taboola \u0111\u1ec3 s\u1eed d\u1ee5ng trong vi\u1ec7c t\u1ea1o ra c\u00e1c ti\u00eau \u0111\u1ec1 \u0111\u00f3; (ii) s\u1ebd ch\u1ecbu ho\u00e0n to\u00e0n tr\u00e1ch nhi\u1ec7m cho t\u1ea5t c\u1ea3 c\u00e1c khi\u1ebfu n\u1ea1i \u0111\u01b0\u1ee3c \u0111\u01b0a ra trong c\u00e1c ti\u00eau \u0111\u1ec1 \u0111\u00f3; v\u00e0 (iii) s\u1ebd b\u1ed3i th\u01b0\u1eddng cho Taboola v\u1ec1 b\u1ea5t k\u1ef3 M\u1ea5t m\u00e1t n\u00e0o (nh\u01b0 \u0111\u01b0\u1ee3c \u0111\u1ecbnh ngh\u0129a b\u00ean d\u01b0\u1edbi) ph\u00e1t sinh t\u1eeb b\u1ea5t k\u1ef3 ti\u00eau \u0111\u1ec1 Chi\u1ebfn d\u1ecbch n\u00e0o nh\u01b0 v\u1eady.2. Nh\u00e0 qu\u1ea3ng c\u00e1o kh\u00f4ng \u0111\u01b0\u1ee3c c\u1ed1 g\u1eafng truy c\u1eadp v\u00e0o t\u00e0i kho\u1ea3n c\u1ee7a nh\u1eefng kh\u00e1ch h\u00e0ng Taboola kh\u00e1c ho\u1eb7c tr\u00edch xu\u1ea5t d\u1eef li\u1ec7u t\u1eeb B\u1ea3ng \u0111i\u1ec1u khi\u1ec3n ph\u00e2n t\u00edch cho m\u1ee5c \u0111\u00edch th\u01b0\u01a1ng m\u1ea1i.<br \/>\n<strong><br \/>\n<\/strong><\/li>\n<li><strong>Chi ti\u1ebft chi\u1ebfn d\u1ecbch<\/strong><strong>:<\/strong>\n<ol>\n<li>S\u1ef1 chi tr\u1ea3: Tr\u01b0\u1edbc khi ph\u00e2n ph\u1ed1i N\u1ed9i dung c\u1ee7a Nh\u00e0 qu\u1ea3ng c\u00e1o tr\u00ean M\u1ea1ng Taboola, Taboola c\u00f3 th\u1ec3 y\u00eau c\u1ea7u Nh\u00e0 qu\u1ea3ng c\u00e1o thanh to\u00e1n tr\u01b0\u1edbc Ng\u00e2n s\u00e1ch Chi\u1ebfn d\u1ecbch a. cho b\u1ea5t k\u1ef3 Th\u00e1ng Chi\u1ebfn d\u1ecbch n\u00e0o (\u201cThanh to\u00e1n tr\u01b0\u1edbc\u201d) tr\u01b0\u1edbc khi ph\u00e2n ph\u1ed1i N\u1ed9i dung c\u1ee7a Nh\u00e0 qu\u1ea3ng c\u00e1o cho \u0111\u1ebfn khi Nh\u00e0 qu\u1ea3ng c\u00e1o thi\u1ebft l\u1eadp \u0111\u01b0\u1ee3c l\u1ecbch s\u1eed t\u00edn d\u1ee5ng v\u1edbi Taboola, kho\u1ea3n Thanh to\u00e1n tr\u01b0\u1edbc n\u00e0y s\u1ebd \u0111\u01b0\u1ee3c th\u1ef1c hi\u1ec7n b\u1eb1ng th\u1ebb t\u00edn d\u1ee5ng th\u00f4ng qua Tr\u00ecnh h\u01b0\u1edbng d\u1eabn. M\u1ecdi kho\u1ea3n thanh to\u00e1n b\u1eb1ng th\u1ebb t\u00edn d\u1ee5ng s\u1ebd ph\u1ea3i ch\u1ecbu ph\u00ed x\u1eed l\u00fd t\u1eeb 2,0% \u2013 3,5% (t\u00f9y theo khu v\u1ef1c) cho m\u1ed7i giao d\u1ecbch, ph\u00ed n\u00e0y s\u1ebd \u0111\u01b0\u1ee3c th\u1ec3 hi\u1ec7n tr\u00ean h\u00f3a \u0111\u01a1n. Trong tr\u01b0\u1eddng h\u1ee3p kh\u00f4ng thanh to\u00e1n tr\u01b0\u1edbc, Taboola s\u1ebd t\u00ednh ph\u00ed v\u00e0o th\u1ebb t\u00edn d\u1ee5ng do Nh\u00e0 qu\u1ea3ng c\u00e1o g\u1eedi qua Tr\u00ecnh h\u01b0\u1edbng d\u1eabn khi chi ti\u00eau cho Chi\u1ebfn d\u1ecbch \u0111\u1ea1t \u0111\u1ebfn m\u1ee9c t\u0103ng nh\u1ea5t \u0111\u1ecbnh do Taboola \u0111\u1eb7t ra. B\u1ea5t k\u1ef3 kho\u1ea3n thanh to\u00e1n tr\u1ec5 n\u00e0o c\u0169ng s\u1ebd ph\u1ea3i ch\u1ecbu l\u00e3i su\u1ea5t b\u1eb1ng m\u1ed9t ph\u1ea7n tr\u0103m r\u01b0\u1ee1i (1,5%) m\u1ed7i th\u00e1ng ho\u1eb7c s\u1ed1 ti\u1ec1n t\u1ed1i \u0111a \u0111\u01b0\u1ee3c ph\u00e1p lu\u1eadt cho ph\u00e9p, t\u00f9y theo s\u1ed1 ti\u1ec1n n\u00e0o \u00edt h\u01a1n, \u0111\u01b0\u1ee3c t\u00ednh g\u1ed9p h\u00e0ng th\u00e1ng. N\u1ebfu Nh\u00e0 qu\u1ea3ng c\u00e1o r\u00fat th\u00f4ng tin th\u1ebb t\u00edn d\u1ee5ng tr\u01b0\u1edbc khi Chi\u1ebfn d\u1ecbch k\u1ebft th\u00fac v\u00e0 kh\u00f4ng thay th\u1ebf b\u1eb1ng ph\u01b0\u01a1ng th\u1ee9c thanh to\u00e1n thay th\u1ebf h\u1ee3p l\u1ec7, Taboola c\u00f3 quy\u1ec1n, b\u1ea5t ch\u1ea5p vi\u1ec7c r\u00fat th\u00f4ng tin, t\u00ednh ph\u00ed v\u00e0o th\u1ebb t\u00edn d\u1ee5ng \u0111\u1ed1i v\u1edbi t\u1ea5t c\u1ea3 c\u00e1c Chi\u1ebfn d\u1ecbch \u0111\u00e3 \u0111\u01b0\u1ee3c kh\u1edfi t\u1ea1o tr\u01b0\u1edbc khi r\u00fat th\u00f4ng tin (bao g\u1ed3m c\u1ea3 kho\u1ea3n thanh to\u00e1n cu\u1ed1i c\u00f9ng cho s\u1ed1 ti\u1ec1n chi ti\u00eau d\u01b0\u1edbi m\u1ee9c t\u0103ng \u0111\u00e3 thi\u1ebft l\u1eadp). Ngo\u00e0i b\u1ea5t k\u1ef3 quy\u1ec1n ho\u1eb7c bi\u1ec7n ph\u00e1p kh\u1eafc ph\u1ee5c n\u00e0o kh\u00e1c m\u00e0 Taboola c\u00f3 th\u1ec3 c\u00f3, vi\u1ec7c Nh\u00e0 qu\u1ea3ng c\u00e1o kh\u00f4ng thanh to\u00e1n b\u1ea5t k\u1ef3 h\u00f3a \u0111\u01a1n n\u00e0o theo quy \u0111\u1ecbnh t\u1ea1i \u0111\u00e2y c\u00f3 th\u1ec3 d\u1eabn \u0111\u1ebfn vi\u1ec7c Taboola h\u1ee7y ho\u1eb7c t\u1ea1m d\u1eebng Chi\u1ebfn d\u1ecbch c\u1ee7a Nh\u00e0 qu\u1ea3ng c\u00e1o. Ngo\u00e0i ra, n\u1ebfu Nh\u00e0 qu\u1ea3ng c\u00e1o kh\u00f4ng th\u1ef1c hi\u1ec7n b\u1ea5t k\u1ef3 kho\u1ea3n thanh to\u00e1n n\u00e0o theo quy \u0111\u1ecbnh t\u1ea1i \u0111\u00e2y, Nh\u00e0 qu\u1ea3ng c\u00e1o s\u1ebd ph\u1ea3i tr\u1ea3 m\u1ecdi chi ph\u00ed h\u1ee3p l\u00fd (bao g\u1ed3m c\u1ea3 ph\u00ed lu\u1eadt s\u01b0) m\u00e0 Taboola ph\u1ea3i ch\u1ecbu \u0111\u1ec3 thu c\u00e1c kho\u1ea3n thanh to\u00e1n \u0111\u00f3. Khi k\u1ebft th\u00fac m\u1ed7i th\u00e1ng d\u01b0\u01a1ng l\u1ecbch m\u00e0 Chi\u1ebfn d\u1ecbch ch\u1ea1y tr\u00ean M\u1ea1ng Taboola (m\u1ed7i th\u00e1ng l\u00e0 m\u1ed9t \u201cTh\u00e1ng Chi\u1ebfn d\u1ecbch\u201d), B\u1ea3ng \u0111i\u1ec1u khi\u1ec3n ph\u00e2n t\u00edch s\u1ebd cung c\u1ea5p cho Nh\u00e0 qu\u1ea3ng c\u00e1o th\u00f4ng tin chi ti\u1ebft v\u1ec1 s\u1ed1 l\u1ea7n Nh\u1ea5p v\u00e0o N\u1ed9i dung c\u1ee7a Nh\u00e0 qu\u1ea3ng c\u00e1o v\u00e0 s\u1ed1 ti\u1ec1n Tr\u1ea3 tr\u01b0\u1edbc, n\u1ebfu c\u00f3, do Nh\u00e0 qu\u1ea3ng c\u00e1o chi ti\u00eau (d\u1ef1a tr\u00ean chi ph\u00ed cho m\u1ed7i l\u1ea7n nh\u1ea5p do Nh\u00e0 qu\u1ea3ng c\u00e1o \u0111\u1eb7t trong B\u1ea3ng \u0111i\u1ec1u khi\u1ec3n ph\u00e2n t\u00edch trong Th\u00e1ng Chi\u1ebfn d\u1ecbch). Nh\u00e0 qu\u1ea3ng c\u00e1o th\u1eeba nh\u1eadn r\u1eb1ng m\u1ecdi ph\u00e2n t\u00edch \u0111\u01b0\u1ee3c cung c\u1ea5p trong B\u1ea3ng \u0111i\u1ec1u khi\u1ec3n ph\u00e2n t\u00edch \u0111\u1ec1u l\u00e0 \u01b0\u1edbc t\u00ednh v\u00e0 s\u1ebd ch\u1ec9 \u0111\u01b0\u1ee3c ho\u00e0n thi\u1ec7n sau m\u01b0\u1eddi b\u1ed1n (14) ng\u00e0y k\u1ec3 t\u1eeb Th\u00e1ng chi\u1ebfn d\u1ecbch. \u0110\u1ec3 r\u00f5 r\u00e0ng h\u01a1n, m\u1ecdi kho\u1ea3n thanh to\u00e1n s\u1ebd \u0111\u01b0\u1ee3c th\u1ef1c hi\u1ec7n b\u1eb1ng lo\u1ea1i ti\u1ec1n t\u1ec7 do Taboola ch\u1ec9 \u0111\u1ecbnh, tr\u1eeb khi c\u00f3 th\u1ecfa thu\u1eadn kh\u00e1c b\u1eb1ng v\u0103n b\u1ea3n ri\u00eang gi\u1eefa c\u00e1c b\u00ean.<\/li>\n<\/ol>\n<\/li>\n<\/ol>\n","protected":false},"excerpt":{"rendered":"<p>\u0110I\u1ec0U KHO\u1ea2N V\u00c0 \u0110I\u1ec0U KI\u1ec6N PH\u00c2N PH\u1ed0I N\u1ed8I DUNG TR\u00caN M\u1ea0NG TABOOLA Theo c\u00e1c \u0110i\u1ec1u kho\u1ea3n v\u00e0 \u0110i\u1ec1u ki\u1ec7n n\u00e0y \u0111\u1ec3 Ph\u00e2n ph\u1ed1i N\u1ed9i dung tr\u00ean M\u1ea1ng Taboola (\u201c\u0110i\u1ec1u kho\u1ea3n\u201d): (a) Taboola.com Ltd. (\u201cTaboola\u201d) s\u1ebd ph\u00e2n ph\u1ed1i N\u1ed9i dung c\u1ee7a Nh\u00e0 qu\u1ea3ng c\u00e1o (\u0111\u01b0\u1ee3c \u0111\u1ecbnh ngh\u0129a b\u00ean d\u01b0\u1edbi) th\u00f4ng qua n\u1ec1n t\u1ea3ng ph\u00e2n ph\u1ed1i \u0111\u1ec1 [&hellip;]<\/p>\n","protected":false},"author":1,"featured_media":0,"parent":4314,"menu_order":0,"comment_status":"closed","ping_status":"closed","template":"single-legal-toc-page.php","meta":{"_acf_changed":false,"footnotes":""},"class_list":["post-4543","page","type-page","status-publish","hentry"],"acf":[],"yoast_head":"<!-- This site is optimized with the Yoast SEO Premium plugin v26.9 (Yoast SEO v27.1.1) - https:\/\/yoast.com\/product\/yoast-seo-premium-wordpress\/ -->\n<title>\u0110I\u1ec0U KHO\u1ea2N V\u00c0 \u0110I\u1ec0U KI\u1ec6N C\u1ee6A TABOOLA D\u00c0NH CHO PH\u00c1P - Taboola Policies<\/title>\n<meta name=\"robots\" content=\"index, follow, max-snippet:-1, max-image-preview:large, max-video-preview:-1\" \/>\n<link rel=\"canonical\" href=\"https:\/\/policies.taboola.com\/vi\/terms-and-conditions\/france\/\" \/>\n<meta property=\"og:locale\" content=\"vi_VN\" \/>\n<meta property=\"og:type\" content=\"article\" \/>\n<meta property=\"og:title\" content=\"\u0110I\u1ec0U KHO\u1ea2N V\u00c0 \u0110I\u1ec0U KI\u1ec6N C\u1ee6A TABOOLA D\u00c0NH CHO PH\u00c1P\" \/>\n<meta property=\"og:description\" content=\"\u0110I\u1ec0U KHO\u1ea2N V\u00c0 \u0110I\u1ec0U KI\u1ec6N PH\u00c2N PH\u1ed0I N\u1ed8I DUNG TR\u00caN M\u1ea0NG TABOOLA Theo c\u00e1c \u0110i\u1ec1u kho\u1ea3n v\u00e0 \u0110i\u1ec1u ki\u1ec7n n\u00e0y \u0111\u1ec3 Ph\u00e2n ph\u1ed1i N\u1ed9i dung tr\u00ean M\u1ea1ng Taboola (\u201c\u0110i\u1ec1u kho\u1ea3n\u201d): (a) Taboola.com Ltd. (\u201cTaboola\u201d) s\u1ebd ph\u00e2n ph\u1ed1i N\u1ed9i dung c\u1ee7a Nh\u00e0 qu\u1ea3ng c\u00e1o (\u0111\u01b0\u1ee3c \u0111\u1ecbnh ngh\u0129a b\u00ean d\u01b0\u1edbi) th\u00f4ng qua n\u1ec1n t\u1ea3ng ph\u00e2n ph\u1ed1i \u0111\u1ec1 [&hellip;]\" \/>\n<meta property=\"og:url\" content=\"https:\/\/policies.taboola.com\/vi\/terms-and-conditions\/france\/\" \/>\n<meta property=\"og:site_name\" content=\"Taboola Policies\" \/>\n<meta property=\"article:modified_time\" content=\"2025-11-05T20:04:31+00:00\" \/>\n<meta name=\"twitter:card\" content=\"summary_large_image\" \/>\n<meta name=\"twitter:label1\" content=\"Est. reading time\" \/>\n\t<meta name=\"twitter:data1\" content=\"14 minutes\" \/>\n<script type=\"application\/ld+json\" class=\"yoast-schema-graph\">{\"@context\":\"https:\/\/schema.org\",\"@graph\":[{\"@type\":\"WebPage\",\"@id\":\"https:\/\/policies.taboola.com\/vi\/terms-and-conditions\/france\/\",\"url\":\"https:\/\/policies.taboola.com\/vi\/terms-and-conditions\/france\/\",\"name\":\"\u0110I\u1ec0U KHO\u1ea2N V\u00c0 \u0110I\u1ec0U KI\u1ec6N C\u1ee6A TABOOLA D\u00c0NH CHO PH\u00c1P - Taboola Policies\",\"isPartOf\":{\"@id\":\"https:\/\/policies.taboola.com\/vi\/#website\"},\"datePublished\":\"2025-09-26T08:17:10+00:00\",\"dateModified\":\"2025-11-05T20:04:31+00:00\",\"breadcrumb\":{\"@id\":\"https:\/\/policies.taboola.com\/vi\/terms-and-conditions\/france\/#breadcrumb\"},\"inLanguage\":\"vi-VN\",\"potentialAction\":[{\"@type\":\"ReadAction\",\"target\":[\"https:\/\/policies.taboola.com\/vi\/terms-and-conditions\/france\/\"]}]},{\"@type\":\"BreadcrumbList\",\"@id\":\"https:\/\/policies.taboola.com\/vi\/terms-and-conditions\/france\/#breadcrumb\",\"itemListElement\":[{\"@type\":\"ListItem\",\"position\":1,\"name\":\"Home\",\"item\":\"https:\/\/policies.taboola.com\/vi\/\"},{\"@type\":\"ListItem\",\"position\":2,\"name\":\"\u0110I\u1ec0U KHO\u1ea2N V\u00c0 \u0110I\u1ec0U KI\u1ec6N C\u1ee6A TABOOLA D\u00c0NH CHO PH\u00c1P\"}]},{\"@type\":\"WebSite\",\"@id\":\"https:\/\/policies.taboola.com\/vi\/#website\",\"url\":\"https:\/\/policies.taboola.com\/vi\/\",\"name\":\"Taboola Policies\",\"description\":\"\",\"potentialAction\":[{\"@type\":\"SearchAction\",\"target\":{\"@type\":\"EntryPoint\",\"urlTemplate\":\"https:\/\/policies.taboola.com\/vi\/?s={search_term_string}\"},\"query-input\":{\"@type\":\"PropertyValueSpecification\",\"valueRequired\":true,\"valueName\":\"search_term_string\"}}],\"inLanguage\":\"vi-VN\"}]}<\/script>\n<!-- \/ Yoast SEO Premium plugin. -->","yoast_head_json":{"title":"\u0110I\u1ec0U KHO\u1ea2N V\u00c0 \u0110I\u1ec0U KI\u1ec6N C\u1ee6A TABOOLA D\u00c0NH CHO PH\u00c1P - Taboola Policies","robots":{"index":"index","follow":"follow","max-snippet":"max-snippet:-1","max-image-preview":"max-image-preview:large","max-video-preview":"max-video-preview:-1"},"canonical":"https:\/\/policies.taboola.com\/vi\/terms-and-conditions\/france\/","og_locale":"vi_VN","og_type":"article","og_title":"\u0110I\u1ec0U KHO\u1ea2N V\u00c0 \u0110I\u1ec0U KI\u1ec6N C\u1ee6A TABOOLA D\u00c0NH CHO PH\u00c1P","og_description":"\u0110I\u1ec0U KHO\u1ea2N V\u00c0 \u0110I\u1ec0U KI\u1ec6N PH\u00c2N PH\u1ed0I N\u1ed8I DUNG TR\u00caN M\u1ea0NG TABOOLA Theo c\u00e1c \u0110i\u1ec1u kho\u1ea3n v\u00e0 \u0110i\u1ec1u ki\u1ec7n n\u00e0y \u0111\u1ec3 Ph\u00e2n ph\u1ed1i N\u1ed9i dung tr\u00ean M\u1ea1ng Taboola (\u201c\u0110i\u1ec1u kho\u1ea3n\u201d): (a) Taboola.com Ltd. (\u201cTaboola\u201d) s\u1ebd ph\u00e2n ph\u1ed1i N\u1ed9i dung c\u1ee7a Nh\u00e0 qu\u1ea3ng c\u00e1o (\u0111\u01b0\u1ee3c \u0111\u1ecbnh ngh\u0129a b\u00ean d\u01b0\u1edbi) th\u00f4ng qua n\u1ec1n t\u1ea3ng ph\u00e2n ph\u1ed1i \u0111\u1ec1 [&hellip;]","og_url":"https:\/\/policies.taboola.com\/vi\/terms-and-conditions\/france\/","og_site_name":"Taboola Policies","article_modified_time":"2025-11-05T20:04:31+00:00","twitter_card":"summary_large_image","twitter_misc":{"Est. reading time":"14 minutes"},"schema":{"@context":"https:\/\/schema.org","@graph":[{"@type":"WebPage","@id":"https:\/\/policies.taboola.com\/vi\/terms-and-conditions\/france\/","url":"https:\/\/policies.taboola.com\/vi\/terms-and-conditions\/france\/","name":"\u0110I\u1ec0U KHO\u1ea2N V\u00c0 \u0110I\u1ec0U KI\u1ec6N C\u1ee6A TABOOLA D\u00c0NH CHO PH\u00c1P - Taboola Policies","isPartOf":{"@id":"https:\/\/policies.taboola.com\/vi\/#website"},"datePublished":"2025-09-26T08:17:10+00:00","dateModified":"2025-11-05T20:04:31+00:00","breadcrumb":{"@id":"https:\/\/policies.taboola.com\/vi\/terms-and-conditions\/france\/#breadcrumb"},"inLanguage":"vi-VN","potentialAction":[{"@type":"ReadAction","target":["https:\/\/policies.taboola.com\/vi\/terms-and-conditions\/france\/"]}]},{"@type":"BreadcrumbList","@id":"https:\/\/policies.taboola.com\/vi\/terms-and-conditions\/france\/#breadcrumb","itemListElement":[{"@type":"ListItem","position":1,"name":"Home","item":"https:\/\/policies.taboola.com\/vi\/"},{"@type":"ListItem","position":2,"name":"\u0110I\u1ec0U KHO\u1ea2N V\u00c0 \u0110I\u1ec0U KI\u1ec6N C\u1ee6A TABOOLA D\u00c0NH CHO PH\u00c1P"}]},{"@type":"WebSite","@id":"https:\/\/policies.taboola.com\/vi\/#website","url":"https:\/\/policies.taboola.com\/vi\/","name":"Taboola Policies","description":"","potentialAction":[{"@type":"SearchAction","target":{"@type":"EntryPoint","urlTemplate":"https:\/\/policies.taboola.com\/vi\/?s={search_term_string}"},"query-input":{"@type":"PropertyValueSpecification","valueRequired":true,"valueName":"search_term_string"}}],"inLanguage":"vi-VN"}]}},"_links":{"self":[{"href":"https:\/\/policies.taboola.com\/vi\/wp-json\/wp\/v2\/pages\/4543","targetHints":{"allow":["GET"]}}],"collection":[{"href":"https:\/\/policies.taboola.com\/vi\/wp-json\/wp\/v2\/pages"}],"about":[{"href":"https:\/\/policies.taboola.com\/vi\/wp-json\/wp\/v2\/types\/page"}],"author":[{"embeddable":true,"href":"https:\/\/policies.taboola.com\/vi\/wp-json\/wp\/v2\/users\/1"}],"replies":[{"embeddable":true,"href":"https:\/\/policies.taboola.com\/vi\/wp-json\/wp\/v2\/comments?post=4543"}],"version-history":[{"count":1,"href":"https:\/\/policies.taboola.com\/vi\/wp-json\/wp\/v2\/pages\/4543\/revisions"}],"predecessor-version":[{"id":4544,"href":"https:\/\/policies.taboola.com\/vi\/wp-json\/wp\/v2\/pages\/4543\/revisions\/4544"}],"up":[{"embeddable":true,"href":"https:\/\/policies.taboola.com\/vi\/wp-json\/wp\/v2\/pages\/4314"}],"wp:attachment":[{"href":"https:\/\/policies.taboola.com\/vi\/wp-json\/wp\/v2\/media?parent=4543"}],"curies":[{"name":"wp","href":"https:\/\/api.w.org\/{rel}","templated":true}]}}