{"id":680,"date":"2025-08-21T18:16:21","date_gmt":"2025-08-21T18:16:21","guid":{"rendered":"https:\/\/policies.taboola.com\/dieu-khoan-taboola-news-cho-chu-so-huu-tai-san-ky-thuat-so\/"},"modified":"2026-03-13T14:25:13","modified_gmt":"2026-03-13T14:25:13","slug":"taboola-news-terms-for-digital-property-owners","status":"publish","type":"page","link":"https:\/\/policies.taboola.com\/vi\/taboola-news-terms-for-digital-property-owners\/","title":{"rendered":"\u0110i\u1ec1u kho\u1ea3n Taboola News cho Ch\u1ee7 s\u1edf h\u1eefu T\u00e0i s\u1ea3n K\u1ef9 thu\u1eadt s\u1ed1"},"content":{"rendered":"<h1 style=\"text-align: center;\"><strong>\u0110I\u1ec0U KHO\u1ea2N TABOOLA NEWS CHO CH\u1ee6 S\u1ede H\u1eeeU T\u00c0I S\u1ea2N K\u1ef8 THU\u1eacT S\u1ed0<\/strong><\/h1>\n<p>C\u1eadp nh\u1eadt l\u1ea7n cu\u1ed1i: Ng\u00e0y 18 th\u00e1ng 8 n\u0103m 2025<\/p>\n<p>C\u00e1c \u0110i\u1ec1u kho\u1ea3n Taboola News n\u00e0y d\u00e0nh cho c\u00e1c nh\u00e0 xu\u1ea5t b\u1ea3n v\u00e0 ch\u1ee7 s\u1edf h\u1eefu t\u00e0i s\u1ea3n k\u1ef9 thu\u1eadt s\u1ed1 (\u201c\u0110i\u1ec1u kho\u1ea3n Taboola News\u201d) \u00e1p d\u1ee5ng cho c\u00e1c ch\u1ee7 s\u1edf h\u1eefu t\u00e0i s\u1ea3n k\u1ef9 thu\u1eadt s\u1ed1, bao g\u1ed3m c\u00e1c nh\u00e0 xu\u1ea5t b\u1ea3n v\u00e0 c\u00e1c c\u00f4ng ty kh\u00e1c (&#8220;C\u00f4ng ty&#8221;) \u0111\u00e3 k\u00fd k\u1ebft th\u1ecfa thu\u1eadn v\u1edbi Taboola \u0111\u1ec3 tham gia v\u00e0o ch\u01b0\u01a1ng tr\u00ecnh Taboola News (\u201cTh\u1ecfa thu\u1eadn\u201d), v\u00e0 c\u00e1c \u0110i\u1ec1u kho\u1ea3n Taboola News n\u00e0y s\u1ebd \u0111\u01b0\u1ee3c coi l\u00e0 \u0111\u01b0\u1ee3c t\u00edch h\u1ee3p v\u00e0o, v\u00e0 l\u00e0 m\u1ed9t ph\u1ea7n kh\u00f4ng th\u1ec3 t\u00e1ch r\u1eddi c\u1ee7a, b\u1ea5t k\u1ef3 Th\u1ecfa thu\u1eadn n\u00e0o nh\u01b0 v\u1eady. C\u00e1c thu\u1eadt ng\u1eef kh\u00f4ng \u0111\u01b0\u1ee3c \u0111\u1ecbnh ngh\u0129a \u1edf \u0111\u00e2y s\u1ebd c\u00f3 \u0111\u1ecbnh ngh\u0129a \u0111\u01b0\u1ee3c n\u00eau trong Th\u1ecfa thu\u1eadn li\u00ean quan. \u0110\u1ec3 r\u00f5 r\u00e0ng, b\u1ea5t k\u1ef3 v\u00e0 t\u1ea5t c\u1ea3 c\u00e1c tham chi\u1ebfu \u0111\u1ebfn \u201cCh\u1ee7 s\u1edf h\u1eefu T\u00e0i s\u1ea3n B\u00ean th\u1ee9 ba\u201d ch\u1ec9 \u00e1p d\u1ee5ng khi \u0111\u01b0\u1ee3c quy \u0111\u1ecbnh r\u00f5 r\u00e0ng trong th\u1ecfa thu\u1eadn \u0111\u00e3 k\u00fd gi\u1eefa C\u00f4ng ty v\u00e0 Taboola.<\/p>\n<ol>\n<li><strong>T<u>aboola News<\/u><\/strong>. Taboola h\u1ee3p t\u00e1c v\u1edbi c\u00e1c t\u00e0i s\u1ea3n k\u1ef9 thu\u1eadt s\u1ed1 v\u00e0 c\u00e1c nh\u00e0 s\u1ea3n xu\u1ea5t thi\u1ebft b\u1ecb di \u0111\u1ed9ng tr\u00ean to\u00e0n c\u1ea7u \u0111\u1ec3 tri\u1ec3n khai tr\u00ean c\u00e1c t\u00e0i s\u1ea3n k\u1ef9 thu\u1eadt s\u1ed1 v\u00e0 thi\u1ebft b\u1ecb di \u0111\u1ed9ng c\u1ee7a h\u1ecd m\u1ed9t ngu\u1ed3n tin t\u1ee9c \u0111\u01b0\u1ee3c cung c\u1ea5p b\u1edfi Taboola (Taboola News Product). Taboola News Product ch\u1ee9a ti\u00eau \u0111\u1ec1 b\u00e0i vi\u1ebft, v\u0103n b\u1ea3n ng\u1eafn k\u1ebft h\u1ee3p v\u1edbi h\u00ecnh \u1ea3nh v\u00e0 video cho ph\u00e9p c\u00e1c nh\u00e0 xu\u1ea5t b\u1ea3n Taboola l\u00e0m cho n\u1ed9i dung c\u1ee7a h\u1ecd d\u1ec5 ti\u1ebfp c\u1eadn v\u00e0 ti\u1ebfp c\u1eadn \u0111\u01b0\u1ee3c nhi\u1ec1u kh\u00e1n gi\u1ea3 h\u01a1n (t\u1ee9c l\u00e0 t\u0103ng l\u01b0u l\u01b0\u1ee3ng truy c\u1eadp v\u00e0 s\u1ef1 hi\u1ec7n di\u1ec7n c\u1ee7a c\u00e1c T\u00e0i s\u1ea3n). N\u1ed9i dung \u0111\u01b0\u1ee3c l\u1ea5y t\u1eeb (th\u1ee7 c\u00f4ng ho\u1eb7c t\u1ef1 \u0111\u1ed9ng) c\u00e1c nh\u00e0 xu\u1ea5t b\u1ea3n l\u00e0 m\u1ed9t ph\u1ea7n c\u1ee7a m\u1ea1ng l\u01b0\u1edbi Taboola v\u00e0 c\u00e1c b\u00ean th\u1ee9 ba kh\u00e1c, v\u00e0 c\u00f3 th\u1ec3 \u0111\u01b0\u1ee3c b\u1ed5 sung b\u1eb1ng N\u1ed9i dung T\u00e0i tr\u1ee3 c\u1ee7a Taboola. Taboola News Product c\u00f3 th\u1ec3 \u0111\u01b0\u1ee3c c\u1ea5u tr\u00fac d\u01b0\u1edbi d\u1ea1ng m\u1ed9t ngu\u1ed3n tin t\u1ee9c cu\u1ed9n c\u1ee7a Content Cards, ho\u1eb7c d\u01b0\u1edbi d\u1ea1ng h\u00ecnh n\u1ec1n, ho\u1eb7c b\u1ea5t k\u1ef3 \u0111\u1ecbnh d\u1ea1ng n\u00e0o kh\u00e1c \u0111\u01b0\u1ee3c ph\u00e1t tri\u1ec3n b\u1edfi Taboola, v\u00e0 hi\u1ec3n th\u1ecb (a) m\u1ed9t ti\u00eau \u0111\u1ec1 b\u00e0i vi\u1ebft v\u00e0 m\u1ed9t h\u00ecnh \u1ea3nh \u0111\u01b0\u1ee3c Taboola l\u1ea5y t\u1eeb m\u1ed9t b\u00ean th\u1ee9 ba (th\u1ee7 c\u00f4ng ho\u1eb7c t\u1ef1 \u0111\u1ed9ng) ho\u1eb7c m\u00e0 C\u00f4ng ty t\u1ef1 ch\u1ecdn cho ti\u00eau \u0111\u1ec1 b\u00e0i vi\u1ebft t\u01b0\u01a1ng \u1ee9ng, (b) m\u1ed9t video \u0111\u01b0\u1ee3c Taboola l\u1ea5y (th\u1ee7 c\u00f4ng ho\u1eb7c t\u1ef1 \u0111\u1ed9ng) t\u1eeb c\u00e1c k\u00eanh truy\u1ec1n th\u00f4ng x\u00e3 h\u1ed9i c\u1ee7a T\u00e0i s\u1ea3n, c\u1ee7a C\u00f4ng ty ho\u1eb7c c\u1ee7a Ch\u1ee7 s\u1edf h\u1eefu T\u00e0i s\u1ea3n B\u00ean th\u1ee9 ba ho\u1eb7c \u0111\u01b0\u1ee3c C\u00f4ng ty cung c\u1ea5p tr\u00ean web (v\u00ed d\u1ee5: YouTube, Instagram, TikTok), ho\u1eb7c b\u1edfi m\u1ed9t b\u00ean th\u1ee9 ba, v\u00e0\/ho\u1eb7c (c) N\u1ed9i dung T\u00e0i tr\u1ee3 c\u1ee7a Taboola. N\u1ebfu Kh\u00e1ch truy c\u1eadp nh\u1ea5p v\u00e0o m\u1ed9t n\u1ed9i dung \u0111\u01b0\u1ee3c l\u1ea5y t\u1eeb C\u00f4ng ty ho\u1eb7c Ch\u1ee7 s\u1edf h\u1eefu T\u00e0i s\u1ea3n B\u00ean th\u1ee9 ba, Kh\u00e1ch truy c\u1eadp s\u1ebd \u0111\u01b0\u1ee3c (x) chuy\u1ec3n h\u01b0\u1edbng tr\u1ef1c ti\u1ebfp \u0111\u1ebfn T\u00e0i s\u1ea3n, ho\u1eb7c (y) chuy\u1ec3n h\u01b0\u1edbng \u0111\u1ebfn m\u1ed9t trang web do Taboola ki\u1ec3m so\u00e1t hi\u1ec3n th\u1ecb (i) m\u1ed9t b\u1ea3n xem tr\u01b0\u1edbc c\u1ee7a b\u00e0i vi\u1ebft, n\u01a1i c\u00e1c c\u00e2u \u0111\u1ea7u ti\u00ean c\u1ee7a b\u00e0i vi\u1ebft \u0111\u01b0\u1ee3c hi\u1ec3n th\u1ecb (m\u1ed9t l\u1ea7n n\u1eefa k\u1ebft h\u1ee3p v\u1edbi m\u1ed9t h\u00ecnh \u1ea3nh) ho\u1eb7c m\u1ed9t t\u00f3m t\u1eaft c\u1ee7a b\u00e0i vi\u1ebft \u0111\u01b0\u1ee3c t\u1ea1o ra b\u1edfi c\u00e1c gi\u1ea3i ph\u00e1p t\u1ef1 \u0111\u1ed9ng \u0111\u01b0\u1ee3c hi\u1ec3n th\u1ecb, ho\u1eb7c (ii) m\u1ed9t \u0111\u01a1n v\u1ecb video; v\u00e0 t\u1eeb \u0111\u00f3 Kh\u00e1ch truy c\u1eadp c\u00f3 th\u1ec3 trong c\u1ea3 hai tr\u01b0\u1eddng h\u1ee3p nh\u1ea5p v\u00e0o ho\u1eb7c ra ngo\u00e0i T\u00e0i s\u1ea3n. Taboola c\u00f3 quy\u1ec1n th\u1ef1c hi\u1ec7n c\u00e1c thay \u0111\u1ed5i h\u1ee3p l\u00fd \u0111\u1ed1i v\u1edbi tr\u1ea3i nghi\u1ec7m Kh\u00e1ch truy c\u1eadp Taboola News nh\u1eb1m m\u1ee5c \u0111\u00edch t\u1ed1i \u01b0u h\u00f3a.<\/li>\n<li><strong><u>Gi\u1ea5y ph\u00e9p<\/u><\/strong>. V\u00ec m\u1ee5c \u0111\u00edch \u0111\u01b0\u1ee3c m\u00f4 t\u1ea3 trong c\u00e1c \u0110i\u1ec1u kho\u1ea3n n\u00e0y v\u00e0 trong Th\u1eddi h\u1ea1n c\u1ee7a Th\u1ecfa thu\u1eadn, C\u00f4ng ty c\u1ea5p, v\u00e0 \u0111\u00e3 nh\u1eadn \u0111\u01b0\u1ee3c t\u1eeb Ch\u1ee7 s\u1edf h\u1eefu T\u00e0i s\u1ea3n B\u00ean th\u1ee9 ba quy\u1ec1n c\u1ea5p, cho Taboola quy\u1ec1n kh\u00f4ng \u0111\u1ed9c quy\u1ec1n, to\u00e0n c\u1ea7u (a) quy\u1ec1n s\u1eed d\u1ee5ng b\u1ea5t k\u1ef3 n\u1ed9i dung n\u00e0o t\u1eeb c\u00e1c T\u00e0i s\u1ea3n v\u00e0 (b) \u1ee7y quy\u1ec1n \u0111\u1ec3 truy c\u1eadp v\u00e0 tr\u00edch xu\u1ea5t b\u1ea5t k\u1ef3 n\u1ed9i dung n\u00e0o t\u1eeb c\u00e1c k\u00eanh truy\u1ec1n th\u00f4ng x\u00e3 h\u1ed9i c\u1ee7a C\u00f4ng ty ho\u1eb7c Ch\u1ee7 s\u1edf h\u1eefu T\u00e0i s\u1ea3n B\u00ean th\u1ee9 ba (bao g\u1ed3m v\u0103n b\u1ea3n, h\u00ecnh \u1ea3nh, video \u2013 bao g\u1ed3m c\u1ea3 th\u00e0nh ph\u1ea7n \u00e2m thanh), trong c\u1ea3 (a) v\u00e0 (b) cho m\u1ee5c \u0111\u00edch \u0111\u01b0\u1ee3c m\u00f4 t\u1ea3 \u1edf \u0111\u00e2y, \u0111\u1eb7c bi\u1ec7t l\u00e0 quy\u1ec1n thu th\u1eadp, t\u1ea3i xu\u1ed1ng, l\u01b0u tr\u1eef, t\u00e1i s\u1ea3n xu\u1ea5t, xu\u1ea5t b\u1ea3n, s\u1ed1 h\u00f3a, l\u00e0m cho c\u00f4ng khai c\u0169ng nh\u01b0 quy\u1ec1n ch\u1ec9nh s\u1eeda (v\u00ed d\u1ee5: thay th\u1ebf h\u00ecnh \u1ea3nh \u0111\u01b0\u1ee3c C\u00f4ng ty ch\u1ecdn cho m\u1ed9t b\u00e0i vi\u1ebft c\u1ee5 th\u1ec3 b\u1eb1ng h\u00ecnh \u1ea3nh \u0111\u1ed9 ph\u00e2n gi\u1ea3i cao \u0111\u01b0\u1ee3c Taboola l\u1ea5y, r\u00fat ng\u1eafn ti\u00eau \u0111\u1ec1 b\u00e0i vi\u1ebft v\u00e0 v\u0103n b\u1ea3n th\u01b0\u01a1ng hi\u1ec7u khi ch\u00fang kh\u00f4ng v\u1eeba v\u1eb7n tr\u00ean m\u00e0n h\u00ecnh di \u0111\u1ed9ng), trong \u0111\u00f3 quy\u1ec1n sau ch\u1ec9 \u0111\u01b0\u1ee3c c\u1ea5p n\u1ebfu \u0111i\u1ec1u n\u00e0y l\u00e0 c\u1ea7n thi\u1ebft \u0111\u1ec3 t\u1ed1i \u01b0u h\u00f3a tr\u1ea3i nghi\u1ec7m Taboola News (nh\u01b0 \u0111\u00e3 ch\u1ec9 ra trong c\u00e1c v\u00ed d\u1ee5 \u0111\u01b0\u1ee3c cung c\u1ea5p \u1edf \u0111\u00e2y). C\u00f4ng ty c\u0169ng c\u1ea5p, \u0111\u00e3 nh\u1eadn \u0111\u01b0\u1ee3c t\u1eeb Ch\u1ee7 s\u1edf h\u1eefu T\u00e0i s\u1ea3n B\u00ean th\u1ee9 ba quy\u1ec1n c\u1ea5p, cho Taboola quy\u1ec1n kh\u00f4ng \u0111\u1ed9c quy\u1ec1n, to\u00e0n c\u1ea7u \u0111\u1ec3 s\u1eed d\u1ee5ng, v\u00e0 \u0111\u1ec3 c\u1ea5p cho c\u00e1c b\u00ean th\u1ee9 ba \u0111\u00e3 tri\u1ec3n khai Taboola News tr\u00ean c\u00e1c t\u00e0i s\u1ea3n ho\u1eb7c thi\u1ebft b\u1ecb c\u1ee7a h\u1ecd quy\u1ec1n s\u1eed d\u1ee5ng, t\u00ean v\u00e0 logo c\u1ee7a C\u00f4ng ty, c\u1ee7a Ch\u1ee7 s\u1edf h\u1eefu T\u00e0i s\u1ea3n B\u00ean th\u1ee9 ba v\u00e0 c\u1ee7a c\u00e1c T\u00e0i s\u1ea3n cho m\u1ee5c \u0111\u00edch ti\u1ebfp th\u1ecb Taboola News. C\u00f4ng ty cam k\u1ebft r\u1eb1ng h\u1ecd n\u1eafm gi\u1eef, ho\u1eb7c \u0111\u00e3 \u0111\u1ea3m b\u1ea3o t\u1eeb Ch\u1ee7 s\u1edf h\u1eefu T\u00e0i s\u1ea3n B\u00ean th\u1ee9 ba, t\u1ea5t c\u1ea3 c\u00e1c quy\u1ec1n \u0111\u1ed1i v\u1edbi N\u1ed9i dung c\u1ee7a C\u00f4ng ty v\u00e0 c\u00f3 kh\u1ea3 n\u0103ng c\u1ea5p cho Taboola (v\u00e0 c\u00e1c b\u00ean th\u1ee9 ba \u0111\u00e3 tri\u1ec3n khai Taboola News tr\u00ean c\u00e1c t\u00e0i s\u1ea3n ho\u1eb7c thi\u1ebft b\u1ecb c\u1ee7a h\u1ecd) quy\u1ec1n s\u1eed d\u1ee5ng N\u1ed9i dung c\u1ee7a C\u00f4ng ty trong Taboola News, v\u00e0 kh\u00f4ng c\u00f3 quy\u1ec1n c\u1ee7a b\u00ean th\u1ee9 ba n\u00e0o b\u1ecb vi ph\u1ea1m do k\u1ebft qu\u1ea3 n\u00e0y.<\/li>\n<li><strong><u>Kh\u00f4ng c\u00f3 th\u00f9 lao<\/u><\/strong>. Vi\u1ec7c ph\u00e2n ph\u1ed1i N\u1ed9i dung c\u1ee7a C\u00f4ng ty qua Taboola News kh\u00f4ng t\u00ednh ph\u00ed cho C\u00f4ng ty, v\u00e0 kh\u00f4ng c\u00f3 ph\u00ed c\u1ea5p ph\u00e9p ho\u1eb7c th\u00f9 lao ti\u1ec1n t\u1ec7 c\u1ee5 th\u1ec3 n\u00e0o ph\u1ea3i \u0111\u01b0\u1ee3c tr\u1ea3 b\u1edfi Taboola cho C\u00f4ng ty. C\u00f4ng ty th\u1eeba nh\u1eadn r\u1eb1ng c\u01a1 h\u1ed9i t\u1ea1o ra l\u01b0u l\u01b0\u1ee3ng truy c\u1eadp \u0111\u1ebfn c\u00e1c T\u00e0i s\u1ea3n v\u00e0 qu\u1ea3ng b\u00e1 nh\u1eadn th\u1ee9c v\u1ec1 th\u01b0\u01a1ng hi\u1ec7u c\u1ee7a C\u00f4ng ty (ngo\u00e0i vi\u1ec7c gi\u1eef 100% doanh thu \u0111\u01b0\u1ee3c t\u1ea1o ra t\u1eeb c\u00e1c \u0111\u01a1n v\u1ecb tr\u00ean c\u00e1c T\u00e0i s\u1ea3n kh\u00e1c ngo\u00e0i N\u1ec1n t\u1ea3ng) l\u00e0 s\u1ef1 b\u1ed3i th\u01b0\u1eddng c\u00f4ng b\u1eb1ng cho vi\u1ec7c bao g\u1ed3m v\u00e0 s\u1eed d\u1ee5ng N\u1ed9i dung c\u1ee7a C\u00f4ng ty trong Taboola News. Do \u0111\u00f3, C\u00f4ng ty s\u1ebd kh\u00f4ng \u0111\u01b0\u1ee3c b\u1ed3i th\u01b0\u1eddng cho b\u1ea5t k\u1ef3 doanh thu qu\u1ea3ng c\u00e1o n\u00e0o \u0111\u01b0\u1ee3c t\u1ea1o ra t\u1eeb ho\u1eb7c s\u1ed1 l\u01b0\u1ee3t xem trang c\u1ee7a N\u1ec1n t\u1ea3ng ph\u1ee5c v\u1ee5 cho Kh\u00e1ch truy c\u1eadp v\u00e0o T\u00e0i s\u1ea3n th\u00f4ng qua Taboola News v\u00e0 Taboola s\u1ebd gi\u1eef to\u00e0n b\u1ed9 doanh thu g\u1ed9p thu \u0111\u01b0\u1ee3c t\u1eeb N\u1ec1n t\u1ea3ng trong b\u1ea5t k\u1ef3 Taboola News Session n\u00e0o (t\u1ee9c l\u00e0 th\u1eddi gian m\u1ed9t Kh\u00e1ch truy c\u1eadp \u0111\u1ebfn T\u00e0i s\u1ea3n th\u00f4ng qua Taboola News). Kh\u00f4ng c\u00f3 l\u01b0\u1ee3t xem trang n\u00e0o c\u1ee7a N\u1ec1n t\u1ea3ng trong m\u1ed9t Taboola News Session s\u1ebd \u0111\u01b0\u1ee3c t\u00ednh l\u00e0 L\u01b0\u1ee3t xem Trang \u0110\u1ec1 xu\u1ea5t.<\/li>\n<\/ol>\n<p>\u00a0<\/p>\n","protected":false},"excerpt":{"rendered":"<p>\u0110I\u1ec0U KHO\u1ea2N TABOOLA NEWS CHO CH\u1ee6 S\u1ede H\u1eeeU T\u00c0I S\u1ea2N K\u1ef8 THU\u1eacT S\u1ed0 C\u1eadp nh\u1eadt l\u1ea7n cu\u1ed1i: Ng\u00e0y 18 th\u00e1ng 8 n\u0103m 2025 C\u00e1c \u0110i\u1ec1u kho\u1ea3n Taboola News n\u00e0y d\u00e0nh cho c\u00e1c nh\u00e0 xu\u1ea5t b\u1ea3n v\u00e0 ch\u1ee7 s\u1edf h\u1eefu t\u00e0i s\u1ea3n k\u1ef9 thu\u1eadt s\u1ed1 (\u201c\u0110i\u1ec1u kho\u1ea3n Taboola News\u201d) \u00e1p d\u1ee5ng cho c\u00e1c ch\u1ee7 s\u1edf h\u1eefu [&hellip;]<\/p>\n","protected":false},"author":3,"featured_media":0,"parent":0,"menu_order":0,"comment_status":"closed","ping_status":"closed","template":"single-legal-page.php","meta":{"_acf_changed":false,"footnotes":""},"class_list":["post-680","page","type-page","status-publish","hentry"],"acf":[],"yoast_head":"<!-- This site is optimized with the Yoast SEO Premium plugin v26.9 (Yoast SEO v27.1.1) - https:\/\/yoast.com\/product\/yoast-seo-premium-wordpress\/ -->\n<title>\u0110i\u1ec1u kho\u1ea3n Taboola News cho Ch\u1ee7 s\u1edf h\u1eefu T\u00e0i s\u1ea3n K\u1ef9 thu\u1eadt s\u1ed1 - Taboola Policies<\/title>\n<meta name=\"robots\" content=\"index, follow, max-snippet:-1, max-image-preview:large, max-video-preview:-1\" \/>\n<link rel=\"canonical\" href=\"https:\/\/policies.taboola.com\/vi\/taboola-news-terms-for-digital-property-owners\/\" \/>\n<meta property=\"og:locale\" content=\"vi_VN\" \/>\n<meta property=\"og:type\" content=\"article\" \/>\n<meta property=\"og:title\" content=\"\u0110i\u1ec1u kho\u1ea3n Taboola News cho Ch\u1ee7 s\u1edf h\u1eefu T\u00e0i s\u1ea3n K\u1ef9 thu\u1eadt s\u1ed1\" \/>\n<meta property=\"og:description\" content=\"\u0110I\u1ec0U KHO\u1ea2N TABOOLA NEWS CHO CH\u1ee6 S\u1ede H\u1eeeU T\u00c0I S\u1ea2N K\u1ef8 THU\u1eacT S\u1ed0 C\u1eadp nh\u1eadt l\u1ea7n cu\u1ed1i: Ng\u00e0y 18 th\u00e1ng 8 n\u0103m 2025 C\u00e1c \u0110i\u1ec1u kho\u1ea3n Taboola News n\u00e0y d\u00e0nh cho c\u00e1c nh\u00e0 xu\u1ea5t b\u1ea3n v\u00e0 ch\u1ee7 s\u1edf h\u1eefu t\u00e0i s\u1ea3n k\u1ef9 thu\u1eadt s\u1ed1 (\u201c\u0110i\u1ec1u kho\u1ea3n Taboola News\u201d) \u00e1p d\u1ee5ng cho c\u00e1c ch\u1ee7 s\u1edf h\u1eefu [&hellip;]\" \/>\n<meta property=\"og:url\" content=\"https:\/\/policies.taboola.com\/vi\/taboola-news-terms-for-digital-property-owners\/\" \/>\n<meta property=\"og:site_name\" content=\"Taboola Policies\" \/>\n<meta property=\"article:modified_time\" content=\"2026-03-13T14:25:13+00:00\" \/>\n<meta name=\"twitter:card\" content=\"summary_large_image\" \/>\n<meta name=\"twitter:label1\" content=\"Est. reading time\" \/>\n\t<meta name=\"twitter:data1\" content=\"9 minutes\" \/>\n<script type=\"application\/ld+json\" class=\"yoast-schema-graph\">{\"@context\":\"https:\/\/schema.org\",\"@graph\":[{\"@type\":\"WebPage\",\"@id\":\"https:\/\/policies.taboola.com\/vi\/taboola-news-terms-for-digital-property-owners\/\",\"url\":\"https:\/\/policies.taboola.com\/vi\/taboola-news-terms-for-digital-property-owners\/\",\"name\":\"\u0110i\u1ec1u kho\u1ea3n Taboola News cho Ch\u1ee7 s\u1edf h\u1eefu T\u00e0i s\u1ea3n K\u1ef9 thu\u1eadt s\u1ed1 - Taboola Policies\",\"isPartOf\":{\"@id\":\"https:\/\/policies.taboola.com\/vi\/#website\"},\"datePublished\":\"2025-08-21T18:16:21+00:00\",\"dateModified\":\"2026-03-13T14:25:13+00:00\",\"breadcrumb\":{\"@id\":\"https:\/\/policies.taboola.com\/vi\/taboola-news-terms-for-digital-property-owners\/#breadcrumb\"},\"inLanguage\":\"vi-VN\",\"potentialAction\":[{\"@type\":\"ReadAction\",\"target\":[\"https:\/\/policies.taboola.com\/vi\/taboola-news-terms-for-digital-property-owners\/\"]}]},{\"@type\":\"BreadcrumbList\",\"@id\":\"https:\/\/policies.taboola.com\/vi\/taboola-news-terms-for-digital-property-owners\/#breadcrumb\",\"itemListElement\":[{\"@type\":\"ListItem\",\"position\":1,\"name\":\"Home\",\"item\":\"https:\/\/policies.taboola.com\/vi\/\"},{\"@type\":\"ListItem\",\"position\":2,\"name\":\"\u0110i\u1ec1u kho\u1ea3n Taboola News cho Ch\u1ee7 s\u1edf h\u1eefu T\u00e0i s\u1ea3n K\u1ef9 thu\u1eadt s\u1ed1\"}]},{\"@type\":\"WebSite\",\"@id\":\"https:\/\/policies.taboola.com\/vi\/#website\",\"url\":\"https:\/\/policies.taboola.com\/vi\/\",\"name\":\"Taboola Policies\",\"description\":\"\",\"potentialAction\":[{\"@type\":\"SearchAction\",\"target\":{\"@type\":\"EntryPoint\",\"urlTemplate\":\"https:\/\/policies.taboola.com\/vi\/?s={search_term_string}\"},\"query-input\":{\"@type\":\"PropertyValueSpecification\",\"valueRequired\":true,\"valueName\":\"search_term_string\"}}],\"inLanguage\":\"vi-VN\"}]}<\/script>\n<!-- \/ Yoast SEO Premium plugin. -->","yoast_head_json":{"title":"\u0110i\u1ec1u kho\u1ea3n Taboola News cho Ch\u1ee7 s\u1edf h\u1eefu T\u00e0i s\u1ea3n K\u1ef9 thu\u1eadt s\u1ed1 - Taboola Policies","robots":{"index":"index","follow":"follow","max-snippet":"max-snippet:-1","max-image-preview":"max-image-preview:large","max-video-preview":"max-video-preview:-1"},"canonical":"https:\/\/policies.taboola.com\/vi\/taboola-news-terms-for-digital-property-owners\/","og_locale":"vi_VN","og_type":"article","og_title":"\u0110i\u1ec1u kho\u1ea3n Taboola News cho Ch\u1ee7 s\u1edf h\u1eefu T\u00e0i s\u1ea3n K\u1ef9 thu\u1eadt s\u1ed1","og_description":"\u0110I\u1ec0U KHO\u1ea2N TABOOLA NEWS CHO CH\u1ee6 S\u1ede H\u1eeeU T\u00c0I S\u1ea2N K\u1ef8 THU\u1eacT S\u1ed0 C\u1eadp nh\u1eadt l\u1ea7n cu\u1ed1i: Ng\u00e0y 18 th\u00e1ng 8 n\u0103m 2025 C\u00e1c \u0110i\u1ec1u kho\u1ea3n Taboola News n\u00e0y d\u00e0nh cho c\u00e1c nh\u00e0 xu\u1ea5t b\u1ea3n v\u00e0 ch\u1ee7 s\u1edf h\u1eefu t\u00e0i s\u1ea3n k\u1ef9 thu\u1eadt s\u1ed1 (\u201c\u0110i\u1ec1u kho\u1ea3n Taboola News\u201d) \u00e1p d\u1ee5ng cho c\u00e1c ch\u1ee7 s\u1edf h\u1eefu [&hellip;]","og_url":"https:\/\/policies.taboola.com\/vi\/taboola-news-terms-for-digital-property-owners\/","og_site_name":"Taboola Policies","article_modified_time":"2026-03-13T14:25:13+00:00","twitter_card":"summary_large_image","twitter_misc":{"Est. reading time":"9 minutes"},"schema":{"@context":"https:\/\/schema.org","@graph":[{"@type":"WebPage","@id":"https:\/\/policies.taboola.com\/vi\/taboola-news-terms-for-digital-property-owners\/","url":"https:\/\/policies.taboola.com\/vi\/taboola-news-terms-for-digital-property-owners\/","name":"\u0110i\u1ec1u kho\u1ea3n Taboola News cho Ch\u1ee7 s\u1edf h\u1eefu T\u00e0i s\u1ea3n K\u1ef9 thu\u1eadt s\u1ed1 - Taboola Policies","isPartOf":{"@id":"https:\/\/policies.taboola.com\/vi\/#website"},"datePublished":"2025-08-21T18:16:21+00:00","dateModified":"2026-03-13T14:25:13+00:00","breadcrumb":{"@id":"https:\/\/policies.taboola.com\/vi\/taboola-news-terms-for-digital-property-owners\/#breadcrumb"},"inLanguage":"vi-VN","potentialAction":[{"@type":"ReadAction","target":["https:\/\/policies.taboola.com\/vi\/taboola-news-terms-for-digital-property-owners\/"]}]},{"@type":"BreadcrumbList","@id":"https:\/\/policies.taboola.com\/vi\/taboola-news-terms-for-digital-property-owners\/#breadcrumb","itemListElement":[{"@type":"ListItem","position":1,"name":"Home","item":"https:\/\/policies.taboola.com\/vi\/"},{"@type":"ListItem","position":2,"name":"\u0110i\u1ec1u kho\u1ea3n Taboola News cho Ch\u1ee7 s\u1edf h\u1eefu T\u00e0i s\u1ea3n K\u1ef9 thu\u1eadt s\u1ed1"}]},{"@type":"WebSite","@id":"https:\/\/policies.taboola.com\/vi\/#website","url":"https:\/\/policies.taboola.com\/vi\/","name":"Taboola Policies","description":"","potentialAction":[{"@type":"SearchAction","target":{"@type":"EntryPoint","urlTemplate":"https:\/\/policies.taboola.com\/vi\/?s={search_term_string}"},"query-input":{"@type":"PropertyValueSpecification","valueRequired":true,"valueName":"search_term_string"}}],"inLanguage":"vi-VN"}]}},"_links":{"self":[{"href":"https:\/\/policies.taboola.com\/vi\/wp-json\/wp\/v2\/pages\/680","targetHints":{"allow":["GET"]}}],"collection":[{"href":"https:\/\/policies.taboola.com\/vi\/wp-json\/wp\/v2\/pages"}],"about":[{"href":"https:\/\/policies.taboola.com\/vi\/wp-json\/wp\/v2\/types\/page"}],"author":[{"embeddable":true,"href":"https:\/\/policies.taboola.com\/vi\/wp-json\/wp\/v2\/users\/3"}],"replies":[{"embeddable":true,"href":"https:\/\/policies.taboola.com\/vi\/wp-json\/wp\/v2\/comments?post=680"}],"version-history":[{"count":3,"href":"https:\/\/policies.taboola.com\/vi\/wp-json\/wp\/v2\/pages\/680\/revisions"}],"predecessor-version":[{"id":5216,"href":"https:\/\/policies.taboola.com\/vi\/wp-json\/wp\/v2\/pages\/680\/revisions\/5216"}],"wp:attachment":[{"href":"https:\/\/policies.taboola.com\/vi\/wp-json\/wp\/v2\/media?parent=680"}],"curies":[{"name":"wp","href":"https:\/\/api.w.org\/{rel}","templated":true}]}}